{"id":17370,"date":"2026-03-31T01:01:09","date_gmt":"2026-03-30T22:01:09","guid":{"rendered":"https:\/\/loparus.com\/produktas\/man-26-343-for-spare-parts-2\/"},"modified":"2026-03-31T04:02:28","modified_gmt":"2026-03-31T01:02:28","slug":"man-26-343-for-spare-parts","status":"publish","type":"product","link":"https:\/\/loparus.com\/en\/product\/man-26-343-for-spare-parts\/","title":{"rendered":"MAN 26.343 FOR SPARE PARTS"},"content":{"rendered":"<p>MAN 26.343<br \/>\n6&#215;2<br \/>\nFront springs \/ back air<br \/>\n11 190 kg \/ 26 000 kg<\/p>\n<p>FOR SPARE PARTS<br \/>\nEngine and gearbox sold<\/p>\n<p>DALIMIS<br \/>\nVariklio , d\u0117\u017e\u0117s neb\u0117ra<\/p>\n","protected":false},"excerpt":{"rendered":"<p>MAN 26.343 6&#215;2 Front springs \/ back air 11 190 kg \/ 26 000 kg FOR SPARE PARTS Engine and gearbox sold DALIMIS Variklio , d\u0117\u017e\u0117s neb\u0117ra<\/p>\n","protected":false},"featured_media":6376,"template":"","meta":{"_et_pb_use_builder":"","_et_pb_old_content":"","_et_gb_content_width":""},"product_brand":[],"product_cat":[300,300,381,381],"product_tag":[],"class_list":{"0":"post-17370","1":"product","2":"type-product","3":"status-publish","4":"has-post-thumbnail","6":"product_cat-machinery-for-sale","8":"product_cat-trucks-tractor-units","11":"first","12":"instock","13":"purchasable","14":"product-type-simple"},"yoast_head":"<!-- This site is optimized with the Yoast SEO plugin v27.5 - https:\/\/yoast.com\/product\/yoast-seo-wordpress\/ -->\n<title>MAN 26.343 FOR SPARE PARTS - loparus.com<\/title>\n<meta name=\"robots\" content=\"index, follow, max-snippet:-1, max-image-preview:large, max-video-preview:-1\" \/>\n<link rel=\"canonical\" href=\"https:\/\/loparus.com\/produktas\/man-26-343-for-spare-parts\/\" \/>\n<meta property=\"og:locale\" content=\"en_US\" \/>\n<meta property=\"og:type\" content=\"article\" \/>\n<meta property=\"og:title\" content=\"MAN 26.343 FOR SPARE PARTS - loparus.com\" \/>\n<meta property=\"og:description\" content=\"MAN 26.343 6&#215;2 Front springs \/ back air 11 190 kg \/ 26 000 kg FOR SPARE PARTS Engine and gearbox sold DALIMIS Variklio , d\u0117\u017e\u0117s neb\u0117ra\" \/>\n<meta property=\"og:url\" content=\"https:\/\/loparus.com\/produktas\/man-26-343-for-spare-parts\/\" \/>\n<meta property=\"og:site_name\" content=\"loparus.com\" \/>\n<meta property=\"article:modified_time\" content=\"2026-03-31T01:02:28+00:00\" \/>\n<meta property=\"og:image\" content=\"https:\/\/loparus.com\/wp-content\/uploads\/man-26-343-for-spare-parts-sunkvezimiai-12.jpg\" \/>\n\t<meta property=\"og:image:width\" content=\"1920\" \/>\n\t<meta property=\"og:image:height\" content=\"1440\" \/>\n\t<meta property=\"og:image:type\" content=\"image\/jpeg\" \/>\n<meta name=\"twitter:card\" content=\"summary_large_image\" \/>\n<script type=\"application\/ld+json\" class=\"yoast-schema-graph\">{\"@context\":\"https:\\\/\\\/schema.org\",\"@graph\":[{\"@type\":\"WebPage\",\"@id\":\"https:\\\/\\\/loparus.com\\\/produktas\\\/man-26-343-for-spare-parts\\\/\",\"url\":\"https:\\\/\\\/loparus.com\\\/produktas\\\/man-26-343-for-spare-parts\\\/\",\"name\":\"MAN 26.343 FOR SPARE PARTS - loparus.com\",\"isPartOf\":{\"@id\":\"https:\\\/\\\/loparus.com\\\/#website\"},\"primaryImageOfPage\":{\"@id\":\"https:\\\/\\\/loparus.com\\\/produktas\\\/man-26-343-for-spare-parts\\\/#primaryimage\"},\"image\":{\"@id\":\"https:\\\/\\\/loparus.com\\\/produktas\\\/man-26-343-for-spare-parts\\\/#primaryimage\"},\"thumbnailUrl\":\"https:\\\/\\\/loparus.com\\\/wp-content\\\/uploads\\\/man-26-343-for-spare-parts-sunkvezimiai-12.jpg\",\"datePublished\":\"2026-03-30T22:01:09+00:00\",\"dateModified\":\"2026-03-31T01:02:28+00:00\",\"breadcrumb\":{\"@id\":\"https:\\\/\\\/loparus.com\\\/produktas\\\/man-26-343-for-spare-parts\\\/#breadcrumb\"},\"inLanguage\":\"en-US\",\"potentialAction\":[{\"@type\":\"ReadAction\",\"target\":[\"https:\\\/\\\/loparus.com\\\/produktas\\\/man-26-343-for-spare-parts\\\/\"]}]},{\"@type\":\"ImageObject\",\"inLanguage\":\"en-US\",\"@id\":\"https:\\\/\\\/loparus.com\\\/produktas\\\/man-26-343-for-spare-parts\\\/#primaryimage\",\"url\":\"https:\\\/\\\/loparus.com\\\/wp-content\\\/uploads\\\/man-26-343-for-spare-parts-sunkvezimiai-12.jpg\",\"contentUrl\":\"https:\\\/\\\/loparus.com\\\/wp-content\\\/uploads\\\/man-26-343-for-spare-parts-sunkvezimiai-12.jpg\",\"width\":1920,\"height\":1440,\"caption\":\"MAN26.343 FOR SPARE PARTS\"},{\"@type\":\"BreadcrumbList\",\"@id\":\"https:\\\/\\\/loparus.com\\\/produktas\\\/man-26-343-for-spare-parts\\\/#breadcrumb\",\"itemListElement\":[{\"@type\":\"ListItem\",\"position\":1,\"name\":\"Home\",\"item\":\"https:\\\/\\\/loparus.com\\\/en\\\/\"},{\"@type\":\"ListItem\",\"position\":2,\"name\":\"Shop\",\"item\":\"https:\\\/\\\/loparus.com\\\/en\\\/shop\\\/\"},{\"@type\":\"ListItem\",\"position\":3,\"name\":\"MAN 26.343 FOR SPARE PARTS\"}]},{\"@type\":\"WebSite\",\"@id\":\"https:\\\/\\\/loparus.com\\\/#website\",\"url\":\"https:\\\/\\\/loparus.com\\\/\",\"name\":\"loparus.com\",\"description\":\"Just another WordPress site\",\"potentialAction\":[{\"@type\":\"SearchAction\",\"target\":{\"@type\":\"EntryPoint\",\"urlTemplate\":\"https:\\\/\\\/loparus.com\\\/?s={search_term_string}\"},\"query-input\":{\"@type\":\"PropertyValueSpecification\",\"valueRequired\":true,\"valueName\":\"search_term_string\"}}],\"inLanguage\":\"en-US\"}]}<\/script>\n<!-- \/ Yoast SEO plugin. -->","yoast_head_json":{"title":"MAN 26.343 FOR SPARE PARTS - loparus.com","robots":{"index":"index","follow":"follow","max-snippet":"max-snippet:-1","max-image-preview":"max-image-preview:large","max-video-preview":"max-video-preview:-1"},"canonical":"https:\/\/loparus.com\/produktas\/man-26-343-for-spare-parts\/","og_locale":"en_US","og_type":"article","og_title":"MAN 26.343 FOR SPARE PARTS - loparus.com","og_description":"MAN 26.343 6&#215;2 Front springs \/ back air 11 190 kg \/ 26 000 kg FOR SPARE PARTS Engine and gearbox sold DALIMIS Variklio , d\u0117\u017e\u0117s neb\u0117ra","og_url":"https:\/\/loparus.com\/produktas\/man-26-343-for-spare-parts\/","og_site_name":"loparus.com","article_modified_time":"2026-03-31T01:02:28+00:00","og_image":[{"width":1920,"height":1440,"url":"https:\/\/loparus.com\/wp-content\/uploads\/man-26-343-for-spare-parts-sunkvezimiai-12.jpg","type":"image\/jpeg"}],"twitter_card":"summary_large_image","schema":{"@context":"https:\/\/schema.org","@graph":[{"@type":"WebPage","@id":"https:\/\/loparus.com\/produktas\/man-26-343-for-spare-parts\/","url":"https:\/\/loparus.com\/produktas\/man-26-343-for-spare-parts\/","name":"MAN 26.343 FOR SPARE PARTS - loparus.com","isPartOf":{"@id":"https:\/\/loparus.com\/#website"},"primaryImageOfPage":{"@id":"https:\/\/loparus.com\/produktas\/man-26-343-for-spare-parts\/#primaryimage"},"image":{"@id":"https:\/\/loparus.com\/produktas\/man-26-343-for-spare-parts\/#primaryimage"},"thumbnailUrl":"https:\/\/loparus.com\/wp-content\/uploads\/man-26-343-for-spare-parts-sunkvezimiai-12.jpg","datePublished":"2026-03-30T22:01:09+00:00","dateModified":"2026-03-31T01:02:28+00:00","breadcrumb":{"@id":"https:\/\/loparus.com\/produktas\/man-26-343-for-spare-parts\/#breadcrumb"},"inLanguage":"en-US","potentialAction":[{"@type":"ReadAction","target":["https:\/\/loparus.com\/produktas\/man-26-343-for-spare-parts\/"]}]},{"@type":"ImageObject","inLanguage":"en-US","@id":"https:\/\/loparus.com\/produktas\/man-26-343-for-spare-parts\/#primaryimage","url":"https:\/\/loparus.com\/wp-content\/uploads\/man-26-343-for-spare-parts-sunkvezimiai-12.jpg","contentUrl":"https:\/\/loparus.com\/wp-content\/uploads\/man-26-343-for-spare-parts-sunkvezimiai-12.jpg","width":1920,"height":1440,"caption":"MAN26.343 FOR SPARE PARTS"},{"@type":"BreadcrumbList","@id":"https:\/\/loparus.com\/produktas\/man-26-343-for-spare-parts\/#breadcrumb","itemListElement":[{"@type":"ListItem","position":1,"name":"Home","item":"https:\/\/loparus.com\/en\/"},{"@type":"ListItem","position":2,"name":"Shop","item":"https:\/\/loparus.com\/en\/shop\/"},{"@type":"ListItem","position":3,"name":"MAN 26.343 FOR SPARE PARTS"}]},{"@type":"WebSite","@id":"https:\/\/loparus.com\/#website","url":"https:\/\/loparus.com\/","name":"loparus.com","description":"Just another WordPress site","potentialAction":[{"@type":"SearchAction","target":{"@type":"EntryPoint","urlTemplate":"https:\/\/loparus.com\/?s={search_term_string}"},"query-input":{"@type":"PropertyValueSpecification","valueRequired":true,"valueName":"search_term_string"}}],"inLanguage":"en-US"}]}},"_links":{"self":[{"href":"https:\/\/loparus.com\/en\/wp-json\/wp\/v2\/product\/17370","targetHints":{"allow":["GET"]}}],"collection":[{"href":"https:\/\/loparus.com\/en\/wp-json\/wp\/v2\/product"}],"about":[{"href":"https:\/\/loparus.com\/en\/wp-json\/wp\/v2\/types\/product"}],"wp:featuredmedia":[{"embeddable":true,"href":"https:\/\/loparus.com\/en\/wp-json\/wp\/v2\/media\/6376"}],"wp:attachment":[{"href":"https:\/\/loparus.com\/en\/wp-json\/wp\/v2\/media?parent=17370"}],"wp:term":[{"taxonomy":"product_brand","embeddable":true,"href":"https:\/\/loparus.com\/en\/wp-json\/wp\/v2\/product_brand?post=17370"},{"taxonomy":"product_cat","embeddable":true,"href":"https:\/\/loparus.com\/en\/wp-json\/wp\/v2\/product_cat?post=17370"},{"taxonomy":"product_tag","embeddable":true,"href":"https:\/\/loparus.com\/en\/wp-json\/wp\/v2\/product_tag?post=17370"}],"curies":[{"name":"wp","href":"https:\/\/api.w.org\/{rel}","templated":true}]}}