{"id":17388,"date":"2026-04-08T01:02:29","date_gmt":"2026-04-07T22:02:29","guid":{"rendered":"https:\/\/loparus.com\/produktas\/case-695-st-2\/"},"modified":"2026-03-31T04:04:22","modified_gmt":"2026-03-31T01:04:22","slug":"case-695-st","status":"publish","type":"product","link":"https:\/\/loparus.com\/en\/product\/case-695-st\/","title":{"rendered":"Case 695 ST"},"content":{"rendered":"<p>Case 695 ST<br \/>\n2018<br \/>\n9 200 kg<br \/>\n4&#215;4<br \/>\n121 hp \/ 89 kw<br \/>\n4 161 m\/h<br \/>\n40 km \/ h<br \/>\nTelescopic arm<br \/>\nUniversal hydraulic bucket with pallet forks<br \/>\nDigging bucket<br \/>\nExtra hydraulic outputs on the back arm<br \/>\nNew all 4 tires 440-80 R28<br \/>\nOriginal paint<br \/>\nVery good working condition<\/p>\n<p>Video link: https:\/\/youtu.be\/66Av4bxdELU<\/p>\n<p>Labai gero stovio originalus mechanizmas<br \/>\nGalimas keitimas \u012f j\u016bs\u0173 statybin\u0119 technik\u0105<\/p>\n<p>Si\u016blome LIZINGO sprendimus sunkiajai technikai tiek juridiniams, tiek fiziniams asmenims, bendradarbiaudami su patikimais partneriais ir sutvarkydami visus formalumus.<\/p>\n","protected":false},"excerpt":{"rendered":"<p>Case 695 ST 2018 9 200 kg 4&#215;4 121 hp \/ 89 kw 4 161 m\/h 40 km \/ h Telescopic arm Universal hydraulic bucket with pallet forks Digging bucket Extra hydraulic outputs on the back arm New all 4 tires 440-80 R28 Original paint Very good working condition Video link: https:\/\/youtu.be\/66Av4bxdELU Labai gero stovio [&hellip;]<\/p>\n","protected":false},"featured_media":10893,"template":"","meta":{"_et_pb_use_builder":"","_et_pb_old_content":"","_et_gb_content_width":""},"product_brand":[],"product_cat":[347,347,300,300],"product_tag":[],"class_list":{"0":"post-17388","1":"product","2":"type-product","3":"status-publish","4":"has-post-thumbnail","6":"product_cat-excavator-loader","8":"product_cat-machinery-for-sale","11":"first","12":"instock","13":"purchasable","14":"product-type-simple"},"yoast_head":"<!-- This site is optimized with the Yoast SEO plugin v27.2 - https:\/\/yoast.com\/product\/yoast-seo-wordpress\/ -->\n<title>Case 695 ST - loparus.com<\/title>\n<meta name=\"robots\" content=\"index, follow, max-snippet:-1, max-image-preview:large, max-video-preview:-1\" \/>\n<link rel=\"canonical\" href=\"https:\/\/loparus.com\/produktas\/case-695-st\/\" \/>\n<meta property=\"og:locale\" content=\"en_US\" \/>\n<meta property=\"og:type\" content=\"article\" \/>\n<meta property=\"og:title\" content=\"Case 695 ST - loparus.com\" \/>\n<meta property=\"og:description\" content=\"Case 695 ST 2018 9 200 kg 4&#215;4 121 hp \/ 89 kw 4 161 m\/h 40 km \/ h Telescopic arm Universal hydraulic bucket with pallet forks Digging bucket Extra hydraulic outputs on the back arm New all 4 tires 440-80 R28 Original paint Very good working condition Video link: https:\/\/youtu.be\/66Av4bxdELU Labai gero stovio [&hellip;]\" \/>\n<meta property=\"og:url\" content=\"https:\/\/loparus.com\/produktas\/case-695-st\/\" \/>\n<meta property=\"og:site_name\" content=\"loparus.com\" \/>\n<meta property=\"og:image\" content=\"https:\/\/loparus.com\/wp-content\/uploads\/case-695-st-ekskavatoriniai-krautuvai-1.jpg\" \/>\n\t<meta property=\"og:image:width\" content=\"1600\" \/>\n\t<meta property=\"og:image:height\" content=\"1200\" \/>\n\t<meta property=\"og:image:type\" content=\"image\/jpeg\" \/>\n<meta name=\"twitter:card\" content=\"summary_large_image\" \/>\n<script type=\"application\/ld+json\" class=\"yoast-schema-graph\">{\"@context\":\"https:\/\/schema.org\",\"@graph\":[{\"@type\":\"WebPage\",\"@id\":\"https:\/\/loparus.com\/produktas\/case-695-st\/\",\"url\":\"https:\/\/loparus.com\/produktas\/case-695-st\/\",\"name\":\"Case 695 ST - loparus.com\",\"isPartOf\":{\"@id\":\"https:\/\/loparus.com\/#website\"},\"primaryImageOfPage\":{\"@id\":\"https:\/\/loparus.com\/produktas\/case-695-st\/#primaryimage\"},\"image\":{\"@id\":\"https:\/\/loparus.com\/produktas\/case-695-st\/#primaryimage\"},\"thumbnailUrl\":\"https:\/\/loparus.com\/wp-content\/uploads\/case-695-st-ekskavatoriniai-krautuvai-1.jpg\",\"datePublished\":\"2026-04-07T22:02:29+00:00\",\"breadcrumb\":{\"@id\":\"https:\/\/loparus.com\/produktas\/case-695-st\/#breadcrumb\"},\"inLanguage\":\"en-US\",\"potentialAction\":[{\"@type\":\"ReadAction\",\"target\":[\"https:\/\/loparus.com\/produktas\/case-695-st\/\"]}]},{\"@type\":\"ImageObject\",\"inLanguage\":\"en-US\",\"@id\":\"https:\/\/loparus.com\/produktas\/case-695-st\/#primaryimage\",\"url\":\"https:\/\/loparus.com\/wp-content\/uploads\/case-695-st-ekskavatoriniai-krautuvai-1.jpg\",\"contentUrl\":\"https:\/\/loparus.com\/wp-content\/uploads\/case-695-st-ekskavatoriniai-krautuvai-1.jpg\",\"width\":1600,\"height\":1200,\"caption\":\"Case695 ST\"},{\"@type\":\"BreadcrumbList\",\"@id\":\"https:\/\/loparus.com\/produktas\/case-695-st\/#breadcrumb\",\"itemListElement\":[{\"@type\":\"ListItem\",\"position\":1,\"name\":\"Home\",\"item\":\"https:\/\/loparus.com\/en\/\"},{\"@type\":\"ListItem\",\"position\":2,\"name\":\"Shop\",\"item\":\"https:\/\/loparus.com\/en\/shop\/\"},{\"@type\":\"ListItem\",\"position\":3,\"name\":\"Case 695 ST\"}]},{\"@type\":\"WebSite\",\"@id\":\"https:\/\/loparus.com\/#website\",\"url\":\"https:\/\/loparus.com\/\",\"name\":\"loparus.com\",\"description\":\"Just another WordPress site\",\"potentialAction\":[{\"@type\":\"SearchAction\",\"target\":{\"@type\":\"EntryPoint\",\"urlTemplate\":\"https:\/\/loparus.com\/?s={search_term_string}\"},\"query-input\":{\"@type\":\"PropertyValueSpecification\",\"valueRequired\":true,\"valueName\":\"search_term_string\"}}],\"inLanguage\":\"en-US\"}]}<\/script>\n<!-- \/ Yoast SEO plugin. -->","yoast_head_json":{"title":"Case 695 ST - loparus.com","robots":{"index":"index","follow":"follow","max-snippet":"max-snippet:-1","max-image-preview":"max-image-preview:large","max-video-preview":"max-video-preview:-1"},"canonical":"https:\/\/loparus.com\/produktas\/case-695-st\/","og_locale":"en_US","og_type":"article","og_title":"Case 695 ST - loparus.com","og_description":"Case 695 ST 2018 9 200 kg 4&#215;4 121 hp \/ 89 kw 4 161 m\/h 40 km \/ h Telescopic arm Universal hydraulic bucket with pallet forks Digging bucket Extra hydraulic outputs on the back arm New all 4 tires 440-80 R28 Original paint Very good working condition Video link: https:\/\/youtu.be\/66Av4bxdELU Labai gero stovio [&hellip;]","og_url":"https:\/\/loparus.com\/produktas\/case-695-st\/","og_site_name":"loparus.com","og_image":[{"width":1600,"height":1200,"url":"https:\/\/loparus.com\/wp-content\/uploads\/case-695-st-ekskavatoriniai-krautuvai-1.jpg","type":"image\/jpeg"}],"twitter_card":"summary_large_image","schema":{"@context":"https:\/\/schema.org","@graph":[{"@type":"WebPage","@id":"https:\/\/loparus.com\/produktas\/case-695-st\/","url":"https:\/\/loparus.com\/produktas\/case-695-st\/","name":"Case 695 ST - loparus.com","isPartOf":{"@id":"https:\/\/loparus.com\/#website"},"primaryImageOfPage":{"@id":"https:\/\/loparus.com\/produktas\/case-695-st\/#primaryimage"},"image":{"@id":"https:\/\/loparus.com\/produktas\/case-695-st\/#primaryimage"},"thumbnailUrl":"https:\/\/loparus.com\/wp-content\/uploads\/case-695-st-ekskavatoriniai-krautuvai-1.jpg","datePublished":"2026-04-07T22:02:29+00:00","breadcrumb":{"@id":"https:\/\/loparus.com\/produktas\/case-695-st\/#breadcrumb"},"inLanguage":"en-US","potentialAction":[{"@type":"ReadAction","target":["https:\/\/loparus.com\/produktas\/case-695-st\/"]}]},{"@type":"ImageObject","inLanguage":"en-US","@id":"https:\/\/loparus.com\/produktas\/case-695-st\/#primaryimage","url":"https:\/\/loparus.com\/wp-content\/uploads\/case-695-st-ekskavatoriniai-krautuvai-1.jpg","contentUrl":"https:\/\/loparus.com\/wp-content\/uploads\/case-695-st-ekskavatoriniai-krautuvai-1.jpg","width":1600,"height":1200,"caption":"Case695 ST"},{"@type":"BreadcrumbList","@id":"https:\/\/loparus.com\/produktas\/case-695-st\/#breadcrumb","itemListElement":[{"@type":"ListItem","position":1,"name":"Home","item":"https:\/\/loparus.com\/en\/"},{"@type":"ListItem","position":2,"name":"Shop","item":"https:\/\/loparus.com\/en\/shop\/"},{"@type":"ListItem","position":3,"name":"Case 695 ST"}]},{"@type":"WebSite","@id":"https:\/\/loparus.com\/#website","url":"https:\/\/loparus.com\/","name":"loparus.com","description":"Just another WordPress site","potentialAction":[{"@type":"SearchAction","target":{"@type":"EntryPoint","urlTemplate":"https:\/\/loparus.com\/?s={search_term_string}"},"query-input":{"@type":"PropertyValueSpecification","valueRequired":true,"valueName":"search_term_string"}}],"inLanguage":"en-US"}]}},"_links":{"self":[{"href":"https:\/\/loparus.com\/en\/wp-json\/wp\/v2\/product\/17388","targetHints":{"allow":["GET"]}}],"collection":[{"href":"https:\/\/loparus.com\/en\/wp-json\/wp\/v2\/product"}],"about":[{"href":"https:\/\/loparus.com\/en\/wp-json\/wp\/v2\/types\/product"}],"wp:featuredmedia":[{"embeddable":true,"href":"https:\/\/loparus.com\/en\/wp-json\/wp\/v2\/media\/10893"}],"wp:attachment":[{"href":"https:\/\/loparus.com\/en\/wp-json\/wp\/v2\/media?parent=17388"}],"wp:term":[{"taxonomy":"product_brand","embeddable":true,"href":"https:\/\/loparus.com\/en\/wp-json\/wp\/v2\/product_brand?post=17388"},{"taxonomy":"product_cat","embeddable":true,"href":"https:\/\/loparus.com\/en\/wp-json\/wp\/v2\/product_cat?post=17388"},{"taxonomy":"product_tag","embeddable":true,"href":"https:\/\/loparus.com\/en\/wp-json\/wp\/v2\/product_tag?post=17388"}],"curies":[{"name":"wp","href":"https:\/\/api.w.org\/{rel}","templated":true}]}}