{"id":17394,"date":"2026-04-08T01:02:53","date_gmt":"2026-04-07T22:02:53","guid":{"rendered":"https:\/\/loparus.com\/produktas\/komatsu-wb-93-r-5-2\/"},"modified":"2026-03-31T04:04:40","modified_gmt":"2026-03-31T01:04:40","slug":"komatsu-wb-93-r-5","status":"publish","type":"product","link":"https:\/\/loparus.com\/en\/product\/komatsu-wb-93-r-5\/","title":{"rendered":"Komatsu WB 93 R-5"},"content":{"rendered":"<p>Komatsu WB 93 R-5<br \/>\n2005<br \/>\n9 000 kg<br \/>\n101 hp \/ 74 kw<br \/>\n7 182 m\/h<br \/>\n4&#215;4<br \/>\nUniversal hydraulic bucket<br \/>\nTelescop<br \/>\nDigging bucket<br \/>\nOriginal paint<br \/>\nWorking good<br \/>\nCE<br \/>\nNot used in Lithuania<\/p>\n<p>Lietuvoje neeksploatuotas, originalus neda\u017eytas<br \/>\nGalimas keitimas \u012f j\u016bs\u0173 statybin\u0119 technik\u0105 <\/p>\n<p>Si\u016blome LIZINGO sprendimus sunkiajai technikai tiek juridiniams, tiek fiziniams asmenims, bendradarbiaudami su patikimais partneriais ir sutvarkydami visus formalumus.<\/p>\n","protected":false},"excerpt":{"rendered":"<p>Komatsu WB 93 R-5 2005 9 000 kg 101 hp \/ 74 kw 7 182 m\/h 4&#215;4 Universal hydraulic bucket Telescop Digging bucket Original paint Working good CE Not used in Lithuania Lietuvoje neeksploatuotas, originalus neda\u017eytas Galimas keitimas \u012f j\u016bs\u0173 statybin\u0119 technik\u0105 Si\u016blome LIZINGO sprendimus sunkiajai technikai tiek juridiniams, tiek fiziniams asmenims, bendradarbiaudami su patikimais [&hellip;]<\/p>\n","protected":false},"featured_media":11013,"template":"","meta":{"_et_pb_use_builder":"","_et_pb_old_content":"","_et_gb_content_width":""},"product_brand":[],"product_cat":[56,347,300,39],"product_tag":[],"class_list":{"0":"post-17394","1":"product","2":"type-product","3":"status-publish","4":"has-post-thumbnail","6":"product_cat-ekskavatoriniai-krautuvai","7":"product_cat-excavator-loader","8":"product_cat-machinery-for-sale","9":"product_cat-parduodama-technika","11":"first","12":"instock","13":"purchasable","14":"product-type-simple"},"yoast_head":"<!-- This site is optimized with the Yoast SEO plugin v27.5 - https:\/\/yoast.com\/product\/yoast-seo-wordpress\/ -->\n<title>Komatsu WB 93 R-5 - loparus.com<\/title>\n<meta name=\"robots\" content=\"index, follow, max-snippet:-1, max-image-preview:large, max-video-preview:-1\" \/>\n<link rel=\"canonical\" href=\"https:\/\/loparus.com\/produktas\/komatsu-wb-93-r-5\/\" \/>\n<meta property=\"og:locale\" content=\"en_US\" \/>\n<meta property=\"og:type\" content=\"article\" \/>\n<meta property=\"og:title\" content=\"Komatsu WB 93 R-5 - loparus.com\" \/>\n<meta property=\"og:description\" content=\"Komatsu WB 93 R-5 2005 9 000 kg 101 hp \/ 74 kw 7 182 m\/h 4&#215;4 Universal hydraulic bucket Telescop Digging bucket Original paint Working good CE Not used in Lithuania Lietuvoje neeksploatuotas, originalus neda\u017eytas Galimas keitimas \u012f j\u016bs\u0173 statybin\u0119 technik\u0105 Si\u016blome LIZINGO sprendimus sunkiajai technikai tiek juridiniams, tiek fiziniams asmenims, bendradarbiaudami su patikimais [&hellip;]\" \/>\n<meta property=\"og:url\" content=\"https:\/\/loparus.com\/produktas\/komatsu-wb-93-r-5\/\" \/>\n<meta property=\"og:site_name\" content=\"loparus.com\" \/>\n<meta property=\"og:image\" content=\"https:\/\/loparus.com\/wp-content\/uploads\/komatsu-wb-93-r-5-ekskavatoriniai-krautuvai.jpg\" \/>\n\t<meta property=\"og:image:width\" content=\"1600\" \/>\n\t<meta property=\"og:image:height\" content=\"1200\" \/>\n\t<meta property=\"og:image:type\" content=\"image\/jpeg\" \/>\n<meta name=\"twitter:card\" content=\"summary_large_image\" \/>\n<script type=\"application\/ld+json\" class=\"yoast-schema-graph\">{\"@context\":\"https:\\\/\\\/schema.org\",\"@graph\":[{\"@type\":\"WebPage\",\"@id\":\"https:\\\/\\\/loparus.com\\\/produktas\\\/komatsu-wb-93-r-5\\\/\",\"url\":\"https:\\\/\\\/loparus.com\\\/produktas\\\/komatsu-wb-93-r-5\\\/\",\"name\":\"Komatsu WB 93 R-5 - loparus.com\",\"isPartOf\":{\"@id\":\"https:\\\/\\\/loparus.com\\\/#website\"},\"primaryImageOfPage\":{\"@id\":\"https:\\\/\\\/loparus.com\\\/produktas\\\/komatsu-wb-93-r-5\\\/#primaryimage\"},\"image\":{\"@id\":\"https:\\\/\\\/loparus.com\\\/produktas\\\/komatsu-wb-93-r-5\\\/#primaryimage\"},\"thumbnailUrl\":\"https:\\\/\\\/loparus.com\\\/wp-content\\\/uploads\\\/komatsu-wb-93-r-5-ekskavatoriniai-krautuvai.jpg\",\"datePublished\":\"2026-04-07T22:02:53+00:00\",\"breadcrumb\":{\"@id\":\"https:\\\/\\\/loparus.com\\\/produktas\\\/komatsu-wb-93-r-5\\\/#breadcrumb\"},\"inLanguage\":\"en-US\",\"potentialAction\":[{\"@type\":\"ReadAction\",\"target\":[\"https:\\\/\\\/loparus.com\\\/produktas\\\/komatsu-wb-93-r-5\\\/\"]}]},{\"@type\":\"ImageObject\",\"inLanguage\":\"en-US\",\"@id\":\"https:\\\/\\\/loparus.com\\\/produktas\\\/komatsu-wb-93-r-5\\\/#primaryimage\",\"url\":\"https:\\\/\\\/loparus.com\\\/wp-content\\\/uploads\\\/komatsu-wb-93-r-5-ekskavatoriniai-krautuvai.jpg\",\"contentUrl\":\"https:\\\/\\\/loparus.com\\\/wp-content\\\/uploads\\\/komatsu-wb-93-r-5-ekskavatoriniai-krautuvai.jpg\",\"width\":1600,\"height\":1200,\"caption\":\"KomatsuWB 93 R-5\"},{\"@type\":\"BreadcrumbList\",\"@id\":\"https:\\\/\\\/loparus.com\\\/produktas\\\/komatsu-wb-93-r-5\\\/#breadcrumb\",\"itemListElement\":[{\"@type\":\"ListItem\",\"position\":1,\"name\":\"Home\",\"item\":\"https:\\\/\\\/loparus.com\\\/en\\\/\"},{\"@type\":\"ListItem\",\"position\":2,\"name\":\"Shop\",\"item\":\"https:\\\/\\\/loparus.com\\\/en\\\/shop\\\/\"},{\"@type\":\"ListItem\",\"position\":3,\"name\":\"Komatsu WB 93 R-5\"}]},{\"@type\":\"WebSite\",\"@id\":\"https:\\\/\\\/loparus.com\\\/#website\",\"url\":\"https:\\\/\\\/loparus.com\\\/\",\"name\":\"loparus.com\",\"description\":\"Just another WordPress site\",\"potentialAction\":[{\"@type\":\"SearchAction\",\"target\":{\"@type\":\"EntryPoint\",\"urlTemplate\":\"https:\\\/\\\/loparus.com\\\/?s={search_term_string}\"},\"query-input\":{\"@type\":\"PropertyValueSpecification\",\"valueRequired\":true,\"valueName\":\"search_term_string\"}}],\"inLanguage\":\"en-US\"}]}<\/script>\n<!-- \/ Yoast SEO plugin. -->","yoast_head_json":{"title":"Komatsu WB 93 R-5 - loparus.com","robots":{"index":"index","follow":"follow","max-snippet":"max-snippet:-1","max-image-preview":"max-image-preview:large","max-video-preview":"max-video-preview:-1"},"canonical":"https:\/\/loparus.com\/produktas\/komatsu-wb-93-r-5\/","og_locale":"en_US","og_type":"article","og_title":"Komatsu WB 93 R-5 - loparus.com","og_description":"Komatsu WB 93 R-5 2005 9 000 kg 101 hp \/ 74 kw 7 182 m\/h 4&#215;4 Universal hydraulic bucket Telescop Digging bucket Original paint Working good CE Not used in Lithuania Lietuvoje neeksploatuotas, originalus neda\u017eytas Galimas keitimas \u012f j\u016bs\u0173 statybin\u0119 technik\u0105 Si\u016blome LIZINGO sprendimus sunkiajai technikai tiek juridiniams, tiek fiziniams asmenims, bendradarbiaudami su patikimais [&hellip;]","og_url":"https:\/\/loparus.com\/produktas\/komatsu-wb-93-r-5\/","og_site_name":"loparus.com","og_image":[{"width":1600,"height":1200,"url":"https:\/\/loparus.com\/wp-content\/uploads\/komatsu-wb-93-r-5-ekskavatoriniai-krautuvai.jpg","type":"image\/jpeg"}],"twitter_card":"summary_large_image","schema":{"@context":"https:\/\/schema.org","@graph":[{"@type":"WebPage","@id":"https:\/\/loparus.com\/produktas\/komatsu-wb-93-r-5\/","url":"https:\/\/loparus.com\/produktas\/komatsu-wb-93-r-5\/","name":"Komatsu WB 93 R-5 - loparus.com","isPartOf":{"@id":"https:\/\/loparus.com\/#website"},"primaryImageOfPage":{"@id":"https:\/\/loparus.com\/produktas\/komatsu-wb-93-r-5\/#primaryimage"},"image":{"@id":"https:\/\/loparus.com\/produktas\/komatsu-wb-93-r-5\/#primaryimage"},"thumbnailUrl":"https:\/\/loparus.com\/wp-content\/uploads\/komatsu-wb-93-r-5-ekskavatoriniai-krautuvai.jpg","datePublished":"2026-04-07T22:02:53+00:00","breadcrumb":{"@id":"https:\/\/loparus.com\/produktas\/komatsu-wb-93-r-5\/#breadcrumb"},"inLanguage":"en-US","potentialAction":[{"@type":"ReadAction","target":["https:\/\/loparus.com\/produktas\/komatsu-wb-93-r-5\/"]}]},{"@type":"ImageObject","inLanguage":"en-US","@id":"https:\/\/loparus.com\/produktas\/komatsu-wb-93-r-5\/#primaryimage","url":"https:\/\/loparus.com\/wp-content\/uploads\/komatsu-wb-93-r-5-ekskavatoriniai-krautuvai.jpg","contentUrl":"https:\/\/loparus.com\/wp-content\/uploads\/komatsu-wb-93-r-5-ekskavatoriniai-krautuvai.jpg","width":1600,"height":1200,"caption":"KomatsuWB 93 R-5"},{"@type":"BreadcrumbList","@id":"https:\/\/loparus.com\/produktas\/komatsu-wb-93-r-5\/#breadcrumb","itemListElement":[{"@type":"ListItem","position":1,"name":"Home","item":"https:\/\/loparus.com\/en\/"},{"@type":"ListItem","position":2,"name":"Shop","item":"https:\/\/loparus.com\/en\/shop\/"},{"@type":"ListItem","position":3,"name":"Komatsu WB 93 R-5"}]},{"@type":"WebSite","@id":"https:\/\/loparus.com\/#website","url":"https:\/\/loparus.com\/","name":"loparus.com","description":"Just another WordPress site","potentialAction":[{"@type":"SearchAction","target":{"@type":"EntryPoint","urlTemplate":"https:\/\/loparus.com\/?s={search_term_string}"},"query-input":{"@type":"PropertyValueSpecification","valueRequired":true,"valueName":"search_term_string"}}],"inLanguage":"en-US"}]}},"_links":{"self":[{"href":"https:\/\/loparus.com\/en\/wp-json\/wp\/v2\/product\/17394","targetHints":{"allow":["GET"]}}],"collection":[{"href":"https:\/\/loparus.com\/en\/wp-json\/wp\/v2\/product"}],"about":[{"href":"https:\/\/loparus.com\/en\/wp-json\/wp\/v2\/types\/product"}],"wp:featuredmedia":[{"embeddable":true,"href":"https:\/\/loparus.com\/en\/wp-json\/wp\/v2\/media\/11013"}],"wp:attachment":[{"href":"https:\/\/loparus.com\/en\/wp-json\/wp\/v2\/media?parent=17394"}],"wp:term":[{"taxonomy":"product_brand","embeddable":true,"href":"https:\/\/loparus.com\/en\/wp-json\/wp\/v2\/product_brand?post=17394"},{"taxonomy":"product_cat","embeddable":true,"href":"https:\/\/loparus.com\/en\/wp-json\/wp\/v2\/product_cat?post=17394"},{"taxonomy":"product_tag","embeddable":true,"href":"https:\/\/loparus.com\/en\/wp-json\/wp\/v2\/product_tag?post=17394"}],"curies":[{"name":"wp","href":"https:\/\/api.w.org\/{rel}","templated":true}]}}