{"id":17402,"date":"2026-04-08T01:04:18","date_gmt":"2026-04-07T22:04:18","guid":{"rendered":"https:\/\/loparus.com\/produktas\/komatsu-wa-480-6-2\/"},"modified":"2026-03-31T04:05:00","modified_gmt":"2026-03-31T01:05:00","slug":"komatsu-wa-480-6","status":"publish","type":"product","link":"https:\/\/loparus.com\/en\/product\/komatsu-wa-480-6\/","title":{"rendered":"Komatsu WA 480-6"},"content":{"rendered":"<p>Komatsu WA 480-6<br \/>\n2013<br \/>\n27 600 kg<br \/>\n6 cyl. turbo 305 hp \/ 224 kw<br \/>\nBucket 5 m3<br \/>\nSKF central lubrication<br \/>\nCE&#038;EPA<br \/>\nRops<br \/>\nAC<br \/>\nGood tires<br \/>\nFull good working condition<br \/>\nHydraulic pump very strong<br \/>\nGearbox no problem<br \/>\nOriginal paint<\/p>\n<p>Lietuvoje neeksploatuotas. Galingas frontalinis krautuvas , siurbliai labai gyvi, \u012fr\u0117mus \u012f kr\u016bva visi ratai kasasi , pilna kau\u0161\u0105 nesunkiai kelia. Galima i\u0161sibandyti su apkrova<\/p>\n<p>Galima ilgalaik\u0117 nuoma be operatoriaus<br \/>\nGalimas keitimas \u012f statybin\u0119 technik\u0105<\/p>\n<p>Si\u016blome LIZINGO sprendimus sunkiajai technikai tiek juridiniams, tiek fiziniams asmenims, bendradarbiaudami su patikimais partneriais ir sutvarkydami visus formalumus.<\/p>\n","protected":false},"excerpt":{"rendered":"<p>Komatsu WA 480-6 2013 27 600 kg 6 cyl. turbo 305 hp \/ 224 kw Bucket 5 m3 SKF central lubrication CE&#038;EPA Rops AC Good tires Full good working condition Hydraulic pump very strong Gearbox no problem Original paint Lietuvoje neeksploatuotas. Galingas frontalinis krautuvas , siurbliai labai gyvi, \u012fr\u0117mus \u012f kr\u016bva visi ratai kasasi , [&hellip;]<\/p>\n","protected":false},"featured_media":11176,"template":"","meta":{"_et_pb_use_builder":"","_et_pb_old_content":"","_et_gb_content_width":""},"product_brand":[],"product_cat":[349,349,300,300],"product_tag":[],"class_list":{"0":"post-17402","1":"product","2":"type-product","3":"status-publish","4":"has-post-thumbnail","6":"product_cat-frontal-loader","8":"product_cat-machinery-for-sale","11":"first","12":"instock","13":"purchasable","14":"product-type-simple"},"yoast_head":"<!-- This site is optimized with the Yoast SEO plugin v27.5 - https:\/\/yoast.com\/product\/yoast-seo-wordpress\/ -->\n<title>Komatsu WA 480-6 - loparus.com<\/title>\n<meta name=\"robots\" content=\"index, follow, max-snippet:-1, max-image-preview:large, max-video-preview:-1\" \/>\n<link rel=\"canonical\" href=\"https:\/\/loparus.com\/produktas\/komatsu-wa-480-6\/\" \/>\n<meta property=\"og:locale\" content=\"en_US\" \/>\n<meta property=\"og:type\" content=\"article\" \/>\n<meta property=\"og:title\" content=\"Komatsu WA 480-6 - loparus.com\" \/>\n<meta property=\"og:description\" content=\"Komatsu WA 480-6 2013 27 600 kg 6 cyl. turbo 305 hp \/ 224 kw Bucket 5 m3 SKF central lubrication CE&#038;EPA Rops AC Good tires Full good working condition Hydraulic pump very strong Gearbox no problem Original paint Lietuvoje neeksploatuotas. Galingas frontalinis krautuvas , siurbliai labai gyvi, \u012fr\u0117mus \u012f kr\u016bva visi ratai kasasi , [&hellip;]\" \/>\n<meta property=\"og:url\" content=\"https:\/\/loparus.com\/produktas\/komatsu-wa-480-6\/\" \/>\n<meta property=\"og:site_name\" content=\"loparus.com\" \/>\n<meta property=\"og:image\" content=\"https:\/\/loparus.com\/wp-content\/uploads\/komatsu-wa-480-6-frontaliniai-krautuvai-40.jpg\" \/>\n\t<meta property=\"og:image:width\" content=\"1920\" \/>\n\t<meta property=\"og:image:height\" content=\"1440\" \/>\n\t<meta property=\"og:image:type\" content=\"image\/jpeg\" \/>\n<meta name=\"twitter:card\" content=\"summary_large_image\" \/>\n<script type=\"application\/ld+json\" class=\"yoast-schema-graph\">{\"@context\":\"https:\\\/\\\/schema.org\",\"@graph\":[{\"@type\":\"WebPage\",\"@id\":\"https:\\\/\\\/loparus.com\\\/produktas\\\/komatsu-wa-480-6\\\/\",\"url\":\"https:\\\/\\\/loparus.com\\\/produktas\\\/komatsu-wa-480-6\\\/\",\"name\":\"Komatsu WA 480-6 - loparus.com\",\"isPartOf\":{\"@id\":\"https:\\\/\\\/loparus.com\\\/#website\"},\"primaryImageOfPage\":{\"@id\":\"https:\\\/\\\/loparus.com\\\/produktas\\\/komatsu-wa-480-6\\\/#primaryimage\"},\"image\":{\"@id\":\"https:\\\/\\\/loparus.com\\\/produktas\\\/komatsu-wa-480-6\\\/#primaryimage\"},\"thumbnailUrl\":\"https:\\\/\\\/loparus.com\\\/wp-content\\\/uploads\\\/komatsu-wa-480-6-frontaliniai-krautuvai-40.jpg\",\"datePublished\":\"2026-04-07T22:04:18+00:00\",\"breadcrumb\":{\"@id\":\"https:\\\/\\\/loparus.com\\\/produktas\\\/komatsu-wa-480-6\\\/#breadcrumb\"},\"inLanguage\":\"en-US\",\"potentialAction\":[{\"@type\":\"ReadAction\",\"target\":[\"https:\\\/\\\/loparus.com\\\/produktas\\\/komatsu-wa-480-6\\\/\"]}]},{\"@type\":\"ImageObject\",\"inLanguage\":\"en-US\",\"@id\":\"https:\\\/\\\/loparus.com\\\/produktas\\\/komatsu-wa-480-6\\\/#primaryimage\",\"url\":\"https:\\\/\\\/loparus.com\\\/wp-content\\\/uploads\\\/komatsu-wa-480-6-frontaliniai-krautuvai-40.jpg\",\"contentUrl\":\"https:\\\/\\\/loparus.com\\\/wp-content\\\/uploads\\\/komatsu-wa-480-6-frontaliniai-krautuvai-40.jpg\",\"width\":1920,\"height\":1440,\"caption\":\"KomatsuWA 480-6\"},{\"@type\":\"BreadcrumbList\",\"@id\":\"https:\\\/\\\/loparus.com\\\/produktas\\\/komatsu-wa-480-6\\\/#breadcrumb\",\"itemListElement\":[{\"@type\":\"ListItem\",\"position\":1,\"name\":\"Home\",\"item\":\"https:\\\/\\\/loparus.com\\\/en\\\/\"},{\"@type\":\"ListItem\",\"position\":2,\"name\":\"Shop\",\"item\":\"https:\\\/\\\/loparus.com\\\/en\\\/shop\\\/\"},{\"@type\":\"ListItem\",\"position\":3,\"name\":\"Komatsu WA 480-6\"}]},{\"@type\":\"WebSite\",\"@id\":\"https:\\\/\\\/loparus.com\\\/#website\",\"url\":\"https:\\\/\\\/loparus.com\\\/\",\"name\":\"loparus.com\",\"description\":\"Just another WordPress site\",\"potentialAction\":[{\"@type\":\"SearchAction\",\"target\":{\"@type\":\"EntryPoint\",\"urlTemplate\":\"https:\\\/\\\/loparus.com\\\/?s={search_term_string}\"},\"query-input\":{\"@type\":\"PropertyValueSpecification\",\"valueRequired\":true,\"valueName\":\"search_term_string\"}}],\"inLanguage\":\"en-US\"}]}<\/script>\n<!-- \/ Yoast SEO plugin. -->","yoast_head_json":{"title":"Komatsu WA 480-6 - loparus.com","robots":{"index":"index","follow":"follow","max-snippet":"max-snippet:-1","max-image-preview":"max-image-preview:large","max-video-preview":"max-video-preview:-1"},"canonical":"https:\/\/loparus.com\/produktas\/komatsu-wa-480-6\/","og_locale":"en_US","og_type":"article","og_title":"Komatsu WA 480-6 - loparus.com","og_description":"Komatsu WA 480-6 2013 27 600 kg 6 cyl. turbo 305 hp \/ 224 kw Bucket 5 m3 SKF central lubrication CE&#038;EPA Rops AC Good tires Full good working condition Hydraulic pump very strong Gearbox no problem Original paint Lietuvoje neeksploatuotas. Galingas frontalinis krautuvas , siurbliai labai gyvi, \u012fr\u0117mus \u012f kr\u016bva visi ratai kasasi , [&hellip;]","og_url":"https:\/\/loparus.com\/produktas\/komatsu-wa-480-6\/","og_site_name":"loparus.com","og_image":[{"width":1920,"height":1440,"url":"https:\/\/loparus.com\/wp-content\/uploads\/komatsu-wa-480-6-frontaliniai-krautuvai-40.jpg","type":"image\/jpeg"}],"twitter_card":"summary_large_image","schema":{"@context":"https:\/\/schema.org","@graph":[{"@type":"WebPage","@id":"https:\/\/loparus.com\/produktas\/komatsu-wa-480-6\/","url":"https:\/\/loparus.com\/produktas\/komatsu-wa-480-6\/","name":"Komatsu WA 480-6 - loparus.com","isPartOf":{"@id":"https:\/\/loparus.com\/#website"},"primaryImageOfPage":{"@id":"https:\/\/loparus.com\/produktas\/komatsu-wa-480-6\/#primaryimage"},"image":{"@id":"https:\/\/loparus.com\/produktas\/komatsu-wa-480-6\/#primaryimage"},"thumbnailUrl":"https:\/\/loparus.com\/wp-content\/uploads\/komatsu-wa-480-6-frontaliniai-krautuvai-40.jpg","datePublished":"2026-04-07T22:04:18+00:00","breadcrumb":{"@id":"https:\/\/loparus.com\/produktas\/komatsu-wa-480-6\/#breadcrumb"},"inLanguage":"en-US","potentialAction":[{"@type":"ReadAction","target":["https:\/\/loparus.com\/produktas\/komatsu-wa-480-6\/"]}]},{"@type":"ImageObject","inLanguage":"en-US","@id":"https:\/\/loparus.com\/produktas\/komatsu-wa-480-6\/#primaryimage","url":"https:\/\/loparus.com\/wp-content\/uploads\/komatsu-wa-480-6-frontaliniai-krautuvai-40.jpg","contentUrl":"https:\/\/loparus.com\/wp-content\/uploads\/komatsu-wa-480-6-frontaliniai-krautuvai-40.jpg","width":1920,"height":1440,"caption":"KomatsuWA 480-6"},{"@type":"BreadcrumbList","@id":"https:\/\/loparus.com\/produktas\/komatsu-wa-480-6\/#breadcrumb","itemListElement":[{"@type":"ListItem","position":1,"name":"Home","item":"https:\/\/loparus.com\/en\/"},{"@type":"ListItem","position":2,"name":"Shop","item":"https:\/\/loparus.com\/en\/shop\/"},{"@type":"ListItem","position":3,"name":"Komatsu WA 480-6"}]},{"@type":"WebSite","@id":"https:\/\/loparus.com\/#website","url":"https:\/\/loparus.com\/","name":"loparus.com","description":"Just another WordPress site","potentialAction":[{"@type":"SearchAction","target":{"@type":"EntryPoint","urlTemplate":"https:\/\/loparus.com\/?s={search_term_string}"},"query-input":{"@type":"PropertyValueSpecification","valueRequired":true,"valueName":"search_term_string"}}],"inLanguage":"en-US"}]}},"_links":{"self":[{"href":"https:\/\/loparus.com\/en\/wp-json\/wp\/v2\/product\/17402","targetHints":{"allow":["GET"]}}],"collection":[{"href":"https:\/\/loparus.com\/en\/wp-json\/wp\/v2\/product"}],"about":[{"href":"https:\/\/loparus.com\/en\/wp-json\/wp\/v2\/types\/product"}],"wp:featuredmedia":[{"embeddable":true,"href":"https:\/\/loparus.com\/en\/wp-json\/wp\/v2\/media\/11176"}],"wp:attachment":[{"href":"https:\/\/loparus.com\/en\/wp-json\/wp\/v2\/media?parent=17402"}],"wp:term":[{"taxonomy":"product_brand","embeddable":true,"href":"https:\/\/loparus.com\/en\/wp-json\/wp\/v2\/product_brand?post=17402"},{"taxonomy":"product_cat","embeddable":true,"href":"https:\/\/loparus.com\/en\/wp-json\/wp\/v2\/product_cat?post=17402"},{"taxonomy":"product_tag","embeddable":true,"href":"https:\/\/loparus.com\/en\/wp-json\/wp\/v2\/product_tag?post=17402"}],"curies":[{"name":"wp","href":"https:\/\/api.w.org\/{rel}","templated":true}]}}