{"id":17405,"date":"2026-04-08T01:04:35","date_gmt":"2026-04-07T22:04:35","guid":{"rendered":"https:\/\/loparus.com\/produktas\/kobelco-sk-200-lc-mark-v-2\/"},"modified":"2026-04-02T04:00:10","modified_gmt":"2026-04-02T01:00:10","slug":"kobelco-sk-200-lc-mark-v","status":"publish","type":"product","link":"https:\/\/loparus.com\/en\/product\/kobelco-sk-200-lc-mark-v\/","title":{"rendered":"Kobelco SK-200 LC Mark V"},"content":{"rendered":"<p>Kobelco SK-200 LC Mark V<br \/>\n2004<br \/>\n20 200 kg<br \/>\nMitsubishi 6 cyl. turbo manual 150 hp \/ 110 kw<br \/>\nDigging bucket 1m3<br \/>\nAC<br \/>\nGood undercarriage<br \/>\nFull working machine<\/p>\n<p>Lietuvoje neeksploatuotas<\/p>\n<p>Galimas keitimas \u012f statybin\u0119 technik\u0105<br \/>\nPossible exchange to construction machinery<\/p>\n<p>Si\u016blome LIZINGO sprendimus sunkiajai technikai tiek juridiniams, tiek fiziniams asmenims, bendradarbiaudami su patikimais partneriais ir sutvarkydami visus formalumus.<\/p>\n","protected":false},"excerpt":{"rendered":"<p>Kobelco SK-200 LC Mark V 2004 20 200 kg Mitsubishi 6 cyl. turbo manual 150 hp \/ 110 kw Digging bucket 1m3 AC Good undercarriage Full working machine Lietuvoje neeksploatuotas Galimas keitimas \u012f statybin\u0119 technik\u0105 Possible exchange to construction machinery Si\u016blome LIZINGO sprendimus sunkiajai technikai tiek juridiniams, tiek fiziniams asmenims, bendradarbiaudami su patikimais partneriais ir [&hellip;]<\/p>\n","protected":false},"featured_media":11332,"template":"","meta":{"_et_pb_use_builder":"","_et_pb_old_content":"","_et_gb_content_width":""},"product_brand":[],"product_cat":[345,345,300,300],"product_tag":[],"class_list":{"0":"post-17405","1":"product","2":"type-product","3":"status-publish","4":"has-post-thumbnail","6":"product_cat-excavators","8":"product_cat-machinery-for-sale","11":"first","12":"instock","13":"purchasable","14":"product-type-simple"},"yoast_head":"<!-- This site is optimized with the Yoast SEO plugin v27.5 - https:\/\/yoast.com\/product\/yoast-seo-wordpress\/ -->\n<title>Kobelco SK-200 LC Mark V - loparus.com<\/title>\n<meta name=\"robots\" content=\"index, follow, max-snippet:-1, max-image-preview:large, max-video-preview:-1\" \/>\n<link rel=\"canonical\" href=\"https:\/\/loparus.com\/produktas\/kobelco-sk-200-lc-mark-v\/\" \/>\n<meta property=\"og:locale\" content=\"en_US\" \/>\n<meta property=\"og:type\" content=\"article\" \/>\n<meta property=\"og:title\" content=\"Kobelco SK-200 LC Mark V - loparus.com\" \/>\n<meta property=\"og:description\" content=\"Kobelco SK-200 LC Mark V 2004 20 200 kg Mitsubishi 6 cyl. turbo manual 150 hp \/ 110 kw Digging bucket 1m3 AC Good undercarriage Full working machine Lietuvoje neeksploatuotas Galimas keitimas \u012f statybin\u0119 technik\u0105 Possible exchange to construction machinery Si\u016blome LIZINGO sprendimus sunkiajai technikai tiek juridiniams, tiek fiziniams asmenims, bendradarbiaudami su patikimais partneriais ir [&hellip;]\" \/>\n<meta property=\"og:url\" content=\"https:\/\/loparus.com\/produktas\/kobelco-sk-200-lc-mark-v\/\" \/>\n<meta property=\"og:site_name\" content=\"loparus.com\" \/>\n<meta property=\"og:image\" content=\"https:\/\/loparus.com\/wp-content\/uploads\/kobelco-sk-200-lc-mark-v-ekskavatoriai-1.jpg\" \/>\n\t<meta property=\"og:image:width\" content=\"1200\" \/>\n\t<meta property=\"og:image:height\" content=\"900\" \/>\n\t<meta property=\"og:image:type\" content=\"image\/jpeg\" \/>\n<meta name=\"twitter:card\" content=\"summary_large_image\" \/>\n<script type=\"application\/ld+json\" class=\"yoast-schema-graph\">{\"@context\":\"https:\\\/\\\/schema.org\",\"@graph\":[{\"@type\":\"WebPage\",\"@id\":\"https:\\\/\\\/loparus.com\\\/produktas\\\/kobelco-sk-200-lc-mark-v\\\/\",\"url\":\"https:\\\/\\\/loparus.com\\\/produktas\\\/kobelco-sk-200-lc-mark-v\\\/\",\"name\":\"Kobelco SK-200 LC Mark V - loparus.com\",\"isPartOf\":{\"@id\":\"https:\\\/\\\/loparus.com\\\/#website\"},\"primaryImageOfPage\":{\"@id\":\"https:\\\/\\\/loparus.com\\\/produktas\\\/kobelco-sk-200-lc-mark-v\\\/#primaryimage\"},\"image\":{\"@id\":\"https:\\\/\\\/loparus.com\\\/produktas\\\/kobelco-sk-200-lc-mark-v\\\/#primaryimage\"},\"thumbnailUrl\":\"https:\\\/\\\/loparus.com\\\/wp-content\\\/uploads\\\/kobelco-sk-200-lc-mark-v-ekskavatoriai-1.jpg\",\"datePublished\":\"2026-04-07T22:04:35+00:00\",\"breadcrumb\":{\"@id\":\"https:\\\/\\\/loparus.com\\\/produktas\\\/kobelco-sk-200-lc-mark-v\\\/#breadcrumb\"},\"inLanguage\":\"en-US\",\"potentialAction\":[{\"@type\":\"ReadAction\",\"target\":[\"https:\\\/\\\/loparus.com\\\/produktas\\\/kobelco-sk-200-lc-mark-v\\\/\"]}]},{\"@type\":\"ImageObject\",\"inLanguage\":\"en-US\",\"@id\":\"https:\\\/\\\/loparus.com\\\/produktas\\\/kobelco-sk-200-lc-mark-v\\\/#primaryimage\",\"url\":\"https:\\\/\\\/loparus.com\\\/wp-content\\\/uploads\\\/kobelco-sk-200-lc-mark-v-ekskavatoriai-1.jpg\",\"contentUrl\":\"https:\\\/\\\/loparus.com\\\/wp-content\\\/uploads\\\/kobelco-sk-200-lc-mark-v-ekskavatoriai-1.jpg\",\"width\":1200,\"height\":900,\"caption\":\"KobelcoSK-200 LC Mark V\"},{\"@type\":\"BreadcrumbList\",\"@id\":\"https:\\\/\\\/loparus.com\\\/produktas\\\/kobelco-sk-200-lc-mark-v\\\/#breadcrumb\",\"itemListElement\":[{\"@type\":\"ListItem\",\"position\":1,\"name\":\"Home\",\"item\":\"https:\\\/\\\/loparus.com\\\/en\\\/\"},{\"@type\":\"ListItem\",\"position\":2,\"name\":\"Shop\",\"item\":\"https:\\\/\\\/loparus.com\\\/en\\\/shop\\\/\"},{\"@type\":\"ListItem\",\"position\":3,\"name\":\"Kobelco SK-200 LC Mark V\"}]},{\"@type\":\"WebSite\",\"@id\":\"https:\\\/\\\/loparus.com\\\/#website\",\"url\":\"https:\\\/\\\/loparus.com\\\/\",\"name\":\"loparus.com\",\"description\":\"Just another WordPress site\",\"potentialAction\":[{\"@type\":\"SearchAction\",\"target\":{\"@type\":\"EntryPoint\",\"urlTemplate\":\"https:\\\/\\\/loparus.com\\\/?s={search_term_string}\"},\"query-input\":{\"@type\":\"PropertyValueSpecification\",\"valueRequired\":true,\"valueName\":\"search_term_string\"}}],\"inLanguage\":\"en-US\"}]}<\/script>\n<!-- \/ Yoast SEO plugin. -->","yoast_head_json":{"title":"Kobelco SK-200 LC Mark V - loparus.com","robots":{"index":"index","follow":"follow","max-snippet":"max-snippet:-1","max-image-preview":"max-image-preview:large","max-video-preview":"max-video-preview:-1"},"canonical":"https:\/\/loparus.com\/produktas\/kobelco-sk-200-lc-mark-v\/","og_locale":"en_US","og_type":"article","og_title":"Kobelco SK-200 LC Mark V - loparus.com","og_description":"Kobelco SK-200 LC Mark V 2004 20 200 kg Mitsubishi 6 cyl. turbo manual 150 hp \/ 110 kw Digging bucket 1m3 AC Good undercarriage Full working machine Lietuvoje neeksploatuotas Galimas keitimas \u012f statybin\u0119 technik\u0105 Possible exchange to construction machinery Si\u016blome LIZINGO sprendimus sunkiajai technikai tiek juridiniams, tiek fiziniams asmenims, bendradarbiaudami su patikimais partneriais ir [&hellip;]","og_url":"https:\/\/loparus.com\/produktas\/kobelco-sk-200-lc-mark-v\/","og_site_name":"loparus.com","og_image":[{"width":1200,"height":900,"url":"https:\/\/loparus.com\/wp-content\/uploads\/kobelco-sk-200-lc-mark-v-ekskavatoriai-1.jpg","type":"image\/jpeg"}],"twitter_card":"summary_large_image","schema":{"@context":"https:\/\/schema.org","@graph":[{"@type":"WebPage","@id":"https:\/\/loparus.com\/produktas\/kobelco-sk-200-lc-mark-v\/","url":"https:\/\/loparus.com\/produktas\/kobelco-sk-200-lc-mark-v\/","name":"Kobelco SK-200 LC Mark V - loparus.com","isPartOf":{"@id":"https:\/\/loparus.com\/#website"},"primaryImageOfPage":{"@id":"https:\/\/loparus.com\/produktas\/kobelco-sk-200-lc-mark-v\/#primaryimage"},"image":{"@id":"https:\/\/loparus.com\/produktas\/kobelco-sk-200-lc-mark-v\/#primaryimage"},"thumbnailUrl":"https:\/\/loparus.com\/wp-content\/uploads\/kobelco-sk-200-lc-mark-v-ekskavatoriai-1.jpg","datePublished":"2026-04-07T22:04:35+00:00","breadcrumb":{"@id":"https:\/\/loparus.com\/produktas\/kobelco-sk-200-lc-mark-v\/#breadcrumb"},"inLanguage":"en-US","potentialAction":[{"@type":"ReadAction","target":["https:\/\/loparus.com\/produktas\/kobelco-sk-200-lc-mark-v\/"]}]},{"@type":"ImageObject","inLanguage":"en-US","@id":"https:\/\/loparus.com\/produktas\/kobelco-sk-200-lc-mark-v\/#primaryimage","url":"https:\/\/loparus.com\/wp-content\/uploads\/kobelco-sk-200-lc-mark-v-ekskavatoriai-1.jpg","contentUrl":"https:\/\/loparus.com\/wp-content\/uploads\/kobelco-sk-200-lc-mark-v-ekskavatoriai-1.jpg","width":1200,"height":900,"caption":"KobelcoSK-200 LC Mark V"},{"@type":"BreadcrumbList","@id":"https:\/\/loparus.com\/produktas\/kobelco-sk-200-lc-mark-v\/#breadcrumb","itemListElement":[{"@type":"ListItem","position":1,"name":"Home","item":"https:\/\/loparus.com\/en\/"},{"@type":"ListItem","position":2,"name":"Shop","item":"https:\/\/loparus.com\/en\/shop\/"},{"@type":"ListItem","position":3,"name":"Kobelco SK-200 LC Mark V"}]},{"@type":"WebSite","@id":"https:\/\/loparus.com\/#website","url":"https:\/\/loparus.com\/","name":"loparus.com","description":"Just another WordPress site","potentialAction":[{"@type":"SearchAction","target":{"@type":"EntryPoint","urlTemplate":"https:\/\/loparus.com\/?s={search_term_string}"},"query-input":{"@type":"PropertyValueSpecification","valueRequired":true,"valueName":"search_term_string"}}],"inLanguage":"en-US"}]}},"_links":{"self":[{"href":"https:\/\/loparus.com\/en\/wp-json\/wp\/v2\/product\/17405","targetHints":{"allow":["GET"]}}],"collection":[{"href":"https:\/\/loparus.com\/en\/wp-json\/wp\/v2\/product"}],"about":[{"href":"https:\/\/loparus.com\/en\/wp-json\/wp\/v2\/types\/product"}],"wp:featuredmedia":[{"embeddable":true,"href":"https:\/\/loparus.com\/en\/wp-json\/wp\/v2\/media\/11332"}],"wp:attachment":[{"href":"https:\/\/loparus.com\/en\/wp-json\/wp\/v2\/media?parent=17405"}],"wp:term":[{"taxonomy":"product_brand","embeddable":true,"href":"https:\/\/loparus.com\/en\/wp-json\/wp\/v2\/product_brand?post=17405"},{"taxonomy":"product_cat","embeddable":true,"href":"https:\/\/loparus.com\/en\/wp-json\/wp\/v2\/product_cat?post=17405"},{"taxonomy":"product_tag","embeddable":true,"href":"https:\/\/loparus.com\/en\/wp-json\/wp\/v2\/product_tag?post=17405"}],"curies":[{"name":"wp","href":"https:\/\/api.w.org\/{rel}","templated":true}]}}