{"id":17409,"date":"2026-04-08T01:04:48","date_gmt":"2026-04-07T22:04:48","guid":{"rendered":"https:\/\/loparus.com\/produktas\/volvo-ec-250-dl-3d-leica-rototilt-2\/"},"modified":"2026-03-31T04:06:22","modified_gmt":"2026-03-31T01:06:22","slug":"volvo-ec-250-dl-3d-topcon-rototilt","status":"publish","type":"product","link":"https:\/\/loparus.com\/en\/product\/volvo-ec-250-dl-3d-topcon-rototilt\/","title":{"rendered":"Volvo EC 250 DL 3D TOPCON + ROTOTILT"},"content":{"rendered":"<p>Volvo EC 250 DL<br \/>\n2013<br \/>\n27 400 kg<br \/>\nVolvo 207 hp \/ 152 kw<br \/>\n9 593 m\/h<br \/>\nTOPCON 3D GPS system<br \/>\nRototilt<br \/>\nScandinavian bucket<br \/>\nSKF central lubrication<br \/>\nExtra hydraulic lines<br \/>\nExtra fuel pump<br \/>\nOriginal paint<br \/>\nLED<br \/>\nBeacon<br \/>\nBack view camera<br \/>\nAC<br \/>\nCE&#038;EPA<br \/>\nVery good condition machine<br \/>\nNot used in Lithuania<\/p>\n<p>Video link: https:\/\/youtu.be\/1c2Hhub36Ys<\/p>\n<p>Lietuvoje neeksploatuotas , rimtos komplektacijos, gero stovio, originalus ekskavatorius. LEICA 3D GPS sistema pilnai paleista darbui Lietuvoje , rototiltas , centrinis tepimas ir taip toliau<\/p>\n<p>Galimas keitimas \u012f j\u016bs\u0173 statybin\u0119 technik\u0105<br \/>\nGalima ilgalaik\u0117 nuoma su operatoriumi<\/p>\n<p>Si\u016blome LIZINGO sprendimus sunkiajai technikai tiek juridiniams, tiek fiziniams asmenims, bendradarbiaudami su patikimais partneriais ir sutvarkydami visus formalumus.<\/p>\n","protected":false},"excerpt":{"rendered":"<p>Volvo EC 250 DL 2013 27 400 kg Volvo 207 hp \/ 152 kw 9 593 m\/h TOPCON 3D GPS system Rototilt Scandinavian bucket SKF central lubrication Extra hydraulic lines Extra fuel pump Original paint LED Beacon Back view camera AC CE&#038;EPA Very good condition machine Not used in Lithuania Video link: https:\/\/youtu.be\/1c2Hhub36Ys Lietuvoje neeksploatuotas [&hellip;]<\/p>\n","protected":false},"featured_media":18418,"template":"","meta":{"_et_pb_use_builder":"","_et_pb_old_content":"","_et_gb_content_width":""},"product_brand":[],"product_cat":[345,345,300,300],"product_tag":[],"class_list":{"0":"post-17409","1":"product","2":"type-product","3":"status-publish","4":"has-post-thumbnail","6":"product_cat-excavators","8":"product_cat-machinery-for-sale","11":"first","12":"instock","13":"purchasable","14":"product-type-simple"},"yoast_head":"<!-- This site is optimized with the Yoast SEO plugin v27.5 - https:\/\/yoast.com\/product\/yoast-seo-wordpress\/ -->\n<title>Volvo EC 250 DL 3D TOPCON + ROTOTILT - loparus.com<\/title>\n<meta name=\"robots\" content=\"index, follow, max-snippet:-1, max-image-preview:large, max-video-preview:-1\" \/>\n<link rel=\"canonical\" href=\"https:\/\/loparus.com\/produktas\/volvo-ec-250-dl-3d-topcon-rototilt\/\" \/>\n<meta property=\"og:locale\" content=\"en_US\" \/>\n<meta property=\"og:type\" content=\"article\" \/>\n<meta property=\"og:title\" content=\"Volvo EC 250 DL 3D TOPCON + ROTOTILT - loparus.com\" \/>\n<meta property=\"og:description\" content=\"Volvo EC 250 DL 2013 27 400 kg Volvo 207 hp \/ 152 kw 9 593 m\/h TOPCON 3D GPS system Rototilt Scandinavian bucket SKF central lubrication Extra hydraulic lines Extra fuel pump Original paint LED Beacon Back view camera AC CE&#038;EPA Very good condition machine Not used in Lithuania Video link: https:\/\/youtu.be\/1c2Hhub36Ys Lietuvoje neeksploatuotas [&hellip;]\" \/>\n<meta property=\"og:url\" content=\"https:\/\/loparus.com\/produktas\/volvo-ec-250-dl-3d-topcon-rototilt\/\" \/>\n<meta property=\"og:site_name\" content=\"loparus.com\" \/>\n<meta property=\"og:image\" content=\"https:\/\/loparus.com\/wp-content\/uploads\/volvo-ec-250-dl-3d-topcon-rototilt-ekskavatoriai.jpg\" \/>\n\t<meta property=\"og:image:width\" content=\"1920\" \/>\n\t<meta property=\"og:image:height\" content=\"1440\" \/>\n\t<meta property=\"og:image:type\" content=\"image\/jpeg\" \/>\n<meta name=\"twitter:card\" content=\"summary_large_image\" \/>\n<meta name=\"twitter:label1\" content=\"Est. reading time\" \/>\n\t<meta name=\"twitter:data1\" content=\"1 minute\" \/>\n<script type=\"application\/ld+json\" class=\"yoast-schema-graph\">{\"@context\":\"https:\\\/\\\/schema.org\",\"@graph\":[{\"@type\":\"WebPage\",\"@id\":\"https:\\\/\\\/loparus.com\\\/produktas\\\/volvo-ec-250-dl-3d-topcon-rototilt\\\/\",\"url\":\"https:\\\/\\\/loparus.com\\\/produktas\\\/volvo-ec-250-dl-3d-topcon-rototilt\\\/\",\"name\":\"Volvo EC 250 DL 3D TOPCON + ROTOTILT - loparus.com\",\"isPartOf\":{\"@id\":\"https:\\\/\\\/loparus.com\\\/#website\"},\"primaryImageOfPage\":{\"@id\":\"https:\\\/\\\/loparus.com\\\/produktas\\\/volvo-ec-250-dl-3d-topcon-rototilt\\\/#primaryimage\"},\"image\":{\"@id\":\"https:\\\/\\\/loparus.com\\\/produktas\\\/volvo-ec-250-dl-3d-topcon-rototilt\\\/#primaryimage\"},\"thumbnailUrl\":\"https:\\\/\\\/loparus.com\\\/wp-content\\\/uploads\\\/volvo-ec-250-dl-3d-topcon-rototilt-ekskavatoriai.jpg\",\"datePublished\":\"2026-04-07T22:04:48+00:00\",\"breadcrumb\":{\"@id\":\"https:\\\/\\\/loparus.com\\\/produktas\\\/volvo-ec-250-dl-3d-topcon-rototilt\\\/#breadcrumb\"},\"inLanguage\":\"en-US\",\"potentialAction\":[{\"@type\":\"ReadAction\",\"target\":[\"https:\\\/\\\/loparus.com\\\/produktas\\\/volvo-ec-250-dl-3d-topcon-rototilt\\\/\"]}]},{\"@type\":\"ImageObject\",\"inLanguage\":\"en-US\",\"@id\":\"https:\\\/\\\/loparus.com\\\/produktas\\\/volvo-ec-250-dl-3d-topcon-rototilt\\\/#primaryimage\",\"url\":\"https:\\\/\\\/loparus.com\\\/wp-content\\\/uploads\\\/volvo-ec-250-dl-3d-topcon-rototilt-ekskavatoriai.jpg\",\"contentUrl\":\"https:\\\/\\\/loparus.com\\\/wp-content\\\/uploads\\\/volvo-ec-250-dl-3d-topcon-rototilt-ekskavatoriai.jpg\",\"width\":1920,\"height\":1440,\"caption\":\"VolvoEC 250 DL 3D TOPCON + ROTOTILT\"},{\"@type\":\"BreadcrumbList\",\"@id\":\"https:\\\/\\\/loparus.com\\\/produktas\\\/volvo-ec-250-dl-3d-topcon-rototilt\\\/#breadcrumb\",\"itemListElement\":[{\"@type\":\"ListItem\",\"position\":1,\"name\":\"Home\",\"item\":\"https:\\\/\\\/loparus.com\\\/en\\\/\"},{\"@type\":\"ListItem\",\"position\":2,\"name\":\"Shop\",\"item\":\"https:\\\/\\\/loparus.com\\\/en\\\/shop\\\/\"},{\"@type\":\"ListItem\",\"position\":3,\"name\":\"Volvo EC 250 DL 3D TOPCON + ROTOTILT\"}]},{\"@type\":\"WebSite\",\"@id\":\"https:\\\/\\\/loparus.com\\\/#website\",\"url\":\"https:\\\/\\\/loparus.com\\\/\",\"name\":\"loparus.com\",\"description\":\"Just another WordPress site\",\"potentialAction\":[{\"@type\":\"SearchAction\",\"target\":{\"@type\":\"EntryPoint\",\"urlTemplate\":\"https:\\\/\\\/loparus.com\\\/?s={search_term_string}\"},\"query-input\":{\"@type\":\"PropertyValueSpecification\",\"valueRequired\":true,\"valueName\":\"search_term_string\"}}],\"inLanguage\":\"en-US\"}]}<\/script>\n<!-- \/ Yoast SEO plugin. -->","yoast_head_json":{"title":"Volvo EC 250 DL 3D TOPCON + ROTOTILT - loparus.com","robots":{"index":"index","follow":"follow","max-snippet":"max-snippet:-1","max-image-preview":"max-image-preview:large","max-video-preview":"max-video-preview:-1"},"canonical":"https:\/\/loparus.com\/produktas\/volvo-ec-250-dl-3d-topcon-rototilt\/","og_locale":"en_US","og_type":"article","og_title":"Volvo EC 250 DL 3D TOPCON + ROTOTILT - loparus.com","og_description":"Volvo EC 250 DL 2013 27 400 kg Volvo 207 hp \/ 152 kw 9 593 m\/h TOPCON 3D GPS system Rototilt Scandinavian bucket SKF central lubrication Extra hydraulic lines Extra fuel pump Original paint LED Beacon Back view camera AC CE&#038;EPA Very good condition machine Not used in Lithuania Video link: https:\/\/youtu.be\/1c2Hhub36Ys Lietuvoje neeksploatuotas [&hellip;]","og_url":"https:\/\/loparus.com\/produktas\/volvo-ec-250-dl-3d-topcon-rototilt\/","og_site_name":"loparus.com","og_image":[{"width":1920,"height":1440,"url":"https:\/\/loparus.com\/wp-content\/uploads\/volvo-ec-250-dl-3d-topcon-rototilt-ekskavatoriai.jpg","type":"image\/jpeg"}],"twitter_card":"summary_large_image","twitter_misc":{"Est. reading time":"1 minute"},"schema":{"@context":"https:\/\/schema.org","@graph":[{"@type":"WebPage","@id":"https:\/\/loparus.com\/produktas\/volvo-ec-250-dl-3d-topcon-rototilt\/","url":"https:\/\/loparus.com\/produktas\/volvo-ec-250-dl-3d-topcon-rototilt\/","name":"Volvo EC 250 DL 3D TOPCON + ROTOTILT - loparus.com","isPartOf":{"@id":"https:\/\/loparus.com\/#website"},"primaryImageOfPage":{"@id":"https:\/\/loparus.com\/produktas\/volvo-ec-250-dl-3d-topcon-rototilt\/#primaryimage"},"image":{"@id":"https:\/\/loparus.com\/produktas\/volvo-ec-250-dl-3d-topcon-rototilt\/#primaryimage"},"thumbnailUrl":"https:\/\/loparus.com\/wp-content\/uploads\/volvo-ec-250-dl-3d-topcon-rototilt-ekskavatoriai.jpg","datePublished":"2026-04-07T22:04:48+00:00","breadcrumb":{"@id":"https:\/\/loparus.com\/produktas\/volvo-ec-250-dl-3d-topcon-rototilt\/#breadcrumb"},"inLanguage":"en-US","potentialAction":[{"@type":"ReadAction","target":["https:\/\/loparus.com\/produktas\/volvo-ec-250-dl-3d-topcon-rototilt\/"]}]},{"@type":"ImageObject","inLanguage":"en-US","@id":"https:\/\/loparus.com\/produktas\/volvo-ec-250-dl-3d-topcon-rototilt\/#primaryimage","url":"https:\/\/loparus.com\/wp-content\/uploads\/volvo-ec-250-dl-3d-topcon-rototilt-ekskavatoriai.jpg","contentUrl":"https:\/\/loparus.com\/wp-content\/uploads\/volvo-ec-250-dl-3d-topcon-rototilt-ekskavatoriai.jpg","width":1920,"height":1440,"caption":"VolvoEC 250 DL 3D TOPCON + ROTOTILT"},{"@type":"BreadcrumbList","@id":"https:\/\/loparus.com\/produktas\/volvo-ec-250-dl-3d-topcon-rototilt\/#breadcrumb","itemListElement":[{"@type":"ListItem","position":1,"name":"Home","item":"https:\/\/loparus.com\/en\/"},{"@type":"ListItem","position":2,"name":"Shop","item":"https:\/\/loparus.com\/en\/shop\/"},{"@type":"ListItem","position":3,"name":"Volvo EC 250 DL 3D TOPCON + ROTOTILT"}]},{"@type":"WebSite","@id":"https:\/\/loparus.com\/#website","url":"https:\/\/loparus.com\/","name":"loparus.com","description":"Just another WordPress site","potentialAction":[{"@type":"SearchAction","target":{"@type":"EntryPoint","urlTemplate":"https:\/\/loparus.com\/?s={search_term_string}"},"query-input":{"@type":"PropertyValueSpecification","valueRequired":true,"valueName":"search_term_string"}}],"inLanguage":"en-US"}]}},"_links":{"self":[{"href":"https:\/\/loparus.com\/en\/wp-json\/wp\/v2\/product\/17409","targetHints":{"allow":["GET"]}}],"collection":[{"href":"https:\/\/loparus.com\/en\/wp-json\/wp\/v2\/product"}],"about":[{"href":"https:\/\/loparus.com\/en\/wp-json\/wp\/v2\/types\/product"}],"wp:featuredmedia":[{"embeddable":true,"href":"https:\/\/loparus.com\/en\/wp-json\/wp\/v2\/media\/18418"}],"wp:attachment":[{"href":"https:\/\/loparus.com\/en\/wp-json\/wp\/v2\/media?parent=17409"}],"wp:term":[{"taxonomy":"product_brand","embeddable":true,"href":"https:\/\/loparus.com\/en\/wp-json\/wp\/v2\/product_brand?post=17409"},{"taxonomy":"product_cat","embeddable":true,"href":"https:\/\/loparus.com\/en\/wp-json\/wp\/v2\/product_cat?post=17409"},{"taxonomy":"product_tag","embeddable":true,"href":"https:\/\/loparus.com\/en\/wp-json\/wp\/v2\/product_tag?post=17409"}],"curies":[{"name":"wp","href":"https:\/\/api.w.org\/{rel}","templated":true}]}}