{"id":17411,"date":"2026-04-08T01:05:00","date_gmt":"2026-04-07T22:05:00","guid":{"rendered":"https:\/\/loparus.com\/produktas\/liebherr-r-926-lc-2\/"},"modified":"2026-03-31T04:06:34","modified_gmt":"2026-03-31T01:06:34","slug":"liebherr-r-926-lc","status":"publish","type":"product","link":"https:\/\/loparus.com\/en\/product\/liebherr-r-926-lc\/","title":{"rendered":"Liebherr R 926 LC"},"content":{"rendered":"<p>Liebherr R 926 LC<br \/>\n2016<br \/>\n25 900 kg<br \/>\nLiebherr 190 hp \/ 140 kw<br \/>\n13 263 m\/h<br \/>\nOriginal paint<br \/>\nCentral lubrication<br \/>\nBack view camera<br \/>\nAC<br \/>\nCE &#038; EPA<br \/>\nVery good working condition machine<\/p>\n<p>Video link: https:\/\/youtu.be\/xTaa2pgaUkE<\/p>\n<p>Gero stovio pilnai dirbantis ekskavatorius<br \/>\nGalimas keitimas \u012f j\u016bs\u0173 statybin\u0119 technik\u0105<br \/>\nGalima ilgalaik\u0117 nuoma be operatoriaus<\/p>\n<p>Si\u016blome LIZINGO sprendimus sunkiajai technikai tiek juridiniams, tiek fiziniams asmenims, bendradarbiaudami su patikimais partneriais ir sutvarkydami visus formalumus.<\/p>\n","protected":false},"excerpt":{"rendered":"<p>Liebherr R 926 LC 2016 25 900 kg Liebherr 190 hp \/ 140 kw 13 263 m\/h Original paint Central lubrication Back view camera AC CE &#038; EPA Very good working condition machine Video link: https:\/\/youtu.be\/xTaa2pgaUkE Gero stovio pilnai dirbantis ekskavatorius Galimas keitimas \u012f j\u016bs\u0173 statybin\u0119 technik\u0105 Galima ilgalaik\u0117 nuoma be operatoriaus Si\u016blome LIZINGO sprendimus [&hellip;]<\/p>\n","protected":false},"featured_media":11559,"template":"","meta":{"_et_pb_use_builder":"","_et_pb_old_content":"","_et_gb_content_width":""},"product_brand":[],"product_cat":[345,345,300,300],"product_tag":[],"class_list":{"0":"post-17411","1":"product","2":"type-product","3":"status-publish","4":"has-post-thumbnail","6":"product_cat-excavators","8":"product_cat-machinery-for-sale","11":"first","12":"instock","13":"purchasable","14":"product-type-simple"},"yoast_head":"<!-- This site is optimized with the Yoast SEO plugin v27.5 - https:\/\/yoast.com\/product\/yoast-seo-wordpress\/ -->\n<title>Liebherr R 926 LC - loparus.com<\/title>\n<meta name=\"robots\" content=\"index, follow, max-snippet:-1, max-image-preview:large, max-video-preview:-1\" \/>\n<link rel=\"canonical\" href=\"https:\/\/loparus.com\/produktas\/liebherr-r-926-lc\/\" \/>\n<meta property=\"og:locale\" content=\"en_US\" \/>\n<meta property=\"og:type\" content=\"article\" \/>\n<meta property=\"og:title\" content=\"Liebherr R 926 LC - loparus.com\" \/>\n<meta property=\"og:description\" content=\"Liebherr R 926 LC 2016 25 900 kg Liebherr 190 hp \/ 140 kw 13 263 m\/h Original paint Central lubrication Back view camera AC CE &#038; EPA Very good working condition machine Video link: https:\/\/youtu.be\/xTaa2pgaUkE Gero stovio pilnai dirbantis ekskavatorius Galimas keitimas \u012f j\u016bs\u0173 statybin\u0119 technik\u0105 Galima ilgalaik\u0117 nuoma be operatoriaus Si\u016blome LIZINGO sprendimus [&hellip;]\" \/>\n<meta property=\"og:url\" content=\"https:\/\/loparus.com\/produktas\/liebherr-r-926-lc\/\" \/>\n<meta property=\"og:site_name\" content=\"loparus.com\" \/>\n<meta property=\"og:image\" content=\"https:\/\/loparus.com\/wp-content\/uploads\/liebherr-r-926-lc-ekskavatoriai-1.jpg\" \/>\n\t<meta property=\"og:image:width\" content=\"1200\" \/>\n\t<meta property=\"og:image:height\" content=\"900\" \/>\n\t<meta property=\"og:image:type\" content=\"image\/jpeg\" \/>\n<meta name=\"twitter:card\" content=\"summary_large_image\" \/>\n<script type=\"application\/ld+json\" class=\"yoast-schema-graph\">{\"@context\":\"https:\\\/\\\/schema.org\",\"@graph\":[{\"@type\":\"WebPage\",\"@id\":\"https:\\\/\\\/loparus.com\\\/produktas\\\/liebherr-r-926-lc\\\/\",\"url\":\"https:\\\/\\\/loparus.com\\\/produktas\\\/liebherr-r-926-lc\\\/\",\"name\":\"Liebherr R 926 LC - loparus.com\",\"isPartOf\":{\"@id\":\"https:\\\/\\\/loparus.com\\\/#website\"},\"primaryImageOfPage\":{\"@id\":\"https:\\\/\\\/loparus.com\\\/produktas\\\/liebherr-r-926-lc\\\/#primaryimage\"},\"image\":{\"@id\":\"https:\\\/\\\/loparus.com\\\/produktas\\\/liebherr-r-926-lc\\\/#primaryimage\"},\"thumbnailUrl\":\"https:\\\/\\\/loparus.com\\\/wp-content\\\/uploads\\\/liebherr-r-926-lc-ekskavatoriai-1.jpg\",\"datePublished\":\"2026-04-07T22:05:00+00:00\",\"breadcrumb\":{\"@id\":\"https:\\\/\\\/loparus.com\\\/produktas\\\/liebherr-r-926-lc\\\/#breadcrumb\"},\"inLanguage\":\"en-US\",\"potentialAction\":[{\"@type\":\"ReadAction\",\"target\":[\"https:\\\/\\\/loparus.com\\\/produktas\\\/liebherr-r-926-lc\\\/\"]}]},{\"@type\":\"ImageObject\",\"inLanguage\":\"en-US\",\"@id\":\"https:\\\/\\\/loparus.com\\\/produktas\\\/liebherr-r-926-lc\\\/#primaryimage\",\"url\":\"https:\\\/\\\/loparus.com\\\/wp-content\\\/uploads\\\/liebherr-r-926-lc-ekskavatoriai-1.jpg\",\"contentUrl\":\"https:\\\/\\\/loparus.com\\\/wp-content\\\/uploads\\\/liebherr-r-926-lc-ekskavatoriai-1.jpg\",\"width\":1200,\"height\":900,\"caption\":\"LiebherrR 926 LC\"},{\"@type\":\"BreadcrumbList\",\"@id\":\"https:\\\/\\\/loparus.com\\\/produktas\\\/liebherr-r-926-lc\\\/#breadcrumb\",\"itemListElement\":[{\"@type\":\"ListItem\",\"position\":1,\"name\":\"Home\",\"item\":\"https:\\\/\\\/loparus.com\\\/en\\\/\"},{\"@type\":\"ListItem\",\"position\":2,\"name\":\"Shop\",\"item\":\"https:\\\/\\\/loparus.com\\\/en\\\/shop\\\/\"},{\"@type\":\"ListItem\",\"position\":3,\"name\":\"Liebherr R 926 LC\"}]},{\"@type\":\"WebSite\",\"@id\":\"https:\\\/\\\/loparus.com\\\/#website\",\"url\":\"https:\\\/\\\/loparus.com\\\/\",\"name\":\"loparus.com\",\"description\":\"Just another WordPress site\",\"potentialAction\":[{\"@type\":\"SearchAction\",\"target\":{\"@type\":\"EntryPoint\",\"urlTemplate\":\"https:\\\/\\\/loparus.com\\\/?s={search_term_string}\"},\"query-input\":{\"@type\":\"PropertyValueSpecification\",\"valueRequired\":true,\"valueName\":\"search_term_string\"}}],\"inLanguage\":\"en-US\"}]}<\/script>\n<!-- \/ Yoast SEO plugin. -->","yoast_head_json":{"title":"Liebherr R 926 LC - loparus.com","robots":{"index":"index","follow":"follow","max-snippet":"max-snippet:-1","max-image-preview":"max-image-preview:large","max-video-preview":"max-video-preview:-1"},"canonical":"https:\/\/loparus.com\/produktas\/liebherr-r-926-lc\/","og_locale":"en_US","og_type":"article","og_title":"Liebherr R 926 LC - loparus.com","og_description":"Liebherr R 926 LC 2016 25 900 kg Liebherr 190 hp \/ 140 kw 13 263 m\/h Original paint Central lubrication Back view camera AC CE &#038; EPA Very good working condition machine Video link: https:\/\/youtu.be\/xTaa2pgaUkE Gero stovio pilnai dirbantis ekskavatorius Galimas keitimas \u012f j\u016bs\u0173 statybin\u0119 technik\u0105 Galima ilgalaik\u0117 nuoma be operatoriaus Si\u016blome LIZINGO sprendimus [&hellip;]","og_url":"https:\/\/loparus.com\/produktas\/liebherr-r-926-lc\/","og_site_name":"loparus.com","og_image":[{"width":1200,"height":900,"url":"https:\/\/loparus.com\/wp-content\/uploads\/liebherr-r-926-lc-ekskavatoriai-1.jpg","type":"image\/jpeg"}],"twitter_card":"summary_large_image","schema":{"@context":"https:\/\/schema.org","@graph":[{"@type":"WebPage","@id":"https:\/\/loparus.com\/produktas\/liebherr-r-926-lc\/","url":"https:\/\/loparus.com\/produktas\/liebherr-r-926-lc\/","name":"Liebherr R 926 LC - loparus.com","isPartOf":{"@id":"https:\/\/loparus.com\/#website"},"primaryImageOfPage":{"@id":"https:\/\/loparus.com\/produktas\/liebherr-r-926-lc\/#primaryimage"},"image":{"@id":"https:\/\/loparus.com\/produktas\/liebherr-r-926-lc\/#primaryimage"},"thumbnailUrl":"https:\/\/loparus.com\/wp-content\/uploads\/liebherr-r-926-lc-ekskavatoriai-1.jpg","datePublished":"2026-04-07T22:05:00+00:00","breadcrumb":{"@id":"https:\/\/loparus.com\/produktas\/liebherr-r-926-lc\/#breadcrumb"},"inLanguage":"en-US","potentialAction":[{"@type":"ReadAction","target":["https:\/\/loparus.com\/produktas\/liebherr-r-926-lc\/"]}]},{"@type":"ImageObject","inLanguage":"en-US","@id":"https:\/\/loparus.com\/produktas\/liebherr-r-926-lc\/#primaryimage","url":"https:\/\/loparus.com\/wp-content\/uploads\/liebherr-r-926-lc-ekskavatoriai-1.jpg","contentUrl":"https:\/\/loparus.com\/wp-content\/uploads\/liebherr-r-926-lc-ekskavatoriai-1.jpg","width":1200,"height":900,"caption":"LiebherrR 926 LC"},{"@type":"BreadcrumbList","@id":"https:\/\/loparus.com\/produktas\/liebherr-r-926-lc\/#breadcrumb","itemListElement":[{"@type":"ListItem","position":1,"name":"Home","item":"https:\/\/loparus.com\/en\/"},{"@type":"ListItem","position":2,"name":"Shop","item":"https:\/\/loparus.com\/en\/shop\/"},{"@type":"ListItem","position":3,"name":"Liebherr R 926 LC"}]},{"@type":"WebSite","@id":"https:\/\/loparus.com\/#website","url":"https:\/\/loparus.com\/","name":"loparus.com","description":"Just another WordPress site","potentialAction":[{"@type":"SearchAction","target":{"@type":"EntryPoint","urlTemplate":"https:\/\/loparus.com\/?s={search_term_string}"},"query-input":{"@type":"PropertyValueSpecification","valueRequired":true,"valueName":"search_term_string"}}],"inLanguage":"en-US"}]}},"_links":{"self":[{"href":"https:\/\/loparus.com\/en\/wp-json\/wp\/v2\/product\/17411","targetHints":{"allow":["GET"]}}],"collection":[{"href":"https:\/\/loparus.com\/en\/wp-json\/wp\/v2\/product"}],"about":[{"href":"https:\/\/loparus.com\/en\/wp-json\/wp\/v2\/types\/product"}],"wp:featuredmedia":[{"embeddable":true,"href":"https:\/\/loparus.com\/en\/wp-json\/wp\/v2\/media\/11559"}],"wp:attachment":[{"href":"https:\/\/loparus.com\/en\/wp-json\/wp\/v2\/media?parent=17411"}],"wp:term":[{"taxonomy":"product_brand","embeddable":true,"href":"https:\/\/loparus.com\/en\/wp-json\/wp\/v2\/product_brand?post=17411"},{"taxonomy":"product_cat","embeddable":true,"href":"https:\/\/loparus.com\/en\/wp-json\/wp\/v2\/product_cat?post=17411"},{"taxonomy":"product_tag","embeddable":true,"href":"https:\/\/loparus.com\/en\/wp-json\/wp\/v2\/product_tag?post=17411"}],"curies":[{"name":"wp","href":"https:\/\/api.w.org\/{rel}","templated":true}]}}