{"id":17414,"date":"2026-04-08T01:06:13","date_gmt":"2026-04-07T22:06:13","guid":{"rendered":"https:\/\/loparus.com\/produktas\/caterpillar-m-325-dlmh-2\/"},"modified":"2026-03-31T04:06:48","modified_gmt":"2026-03-31T01:06:48","slug":"caterpillar-m-325-dlmh","status":"publish","type":"product","link":"https:\/\/loparus.com\/en\/product\/caterpillar-m-325-dlmh\/","title":{"rendered":"Caterpillar M 325 DLMH"},"content":{"rendered":"<p>CAT M 325 DLMH<br \/>\n2010<br \/>\n36 500 kg<br \/>\nCAT C7 ACERT 300 hp \/ 224 kw<br \/>\n12 385 m\/h<br \/>\nCabin lift<br \/>\nExtra hydraulic lines<br \/>\nGrapple<br \/>\nAirless tires<br \/>\nVery good working condition machine<br \/>\nAC<br \/>\nEPA<br \/>\nNot used in Lithuania<br \/>\nThere are different bucket with roto 2.5 m3 + 10 000 \u20ac<\/p>\n<p>Lietuvoje neeksploatuotas gero stovio ekskavatorius<br \/>\nGalimas keitimas \u012f j\u016bs\u0173 statybin\u0119 technik\u0105<br \/>\nYra greiferinis kau\u0161as su roto 2.5 m3 + 10 000 eur<\/p>\n<p>Si\u016blome LIZINGO sprendimus sunkiajai technikai tiek juridiniams, tiek fiziniams asmenims, bendradarbiaudami su patikimais partneriais ir sutvarkydami visus formalumus.<\/p>\n","protected":false},"excerpt":{"rendered":"<p>CAT M 325 DLMH 2010 36 500 kg CAT C7 ACERT 300 hp \/ 224 kw 12 385 m\/h Cabin lift Extra hydraulic lines Grapple Airless tires Very good working condition machine AC EPA Not used in Lithuania There are different bucket with roto 2.5 m3 + 10 000 \u20ac Lietuvoje neeksploatuotas gero stovio ekskavatorius [&hellip;]<\/p>\n","protected":false},"featured_media":11633,"template":"","meta":{"_et_pb_use_builder":"","_et_pb_old_content":"","_et_gb_content_width":""},"product_brand":[],"product_cat":[345,345,300,300],"product_tag":[],"class_list":{"0":"post-17414","1":"product","2":"type-product","3":"status-publish","4":"has-post-thumbnail","6":"product_cat-excavators","8":"product_cat-machinery-for-sale","11":"first","12":"instock","13":"purchasable","14":"product-type-simple"},"yoast_head":"<!-- This site is optimized with the Yoast SEO plugin v27.5 - https:\/\/yoast.com\/product\/yoast-seo-wordpress\/ -->\n<title>Caterpillar M 325 DLMH - loparus.com<\/title>\n<meta name=\"robots\" content=\"index, follow, max-snippet:-1, max-image-preview:large, max-video-preview:-1\" \/>\n<link rel=\"canonical\" href=\"https:\/\/loparus.com\/produktas\/caterpillar-m-325-dlmh\/\" \/>\n<meta property=\"og:locale\" content=\"en_US\" \/>\n<meta property=\"og:type\" content=\"article\" \/>\n<meta property=\"og:title\" content=\"Caterpillar M 325 DLMH - loparus.com\" \/>\n<meta property=\"og:description\" content=\"CAT M 325 DLMH 2010 36 500 kg CAT C7 ACERT 300 hp \/ 224 kw 12 385 m\/h Cabin lift Extra hydraulic lines Grapple Airless tires Very good working condition machine AC EPA Not used in Lithuania There are different bucket with roto 2.5 m3 + 10 000 \u20ac Lietuvoje neeksploatuotas gero stovio ekskavatorius [&hellip;]\" \/>\n<meta property=\"og:url\" content=\"https:\/\/loparus.com\/produktas\/caterpillar-m-325-dlmh\/\" \/>\n<meta property=\"og:site_name\" content=\"loparus.com\" \/>\n<meta property=\"og:image\" content=\"https:\/\/loparus.com\/wp-content\/uploads\/caterpillar-m-325-dlmh-ekskavatoriai-27.jpg\" \/>\n\t<meta property=\"og:image:width\" content=\"1920\" \/>\n\t<meta property=\"og:image:height\" content=\"1440\" \/>\n\t<meta property=\"og:image:type\" content=\"image\/jpeg\" \/>\n<meta name=\"twitter:card\" content=\"summary_large_image\" \/>\n<script type=\"application\/ld+json\" class=\"yoast-schema-graph\">{\"@context\":\"https:\\\/\\\/schema.org\",\"@graph\":[{\"@type\":\"WebPage\",\"@id\":\"https:\\\/\\\/loparus.com\\\/produktas\\\/caterpillar-m-325-dlmh\\\/\",\"url\":\"https:\\\/\\\/loparus.com\\\/produktas\\\/caterpillar-m-325-dlmh\\\/\",\"name\":\"Caterpillar M 325 DLMH - loparus.com\",\"isPartOf\":{\"@id\":\"https:\\\/\\\/loparus.com\\\/#website\"},\"primaryImageOfPage\":{\"@id\":\"https:\\\/\\\/loparus.com\\\/produktas\\\/caterpillar-m-325-dlmh\\\/#primaryimage\"},\"image\":{\"@id\":\"https:\\\/\\\/loparus.com\\\/produktas\\\/caterpillar-m-325-dlmh\\\/#primaryimage\"},\"thumbnailUrl\":\"https:\\\/\\\/loparus.com\\\/wp-content\\\/uploads\\\/caterpillar-m-325-dlmh-ekskavatoriai-27.jpg\",\"datePublished\":\"2026-04-07T22:06:13+00:00\",\"breadcrumb\":{\"@id\":\"https:\\\/\\\/loparus.com\\\/produktas\\\/caterpillar-m-325-dlmh\\\/#breadcrumb\"},\"inLanguage\":\"en-US\",\"potentialAction\":[{\"@type\":\"ReadAction\",\"target\":[\"https:\\\/\\\/loparus.com\\\/produktas\\\/caterpillar-m-325-dlmh\\\/\"]}]},{\"@type\":\"ImageObject\",\"inLanguage\":\"en-US\",\"@id\":\"https:\\\/\\\/loparus.com\\\/produktas\\\/caterpillar-m-325-dlmh\\\/#primaryimage\",\"url\":\"https:\\\/\\\/loparus.com\\\/wp-content\\\/uploads\\\/caterpillar-m-325-dlmh-ekskavatoriai-27.jpg\",\"contentUrl\":\"https:\\\/\\\/loparus.com\\\/wp-content\\\/uploads\\\/caterpillar-m-325-dlmh-ekskavatoriai-27.jpg\",\"width\":1920,\"height\":1440,\"caption\":\"CaterpillarM 325 DLMH\"},{\"@type\":\"BreadcrumbList\",\"@id\":\"https:\\\/\\\/loparus.com\\\/produktas\\\/caterpillar-m-325-dlmh\\\/#breadcrumb\",\"itemListElement\":[{\"@type\":\"ListItem\",\"position\":1,\"name\":\"Home\",\"item\":\"https:\\\/\\\/loparus.com\\\/en\\\/\"},{\"@type\":\"ListItem\",\"position\":2,\"name\":\"Shop\",\"item\":\"https:\\\/\\\/loparus.com\\\/en\\\/shop\\\/\"},{\"@type\":\"ListItem\",\"position\":3,\"name\":\"Caterpillar M 325 DLMH\"}]},{\"@type\":\"WebSite\",\"@id\":\"https:\\\/\\\/loparus.com\\\/#website\",\"url\":\"https:\\\/\\\/loparus.com\\\/\",\"name\":\"loparus.com\",\"description\":\"Just another WordPress site\",\"potentialAction\":[{\"@type\":\"SearchAction\",\"target\":{\"@type\":\"EntryPoint\",\"urlTemplate\":\"https:\\\/\\\/loparus.com\\\/?s={search_term_string}\"},\"query-input\":{\"@type\":\"PropertyValueSpecification\",\"valueRequired\":true,\"valueName\":\"search_term_string\"}}],\"inLanguage\":\"en-US\"}]}<\/script>\n<!-- \/ Yoast SEO plugin. -->","yoast_head_json":{"title":"Caterpillar M 325 DLMH - loparus.com","robots":{"index":"index","follow":"follow","max-snippet":"max-snippet:-1","max-image-preview":"max-image-preview:large","max-video-preview":"max-video-preview:-1"},"canonical":"https:\/\/loparus.com\/produktas\/caterpillar-m-325-dlmh\/","og_locale":"en_US","og_type":"article","og_title":"Caterpillar M 325 DLMH - loparus.com","og_description":"CAT M 325 DLMH 2010 36 500 kg CAT C7 ACERT 300 hp \/ 224 kw 12 385 m\/h Cabin lift Extra hydraulic lines Grapple Airless tires Very good working condition machine AC EPA Not used in Lithuania There are different bucket with roto 2.5 m3 + 10 000 \u20ac Lietuvoje neeksploatuotas gero stovio ekskavatorius [&hellip;]","og_url":"https:\/\/loparus.com\/produktas\/caterpillar-m-325-dlmh\/","og_site_name":"loparus.com","og_image":[{"width":1920,"height":1440,"url":"https:\/\/loparus.com\/wp-content\/uploads\/caterpillar-m-325-dlmh-ekskavatoriai-27.jpg","type":"image\/jpeg"}],"twitter_card":"summary_large_image","schema":{"@context":"https:\/\/schema.org","@graph":[{"@type":"WebPage","@id":"https:\/\/loparus.com\/produktas\/caterpillar-m-325-dlmh\/","url":"https:\/\/loparus.com\/produktas\/caterpillar-m-325-dlmh\/","name":"Caterpillar M 325 DLMH - loparus.com","isPartOf":{"@id":"https:\/\/loparus.com\/#website"},"primaryImageOfPage":{"@id":"https:\/\/loparus.com\/produktas\/caterpillar-m-325-dlmh\/#primaryimage"},"image":{"@id":"https:\/\/loparus.com\/produktas\/caterpillar-m-325-dlmh\/#primaryimage"},"thumbnailUrl":"https:\/\/loparus.com\/wp-content\/uploads\/caterpillar-m-325-dlmh-ekskavatoriai-27.jpg","datePublished":"2026-04-07T22:06:13+00:00","breadcrumb":{"@id":"https:\/\/loparus.com\/produktas\/caterpillar-m-325-dlmh\/#breadcrumb"},"inLanguage":"en-US","potentialAction":[{"@type":"ReadAction","target":["https:\/\/loparus.com\/produktas\/caterpillar-m-325-dlmh\/"]}]},{"@type":"ImageObject","inLanguage":"en-US","@id":"https:\/\/loparus.com\/produktas\/caterpillar-m-325-dlmh\/#primaryimage","url":"https:\/\/loparus.com\/wp-content\/uploads\/caterpillar-m-325-dlmh-ekskavatoriai-27.jpg","contentUrl":"https:\/\/loparus.com\/wp-content\/uploads\/caterpillar-m-325-dlmh-ekskavatoriai-27.jpg","width":1920,"height":1440,"caption":"CaterpillarM 325 DLMH"},{"@type":"BreadcrumbList","@id":"https:\/\/loparus.com\/produktas\/caterpillar-m-325-dlmh\/#breadcrumb","itemListElement":[{"@type":"ListItem","position":1,"name":"Home","item":"https:\/\/loparus.com\/en\/"},{"@type":"ListItem","position":2,"name":"Shop","item":"https:\/\/loparus.com\/en\/shop\/"},{"@type":"ListItem","position":3,"name":"Caterpillar M 325 DLMH"}]},{"@type":"WebSite","@id":"https:\/\/loparus.com\/#website","url":"https:\/\/loparus.com\/","name":"loparus.com","description":"Just another WordPress site","potentialAction":[{"@type":"SearchAction","target":{"@type":"EntryPoint","urlTemplate":"https:\/\/loparus.com\/?s={search_term_string}"},"query-input":{"@type":"PropertyValueSpecification","valueRequired":true,"valueName":"search_term_string"}}],"inLanguage":"en-US"}]}},"_links":{"self":[{"href":"https:\/\/loparus.com\/en\/wp-json\/wp\/v2\/product\/17414","targetHints":{"allow":["GET"]}}],"collection":[{"href":"https:\/\/loparus.com\/en\/wp-json\/wp\/v2\/product"}],"about":[{"href":"https:\/\/loparus.com\/en\/wp-json\/wp\/v2\/types\/product"}],"wp:featuredmedia":[{"embeddable":true,"href":"https:\/\/loparus.com\/en\/wp-json\/wp\/v2\/media\/11633"}],"wp:attachment":[{"href":"https:\/\/loparus.com\/en\/wp-json\/wp\/v2\/media?parent=17414"}],"wp:term":[{"taxonomy":"product_brand","embeddable":true,"href":"https:\/\/loparus.com\/en\/wp-json\/wp\/v2\/product_brand?post=17414"},{"taxonomy":"product_cat","embeddable":true,"href":"https:\/\/loparus.com\/en\/wp-json\/wp\/v2\/product_cat?post=17414"},{"taxonomy":"product_tag","embeddable":true,"href":"https:\/\/loparus.com\/en\/wp-json\/wp\/v2\/product_tag?post=17414"}],"curies":[{"name":"wp","href":"https:\/\/api.w.org\/{rel}","templated":true}]}}