{"id":17416,"date":"2026-04-08T01:06:23","date_gmt":"2026-04-07T22:06:23","guid":{"rendered":"https:\/\/loparus.com\/produktas\/liebherr-l-550-quick-coupler-2\/"},"modified":"2026-03-31T04:06:56","modified_gmt":"2026-03-31T01:06:56","slug":"liebherr-l-550-quick-coupler","status":"publish","type":"product","link":"https:\/\/loparus.com\/en\/product\/liebherr-l-550-quick-coupler\/","title":{"rendered":"Liebherr L 550 , quick coupler"},"content":{"rendered":"<p>Liebherr L 550<br \/>\n2012<br \/>\n20 500 kg<br \/>\n129 kw<br \/>\n10 489 m\/h<br \/>\nQuick hydraulic coupler<br \/>\nBUCKET NOT INCLUDED<br \/>\nCE&#038;EPA<br \/>\nAC<br \/>\nNot used in Lithuania<\/p>\n<p>Lietuvoje neeksploatuotas<br \/>\nGalimas keitimas \u012f j\u016bs\u0173 statybin\u0119 technik\u0105<\/p>\n<p>Si\u016blome LIZINGO sprendimus sunkiajai technikai tiek juridiniams, tiek fiziniams asmenims, bendradarbiaudami su patikimais partneriais ir sutvarkydami visus formalumus.<\/p>\n","protected":false},"excerpt":{"rendered":"<p>Liebherr L 550 2012 20 500 kg 129 kw 10 489 m\/h Quick hydraulic coupler BUCKET NOT INCLUDED CE&#038;EPA AC Not used in Lithuania Lietuvoje neeksploatuotas Galimas keitimas \u012f j\u016bs\u0173 statybin\u0119 technik\u0105 Si\u016blome LIZINGO sprendimus sunkiajai technikai tiek juridiniams, tiek fiziniams asmenims, bendradarbiaudami su patikimais partneriais ir sutvarkydami visus formalumus.<\/p>\n","protected":false},"featured_media":11677,"template":"","meta":{"_et_pb_use_builder":"","_et_pb_old_content":"","_et_gb_content_width":""},"product_brand":[],"product_cat":[349,55,300,39],"product_tag":[],"class_list":{"0":"post-17416","1":"product","2":"type-product","3":"status-publish","4":"has-post-thumbnail","6":"product_cat-frontal-loader","7":"product_cat-frontaliniai-krautuvai","8":"product_cat-machinery-for-sale","9":"product_cat-parduodama-technika","11":"first","12":"instock","13":"purchasable","14":"product-type-simple"},"yoast_head":"<!-- This site is optimized with the Yoast SEO plugin v27.5 - https:\/\/yoast.com\/product\/yoast-seo-wordpress\/ -->\n<title>Liebherr L 550 , quick coupler - loparus.com<\/title>\n<meta name=\"robots\" content=\"index, follow, max-snippet:-1, max-image-preview:large, max-video-preview:-1\" \/>\n<link rel=\"canonical\" href=\"https:\/\/loparus.com\/produktas\/liebherr-l-550-quick-coupler\/\" \/>\n<meta property=\"og:locale\" content=\"en_US\" \/>\n<meta property=\"og:type\" content=\"article\" \/>\n<meta property=\"og:title\" content=\"Liebherr L 550 , quick coupler - loparus.com\" \/>\n<meta property=\"og:description\" content=\"Liebherr L 550 2012 20 500 kg 129 kw 10 489 m\/h Quick hydraulic coupler BUCKET NOT INCLUDED CE&#038;EPA AC Not used in Lithuania Lietuvoje neeksploatuotas Galimas keitimas \u012f j\u016bs\u0173 statybin\u0119 technik\u0105 Si\u016blome LIZINGO sprendimus sunkiajai technikai tiek juridiniams, tiek fiziniams asmenims, bendradarbiaudami su patikimais partneriais ir sutvarkydami visus formalumus.\" \/>\n<meta property=\"og:url\" content=\"https:\/\/loparus.com\/produktas\/liebherr-l-550-quick-coupler\/\" \/>\n<meta property=\"og:site_name\" content=\"loparus.com\" \/>\n<meta property=\"og:image\" content=\"https:\/\/loparus.com\/wp-content\/uploads\/liebherr-l-550-quick-coupler-frontaliniai-krautuvai-2.jpg\" \/>\n\t<meta property=\"og:image:width\" content=\"1920\" \/>\n\t<meta property=\"og:image:height\" content=\"1440\" \/>\n\t<meta property=\"og:image:type\" content=\"image\/jpeg\" \/>\n<meta name=\"twitter:card\" content=\"summary_large_image\" \/>\n<script type=\"application\/ld+json\" class=\"yoast-schema-graph\">{\"@context\":\"https:\\\/\\\/schema.org\",\"@graph\":[{\"@type\":\"WebPage\",\"@id\":\"https:\\\/\\\/loparus.com\\\/produktas\\\/liebherr-l-550-quick-coupler\\\/\",\"url\":\"https:\\\/\\\/loparus.com\\\/produktas\\\/liebherr-l-550-quick-coupler\\\/\",\"name\":\"Liebherr L 550 , quick coupler - loparus.com\",\"isPartOf\":{\"@id\":\"https:\\\/\\\/loparus.com\\\/#website\"},\"primaryImageOfPage\":{\"@id\":\"https:\\\/\\\/loparus.com\\\/produktas\\\/liebherr-l-550-quick-coupler\\\/#primaryimage\"},\"image\":{\"@id\":\"https:\\\/\\\/loparus.com\\\/produktas\\\/liebherr-l-550-quick-coupler\\\/#primaryimage\"},\"thumbnailUrl\":\"https:\\\/\\\/loparus.com\\\/wp-content\\\/uploads\\\/liebherr-l-550-quick-coupler-frontaliniai-krautuvai-2.jpg\",\"datePublished\":\"2026-04-07T22:06:23+00:00\",\"breadcrumb\":{\"@id\":\"https:\\\/\\\/loparus.com\\\/produktas\\\/liebherr-l-550-quick-coupler\\\/#breadcrumb\"},\"inLanguage\":\"en-US\",\"potentialAction\":[{\"@type\":\"ReadAction\",\"target\":[\"https:\\\/\\\/loparus.com\\\/produktas\\\/liebherr-l-550-quick-coupler\\\/\"]}]},{\"@type\":\"ImageObject\",\"inLanguage\":\"en-US\",\"@id\":\"https:\\\/\\\/loparus.com\\\/produktas\\\/liebherr-l-550-quick-coupler\\\/#primaryimage\",\"url\":\"https:\\\/\\\/loparus.com\\\/wp-content\\\/uploads\\\/liebherr-l-550-quick-coupler-frontaliniai-krautuvai-2.jpg\",\"contentUrl\":\"https:\\\/\\\/loparus.com\\\/wp-content\\\/uploads\\\/liebherr-l-550-quick-coupler-frontaliniai-krautuvai-2.jpg\",\"width\":1920,\"height\":1440,\"caption\":\"LiebherrL 550\"},{\"@type\":\"BreadcrumbList\",\"@id\":\"https:\\\/\\\/loparus.com\\\/produktas\\\/liebherr-l-550-quick-coupler\\\/#breadcrumb\",\"itemListElement\":[{\"@type\":\"ListItem\",\"position\":1,\"name\":\"Home\",\"item\":\"https:\\\/\\\/loparus.com\\\/en\\\/\"},{\"@type\":\"ListItem\",\"position\":2,\"name\":\"Shop\",\"item\":\"https:\\\/\\\/loparus.com\\\/en\\\/shop\\\/\"},{\"@type\":\"ListItem\",\"position\":3,\"name\":\"Liebherr L 550 , quick coupler\"}]},{\"@type\":\"WebSite\",\"@id\":\"https:\\\/\\\/loparus.com\\\/#website\",\"url\":\"https:\\\/\\\/loparus.com\\\/\",\"name\":\"loparus.com\",\"description\":\"Just another WordPress site\",\"potentialAction\":[{\"@type\":\"SearchAction\",\"target\":{\"@type\":\"EntryPoint\",\"urlTemplate\":\"https:\\\/\\\/loparus.com\\\/?s={search_term_string}\"},\"query-input\":{\"@type\":\"PropertyValueSpecification\",\"valueRequired\":true,\"valueName\":\"search_term_string\"}}],\"inLanguage\":\"en-US\"}]}<\/script>\n<!-- \/ Yoast SEO plugin. -->","yoast_head_json":{"title":"Liebherr L 550 , quick coupler - loparus.com","robots":{"index":"index","follow":"follow","max-snippet":"max-snippet:-1","max-image-preview":"max-image-preview:large","max-video-preview":"max-video-preview:-1"},"canonical":"https:\/\/loparus.com\/produktas\/liebherr-l-550-quick-coupler\/","og_locale":"en_US","og_type":"article","og_title":"Liebherr L 550 , quick coupler - loparus.com","og_description":"Liebherr L 550 2012 20 500 kg 129 kw 10 489 m\/h Quick hydraulic coupler BUCKET NOT INCLUDED CE&#038;EPA AC Not used in Lithuania Lietuvoje neeksploatuotas Galimas keitimas \u012f j\u016bs\u0173 statybin\u0119 technik\u0105 Si\u016blome LIZINGO sprendimus sunkiajai technikai tiek juridiniams, tiek fiziniams asmenims, bendradarbiaudami su patikimais partneriais ir sutvarkydami visus formalumus.","og_url":"https:\/\/loparus.com\/produktas\/liebherr-l-550-quick-coupler\/","og_site_name":"loparus.com","og_image":[{"width":1920,"height":1440,"url":"https:\/\/loparus.com\/wp-content\/uploads\/liebherr-l-550-quick-coupler-frontaliniai-krautuvai-2.jpg","type":"image\/jpeg"}],"twitter_card":"summary_large_image","schema":{"@context":"https:\/\/schema.org","@graph":[{"@type":"WebPage","@id":"https:\/\/loparus.com\/produktas\/liebherr-l-550-quick-coupler\/","url":"https:\/\/loparus.com\/produktas\/liebherr-l-550-quick-coupler\/","name":"Liebherr L 550 , quick coupler - loparus.com","isPartOf":{"@id":"https:\/\/loparus.com\/#website"},"primaryImageOfPage":{"@id":"https:\/\/loparus.com\/produktas\/liebherr-l-550-quick-coupler\/#primaryimage"},"image":{"@id":"https:\/\/loparus.com\/produktas\/liebherr-l-550-quick-coupler\/#primaryimage"},"thumbnailUrl":"https:\/\/loparus.com\/wp-content\/uploads\/liebherr-l-550-quick-coupler-frontaliniai-krautuvai-2.jpg","datePublished":"2026-04-07T22:06:23+00:00","breadcrumb":{"@id":"https:\/\/loparus.com\/produktas\/liebherr-l-550-quick-coupler\/#breadcrumb"},"inLanguage":"en-US","potentialAction":[{"@type":"ReadAction","target":["https:\/\/loparus.com\/produktas\/liebherr-l-550-quick-coupler\/"]}]},{"@type":"ImageObject","inLanguage":"en-US","@id":"https:\/\/loparus.com\/produktas\/liebherr-l-550-quick-coupler\/#primaryimage","url":"https:\/\/loparus.com\/wp-content\/uploads\/liebherr-l-550-quick-coupler-frontaliniai-krautuvai-2.jpg","contentUrl":"https:\/\/loparus.com\/wp-content\/uploads\/liebherr-l-550-quick-coupler-frontaliniai-krautuvai-2.jpg","width":1920,"height":1440,"caption":"LiebherrL 550"},{"@type":"BreadcrumbList","@id":"https:\/\/loparus.com\/produktas\/liebherr-l-550-quick-coupler\/#breadcrumb","itemListElement":[{"@type":"ListItem","position":1,"name":"Home","item":"https:\/\/loparus.com\/en\/"},{"@type":"ListItem","position":2,"name":"Shop","item":"https:\/\/loparus.com\/en\/shop\/"},{"@type":"ListItem","position":3,"name":"Liebherr L 550 , quick coupler"}]},{"@type":"WebSite","@id":"https:\/\/loparus.com\/#website","url":"https:\/\/loparus.com\/","name":"loparus.com","description":"Just another WordPress site","potentialAction":[{"@type":"SearchAction","target":{"@type":"EntryPoint","urlTemplate":"https:\/\/loparus.com\/?s={search_term_string}"},"query-input":{"@type":"PropertyValueSpecification","valueRequired":true,"valueName":"search_term_string"}}],"inLanguage":"en-US"}]}},"_links":{"self":[{"href":"https:\/\/loparus.com\/en\/wp-json\/wp\/v2\/product\/17416","targetHints":{"allow":["GET"]}}],"collection":[{"href":"https:\/\/loparus.com\/en\/wp-json\/wp\/v2\/product"}],"about":[{"href":"https:\/\/loparus.com\/en\/wp-json\/wp\/v2\/types\/product"}],"wp:featuredmedia":[{"embeddable":true,"href":"https:\/\/loparus.com\/en\/wp-json\/wp\/v2\/media\/11677"}],"wp:attachment":[{"href":"https:\/\/loparus.com\/en\/wp-json\/wp\/v2\/media?parent=17416"}],"wp:term":[{"taxonomy":"product_brand","embeddable":true,"href":"https:\/\/loparus.com\/en\/wp-json\/wp\/v2\/product_brand?post=17416"},{"taxonomy":"product_cat","embeddable":true,"href":"https:\/\/loparus.com\/en\/wp-json\/wp\/v2\/product_cat?post=17416"},{"taxonomy":"product_tag","embeddable":true,"href":"https:\/\/loparus.com\/en\/wp-json\/wp\/v2\/product_tag?post=17416"}],"curies":[{"name":"wp","href":"https:\/\/api.w.org\/{rel}","templated":true}]}}