{"id":17417,"date":"2026-04-08T01:06:27","date_gmt":"2026-04-07T22:06:27","guid":{"rendered":"https:\/\/loparus.com\/produktas\/hyundai-hl-955-2\/"},"modified":"2026-03-31T04:07:00","modified_gmt":"2026-03-31T01:07:00","slug":"hyundai-hl-955","status":"publish","type":"product","link":"https:\/\/loparus.com\/en\/product\/hyundai-hl-955\/","title":{"rendered":"Hyundai HL 955"},"content":{"rendered":"<p>Hyundai HL 955<br \/>\n2016<br \/>\n15 100 kg<br \/>\nCummins Tier IV 200 hp \/ 147 kw<br \/>\n8 510 m\/h<br \/>\nOriginal paint<br \/>\nExtra hydraulic lines<br \/>\nABL quick hydraulic coupler<br \/>\nHydraulic mowing pallet forks 2000 mm x 600 mm<br \/>\nCentral lubrication<br \/>\nBack view camera<br \/>\nBeacon<br \/>\nAC<br \/>\nRops<br \/>\nCE&#038;EPA<br \/>\nGood working condition, hydraulic pump is very strong, engine gearbox running great<br \/>\nNot used in Lithuania<\/p>\n<p>Video link: https:\/\/youtu.be\/DFAZTh-cPW8<\/p>\n<p>Lietuvoje neeksploatuotas, originali spalva. Gero stovio krautuvas. Integruotos svarstykl\u0117s. Hidraulin\u0117 greita jungtis<\/p>\n<p>Galima nuoma<br \/>\nGalimas keitimas \u012f j\u016bs\u0173 statybin\u0119 technik\u0105<\/p>\n<p>Si\u016blome LIZINGO sprendimus sunkiajai technikai tiek juridiniams, tiek fiziniams asmenims, bendradarbiaudami su patikimais partneriais ir sutvarkydami visus formalumus.<\/p>\n","protected":false},"excerpt":{"rendered":"<p>Hyundai HL 955 2016 15 100 kg Cummins Tier IV 200 hp \/ 147 kw 8 510 m\/h Original paint Extra hydraulic lines ABL quick hydraulic coupler Hydraulic mowing pallet forks 2000 mm x 600 mm Central lubrication Back view camera Beacon AC Rops CE&#038;EPA Good working condition, hydraulic pump is very strong, engine gearbox [&hellip;]<\/p>\n","protected":false},"featured_media":11693,"template":"","meta":{"_et_pb_use_builder":"","_et_pb_old_content":"","_et_gb_content_width":""},"product_brand":[],"product_cat":[349,349,300,300],"product_tag":[],"class_list":{"0":"post-17417","1":"product","2":"type-product","3":"status-publish","4":"has-post-thumbnail","6":"product_cat-frontal-loader","8":"product_cat-machinery-for-sale","11":"first","12":"instock","13":"purchasable","14":"product-type-simple"},"yoast_head":"<!-- This site is optimized with the Yoast SEO plugin v27.5 - https:\/\/yoast.com\/product\/yoast-seo-wordpress\/ -->\n<title>Hyundai HL 955 - loparus.com<\/title>\n<meta name=\"robots\" content=\"index, follow, max-snippet:-1, max-image-preview:large, max-video-preview:-1\" \/>\n<link rel=\"canonical\" href=\"https:\/\/loparus.com\/produktas\/hyundai-hl-955\/\" \/>\n<meta property=\"og:locale\" content=\"en_US\" \/>\n<meta property=\"og:type\" content=\"article\" \/>\n<meta property=\"og:title\" content=\"Hyundai HL 955 - loparus.com\" \/>\n<meta property=\"og:description\" content=\"Hyundai HL 955 2016 15 100 kg Cummins Tier IV 200 hp \/ 147 kw 8 510 m\/h Original paint Extra hydraulic lines ABL quick hydraulic coupler Hydraulic mowing pallet forks 2000 mm x 600 mm Central lubrication Back view camera Beacon AC Rops CE&#038;EPA Good working condition, hydraulic pump is very strong, engine gearbox [&hellip;]\" \/>\n<meta property=\"og:url\" content=\"https:\/\/loparus.com\/produktas\/hyundai-hl-955\/\" \/>\n<meta property=\"og:site_name\" content=\"loparus.com\" \/>\n<meta property=\"og:image\" content=\"https:\/\/loparus.com\/wp-content\/uploads\/hyundai-hl-955-frontaliniai-krautuvai-1.jpg\" \/>\n\t<meta property=\"og:image:width\" content=\"1920\" \/>\n\t<meta property=\"og:image:height\" content=\"1440\" \/>\n\t<meta property=\"og:image:type\" content=\"image\/jpeg\" \/>\n<meta name=\"twitter:card\" content=\"summary_large_image\" \/>\n<script type=\"application\/ld+json\" class=\"yoast-schema-graph\">{\"@context\":\"https:\\\/\\\/schema.org\",\"@graph\":[{\"@type\":\"WebPage\",\"@id\":\"https:\\\/\\\/loparus.com\\\/produktas\\\/hyundai-hl-955\\\/\",\"url\":\"https:\\\/\\\/loparus.com\\\/produktas\\\/hyundai-hl-955\\\/\",\"name\":\"Hyundai HL 955 - loparus.com\",\"isPartOf\":{\"@id\":\"https:\\\/\\\/loparus.com\\\/#website\"},\"primaryImageOfPage\":{\"@id\":\"https:\\\/\\\/loparus.com\\\/produktas\\\/hyundai-hl-955\\\/#primaryimage\"},\"image\":{\"@id\":\"https:\\\/\\\/loparus.com\\\/produktas\\\/hyundai-hl-955\\\/#primaryimage\"},\"thumbnailUrl\":\"https:\\\/\\\/loparus.com\\\/wp-content\\\/uploads\\\/hyundai-hl-955-frontaliniai-krautuvai-1.jpg\",\"datePublished\":\"2026-04-07T22:06:27+00:00\",\"breadcrumb\":{\"@id\":\"https:\\\/\\\/loparus.com\\\/produktas\\\/hyundai-hl-955\\\/#breadcrumb\"},\"inLanguage\":\"en-US\",\"potentialAction\":[{\"@type\":\"ReadAction\",\"target\":[\"https:\\\/\\\/loparus.com\\\/produktas\\\/hyundai-hl-955\\\/\"]}]},{\"@type\":\"ImageObject\",\"inLanguage\":\"en-US\",\"@id\":\"https:\\\/\\\/loparus.com\\\/produktas\\\/hyundai-hl-955\\\/#primaryimage\",\"url\":\"https:\\\/\\\/loparus.com\\\/wp-content\\\/uploads\\\/hyundai-hl-955-frontaliniai-krautuvai-1.jpg\",\"contentUrl\":\"https:\\\/\\\/loparus.com\\\/wp-content\\\/uploads\\\/hyundai-hl-955-frontaliniai-krautuvai-1.jpg\",\"width\":1920,\"height\":1440,\"caption\":\"HyundaiHL 955\"},{\"@type\":\"BreadcrumbList\",\"@id\":\"https:\\\/\\\/loparus.com\\\/produktas\\\/hyundai-hl-955\\\/#breadcrumb\",\"itemListElement\":[{\"@type\":\"ListItem\",\"position\":1,\"name\":\"Home\",\"item\":\"https:\\\/\\\/loparus.com\\\/en\\\/\"},{\"@type\":\"ListItem\",\"position\":2,\"name\":\"Shop\",\"item\":\"https:\\\/\\\/loparus.com\\\/en\\\/shop\\\/\"},{\"@type\":\"ListItem\",\"position\":3,\"name\":\"Hyundai HL 955\"}]},{\"@type\":\"WebSite\",\"@id\":\"https:\\\/\\\/loparus.com\\\/#website\",\"url\":\"https:\\\/\\\/loparus.com\\\/\",\"name\":\"loparus.com\",\"description\":\"Just another WordPress site\",\"potentialAction\":[{\"@type\":\"SearchAction\",\"target\":{\"@type\":\"EntryPoint\",\"urlTemplate\":\"https:\\\/\\\/loparus.com\\\/?s={search_term_string}\"},\"query-input\":{\"@type\":\"PropertyValueSpecification\",\"valueRequired\":true,\"valueName\":\"search_term_string\"}}],\"inLanguage\":\"en-US\"}]}<\/script>\n<!-- \/ Yoast SEO plugin. -->","yoast_head_json":{"title":"Hyundai HL 955 - loparus.com","robots":{"index":"index","follow":"follow","max-snippet":"max-snippet:-1","max-image-preview":"max-image-preview:large","max-video-preview":"max-video-preview:-1"},"canonical":"https:\/\/loparus.com\/produktas\/hyundai-hl-955\/","og_locale":"en_US","og_type":"article","og_title":"Hyundai HL 955 - loparus.com","og_description":"Hyundai HL 955 2016 15 100 kg Cummins Tier IV 200 hp \/ 147 kw 8 510 m\/h Original paint Extra hydraulic lines ABL quick hydraulic coupler Hydraulic mowing pallet forks 2000 mm x 600 mm Central lubrication Back view camera Beacon AC Rops CE&#038;EPA Good working condition, hydraulic pump is very strong, engine gearbox [&hellip;]","og_url":"https:\/\/loparus.com\/produktas\/hyundai-hl-955\/","og_site_name":"loparus.com","og_image":[{"width":1920,"height":1440,"url":"https:\/\/loparus.com\/wp-content\/uploads\/hyundai-hl-955-frontaliniai-krautuvai-1.jpg","type":"image\/jpeg"}],"twitter_card":"summary_large_image","schema":{"@context":"https:\/\/schema.org","@graph":[{"@type":"WebPage","@id":"https:\/\/loparus.com\/produktas\/hyundai-hl-955\/","url":"https:\/\/loparus.com\/produktas\/hyundai-hl-955\/","name":"Hyundai HL 955 - loparus.com","isPartOf":{"@id":"https:\/\/loparus.com\/#website"},"primaryImageOfPage":{"@id":"https:\/\/loparus.com\/produktas\/hyundai-hl-955\/#primaryimage"},"image":{"@id":"https:\/\/loparus.com\/produktas\/hyundai-hl-955\/#primaryimage"},"thumbnailUrl":"https:\/\/loparus.com\/wp-content\/uploads\/hyundai-hl-955-frontaliniai-krautuvai-1.jpg","datePublished":"2026-04-07T22:06:27+00:00","breadcrumb":{"@id":"https:\/\/loparus.com\/produktas\/hyundai-hl-955\/#breadcrumb"},"inLanguage":"en-US","potentialAction":[{"@type":"ReadAction","target":["https:\/\/loparus.com\/produktas\/hyundai-hl-955\/"]}]},{"@type":"ImageObject","inLanguage":"en-US","@id":"https:\/\/loparus.com\/produktas\/hyundai-hl-955\/#primaryimage","url":"https:\/\/loparus.com\/wp-content\/uploads\/hyundai-hl-955-frontaliniai-krautuvai-1.jpg","contentUrl":"https:\/\/loparus.com\/wp-content\/uploads\/hyundai-hl-955-frontaliniai-krautuvai-1.jpg","width":1920,"height":1440,"caption":"HyundaiHL 955"},{"@type":"BreadcrumbList","@id":"https:\/\/loparus.com\/produktas\/hyundai-hl-955\/#breadcrumb","itemListElement":[{"@type":"ListItem","position":1,"name":"Home","item":"https:\/\/loparus.com\/en\/"},{"@type":"ListItem","position":2,"name":"Shop","item":"https:\/\/loparus.com\/en\/shop\/"},{"@type":"ListItem","position":3,"name":"Hyundai HL 955"}]},{"@type":"WebSite","@id":"https:\/\/loparus.com\/#website","url":"https:\/\/loparus.com\/","name":"loparus.com","description":"Just another WordPress site","potentialAction":[{"@type":"SearchAction","target":{"@type":"EntryPoint","urlTemplate":"https:\/\/loparus.com\/?s={search_term_string}"},"query-input":{"@type":"PropertyValueSpecification","valueRequired":true,"valueName":"search_term_string"}}],"inLanguage":"en-US"}]}},"_links":{"self":[{"href":"https:\/\/loparus.com\/en\/wp-json\/wp\/v2\/product\/17417","targetHints":{"allow":["GET"]}}],"collection":[{"href":"https:\/\/loparus.com\/en\/wp-json\/wp\/v2\/product"}],"about":[{"href":"https:\/\/loparus.com\/en\/wp-json\/wp\/v2\/types\/product"}],"wp:featuredmedia":[{"embeddable":true,"href":"https:\/\/loparus.com\/en\/wp-json\/wp\/v2\/media\/11693"}],"wp:attachment":[{"href":"https:\/\/loparus.com\/en\/wp-json\/wp\/v2\/media?parent=17417"}],"wp:term":[{"taxonomy":"product_brand","embeddable":true,"href":"https:\/\/loparus.com\/en\/wp-json\/wp\/v2\/product_brand?post=17417"},{"taxonomy":"product_cat","embeddable":true,"href":"https:\/\/loparus.com\/en\/wp-json\/wp\/v2\/product_cat?post=17417"},{"taxonomy":"product_tag","embeddable":true,"href":"https:\/\/loparus.com\/en\/wp-json\/wp\/v2\/product_tag?post=17417"}],"curies":[{"name":"wp","href":"https:\/\/api.w.org\/{rel}","templated":true}]}}