{"id":17421,"date":"2026-04-08T01:06:50","date_gmt":"2026-04-07T22:06:50","guid":{"rendered":"https:\/\/loparus.com\/produktas\/kobelco-sk-210-lc-10-from-germany-2\/"},"modified":"2026-03-31T04:08:19","modified_gmt":"2026-03-31T01:08:19","slug":"kobelco-sk-210-lc-10-from-germany","status":"publish","type":"product","link":"https:\/\/loparus.com\/en\/product\/kobelco-sk-210-lc-10-from-germany\/","title":{"rendered":"Kobelco SK 210 LC-10 from GERMANY"},"content":{"rendered":"<p>Kobelco SK 210 LC-10<br \/>\n2015<br \/>\n22 700 kg<br \/>\n169 hp \/ 124 kw<br \/>\n8 860 m\/h<br \/>\n700 mm track pads<br \/>\nExtra hydraulic lines<br \/>\nQuick hydraulic coupler<br \/>\n2.50 m width bucket<br \/>\nFront and roof guards<br \/>\nOriginal paint<br \/>\nWorking condition<br \/>\nBack view camera<br \/>\nLED<br \/>\nAC<br \/>\nCE<br \/>\nNot used in Lithuania , FROM GERMANY<\/p>\n<p>Video link: https:\/\/youtu.be\/7lOQemkOB1A<\/p>\n<p>Lietuvoje neeksploatuotas , i\u0161 VOKIETIJOS<br \/>\nGalimas keitimas \u012f j\u016bs\u0173 statybin\u0119 technik\u0105<\/p>\n<p>Si\u016blome LIZINGO sprendimus sunkiajai technikai tiek juridiniams, tiek fiziniams asmenims, bendradarbiaudami su patikimais partneriais ir sutvarkydami visus formalumus.<\/p>\n","protected":false},"excerpt":{"rendered":"<p>Kobelco SK 210 LC-10 2015 22 700 kg 169 hp \/ 124 kw 8 860 m\/h 700 mm track pads Extra hydraulic lines Quick hydraulic coupler 2.50 m width bucket Front and roof guards Original paint Working condition Back view camera LED AC CE Not used in Lithuania , FROM GERMANY Video link: https:\/\/youtu.be\/7lOQemkOB1A Lietuvoje [&hellip;]<\/p>\n","protected":false},"featured_media":11804,"template":"","meta":{"_et_pb_use_builder":"","_et_pb_old_content":"","_et_gb_content_width":""},"product_brand":[],"product_cat":[345,345,300,300],"product_tag":[],"class_list":{"0":"post-17421","1":"product","2":"type-product","3":"status-publish","4":"has-post-thumbnail","6":"product_cat-excavators","8":"product_cat-machinery-for-sale","11":"first","12":"instock","13":"purchasable","14":"product-type-simple"},"yoast_head":"<!-- This site is optimized with the Yoast SEO plugin v27.5 - https:\/\/yoast.com\/product\/yoast-seo-wordpress\/ -->\n<title>Kobelco SK 210 LC-10 from GERMANY - loparus.com<\/title>\n<meta name=\"robots\" content=\"index, follow, max-snippet:-1, max-image-preview:large, max-video-preview:-1\" \/>\n<link rel=\"canonical\" href=\"https:\/\/loparus.com\/produktas\/kobelco-sk-210-lc-10-from-germany\/\" \/>\n<meta property=\"og:locale\" content=\"en_US\" \/>\n<meta property=\"og:type\" content=\"article\" \/>\n<meta property=\"og:title\" content=\"Kobelco SK 210 LC-10 from GERMANY - loparus.com\" \/>\n<meta property=\"og:description\" content=\"Kobelco SK 210 LC-10 2015 22 700 kg 169 hp \/ 124 kw 8 860 m\/h 700 mm track pads Extra hydraulic lines Quick hydraulic coupler 2.50 m width bucket Front and roof guards Original paint Working condition Back view camera LED AC CE Not used in Lithuania , FROM GERMANY Video link: https:\/\/youtu.be\/7lOQemkOB1A Lietuvoje [&hellip;]\" \/>\n<meta property=\"og:url\" content=\"https:\/\/loparus.com\/produktas\/kobelco-sk-210-lc-10-from-germany\/\" \/>\n<meta property=\"og:site_name\" content=\"loparus.com\" \/>\n<meta property=\"og:image\" content=\"https:\/\/loparus.com\/wp-content\/uploads\/kobelco-sk-210-lc-10-from-germany-ekskavatoriai-26.jpg\" \/>\n\t<meta property=\"og:image:width\" content=\"1920\" \/>\n\t<meta property=\"og:image:height\" content=\"1440\" \/>\n\t<meta property=\"og:image:type\" content=\"image\/jpeg\" \/>\n<meta name=\"twitter:card\" content=\"summary_large_image\" \/>\n<script type=\"application\/ld+json\" class=\"yoast-schema-graph\">{\"@context\":\"https:\\\/\\\/schema.org\",\"@graph\":[{\"@type\":\"WebPage\",\"@id\":\"https:\\\/\\\/loparus.com\\\/produktas\\\/kobelco-sk-210-lc-10-from-germany\\\/\",\"url\":\"https:\\\/\\\/loparus.com\\\/produktas\\\/kobelco-sk-210-lc-10-from-germany\\\/\",\"name\":\"Kobelco SK 210 LC-10 from GERMANY - loparus.com\",\"isPartOf\":{\"@id\":\"https:\\\/\\\/loparus.com\\\/#website\"},\"primaryImageOfPage\":{\"@id\":\"https:\\\/\\\/loparus.com\\\/produktas\\\/kobelco-sk-210-lc-10-from-germany\\\/#primaryimage\"},\"image\":{\"@id\":\"https:\\\/\\\/loparus.com\\\/produktas\\\/kobelco-sk-210-lc-10-from-germany\\\/#primaryimage\"},\"thumbnailUrl\":\"https:\\\/\\\/loparus.com\\\/wp-content\\\/uploads\\\/kobelco-sk-210-lc-10-from-germany-ekskavatoriai-26.jpg\",\"datePublished\":\"2026-04-07T22:06:50+00:00\",\"breadcrumb\":{\"@id\":\"https:\\\/\\\/loparus.com\\\/produktas\\\/kobelco-sk-210-lc-10-from-germany\\\/#breadcrumb\"},\"inLanguage\":\"en-US\",\"potentialAction\":[{\"@type\":\"ReadAction\",\"target\":[\"https:\\\/\\\/loparus.com\\\/produktas\\\/kobelco-sk-210-lc-10-from-germany\\\/\"]}]},{\"@type\":\"ImageObject\",\"inLanguage\":\"en-US\",\"@id\":\"https:\\\/\\\/loparus.com\\\/produktas\\\/kobelco-sk-210-lc-10-from-germany\\\/#primaryimage\",\"url\":\"https:\\\/\\\/loparus.com\\\/wp-content\\\/uploads\\\/kobelco-sk-210-lc-10-from-germany-ekskavatoriai-26.jpg\",\"contentUrl\":\"https:\\\/\\\/loparus.com\\\/wp-content\\\/uploads\\\/kobelco-sk-210-lc-10-from-germany-ekskavatoriai-26.jpg\",\"width\":1920,\"height\":1440,\"caption\":\"KobelcoSK 210 LC-10 from GERMANY\"},{\"@type\":\"BreadcrumbList\",\"@id\":\"https:\\\/\\\/loparus.com\\\/produktas\\\/kobelco-sk-210-lc-10-from-germany\\\/#breadcrumb\",\"itemListElement\":[{\"@type\":\"ListItem\",\"position\":1,\"name\":\"Home\",\"item\":\"https:\\\/\\\/loparus.com\\\/en\\\/\"},{\"@type\":\"ListItem\",\"position\":2,\"name\":\"Shop\",\"item\":\"https:\\\/\\\/loparus.com\\\/en\\\/shop\\\/\"},{\"@type\":\"ListItem\",\"position\":3,\"name\":\"Kobelco SK 210 LC-10 from GERMANY\"}]},{\"@type\":\"WebSite\",\"@id\":\"https:\\\/\\\/loparus.com\\\/#website\",\"url\":\"https:\\\/\\\/loparus.com\\\/\",\"name\":\"loparus.com\",\"description\":\"Just another WordPress site\",\"potentialAction\":[{\"@type\":\"SearchAction\",\"target\":{\"@type\":\"EntryPoint\",\"urlTemplate\":\"https:\\\/\\\/loparus.com\\\/?s={search_term_string}\"},\"query-input\":{\"@type\":\"PropertyValueSpecification\",\"valueRequired\":true,\"valueName\":\"search_term_string\"}}],\"inLanguage\":\"en-US\"}]}<\/script>\n<!-- \/ Yoast SEO plugin. -->","yoast_head_json":{"title":"Kobelco SK 210 LC-10 from GERMANY - loparus.com","robots":{"index":"index","follow":"follow","max-snippet":"max-snippet:-1","max-image-preview":"max-image-preview:large","max-video-preview":"max-video-preview:-1"},"canonical":"https:\/\/loparus.com\/produktas\/kobelco-sk-210-lc-10-from-germany\/","og_locale":"en_US","og_type":"article","og_title":"Kobelco SK 210 LC-10 from GERMANY - loparus.com","og_description":"Kobelco SK 210 LC-10 2015 22 700 kg 169 hp \/ 124 kw 8 860 m\/h 700 mm track pads Extra hydraulic lines Quick hydraulic coupler 2.50 m width bucket Front and roof guards Original paint Working condition Back view camera LED AC CE Not used in Lithuania , FROM GERMANY Video link: https:\/\/youtu.be\/7lOQemkOB1A Lietuvoje [&hellip;]","og_url":"https:\/\/loparus.com\/produktas\/kobelco-sk-210-lc-10-from-germany\/","og_site_name":"loparus.com","og_image":[{"width":1920,"height":1440,"url":"https:\/\/loparus.com\/wp-content\/uploads\/kobelco-sk-210-lc-10-from-germany-ekskavatoriai-26.jpg","type":"image\/jpeg"}],"twitter_card":"summary_large_image","schema":{"@context":"https:\/\/schema.org","@graph":[{"@type":"WebPage","@id":"https:\/\/loparus.com\/produktas\/kobelco-sk-210-lc-10-from-germany\/","url":"https:\/\/loparus.com\/produktas\/kobelco-sk-210-lc-10-from-germany\/","name":"Kobelco SK 210 LC-10 from GERMANY - loparus.com","isPartOf":{"@id":"https:\/\/loparus.com\/#website"},"primaryImageOfPage":{"@id":"https:\/\/loparus.com\/produktas\/kobelco-sk-210-lc-10-from-germany\/#primaryimage"},"image":{"@id":"https:\/\/loparus.com\/produktas\/kobelco-sk-210-lc-10-from-germany\/#primaryimage"},"thumbnailUrl":"https:\/\/loparus.com\/wp-content\/uploads\/kobelco-sk-210-lc-10-from-germany-ekskavatoriai-26.jpg","datePublished":"2026-04-07T22:06:50+00:00","breadcrumb":{"@id":"https:\/\/loparus.com\/produktas\/kobelco-sk-210-lc-10-from-germany\/#breadcrumb"},"inLanguage":"en-US","potentialAction":[{"@type":"ReadAction","target":["https:\/\/loparus.com\/produktas\/kobelco-sk-210-lc-10-from-germany\/"]}]},{"@type":"ImageObject","inLanguage":"en-US","@id":"https:\/\/loparus.com\/produktas\/kobelco-sk-210-lc-10-from-germany\/#primaryimage","url":"https:\/\/loparus.com\/wp-content\/uploads\/kobelco-sk-210-lc-10-from-germany-ekskavatoriai-26.jpg","contentUrl":"https:\/\/loparus.com\/wp-content\/uploads\/kobelco-sk-210-lc-10-from-germany-ekskavatoriai-26.jpg","width":1920,"height":1440,"caption":"KobelcoSK 210 LC-10 from GERMANY"},{"@type":"BreadcrumbList","@id":"https:\/\/loparus.com\/produktas\/kobelco-sk-210-lc-10-from-germany\/#breadcrumb","itemListElement":[{"@type":"ListItem","position":1,"name":"Home","item":"https:\/\/loparus.com\/en\/"},{"@type":"ListItem","position":2,"name":"Shop","item":"https:\/\/loparus.com\/en\/shop\/"},{"@type":"ListItem","position":3,"name":"Kobelco SK 210 LC-10 from GERMANY"}]},{"@type":"WebSite","@id":"https:\/\/loparus.com\/#website","url":"https:\/\/loparus.com\/","name":"loparus.com","description":"Just another WordPress site","potentialAction":[{"@type":"SearchAction","target":{"@type":"EntryPoint","urlTemplate":"https:\/\/loparus.com\/?s={search_term_string}"},"query-input":{"@type":"PropertyValueSpecification","valueRequired":true,"valueName":"search_term_string"}}],"inLanguage":"en-US"}]}},"_links":{"self":[{"href":"https:\/\/loparus.com\/en\/wp-json\/wp\/v2\/product\/17421","targetHints":{"allow":["GET"]}}],"collection":[{"href":"https:\/\/loparus.com\/en\/wp-json\/wp\/v2\/product"}],"about":[{"href":"https:\/\/loparus.com\/en\/wp-json\/wp\/v2\/types\/product"}],"wp:featuredmedia":[{"embeddable":true,"href":"https:\/\/loparus.com\/en\/wp-json\/wp\/v2\/media\/11804"}],"wp:attachment":[{"href":"https:\/\/loparus.com\/en\/wp-json\/wp\/v2\/media?parent=17421"}],"wp:term":[{"taxonomy":"product_brand","embeddable":true,"href":"https:\/\/loparus.com\/en\/wp-json\/wp\/v2\/product_brand?post=17421"},{"taxonomy":"product_cat","embeddable":true,"href":"https:\/\/loparus.com\/en\/wp-json\/wp\/v2\/product_cat?post=17421"},{"taxonomy":"product_tag","embeddable":true,"href":"https:\/\/loparus.com\/en\/wp-json\/wp\/v2\/product_tag?post=17421"}],"curies":[{"name":"wp","href":"https:\/\/api.w.org\/{rel}","templated":true}]}}