{"id":17425,"date":"2026-04-08T01:08:12","date_gmt":"2026-04-07T22:08:12","guid":{"rendered":"https:\/\/loparus.com\/produktas\/thwaites-t450-rotator-2\/"},"modified":"2026-03-31T04:08:35","modified_gmt":"2026-03-31T01:08:35","slug":"thwaites-t450-rotator","status":"publish","type":"product","link":"https:\/\/loparus.com\/en\/product\/thwaites-t450-rotator\/","title":{"rendered":"Thwaites T450 Rotator"},"content":{"rendered":"<p>Thwaites T450 Rotator<br \/>\n2005<br \/>\n2 720 kg weight<br \/>\n4 500 kg net load<br \/>\n4&#215;4<br \/>\nPerkins 53 hp \/ 39 kw<br \/>\n3 144 m\/h<br \/>\nBeacon<br \/>\nLED<br \/>\nGood working condition<br \/>\nNot used in Lithuania<\/p>\n<p>Video link: https:\/\/youtu.be\/sPoB864DUoo<\/p>\n<p>Lietuvoje neeksploatuotas , pilnai dirbantis dumperis su rotaciniu k\u0117bulu<br \/>\nGalimas keitimas \u012f j\u016bs\u0173 statybin\u0119 technik\u0105<br \/>\nTurime ir didesni\u0173 dumperi\u0173 9&#8242; , 25&#8242; , 26&#8242; , 40&#8242;<\/p>\n<p>Si\u016blome LIZINGO sprendimus sunkiajai technikai tiek juridiniams, tiek fiziniams asmenims, bendradarbiaudami su patikimais partneriais ir sutvarkydami visus formalumus.<\/p>\n","protected":false},"excerpt":{"rendered":"<p>Thwaites T450 Rotator 2005 2 720 kg weight 4 500 kg net load 4&#215;4 Perkins 53 hp \/ 39 kw 3 144 m\/h Beacon LED Good working condition Not used in Lithuania Video link: https:\/\/youtu.be\/sPoB864DUoo Lietuvoje neeksploatuotas , pilnai dirbantis dumperis su rotaciniu k\u0117bulu Galimas keitimas \u012f j\u016bs\u0173 statybin\u0119 technik\u0105 Turime ir didesni\u0173 dumperi\u0173 9&#8242; [&hellip;]<\/p>\n","protected":false},"featured_media":11887,"template":"","meta":{"_et_pb_use_builder":"","_et_pb_old_content":"","_et_gb_content_width":""},"product_brand":[],"product_cat":[361,300,39,60],"product_tag":[],"class_list":{"0":"post-17425","1":"product","2":"type-product","3":"status-publish","4":"has-post-thumbnail","6":"product_cat-dumpers-tippers","7":"product_cat-machinery-for-sale","8":"product_cat-parduodama-technika","9":"product_cat-savivarciai-dumperiai","11":"first","12":"instock","13":"purchasable","14":"product-type-simple"},"yoast_head":"<!-- This site is optimized with the Yoast SEO plugin v27.5 - https:\/\/yoast.com\/product\/yoast-seo-wordpress\/ -->\n<title>Thwaites T450 Rotator - loparus.com<\/title>\n<meta name=\"robots\" content=\"index, follow, max-snippet:-1, max-image-preview:large, max-video-preview:-1\" \/>\n<link rel=\"canonical\" href=\"https:\/\/loparus.com\/produktas\/thwaites-t450-rotator\/\" \/>\n<meta property=\"og:locale\" content=\"en_US\" \/>\n<meta property=\"og:type\" content=\"article\" \/>\n<meta property=\"og:title\" content=\"Thwaites T450 Rotator - loparus.com\" \/>\n<meta property=\"og:description\" content=\"Thwaites T450 Rotator 2005 2 720 kg weight 4 500 kg net load 4&#215;4 Perkins 53 hp \/ 39 kw 3 144 m\/h Beacon LED Good working condition Not used in Lithuania Video link: https:\/\/youtu.be\/sPoB864DUoo Lietuvoje neeksploatuotas , pilnai dirbantis dumperis su rotaciniu k\u0117bulu Galimas keitimas \u012f j\u016bs\u0173 statybin\u0119 technik\u0105 Turime ir didesni\u0173 dumperi\u0173 9&#8242; [&hellip;]\" \/>\n<meta property=\"og:url\" content=\"https:\/\/loparus.com\/produktas\/thwaites-t450-rotator\/\" \/>\n<meta property=\"og:site_name\" content=\"loparus.com\" \/>\n<meta property=\"og:image\" content=\"https:\/\/loparus.com\/wp-content\/uploads\/thwaites-t450-rotator-savivarciai-dumper-iai-1.jpg\" \/>\n\t<meta property=\"og:image:width\" content=\"1920\" \/>\n\t<meta property=\"og:image:height\" content=\"1440\" \/>\n\t<meta property=\"og:image:type\" content=\"image\/jpeg\" \/>\n<meta name=\"twitter:card\" content=\"summary_large_image\" \/>\n<script type=\"application\/ld+json\" class=\"yoast-schema-graph\">{\"@context\":\"https:\\\/\\\/schema.org\",\"@graph\":[{\"@type\":\"WebPage\",\"@id\":\"https:\\\/\\\/loparus.com\\\/produktas\\\/thwaites-t450-rotator\\\/\",\"url\":\"https:\\\/\\\/loparus.com\\\/produktas\\\/thwaites-t450-rotator\\\/\",\"name\":\"Thwaites T450 Rotator - loparus.com\",\"isPartOf\":{\"@id\":\"https:\\\/\\\/loparus.com\\\/#website\"},\"primaryImageOfPage\":{\"@id\":\"https:\\\/\\\/loparus.com\\\/produktas\\\/thwaites-t450-rotator\\\/#primaryimage\"},\"image\":{\"@id\":\"https:\\\/\\\/loparus.com\\\/produktas\\\/thwaites-t450-rotator\\\/#primaryimage\"},\"thumbnailUrl\":\"https:\\\/\\\/loparus.com\\\/wp-content\\\/uploads\\\/thwaites-t450-rotator-savivarciai-dumper-iai-1.jpg\",\"datePublished\":\"2026-04-07T22:08:12+00:00\",\"breadcrumb\":{\"@id\":\"https:\\\/\\\/loparus.com\\\/produktas\\\/thwaites-t450-rotator\\\/#breadcrumb\"},\"inLanguage\":\"en-US\",\"potentialAction\":[{\"@type\":\"ReadAction\",\"target\":[\"https:\\\/\\\/loparus.com\\\/produktas\\\/thwaites-t450-rotator\\\/\"]}]},{\"@type\":\"ImageObject\",\"inLanguage\":\"en-US\",\"@id\":\"https:\\\/\\\/loparus.com\\\/produktas\\\/thwaites-t450-rotator\\\/#primaryimage\",\"url\":\"https:\\\/\\\/loparus.com\\\/wp-content\\\/uploads\\\/thwaites-t450-rotator-savivarciai-dumper-iai-1.jpg\",\"contentUrl\":\"https:\\\/\\\/loparus.com\\\/wp-content\\\/uploads\\\/thwaites-t450-rotator-savivarciai-dumper-iai-1.jpg\",\"width\":1920,\"height\":1440,\"caption\":\"ThwaitesT450 Rotator\"},{\"@type\":\"BreadcrumbList\",\"@id\":\"https:\\\/\\\/loparus.com\\\/produktas\\\/thwaites-t450-rotator\\\/#breadcrumb\",\"itemListElement\":[{\"@type\":\"ListItem\",\"position\":1,\"name\":\"Home\",\"item\":\"https:\\\/\\\/loparus.com\\\/en\\\/\"},{\"@type\":\"ListItem\",\"position\":2,\"name\":\"Shop\",\"item\":\"https:\\\/\\\/loparus.com\\\/en\\\/shop\\\/\"},{\"@type\":\"ListItem\",\"position\":3,\"name\":\"Thwaites T450 Rotator\"}]},{\"@type\":\"WebSite\",\"@id\":\"https:\\\/\\\/loparus.com\\\/#website\",\"url\":\"https:\\\/\\\/loparus.com\\\/\",\"name\":\"loparus.com\",\"description\":\"Just another WordPress site\",\"potentialAction\":[{\"@type\":\"SearchAction\",\"target\":{\"@type\":\"EntryPoint\",\"urlTemplate\":\"https:\\\/\\\/loparus.com\\\/?s={search_term_string}\"},\"query-input\":{\"@type\":\"PropertyValueSpecification\",\"valueRequired\":true,\"valueName\":\"search_term_string\"}}],\"inLanguage\":\"en-US\"}]}<\/script>\n<!-- \/ Yoast SEO plugin. -->","yoast_head_json":{"title":"Thwaites T450 Rotator - loparus.com","robots":{"index":"index","follow":"follow","max-snippet":"max-snippet:-1","max-image-preview":"max-image-preview:large","max-video-preview":"max-video-preview:-1"},"canonical":"https:\/\/loparus.com\/produktas\/thwaites-t450-rotator\/","og_locale":"en_US","og_type":"article","og_title":"Thwaites T450 Rotator - loparus.com","og_description":"Thwaites T450 Rotator 2005 2 720 kg weight 4 500 kg net load 4&#215;4 Perkins 53 hp \/ 39 kw 3 144 m\/h Beacon LED Good working condition Not used in Lithuania Video link: https:\/\/youtu.be\/sPoB864DUoo Lietuvoje neeksploatuotas , pilnai dirbantis dumperis su rotaciniu k\u0117bulu Galimas keitimas \u012f j\u016bs\u0173 statybin\u0119 technik\u0105 Turime ir didesni\u0173 dumperi\u0173 9&#8242; [&hellip;]","og_url":"https:\/\/loparus.com\/produktas\/thwaites-t450-rotator\/","og_site_name":"loparus.com","og_image":[{"width":1920,"height":1440,"url":"https:\/\/loparus.com\/wp-content\/uploads\/thwaites-t450-rotator-savivarciai-dumper-iai-1.jpg","type":"image\/jpeg"}],"twitter_card":"summary_large_image","schema":{"@context":"https:\/\/schema.org","@graph":[{"@type":"WebPage","@id":"https:\/\/loparus.com\/produktas\/thwaites-t450-rotator\/","url":"https:\/\/loparus.com\/produktas\/thwaites-t450-rotator\/","name":"Thwaites T450 Rotator - loparus.com","isPartOf":{"@id":"https:\/\/loparus.com\/#website"},"primaryImageOfPage":{"@id":"https:\/\/loparus.com\/produktas\/thwaites-t450-rotator\/#primaryimage"},"image":{"@id":"https:\/\/loparus.com\/produktas\/thwaites-t450-rotator\/#primaryimage"},"thumbnailUrl":"https:\/\/loparus.com\/wp-content\/uploads\/thwaites-t450-rotator-savivarciai-dumper-iai-1.jpg","datePublished":"2026-04-07T22:08:12+00:00","breadcrumb":{"@id":"https:\/\/loparus.com\/produktas\/thwaites-t450-rotator\/#breadcrumb"},"inLanguage":"en-US","potentialAction":[{"@type":"ReadAction","target":["https:\/\/loparus.com\/produktas\/thwaites-t450-rotator\/"]}]},{"@type":"ImageObject","inLanguage":"en-US","@id":"https:\/\/loparus.com\/produktas\/thwaites-t450-rotator\/#primaryimage","url":"https:\/\/loparus.com\/wp-content\/uploads\/thwaites-t450-rotator-savivarciai-dumper-iai-1.jpg","contentUrl":"https:\/\/loparus.com\/wp-content\/uploads\/thwaites-t450-rotator-savivarciai-dumper-iai-1.jpg","width":1920,"height":1440,"caption":"ThwaitesT450 Rotator"},{"@type":"BreadcrumbList","@id":"https:\/\/loparus.com\/produktas\/thwaites-t450-rotator\/#breadcrumb","itemListElement":[{"@type":"ListItem","position":1,"name":"Home","item":"https:\/\/loparus.com\/en\/"},{"@type":"ListItem","position":2,"name":"Shop","item":"https:\/\/loparus.com\/en\/shop\/"},{"@type":"ListItem","position":3,"name":"Thwaites T450 Rotator"}]},{"@type":"WebSite","@id":"https:\/\/loparus.com\/#website","url":"https:\/\/loparus.com\/","name":"loparus.com","description":"Just another WordPress site","potentialAction":[{"@type":"SearchAction","target":{"@type":"EntryPoint","urlTemplate":"https:\/\/loparus.com\/?s={search_term_string}"},"query-input":{"@type":"PropertyValueSpecification","valueRequired":true,"valueName":"search_term_string"}}],"inLanguage":"en-US"}]}},"_links":{"self":[{"href":"https:\/\/loparus.com\/en\/wp-json\/wp\/v2\/product\/17425","targetHints":{"allow":["GET"]}}],"collection":[{"href":"https:\/\/loparus.com\/en\/wp-json\/wp\/v2\/product"}],"about":[{"href":"https:\/\/loparus.com\/en\/wp-json\/wp\/v2\/types\/product"}],"wp:featuredmedia":[{"embeddable":true,"href":"https:\/\/loparus.com\/en\/wp-json\/wp\/v2\/media\/11887"}],"wp:attachment":[{"href":"https:\/\/loparus.com\/en\/wp-json\/wp\/v2\/media?parent=17425"}],"wp:term":[{"taxonomy":"product_brand","embeddable":true,"href":"https:\/\/loparus.com\/en\/wp-json\/wp\/v2\/product_brand?post=17425"},{"taxonomy":"product_cat","embeddable":true,"href":"https:\/\/loparus.com\/en\/wp-json\/wp\/v2\/product_cat?post=17425"},{"taxonomy":"product_tag","embeddable":true,"href":"https:\/\/loparus.com\/en\/wp-json\/wp\/v2\/product_tag?post=17425"}],"curies":[{"name":"wp","href":"https:\/\/api.w.org\/{rel}","templated":true}]}}