{"id":17440,"date":"2026-04-08T01:12:36","date_gmt":"2026-04-07T22:12:36","guid":{"rendered":"https:\/\/loparus.com\/produktas\/komatsu-hb-215-lc-2-2\/"},"modified":"2026-03-31T04:10:34","modified_gmt":"2026-03-31T01:10:34","slug":"komatsu-hb-215-lc-2","status":"publish","type":"product","link":"https:\/\/loparus.com\/en\/product\/komatsu-hb-215-lc-2\/","title":{"rendered":"Komatsu HB 215 LC-2"},"content":{"rendered":"<p>Komatsu HB 215 LC-2<br \/>\n2014<br \/>\n22 700 kg<br \/>\n150 hp \/ 110 kw<br \/>\n7 239 m\/h<br \/>\n800 mm track pads , 3.15 m full machine width<br \/>\nExtra auxiliary hydraulic lines<br \/>\nQuick coupler NTP<br \/>\nScandinavian Tamsalu universal Tilt bucket 2 m width<br \/>\nOriginal paint<br \/>\nBack view camera<br \/>\nLED<br \/>\nAC<br \/>\nCE &#038; EPA<br \/>\nGood working condition<br \/>\nNot used in Lithuania<\/p>\n<p>Lietuvoje neeksploatuotas, gero stovio pla\u010diavik\u0161ris ekskavatorius<br \/>\nGalimas keitimas \u012f j\u016bs\u0173 statybin\u0119 technik\u0105<\/p>\n<p>Si\u016blome LIZINGO sprendimus sunkiajai technikai tiek juridiniams, tiek fiziniams asmenims, bendradarbiaudami su patikimais partneriais ir sutvarkydami visus formalumus.<\/p>\n","protected":false},"excerpt":{"rendered":"<p>Komatsu HB 215 LC-2 2014 22 700 kg 150 hp \/ 110 kw 7 239 m\/h 800 mm track pads , 3.15 m full machine width Extra auxiliary hydraulic lines Quick coupler NTP Scandinavian Tamsalu universal Tilt bucket 2 m width Original paint Back view camera LED AC CE &#038; EPA Good working condition Not [&hellip;]<\/p>\n","protected":false},"featured_media":12400,"template":"","meta":{"_et_pb_use_builder":"","_et_pb_old_content":"","_et_gb_content_width":""},"product_brand":[],"product_cat":[345,345,300,300],"product_tag":[],"class_list":{"0":"post-17440","1":"product","2":"type-product","3":"status-publish","4":"has-post-thumbnail","6":"product_cat-excavators","8":"product_cat-machinery-for-sale","11":"first","12":"instock","13":"purchasable","14":"product-type-simple"},"yoast_head":"<!-- This site is optimized with the Yoast SEO plugin v27.5 - https:\/\/yoast.com\/product\/yoast-seo-wordpress\/ -->\n<title>Komatsu HB 215 LC-2 - loparus.com<\/title>\n<meta name=\"robots\" content=\"index, follow, max-snippet:-1, max-image-preview:large, max-video-preview:-1\" \/>\n<link rel=\"canonical\" href=\"https:\/\/loparus.com\/produktas\/komatsu-hb-215-lc-2\/\" \/>\n<meta property=\"og:locale\" content=\"en_US\" \/>\n<meta property=\"og:type\" content=\"article\" \/>\n<meta property=\"og:title\" content=\"Komatsu HB 215 LC-2 - loparus.com\" \/>\n<meta property=\"og:description\" content=\"Komatsu HB 215 LC-2 2014 22 700 kg 150 hp \/ 110 kw 7 239 m\/h 800 mm track pads , 3.15 m full machine width Extra auxiliary hydraulic lines Quick coupler NTP Scandinavian Tamsalu universal Tilt bucket 2 m width Original paint Back view camera LED AC CE &#038; EPA Good working condition Not [&hellip;]\" \/>\n<meta property=\"og:url\" content=\"https:\/\/loparus.com\/produktas\/komatsu-hb-215-lc-2\/\" \/>\n<meta property=\"og:site_name\" content=\"loparus.com\" \/>\n<meta property=\"og:image\" content=\"https:\/\/loparus.com\/wp-content\/uploads\/komatsu-hb-215-lc-2-ekskavatoriai.jpg\" \/>\n\t<meta property=\"og:image:width\" content=\"1920\" \/>\n\t<meta property=\"og:image:height\" content=\"1440\" \/>\n\t<meta property=\"og:image:type\" content=\"image\/jpeg\" \/>\n<meta name=\"twitter:card\" content=\"summary_large_image\" \/>\n<script type=\"application\/ld+json\" class=\"yoast-schema-graph\">{\"@context\":\"https:\\\/\\\/schema.org\",\"@graph\":[{\"@type\":\"WebPage\",\"@id\":\"https:\\\/\\\/loparus.com\\\/produktas\\\/komatsu-hb-215-lc-2\\\/\",\"url\":\"https:\\\/\\\/loparus.com\\\/produktas\\\/komatsu-hb-215-lc-2\\\/\",\"name\":\"Komatsu HB 215 LC-2 - loparus.com\",\"isPartOf\":{\"@id\":\"https:\\\/\\\/loparus.com\\\/#website\"},\"primaryImageOfPage\":{\"@id\":\"https:\\\/\\\/loparus.com\\\/produktas\\\/komatsu-hb-215-lc-2\\\/#primaryimage\"},\"image\":{\"@id\":\"https:\\\/\\\/loparus.com\\\/produktas\\\/komatsu-hb-215-lc-2\\\/#primaryimage\"},\"thumbnailUrl\":\"https:\\\/\\\/loparus.com\\\/wp-content\\\/uploads\\\/komatsu-hb-215-lc-2-ekskavatoriai.jpg\",\"datePublished\":\"2026-04-07T22:12:36+00:00\",\"breadcrumb\":{\"@id\":\"https:\\\/\\\/loparus.com\\\/produktas\\\/komatsu-hb-215-lc-2\\\/#breadcrumb\"},\"inLanguage\":\"en-US\",\"potentialAction\":[{\"@type\":\"ReadAction\",\"target\":[\"https:\\\/\\\/loparus.com\\\/produktas\\\/komatsu-hb-215-lc-2\\\/\"]}]},{\"@type\":\"ImageObject\",\"inLanguage\":\"en-US\",\"@id\":\"https:\\\/\\\/loparus.com\\\/produktas\\\/komatsu-hb-215-lc-2\\\/#primaryimage\",\"url\":\"https:\\\/\\\/loparus.com\\\/wp-content\\\/uploads\\\/komatsu-hb-215-lc-2-ekskavatoriai.jpg\",\"contentUrl\":\"https:\\\/\\\/loparus.com\\\/wp-content\\\/uploads\\\/komatsu-hb-215-lc-2-ekskavatoriai.jpg\",\"width\":1920,\"height\":1440,\"caption\":\"KomatsuHB 215 LC-2\"},{\"@type\":\"BreadcrumbList\",\"@id\":\"https:\\\/\\\/loparus.com\\\/produktas\\\/komatsu-hb-215-lc-2\\\/#breadcrumb\",\"itemListElement\":[{\"@type\":\"ListItem\",\"position\":1,\"name\":\"Home\",\"item\":\"https:\\\/\\\/loparus.com\\\/en\\\/\"},{\"@type\":\"ListItem\",\"position\":2,\"name\":\"Shop\",\"item\":\"https:\\\/\\\/loparus.com\\\/en\\\/shop\\\/\"},{\"@type\":\"ListItem\",\"position\":3,\"name\":\"Komatsu HB 215 LC-2\"}]},{\"@type\":\"WebSite\",\"@id\":\"https:\\\/\\\/loparus.com\\\/#website\",\"url\":\"https:\\\/\\\/loparus.com\\\/\",\"name\":\"loparus.com\",\"description\":\"Just another WordPress site\",\"potentialAction\":[{\"@type\":\"SearchAction\",\"target\":{\"@type\":\"EntryPoint\",\"urlTemplate\":\"https:\\\/\\\/loparus.com\\\/?s={search_term_string}\"},\"query-input\":{\"@type\":\"PropertyValueSpecification\",\"valueRequired\":true,\"valueName\":\"search_term_string\"}}],\"inLanguage\":\"en-US\"}]}<\/script>\n<!-- \/ Yoast SEO plugin. -->","yoast_head_json":{"title":"Komatsu HB 215 LC-2 - loparus.com","robots":{"index":"index","follow":"follow","max-snippet":"max-snippet:-1","max-image-preview":"max-image-preview:large","max-video-preview":"max-video-preview:-1"},"canonical":"https:\/\/loparus.com\/produktas\/komatsu-hb-215-lc-2\/","og_locale":"en_US","og_type":"article","og_title":"Komatsu HB 215 LC-2 - loparus.com","og_description":"Komatsu HB 215 LC-2 2014 22 700 kg 150 hp \/ 110 kw 7 239 m\/h 800 mm track pads , 3.15 m full machine width Extra auxiliary hydraulic lines Quick coupler NTP Scandinavian Tamsalu universal Tilt bucket 2 m width Original paint Back view camera LED AC CE &#038; EPA Good working condition Not [&hellip;]","og_url":"https:\/\/loparus.com\/produktas\/komatsu-hb-215-lc-2\/","og_site_name":"loparus.com","og_image":[{"width":1920,"height":1440,"url":"https:\/\/loparus.com\/wp-content\/uploads\/komatsu-hb-215-lc-2-ekskavatoriai.jpg","type":"image\/jpeg"}],"twitter_card":"summary_large_image","schema":{"@context":"https:\/\/schema.org","@graph":[{"@type":"WebPage","@id":"https:\/\/loparus.com\/produktas\/komatsu-hb-215-lc-2\/","url":"https:\/\/loparus.com\/produktas\/komatsu-hb-215-lc-2\/","name":"Komatsu HB 215 LC-2 - loparus.com","isPartOf":{"@id":"https:\/\/loparus.com\/#website"},"primaryImageOfPage":{"@id":"https:\/\/loparus.com\/produktas\/komatsu-hb-215-lc-2\/#primaryimage"},"image":{"@id":"https:\/\/loparus.com\/produktas\/komatsu-hb-215-lc-2\/#primaryimage"},"thumbnailUrl":"https:\/\/loparus.com\/wp-content\/uploads\/komatsu-hb-215-lc-2-ekskavatoriai.jpg","datePublished":"2026-04-07T22:12:36+00:00","breadcrumb":{"@id":"https:\/\/loparus.com\/produktas\/komatsu-hb-215-lc-2\/#breadcrumb"},"inLanguage":"en-US","potentialAction":[{"@type":"ReadAction","target":["https:\/\/loparus.com\/produktas\/komatsu-hb-215-lc-2\/"]}]},{"@type":"ImageObject","inLanguage":"en-US","@id":"https:\/\/loparus.com\/produktas\/komatsu-hb-215-lc-2\/#primaryimage","url":"https:\/\/loparus.com\/wp-content\/uploads\/komatsu-hb-215-lc-2-ekskavatoriai.jpg","contentUrl":"https:\/\/loparus.com\/wp-content\/uploads\/komatsu-hb-215-lc-2-ekskavatoriai.jpg","width":1920,"height":1440,"caption":"KomatsuHB 215 LC-2"},{"@type":"BreadcrumbList","@id":"https:\/\/loparus.com\/produktas\/komatsu-hb-215-lc-2\/#breadcrumb","itemListElement":[{"@type":"ListItem","position":1,"name":"Home","item":"https:\/\/loparus.com\/en\/"},{"@type":"ListItem","position":2,"name":"Shop","item":"https:\/\/loparus.com\/en\/shop\/"},{"@type":"ListItem","position":3,"name":"Komatsu HB 215 LC-2"}]},{"@type":"WebSite","@id":"https:\/\/loparus.com\/#website","url":"https:\/\/loparus.com\/","name":"loparus.com","description":"Just another WordPress site","potentialAction":[{"@type":"SearchAction","target":{"@type":"EntryPoint","urlTemplate":"https:\/\/loparus.com\/?s={search_term_string}"},"query-input":{"@type":"PropertyValueSpecification","valueRequired":true,"valueName":"search_term_string"}}],"inLanguage":"en-US"}]}},"_links":{"self":[{"href":"https:\/\/loparus.com\/en\/wp-json\/wp\/v2\/product\/17440","targetHints":{"allow":["GET"]}}],"collection":[{"href":"https:\/\/loparus.com\/en\/wp-json\/wp\/v2\/product"}],"about":[{"href":"https:\/\/loparus.com\/en\/wp-json\/wp\/v2\/types\/product"}],"wp:featuredmedia":[{"embeddable":true,"href":"https:\/\/loparus.com\/en\/wp-json\/wp\/v2\/media\/12400"}],"wp:attachment":[{"href":"https:\/\/loparus.com\/en\/wp-json\/wp\/v2\/media?parent=17440"}],"wp:term":[{"taxonomy":"product_brand","embeddable":true,"href":"https:\/\/loparus.com\/en\/wp-json\/wp\/v2\/product_brand?post=17440"},{"taxonomy":"product_cat","embeddable":true,"href":"https:\/\/loparus.com\/en\/wp-json\/wp\/v2\/product_cat?post=17440"},{"taxonomy":"product_tag","embeddable":true,"href":"https:\/\/loparus.com\/en\/wp-json\/wp\/v2\/product_tag?post=17440"}],"curies":[{"name":"wp","href":"https:\/\/api.w.org\/{rel}","templated":true}]}}