{"id":17441,"date":"2026-04-08T01:12:42","date_gmt":"2026-04-07T22:12:42","guid":{"rendered":"https:\/\/loparus.com\/produktas\/merlo-p-60-10-k-6000-kg-10-m-2\/"},"modified":"2026-03-31T04:10:38","modified_gmt":"2026-03-31T01:10:38","slug":"merlo-p-60-10-k-6000-kg-10-m","status":"publish","type":"product","link":"https:\/\/loparus.com\/en\/product\/merlo-p-60-10-k-6000-kg-10-m\/","title":{"rendered":"Merlo P 60.10 K , 6000 kg 10 m"},"content":{"rendered":"<p>Merlo P 60.10 K<br \/>\n2005<br \/>\n9 680 kg<br \/>\nPerkins turbo 102 hp \/ 75 kw<br \/>\n6 701 m\/h<br \/>\n6 000 kg LIFT<br \/>\n10 METER arm<br \/>\nExtra hydraulic auxiliary lines<br \/>\nElectricity output<br \/>\nQuick hydraulic coupler<br \/>\nPallet forks<br \/>\nJoystick<br \/>\nTrailer hitch<br \/>\nOriginal paint<br \/>\nNot used in Lithuania<\/p>\n<p>Lietuvoje neeksploatuotas<br \/>\nGalimas keitimas \u012f j\u016bs\u0173 statybin\u0119 technik\u0105<\/p>\n<p>Si\u016blome LIZINGO sprendimus sunkiajai technikai tiek juridiniams, tiek fiziniams asmenims, bendradarbiaudami su patikimais partneriais ir sutvarkydami visus formalumus.<\/p>\n","protected":false},"excerpt":{"rendered":"<p>Merlo P 60.10 K 2005 9 680 kg Perkins turbo 102 hp \/ 75 kw 6 701 m\/h 6 000 kg LIFT 10 METER arm Extra hydraulic auxiliary lines Electricity output Quick hydraulic coupler Pallet forks Joystick Trailer hitch Original paint Not used in Lithuania Lietuvoje neeksploatuotas Galimas keitimas \u012f j\u016bs\u0173 statybin\u0119 technik\u0105 Si\u016blome LIZINGO [&hellip;]<\/p>\n","protected":false},"featured_media":12425,"template":"","meta":{"_et_pb_use_builder":"","_et_pb_old_content":"","_et_gb_content_width":""},"product_brand":[],"product_cat":[300,300,367,367],"product_tag":[],"class_list":{"0":"post-17441","1":"product","2":"type-product","3":"status-publish","4":"has-post-thumbnail","6":"product_cat-machinery-for-sale","8":"product_cat-telescopic-handler","11":"first","12":"instock","13":"purchasable","14":"product-type-simple"},"yoast_head":"<!-- This site is optimized with the Yoast SEO plugin v27.5 - https:\/\/yoast.com\/product\/yoast-seo-wordpress\/ -->\n<title>Merlo P 60.10 K , 6000 kg 10 m - loparus.com<\/title>\n<meta name=\"robots\" content=\"index, follow, max-snippet:-1, max-image-preview:large, max-video-preview:-1\" \/>\n<link rel=\"canonical\" href=\"https:\/\/loparus.com\/produktas\/merlo-p-60-10-k-6000-kg-10-m\/\" \/>\n<meta property=\"og:locale\" content=\"en_US\" \/>\n<meta property=\"og:type\" content=\"article\" \/>\n<meta property=\"og:title\" content=\"Merlo P 60.10 K , 6000 kg 10 m - loparus.com\" \/>\n<meta property=\"og:description\" content=\"Merlo P 60.10 K 2005 9 680 kg Perkins turbo 102 hp \/ 75 kw 6 701 m\/h 6 000 kg LIFT 10 METER arm Extra hydraulic auxiliary lines Electricity output Quick hydraulic coupler Pallet forks Joystick Trailer hitch Original paint Not used in Lithuania Lietuvoje neeksploatuotas Galimas keitimas \u012f j\u016bs\u0173 statybin\u0119 technik\u0105 Si\u016blome LIZINGO [&hellip;]\" \/>\n<meta property=\"og:url\" content=\"https:\/\/loparus.com\/produktas\/merlo-p-60-10-k-6000-kg-10-m\/\" \/>\n<meta property=\"og:site_name\" content=\"loparus.com\" \/>\n<meta property=\"og:image\" content=\"https:\/\/loparus.com\/wp-content\/uploads\/merlo-p-60-10-k-6000-kg-10-m-teleskopiniai-krautuvai.jpg\" \/>\n\t<meta property=\"og:image:width\" content=\"1600\" \/>\n\t<meta property=\"og:image:height\" content=\"1200\" \/>\n\t<meta property=\"og:image:type\" content=\"image\/jpeg\" \/>\n<meta name=\"twitter:card\" content=\"summary_large_image\" \/>\n<script type=\"application\/ld+json\" class=\"yoast-schema-graph\">{\"@context\":\"https:\\\/\\\/schema.org\",\"@graph\":[{\"@type\":\"WebPage\",\"@id\":\"https:\\\/\\\/loparus.com\\\/produktas\\\/merlo-p-60-10-k-6000-kg-10-m\\\/\",\"url\":\"https:\\\/\\\/loparus.com\\\/produktas\\\/merlo-p-60-10-k-6000-kg-10-m\\\/\",\"name\":\"Merlo P 60.10 K , 6000 kg 10 m - loparus.com\",\"isPartOf\":{\"@id\":\"https:\\\/\\\/loparus.com\\\/#website\"},\"primaryImageOfPage\":{\"@id\":\"https:\\\/\\\/loparus.com\\\/produktas\\\/merlo-p-60-10-k-6000-kg-10-m\\\/#primaryimage\"},\"image\":{\"@id\":\"https:\\\/\\\/loparus.com\\\/produktas\\\/merlo-p-60-10-k-6000-kg-10-m\\\/#primaryimage\"},\"thumbnailUrl\":\"https:\\\/\\\/loparus.com\\\/wp-content\\\/uploads\\\/merlo-p-60-10-k-6000-kg-10-m-teleskopiniai-krautuvai.jpg\",\"datePublished\":\"2026-04-07T22:12:42+00:00\",\"breadcrumb\":{\"@id\":\"https:\\\/\\\/loparus.com\\\/produktas\\\/merlo-p-60-10-k-6000-kg-10-m\\\/#breadcrumb\"},\"inLanguage\":\"en-US\",\"potentialAction\":[{\"@type\":\"ReadAction\",\"target\":[\"https:\\\/\\\/loparus.com\\\/produktas\\\/merlo-p-60-10-k-6000-kg-10-m\\\/\"]}]},{\"@type\":\"ImageObject\",\"inLanguage\":\"en-US\",\"@id\":\"https:\\\/\\\/loparus.com\\\/produktas\\\/merlo-p-60-10-k-6000-kg-10-m\\\/#primaryimage\",\"url\":\"https:\\\/\\\/loparus.com\\\/wp-content\\\/uploads\\\/merlo-p-60-10-k-6000-kg-10-m-teleskopiniai-krautuvai.jpg\",\"contentUrl\":\"https:\\\/\\\/loparus.com\\\/wp-content\\\/uploads\\\/merlo-p-60-10-k-6000-kg-10-m-teleskopiniai-krautuvai.jpg\",\"width\":1600,\"height\":1200,\"caption\":\"MerloP 60.10 K\"},{\"@type\":\"BreadcrumbList\",\"@id\":\"https:\\\/\\\/loparus.com\\\/produktas\\\/merlo-p-60-10-k-6000-kg-10-m\\\/#breadcrumb\",\"itemListElement\":[{\"@type\":\"ListItem\",\"position\":1,\"name\":\"Home\",\"item\":\"https:\\\/\\\/loparus.com\\\/en\\\/\"},{\"@type\":\"ListItem\",\"position\":2,\"name\":\"Shop\",\"item\":\"https:\\\/\\\/loparus.com\\\/en\\\/shop\\\/\"},{\"@type\":\"ListItem\",\"position\":3,\"name\":\"Merlo P 60.10 K , 6000 kg 10 m\"}]},{\"@type\":\"WebSite\",\"@id\":\"https:\\\/\\\/loparus.com\\\/#website\",\"url\":\"https:\\\/\\\/loparus.com\\\/\",\"name\":\"loparus.com\",\"description\":\"Just another WordPress site\",\"potentialAction\":[{\"@type\":\"SearchAction\",\"target\":{\"@type\":\"EntryPoint\",\"urlTemplate\":\"https:\\\/\\\/loparus.com\\\/?s={search_term_string}\"},\"query-input\":{\"@type\":\"PropertyValueSpecification\",\"valueRequired\":true,\"valueName\":\"search_term_string\"}}],\"inLanguage\":\"en-US\"}]}<\/script>\n<!-- \/ Yoast SEO plugin. -->","yoast_head_json":{"title":"Merlo P 60.10 K , 6000 kg 10 m - loparus.com","robots":{"index":"index","follow":"follow","max-snippet":"max-snippet:-1","max-image-preview":"max-image-preview:large","max-video-preview":"max-video-preview:-1"},"canonical":"https:\/\/loparus.com\/produktas\/merlo-p-60-10-k-6000-kg-10-m\/","og_locale":"en_US","og_type":"article","og_title":"Merlo P 60.10 K , 6000 kg 10 m - loparus.com","og_description":"Merlo P 60.10 K 2005 9 680 kg Perkins turbo 102 hp \/ 75 kw 6 701 m\/h 6 000 kg LIFT 10 METER arm Extra hydraulic auxiliary lines Electricity output Quick hydraulic coupler Pallet forks Joystick Trailer hitch Original paint Not used in Lithuania Lietuvoje neeksploatuotas Galimas keitimas \u012f j\u016bs\u0173 statybin\u0119 technik\u0105 Si\u016blome LIZINGO [&hellip;]","og_url":"https:\/\/loparus.com\/produktas\/merlo-p-60-10-k-6000-kg-10-m\/","og_site_name":"loparus.com","og_image":[{"width":1600,"height":1200,"url":"https:\/\/loparus.com\/wp-content\/uploads\/merlo-p-60-10-k-6000-kg-10-m-teleskopiniai-krautuvai.jpg","type":"image\/jpeg"}],"twitter_card":"summary_large_image","schema":{"@context":"https:\/\/schema.org","@graph":[{"@type":"WebPage","@id":"https:\/\/loparus.com\/produktas\/merlo-p-60-10-k-6000-kg-10-m\/","url":"https:\/\/loparus.com\/produktas\/merlo-p-60-10-k-6000-kg-10-m\/","name":"Merlo P 60.10 K , 6000 kg 10 m - loparus.com","isPartOf":{"@id":"https:\/\/loparus.com\/#website"},"primaryImageOfPage":{"@id":"https:\/\/loparus.com\/produktas\/merlo-p-60-10-k-6000-kg-10-m\/#primaryimage"},"image":{"@id":"https:\/\/loparus.com\/produktas\/merlo-p-60-10-k-6000-kg-10-m\/#primaryimage"},"thumbnailUrl":"https:\/\/loparus.com\/wp-content\/uploads\/merlo-p-60-10-k-6000-kg-10-m-teleskopiniai-krautuvai.jpg","datePublished":"2026-04-07T22:12:42+00:00","breadcrumb":{"@id":"https:\/\/loparus.com\/produktas\/merlo-p-60-10-k-6000-kg-10-m\/#breadcrumb"},"inLanguage":"en-US","potentialAction":[{"@type":"ReadAction","target":["https:\/\/loparus.com\/produktas\/merlo-p-60-10-k-6000-kg-10-m\/"]}]},{"@type":"ImageObject","inLanguage":"en-US","@id":"https:\/\/loparus.com\/produktas\/merlo-p-60-10-k-6000-kg-10-m\/#primaryimage","url":"https:\/\/loparus.com\/wp-content\/uploads\/merlo-p-60-10-k-6000-kg-10-m-teleskopiniai-krautuvai.jpg","contentUrl":"https:\/\/loparus.com\/wp-content\/uploads\/merlo-p-60-10-k-6000-kg-10-m-teleskopiniai-krautuvai.jpg","width":1600,"height":1200,"caption":"MerloP 60.10 K"},{"@type":"BreadcrumbList","@id":"https:\/\/loparus.com\/produktas\/merlo-p-60-10-k-6000-kg-10-m\/#breadcrumb","itemListElement":[{"@type":"ListItem","position":1,"name":"Home","item":"https:\/\/loparus.com\/en\/"},{"@type":"ListItem","position":2,"name":"Shop","item":"https:\/\/loparus.com\/en\/shop\/"},{"@type":"ListItem","position":3,"name":"Merlo P 60.10 K , 6000 kg 10 m"}]},{"@type":"WebSite","@id":"https:\/\/loparus.com\/#website","url":"https:\/\/loparus.com\/","name":"loparus.com","description":"Just another WordPress site","potentialAction":[{"@type":"SearchAction","target":{"@type":"EntryPoint","urlTemplate":"https:\/\/loparus.com\/?s={search_term_string}"},"query-input":{"@type":"PropertyValueSpecification","valueRequired":true,"valueName":"search_term_string"}}],"inLanguage":"en-US"}]}},"_links":{"self":[{"href":"https:\/\/loparus.com\/en\/wp-json\/wp\/v2\/product\/17441","targetHints":{"allow":["GET"]}}],"collection":[{"href":"https:\/\/loparus.com\/en\/wp-json\/wp\/v2\/product"}],"about":[{"href":"https:\/\/loparus.com\/en\/wp-json\/wp\/v2\/types\/product"}],"wp:featuredmedia":[{"embeddable":true,"href":"https:\/\/loparus.com\/en\/wp-json\/wp\/v2\/media\/12425"}],"wp:attachment":[{"href":"https:\/\/loparus.com\/en\/wp-json\/wp\/v2\/media?parent=17441"}],"wp:term":[{"taxonomy":"product_brand","embeddable":true,"href":"https:\/\/loparus.com\/en\/wp-json\/wp\/v2\/product_brand?post=17441"},{"taxonomy":"product_cat","embeddable":true,"href":"https:\/\/loparus.com\/en\/wp-json\/wp\/v2\/product_cat?post=17441"},{"taxonomy":"product_tag","embeddable":true,"href":"https:\/\/loparus.com\/en\/wp-json\/wp\/v2\/product_tag?post=17441"}],"curies":[{"name":"wp","href":"https:\/\/api.w.org\/{rel}","templated":true}]}}