{"id":17442,"date":"2026-04-08T01:12:48","date_gmt":"2026-04-07T22:12:48","guid":{"rendered":"https:\/\/loparus.com\/produktas\/hitachi-zx-180-lc-5-b-hydraulic-thumb-2\/"},"modified":"2026-03-31T04:10:42","modified_gmt":"2026-03-31T01:10:42","slug":"hitachi-zx-180-lc-5-b-hydraulic-thumb","status":"publish","type":"product","link":"https:\/\/loparus.com\/en\/product\/hitachi-zx-180-lc-5-b-hydraulic-thumb\/","title":{"rendered":"Hitachi ZX 180 LC-5 B ,Hydraulic Thumb"},"content":{"rendered":"<p>Hitachi ZX 180 LC-5B<br \/>\n2014<br \/>\n19 400 kg<br \/>\n122 hp \/ 90 kw<br \/>\n7 682 m\/h<br \/>\nHydraulic thumb<br \/>\nQuick coupler NTP with TILT<br \/>\nUniversal bucket<br \/>\nExtra hydraulic auxiliary lines<br \/>\nCentral lubrication system<br \/>\n800 mm tracks<br \/>\nOriginal paint<br \/>\nBack view camera<br \/>\nAC<br \/>\nCE<br \/>\nGood working condition<br \/>\nNot used in Lithuania<\/p>\n<p>Video link: https:\/\/youtu.be\/kbJX4XWEK4I<\/p>\n<p>Transport dimensions:<br \/>\nLength 9,06m<br \/>\nWidth 3,02m<br \/>\nHeight 3,20m<br \/>\nTrack width 0,80m<\/p>\n<p>Lietuvoje neeksploatuotas , gero stovio pla\u010diavik\u0161ris ekskavatorius<br \/>\nGalimas keitimas \u012f j\u016bs\u0173 statybin\u0119 technik\u0105<\/p>\n<p>Si\u016blome LIZINGO sprendimus sunkiajai technikai tiek juridiniams, tiek fiziniams asmenims, bendradarbiaudami su patikimais partneriais ir sutvarkydami visus formalumus.<\/p>\n","protected":false},"excerpt":{"rendered":"<p>Hitachi ZX 180 LC-5B 2014 19 400 kg 122 hp \/ 90 kw 7 682 m\/h Hydraulic thumb Quick coupler NTP with TILT Universal bucket Extra hydraulic auxiliary lines Central lubrication system 800 mm tracks Original paint Back view camera AC CE Good working condition Not used in Lithuania Video link: https:\/\/youtu.be\/kbJX4XWEK4I Transport dimensions: Length [&hellip;]<\/p>\n","protected":false},"featured_media":12448,"template":"","meta":{"_et_pb_use_builder":"","_et_pb_old_content":"","_et_gb_content_width":""},"product_brand":[],"product_cat":[57,345,300,39],"product_tag":[],"class_list":{"0":"post-17442","1":"product","2":"type-product","3":"status-publish","4":"has-post-thumbnail","6":"product_cat-ekskavatoriai","7":"product_cat-excavators","8":"product_cat-machinery-for-sale","9":"product_cat-parduodama-technika","11":"first","12":"instock","13":"purchasable","14":"product-type-simple"},"yoast_head":"<!-- This site is optimized with the Yoast SEO plugin v27.5 - https:\/\/yoast.com\/product\/yoast-seo-wordpress\/ -->\n<title>Hitachi ZX 180 LC-5 B ,Hydraulic Thumb - loparus.com<\/title>\n<meta name=\"robots\" content=\"index, follow, max-snippet:-1, max-image-preview:large, max-video-preview:-1\" \/>\n<link rel=\"canonical\" href=\"https:\/\/loparus.com\/produktas\/hitachi-zx-180-lc-5-b-hydraulic-thumb\/\" \/>\n<meta property=\"og:locale\" content=\"en_US\" \/>\n<meta property=\"og:type\" content=\"article\" \/>\n<meta property=\"og:title\" content=\"Hitachi ZX 180 LC-5 B ,Hydraulic Thumb - loparus.com\" \/>\n<meta property=\"og:description\" content=\"Hitachi ZX 180 LC-5B 2014 19 400 kg 122 hp \/ 90 kw 7 682 m\/h Hydraulic thumb Quick coupler NTP with TILT Universal bucket Extra hydraulic auxiliary lines Central lubrication system 800 mm tracks Original paint Back view camera AC CE Good working condition Not used in Lithuania Video link: https:\/\/youtu.be\/kbJX4XWEK4I Transport dimensions: Length [&hellip;]\" \/>\n<meta property=\"og:url\" content=\"https:\/\/loparus.com\/produktas\/hitachi-zx-180-lc-5-b-hydraulic-thumb\/\" \/>\n<meta property=\"og:site_name\" content=\"loparus.com\" \/>\n<meta property=\"og:image\" content=\"https:\/\/loparus.com\/wp-content\/uploads\/hitachi-zx-180-lc-5-b-hydraulic-thumb-ekskavatoriai.jpg\" \/>\n\t<meta property=\"og:image:width\" content=\"1600\" \/>\n\t<meta property=\"og:image:height\" content=\"1200\" \/>\n\t<meta property=\"og:image:type\" content=\"image\/jpeg\" \/>\n<meta name=\"twitter:card\" content=\"summary_large_image\" \/>\n<script type=\"application\/ld+json\" class=\"yoast-schema-graph\">{\"@context\":\"https:\\\/\\\/schema.org\",\"@graph\":[{\"@type\":\"WebPage\",\"@id\":\"https:\\\/\\\/loparus.com\\\/produktas\\\/hitachi-zx-180-lc-5-b-hydraulic-thumb\\\/\",\"url\":\"https:\\\/\\\/loparus.com\\\/produktas\\\/hitachi-zx-180-lc-5-b-hydraulic-thumb\\\/\",\"name\":\"Hitachi ZX 180 LC-5 B ,Hydraulic Thumb - loparus.com\",\"isPartOf\":{\"@id\":\"https:\\\/\\\/loparus.com\\\/#website\"},\"primaryImageOfPage\":{\"@id\":\"https:\\\/\\\/loparus.com\\\/produktas\\\/hitachi-zx-180-lc-5-b-hydraulic-thumb\\\/#primaryimage\"},\"image\":{\"@id\":\"https:\\\/\\\/loparus.com\\\/produktas\\\/hitachi-zx-180-lc-5-b-hydraulic-thumb\\\/#primaryimage\"},\"thumbnailUrl\":\"https:\\\/\\\/loparus.com\\\/wp-content\\\/uploads\\\/hitachi-zx-180-lc-5-b-hydraulic-thumb-ekskavatoriai.jpg\",\"datePublished\":\"2026-04-07T22:12:48+00:00\",\"breadcrumb\":{\"@id\":\"https:\\\/\\\/loparus.com\\\/produktas\\\/hitachi-zx-180-lc-5-b-hydraulic-thumb\\\/#breadcrumb\"},\"inLanguage\":\"en-US\",\"potentialAction\":[{\"@type\":\"ReadAction\",\"target\":[\"https:\\\/\\\/loparus.com\\\/produktas\\\/hitachi-zx-180-lc-5-b-hydraulic-thumb\\\/\"]}]},{\"@type\":\"ImageObject\",\"inLanguage\":\"en-US\",\"@id\":\"https:\\\/\\\/loparus.com\\\/produktas\\\/hitachi-zx-180-lc-5-b-hydraulic-thumb\\\/#primaryimage\",\"url\":\"https:\\\/\\\/loparus.com\\\/wp-content\\\/uploads\\\/hitachi-zx-180-lc-5-b-hydraulic-thumb-ekskavatoriai.jpg\",\"contentUrl\":\"https:\\\/\\\/loparus.com\\\/wp-content\\\/uploads\\\/hitachi-zx-180-lc-5-b-hydraulic-thumb-ekskavatoriai.jpg\",\"width\":1600,\"height\":1200,\"caption\":\"HitachiZX 180 LC-5 B\"},{\"@type\":\"BreadcrumbList\",\"@id\":\"https:\\\/\\\/loparus.com\\\/produktas\\\/hitachi-zx-180-lc-5-b-hydraulic-thumb\\\/#breadcrumb\",\"itemListElement\":[{\"@type\":\"ListItem\",\"position\":1,\"name\":\"Home\",\"item\":\"https:\\\/\\\/loparus.com\\\/en\\\/\"},{\"@type\":\"ListItem\",\"position\":2,\"name\":\"Shop\",\"item\":\"https:\\\/\\\/loparus.com\\\/en\\\/shop\\\/\"},{\"@type\":\"ListItem\",\"position\":3,\"name\":\"Hitachi ZX 180 LC-5 B ,Hydraulic Thumb\"}]},{\"@type\":\"WebSite\",\"@id\":\"https:\\\/\\\/loparus.com\\\/#website\",\"url\":\"https:\\\/\\\/loparus.com\\\/\",\"name\":\"loparus.com\",\"description\":\"Just another WordPress site\",\"potentialAction\":[{\"@type\":\"SearchAction\",\"target\":{\"@type\":\"EntryPoint\",\"urlTemplate\":\"https:\\\/\\\/loparus.com\\\/?s={search_term_string}\"},\"query-input\":{\"@type\":\"PropertyValueSpecification\",\"valueRequired\":true,\"valueName\":\"search_term_string\"}}],\"inLanguage\":\"en-US\"}]}<\/script>\n<!-- \/ Yoast SEO plugin. -->","yoast_head_json":{"title":"Hitachi ZX 180 LC-5 B ,Hydraulic Thumb - loparus.com","robots":{"index":"index","follow":"follow","max-snippet":"max-snippet:-1","max-image-preview":"max-image-preview:large","max-video-preview":"max-video-preview:-1"},"canonical":"https:\/\/loparus.com\/produktas\/hitachi-zx-180-lc-5-b-hydraulic-thumb\/","og_locale":"en_US","og_type":"article","og_title":"Hitachi ZX 180 LC-5 B ,Hydraulic Thumb - loparus.com","og_description":"Hitachi ZX 180 LC-5B 2014 19 400 kg 122 hp \/ 90 kw 7 682 m\/h Hydraulic thumb Quick coupler NTP with TILT Universal bucket Extra hydraulic auxiliary lines Central lubrication system 800 mm tracks Original paint Back view camera AC CE Good working condition Not used in Lithuania Video link: https:\/\/youtu.be\/kbJX4XWEK4I Transport dimensions: Length [&hellip;]","og_url":"https:\/\/loparus.com\/produktas\/hitachi-zx-180-lc-5-b-hydraulic-thumb\/","og_site_name":"loparus.com","og_image":[{"width":1600,"height":1200,"url":"https:\/\/loparus.com\/wp-content\/uploads\/hitachi-zx-180-lc-5-b-hydraulic-thumb-ekskavatoriai.jpg","type":"image\/jpeg"}],"twitter_card":"summary_large_image","schema":{"@context":"https:\/\/schema.org","@graph":[{"@type":"WebPage","@id":"https:\/\/loparus.com\/produktas\/hitachi-zx-180-lc-5-b-hydraulic-thumb\/","url":"https:\/\/loparus.com\/produktas\/hitachi-zx-180-lc-5-b-hydraulic-thumb\/","name":"Hitachi ZX 180 LC-5 B ,Hydraulic Thumb - loparus.com","isPartOf":{"@id":"https:\/\/loparus.com\/#website"},"primaryImageOfPage":{"@id":"https:\/\/loparus.com\/produktas\/hitachi-zx-180-lc-5-b-hydraulic-thumb\/#primaryimage"},"image":{"@id":"https:\/\/loparus.com\/produktas\/hitachi-zx-180-lc-5-b-hydraulic-thumb\/#primaryimage"},"thumbnailUrl":"https:\/\/loparus.com\/wp-content\/uploads\/hitachi-zx-180-lc-5-b-hydraulic-thumb-ekskavatoriai.jpg","datePublished":"2026-04-07T22:12:48+00:00","breadcrumb":{"@id":"https:\/\/loparus.com\/produktas\/hitachi-zx-180-lc-5-b-hydraulic-thumb\/#breadcrumb"},"inLanguage":"en-US","potentialAction":[{"@type":"ReadAction","target":["https:\/\/loparus.com\/produktas\/hitachi-zx-180-lc-5-b-hydraulic-thumb\/"]}]},{"@type":"ImageObject","inLanguage":"en-US","@id":"https:\/\/loparus.com\/produktas\/hitachi-zx-180-lc-5-b-hydraulic-thumb\/#primaryimage","url":"https:\/\/loparus.com\/wp-content\/uploads\/hitachi-zx-180-lc-5-b-hydraulic-thumb-ekskavatoriai.jpg","contentUrl":"https:\/\/loparus.com\/wp-content\/uploads\/hitachi-zx-180-lc-5-b-hydraulic-thumb-ekskavatoriai.jpg","width":1600,"height":1200,"caption":"HitachiZX 180 LC-5 B"},{"@type":"BreadcrumbList","@id":"https:\/\/loparus.com\/produktas\/hitachi-zx-180-lc-5-b-hydraulic-thumb\/#breadcrumb","itemListElement":[{"@type":"ListItem","position":1,"name":"Home","item":"https:\/\/loparus.com\/en\/"},{"@type":"ListItem","position":2,"name":"Shop","item":"https:\/\/loparus.com\/en\/shop\/"},{"@type":"ListItem","position":3,"name":"Hitachi ZX 180 LC-5 B ,Hydraulic Thumb"}]},{"@type":"WebSite","@id":"https:\/\/loparus.com\/#website","url":"https:\/\/loparus.com\/","name":"loparus.com","description":"Just another WordPress site","potentialAction":[{"@type":"SearchAction","target":{"@type":"EntryPoint","urlTemplate":"https:\/\/loparus.com\/?s={search_term_string}"},"query-input":{"@type":"PropertyValueSpecification","valueRequired":true,"valueName":"search_term_string"}}],"inLanguage":"en-US"}]}},"_links":{"self":[{"href":"https:\/\/loparus.com\/en\/wp-json\/wp\/v2\/product\/17442","targetHints":{"allow":["GET"]}}],"collection":[{"href":"https:\/\/loparus.com\/en\/wp-json\/wp\/v2\/product"}],"about":[{"href":"https:\/\/loparus.com\/en\/wp-json\/wp\/v2\/types\/product"}],"wp:featuredmedia":[{"embeddable":true,"href":"https:\/\/loparus.com\/en\/wp-json\/wp\/v2\/media\/12448"}],"wp:attachment":[{"href":"https:\/\/loparus.com\/en\/wp-json\/wp\/v2\/media?parent=17442"}],"wp:term":[{"taxonomy":"product_brand","embeddable":true,"href":"https:\/\/loparus.com\/en\/wp-json\/wp\/v2\/product_brand?post=17442"},{"taxonomy":"product_cat","embeddable":true,"href":"https:\/\/loparus.com\/en\/wp-json\/wp\/v2\/product_cat?post=17442"},{"taxonomy":"product_tag","embeddable":true,"href":"https:\/\/loparus.com\/en\/wp-json\/wp\/v2\/product_tag?post=17442"}],"curies":[{"name":"wp","href":"https:\/\/api.w.org\/{rel}","templated":true}]}}