{"id":17443,"date":"2026-04-08T01:12:54","date_gmt":"2026-04-07T22:12:54","guid":{"rendered":"https:\/\/loparus.com\/produktas\/hyundai-robex-210-lc-9-2\/"},"modified":"2026-03-31T04:10:49","modified_gmt":"2026-03-31T01:10:49","slug":"hyundai-robex-210-lc-9","status":"publish","type":"product","link":"https:\/\/loparus.com\/en\/product\/hyundai-robex-210-lc-9\/","title":{"rendered":"Hyundai Robex 210 LC-9"},"content":{"rendered":"<p>Hyundai Robex 210 LC-9<br \/>\n2011<br \/>\n22 250 kg<br \/>\n145 hp \/ 107 kw<br \/>\nExtra hydraulic auxiliary lines<br \/>\nHydraulic quick coupler<br \/>\nDigging bucket<br \/>\n700 mm track pads<br \/>\nOriginal paint<br \/>\nBack view camera<br \/>\nAC<br \/>\nCE<br \/>\nGood working condition<\/p>\n<p>Galimas keitimas \u012f j\u016bs\u0173 statybin\u0119 technik\u0105<\/p>\n<p>Si\u016blome LIZINGO sprendimus sunkiajai technikai tiek juridiniams, tiek fiziniams asmenims, bendradarbiaudami su patikimais partneriais ir sutvarkydami visus formalumus.<\/p>\n","protected":false},"excerpt":{"rendered":"<p>Hyundai Robex 210 LC-9 2011 22 250 kg 145 hp \/ 107 kw Extra hydraulic auxiliary lines Hydraulic quick coupler Digging bucket 700 mm track pads Original paint Back view camera AC CE Good working condition Galimas keitimas \u012f j\u016bs\u0173 statybin\u0119 technik\u0105 Si\u016blome LIZINGO sprendimus sunkiajai technikai tiek juridiniams, tiek fiziniams asmenims, bendradarbiaudami su patikimais [&hellip;]<\/p>\n","protected":false},"featured_media":12476,"template":"","meta":{"_et_pb_use_builder":"","_et_pb_old_content":"","_et_gb_content_width":""},"product_brand":[],"product_cat":[345,345,300,300],"product_tag":[],"class_list":{"0":"post-17443","1":"product","2":"type-product","3":"status-publish","4":"has-post-thumbnail","6":"product_cat-excavators","8":"product_cat-machinery-for-sale","11":"first","12":"instock","13":"purchasable","14":"product-type-simple"},"yoast_head":"<!-- This site is optimized with the Yoast SEO plugin v27.5 - https:\/\/yoast.com\/product\/yoast-seo-wordpress\/ -->\n<title>Hyundai Robex 210 LC-9 - loparus.com<\/title>\n<meta name=\"robots\" content=\"index, follow, max-snippet:-1, max-image-preview:large, max-video-preview:-1\" \/>\n<link rel=\"canonical\" href=\"https:\/\/loparus.com\/produktas\/hyundai-robex-210-lc-9\/\" \/>\n<meta property=\"og:locale\" content=\"en_US\" \/>\n<meta property=\"og:type\" content=\"article\" \/>\n<meta property=\"og:title\" content=\"Hyundai Robex 210 LC-9 - loparus.com\" \/>\n<meta property=\"og:description\" content=\"Hyundai Robex 210 LC-9 2011 22 250 kg 145 hp \/ 107 kw Extra hydraulic auxiliary lines Hydraulic quick coupler Digging bucket 700 mm track pads Original paint Back view camera AC CE Good working condition Galimas keitimas \u012f j\u016bs\u0173 statybin\u0119 technik\u0105 Si\u016blome LIZINGO sprendimus sunkiajai technikai tiek juridiniams, tiek fiziniams asmenims, bendradarbiaudami su patikimais [&hellip;]\" \/>\n<meta property=\"og:url\" content=\"https:\/\/loparus.com\/produktas\/hyundai-robex-210-lc-9\/\" \/>\n<meta property=\"og:site_name\" content=\"loparus.com\" \/>\n<meta property=\"og:image\" content=\"https:\/\/loparus.com\/wp-content\/uploads\/hyundai-robex-210-lc-9-ekskavatoriai.jpg\" \/>\n\t<meta property=\"og:image:width\" content=\"1920\" \/>\n\t<meta property=\"og:image:height\" content=\"1440\" \/>\n\t<meta property=\"og:image:type\" content=\"image\/jpeg\" \/>\n<meta name=\"twitter:card\" content=\"summary_large_image\" \/>\n<script type=\"application\/ld+json\" class=\"yoast-schema-graph\">{\"@context\":\"https:\\\/\\\/schema.org\",\"@graph\":[{\"@type\":\"WebPage\",\"@id\":\"https:\\\/\\\/loparus.com\\\/produktas\\\/hyundai-robex-210-lc-9\\\/\",\"url\":\"https:\\\/\\\/loparus.com\\\/produktas\\\/hyundai-robex-210-lc-9\\\/\",\"name\":\"Hyundai Robex 210 LC-9 - loparus.com\",\"isPartOf\":{\"@id\":\"https:\\\/\\\/loparus.com\\\/#website\"},\"primaryImageOfPage\":{\"@id\":\"https:\\\/\\\/loparus.com\\\/produktas\\\/hyundai-robex-210-lc-9\\\/#primaryimage\"},\"image\":{\"@id\":\"https:\\\/\\\/loparus.com\\\/produktas\\\/hyundai-robex-210-lc-9\\\/#primaryimage\"},\"thumbnailUrl\":\"https:\\\/\\\/loparus.com\\\/wp-content\\\/uploads\\\/hyundai-robex-210-lc-9-ekskavatoriai.jpg\",\"datePublished\":\"2026-04-07T22:12:54+00:00\",\"breadcrumb\":{\"@id\":\"https:\\\/\\\/loparus.com\\\/produktas\\\/hyundai-robex-210-lc-9\\\/#breadcrumb\"},\"inLanguage\":\"en-US\",\"potentialAction\":[{\"@type\":\"ReadAction\",\"target\":[\"https:\\\/\\\/loparus.com\\\/produktas\\\/hyundai-robex-210-lc-9\\\/\"]}]},{\"@type\":\"ImageObject\",\"inLanguage\":\"en-US\",\"@id\":\"https:\\\/\\\/loparus.com\\\/produktas\\\/hyundai-robex-210-lc-9\\\/#primaryimage\",\"url\":\"https:\\\/\\\/loparus.com\\\/wp-content\\\/uploads\\\/hyundai-robex-210-lc-9-ekskavatoriai.jpg\",\"contentUrl\":\"https:\\\/\\\/loparus.com\\\/wp-content\\\/uploads\\\/hyundai-robex-210-lc-9-ekskavatoriai.jpg\",\"width\":1920,\"height\":1440,\"caption\":\"HyundaiRobex 210 LC-9\"},{\"@type\":\"BreadcrumbList\",\"@id\":\"https:\\\/\\\/loparus.com\\\/produktas\\\/hyundai-robex-210-lc-9\\\/#breadcrumb\",\"itemListElement\":[{\"@type\":\"ListItem\",\"position\":1,\"name\":\"Home\",\"item\":\"https:\\\/\\\/loparus.com\\\/en\\\/\"},{\"@type\":\"ListItem\",\"position\":2,\"name\":\"Shop\",\"item\":\"https:\\\/\\\/loparus.com\\\/en\\\/shop\\\/\"},{\"@type\":\"ListItem\",\"position\":3,\"name\":\"Hyundai Robex 210 LC-9\"}]},{\"@type\":\"WebSite\",\"@id\":\"https:\\\/\\\/loparus.com\\\/#website\",\"url\":\"https:\\\/\\\/loparus.com\\\/\",\"name\":\"loparus.com\",\"description\":\"Just another WordPress site\",\"potentialAction\":[{\"@type\":\"SearchAction\",\"target\":{\"@type\":\"EntryPoint\",\"urlTemplate\":\"https:\\\/\\\/loparus.com\\\/?s={search_term_string}\"},\"query-input\":{\"@type\":\"PropertyValueSpecification\",\"valueRequired\":true,\"valueName\":\"search_term_string\"}}],\"inLanguage\":\"en-US\"}]}<\/script>\n<!-- \/ Yoast SEO plugin. -->","yoast_head_json":{"title":"Hyundai Robex 210 LC-9 - loparus.com","robots":{"index":"index","follow":"follow","max-snippet":"max-snippet:-1","max-image-preview":"max-image-preview:large","max-video-preview":"max-video-preview:-1"},"canonical":"https:\/\/loparus.com\/produktas\/hyundai-robex-210-lc-9\/","og_locale":"en_US","og_type":"article","og_title":"Hyundai Robex 210 LC-9 - loparus.com","og_description":"Hyundai Robex 210 LC-9 2011 22 250 kg 145 hp \/ 107 kw Extra hydraulic auxiliary lines Hydraulic quick coupler Digging bucket 700 mm track pads Original paint Back view camera AC CE Good working condition Galimas keitimas \u012f j\u016bs\u0173 statybin\u0119 technik\u0105 Si\u016blome LIZINGO sprendimus sunkiajai technikai tiek juridiniams, tiek fiziniams asmenims, bendradarbiaudami su patikimais [&hellip;]","og_url":"https:\/\/loparus.com\/produktas\/hyundai-robex-210-lc-9\/","og_site_name":"loparus.com","og_image":[{"width":1920,"height":1440,"url":"https:\/\/loparus.com\/wp-content\/uploads\/hyundai-robex-210-lc-9-ekskavatoriai.jpg","type":"image\/jpeg"}],"twitter_card":"summary_large_image","schema":{"@context":"https:\/\/schema.org","@graph":[{"@type":"WebPage","@id":"https:\/\/loparus.com\/produktas\/hyundai-robex-210-lc-9\/","url":"https:\/\/loparus.com\/produktas\/hyundai-robex-210-lc-9\/","name":"Hyundai Robex 210 LC-9 - loparus.com","isPartOf":{"@id":"https:\/\/loparus.com\/#website"},"primaryImageOfPage":{"@id":"https:\/\/loparus.com\/produktas\/hyundai-robex-210-lc-9\/#primaryimage"},"image":{"@id":"https:\/\/loparus.com\/produktas\/hyundai-robex-210-lc-9\/#primaryimage"},"thumbnailUrl":"https:\/\/loparus.com\/wp-content\/uploads\/hyundai-robex-210-lc-9-ekskavatoriai.jpg","datePublished":"2026-04-07T22:12:54+00:00","breadcrumb":{"@id":"https:\/\/loparus.com\/produktas\/hyundai-robex-210-lc-9\/#breadcrumb"},"inLanguage":"en-US","potentialAction":[{"@type":"ReadAction","target":["https:\/\/loparus.com\/produktas\/hyundai-robex-210-lc-9\/"]}]},{"@type":"ImageObject","inLanguage":"en-US","@id":"https:\/\/loparus.com\/produktas\/hyundai-robex-210-lc-9\/#primaryimage","url":"https:\/\/loparus.com\/wp-content\/uploads\/hyundai-robex-210-lc-9-ekskavatoriai.jpg","contentUrl":"https:\/\/loparus.com\/wp-content\/uploads\/hyundai-robex-210-lc-9-ekskavatoriai.jpg","width":1920,"height":1440,"caption":"HyundaiRobex 210 LC-9"},{"@type":"BreadcrumbList","@id":"https:\/\/loparus.com\/produktas\/hyundai-robex-210-lc-9\/#breadcrumb","itemListElement":[{"@type":"ListItem","position":1,"name":"Home","item":"https:\/\/loparus.com\/en\/"},{"@type":"ListItem","position":2,"name":"Shop","item":"https:\/\/loparus.com\/en\/shop\/"},{"@type":"ListItem","position":3,"name":"Hyundai Robex 210 LC-9"}]},{"@type":"WebSite","@id":"https:\/\/loparus.com\/#website","url":"https:\/\/loparus.com\/","name":"loparus.com","description":"Just another WordPress site","potentialAction":[{"@type":"SearchAction","target":{"@type":"EntryPoint","urlTemplate":"https:\/\/loparus.com\/?s={search_term_string}"},"query-input":{"@type":"PropertyValueSpecification","valueRequired":true,"valueName":"search_term_string"}}],"inLanguage":"en-US"}]}},"_links":{"self":[{"href":"https:\/\/loparus.com\/en\/wp-json\/wp\/v2\/product\/17443","targetHints":{"allow":["GET"]}}],"collection":[{"href":"https:\/\/loparus.com\/en\/wp-json\/wp\/v2\/product"}],"about":[{"href":"https:\/\/loparus.com\/en\/wp-json\/wp\/v2\/types\/product"}],"wp:featuredmedia":[{"embeddable":true,"href":"https:\/\/loparus.com\/en\/wp-json\/wp\/v2\/media\/12476"}],"wp:attachment":[{"href":"https:\/\/loparus.com\/en\/wp-json\/wp\/v2\/media?parent=17443"}],"wp:term":[{"taxonomy":"product_brand","embeddable":true,"href":"https:\/\/loparus.com\/en\/wp-json\/wp\/v2\/product_brand?post=17443"},{"taxonomy":"product_cat","embeddable":true,"href":"https:\/\/loparus.com\/en\/wp-json\/wp\/v2\/product_cat?post=17443"},{"taxonomy":"product_tag","embeddable":true,"href":"https:\/\/loparus.com\/en\/wp-json\/wp\/v2\/product_tag?post=17443"}],"curies":[{"name":"wp","href":"https:\/\/api.w.org\/{rel}","templated":true}]}}