{"id":17444,"date":"2026-04-08T01:13:02","date_gmt":"2026-04-07T22:13:02","guid":{"rendered":"https:\/\/loparus.com\/produktas\/new-holland-e-215-b-lc-2\/"},"modified":"2026-03-31T04:10:55","modified_gmt":"2026-03-31T01:10:55","slug":"new-holland-e-215-b-lc","status":"publish","type":"product","link":"https:\/\/loparus.com\/en\/product\/new-holland-e-215-b-lc\/","title":{"rendered":"New Holland E 215 B LC"},"content":{"rendered":"<p>New Holland E 215 B LC<br \/>\n2011<br \/>\n22 320 kg<br \/>\n160 hp \/ 118 kw<br \/>\n7 323 m\/h<br \/>\nExtra hydraulic auxiliary lines<br \/>\nDigging bucket<br \/>\n700 mm track pads<br \/>\nAC<br \/>\nCE<br \/>\nWorking unit<\/p>\n<p>Galimas keitimas \u012f j\u016bs\u0173 statybin\u0119 technik\u0105<\/p>\n<p>Si\u016blome LIZINGO sprendimus sunkiajai technikai tiek juridiniams, tiek fiziniams asmenims, bendradarbiaudami su patikimais partneriais ir sutvarkydami visus formalumus.<\/p>\n","protected":false},"excerpt":{"rendered":"<p>New Holland E 215 B LC 2011 22 320 kg 160 hp \/ 118 kw 7 323 m\/h Extra hydraulic auxiliary lines Digging bucket 700 mm track pads AC CE Working unit Galimas keitimas \u012f j\u016bs\u0173 statybin\u0119 technik\u0105 Si\u016blome LIZINGO sprendimus sunkiajai technikai tiek juridiniams, tiek fiziniams asmenims, bendradarbiaudami su patikimais partneriais ir sutvarkydami visus [&hellip;]<\/p>\n","protected":false},"featured_media":12503,"template":"","meta":{"_et_pb_use_builder":"","_et_pb_old_content":"","_et_gb_content_width":""},"product_brand":[],"product_cat":[345,345,300,300],"product_tag":[],"class_list":{"0":"post-17444","1":"product","2":"type-product","3":"status-publish","4":"has-post-thumbnail","6":"product_cat-excavators","8":"product_cat-machinery-for-sale","11":"first","12":"instock","13":"purchasable","14":"product-type-simple"},"yoast_head":"<!-- This site is optimized with the Yoast SEO plugin v27.5 - https:\/\/yoast.com\/product\/yoast-seo-wordpress\/ -->\n<title>New Holland E 215 B LC - loparus.com<\/title>\n<meta name=\"robots\" content=\"index, follow, max-snippet:-1, max-image-preview:large, max-video-preview:-1\" \/>\n<link rel=\"canonical\" href=\"https:\/\/loparus.com\/produktas\/new-holland-e-215-b-lc\/\" \/>\n<meta property=\"og:locale\" content=\"en_US\" \/>\n<meta property=\"og:type\" content=\"article\" \/>\n<meta property=\"og:title\" content=\"New Holland E 215 B LC - loparus.com\" \/>\n<meta property=\"og:description\" content=\"New Holland E 215 B LC 2011 22 320 kg 160 hp \/ 118 kw 7 323 m\/h Extra hydraulic auxiliary lines Digging bucket 700 mm track pads AC CE Working unit Galimas keitimas \u012f j\u016bs\u0173 statybin\u0119 technik\u0105 Si\u016blome LIZINGO sprendimus sunkiajai technikai tiek juridiniams, tiek fiziniams asmenims, bendradarbiaudami su patikimais partneriais ir sutvarkydami visus [&hellip;]\" \/>\n<meta property=\"og:url\" content=\"https:\/\/loparus.com\/produktas\/new-holland-e-215-b-lc\/\" \/>\n<meta property=\"og:site_name\" content=\"loparus.com\" \/>\n<meta property=\"og:image\" content=\"https:\/\/loparus.com\/wp-content\/uploads\/new-holland-e-215-b-lc-ekskavatoriai.jpg\" \/>\n\t<meta property=\"og:image:width\" content=\"1600\" \/>\n\t<meta property=\"og:image:height\" content=\"1200\" \/>\n\t<meta property=\"og:image:type\" content=\"image\/jpeg\" \/>\n<meta name=\"twitter:card\" content=\"summary_large_image\" \/>\n<script type=\"application\/ld+json\" class=\"yoast-schema-graph\">{\"@context\":\"https:\\\/\\\/schema.org\",\"@graph\":[{\"@type\":\"WebPage\",\"@id\":\"https:\\\/\\\/loparus.com\\\/produktas\\\/new-holland-e-215-b-lc\\\/\",\"url\":\"https:\\\/\\\/loparus.com\\\/produktas\\\/new-holland-e-215-b-lc\\\/\",\"name\":\"New Holland E 215 B LC - loparus.com\",\"isPartOf\":{\"@id\":\"https:\\\/\\\/loparus.com\\\/#website\"},\"primaryImageOfPage\":{\"@id\":\"https:\\\/\\\/loparus.com\\\/produktas\\\/new-holland-e-215-b-lc\\\/#primaryimage\"},\"image\":{\"@id\":\"https:\\\/\\\/loparus.com\\\/produktas\\\/new-holland-e-215-b-lc\\\/#primaryimage\"},\"thumbnailUrl\":\"https:\\\/\\\/loparus.com\\\/wp-content\\\/uploads\\\/new-holland-e-215-b-lc-ekskavatoriai.jpg\",\"datePublished\":\"2026-04-07T22:13:02+00:00\",\"breadcrumb\":{\"@id\":\"https:\\\/\\\/loparus.com\\\/produktas\\\/new-holland-e-215-b-lc\\\/#breadcrumb\"},\"inLanguage\":\"en-US\",\"potentialAction\":[{\"@type\":\"ReadAction\",\"target\":[\"https:\\\/\\\/loparus.com\\\/produktas\\\/new-holland-e-215-b-lc\\\/\"]}]},{\"@type\":\"ImageObject\",\"inLanguage\":\"en-US\",\"@id\":\"https:\\\/\\\/loparus.com\\\/produktas\\\/new-holland-e-215-b-lc\\\/#primaryimage\",\"url\":\"https:\\\/\\\/loparus.com\\\/wp-content\\\/uploads\\\/new-holland-e-215-b-lc-ekskavatoriai.jpg\",\"contentUrl\":\"https:\\\/\\\/loparus.com\\\/wp-content\\\/uploads\\\/new-holland-e-215-b-lc-ekskavatoriai.jpg\",\"width\":1600,\"height\":1200,\"caption\":\"New HollandE 215 B LC\"},{\"@type\":\"BreadcrumbList\",\"@id\":\"https:\\\/\\\/loparus.com\\\/produktas\\\/new-holland-e-215-b-lc\\\/#breadcrumb\",\"itemListElement\":[{\"@type\":\"ListItem\",\"position\":1,\"name\":\"Home\",\"item\":\"https:\\\/\\\/loparus.com\\\/en\\\/\"},{\"@type\":\"ListItem\",\"position\":2,\"name\":\"Shop\",\"item\":\"https:\\\/\\\/loparus.com\\\/en\\\/shop\\\/\"},{\"@type\":\"ListItem\",\"position\":3,\"name\":\"New Holland E 215 B LC\"}]},{\"@type\":\"WebSite\",\"@id\":\"https:\\\/\\\/loparus.com\\\/#website\",\"url\":\"https:\\\/\\\/loparus.com\\\/\",\"name\":\"loparus.com\",\"description\":\"Just another WordPress site\",\"potentialAction\":[{\"@type\":\"SearchAction\",\"target\":{\"@type\":\"EntryPoint\",\"urlTemplate\":\"https:\\\/\\\/loparus.com\\\/?s={search_term_string}\"},\"query-input\":{\"@type\":\"PropertyValueSpecification\",\"valueRequired\":true,\"valueName\":\"search_term_string\"}}],\"inLanguage\":\"en-US\"}]}<\/script>\n<!-- \/ Yoast SEO plugin. -->","yoast_head_json":{"title":"New Holland E 215 B LC - loparus.com","robots":{"index":"index","follow":"follow","max-snippet":"max-snippet:-1","max-image-preview":"max-image-preview:large","max-video-preview":"max-video-preview:-1"},"canonical":"https:\/\/loparus.com\/produktas\/new-holland-e-215-b-lc\/","og_locale":"en_US","og_type":"article","og_title":"New Holland E 215 B LC - loparus.com","og_description":"New Holland E 215 B LC 2011 22 320 kg 160 hp \/ 118 kw 7 323 m\/h Extra hydraulic auxiliary lines Digging bucket 700 mm track pads AC CE Working unit Galimas keitimas \u012f j\u016bs\u0173 statybin\u0119 technik\u0105 Si\u016blome LIZINGO sprendimus sunkiajai technikai tiek juridiniams, tiek fiziniams asmenims, bendradarbiaudami su patikimais partneriais ir sutvarkydami visus [&hellip;]","og_url":"https:\/\/loparus.com\/produktas\/new-holland-e-215-b-lc\/","og_site_name":"loparus.com","og_image":[{"width":1600,"height":1200,"url":"https:\/\/loparus.com\/wp-content\/uploads\/new-holland-e-215-b-lc-ekskavatoriai.jpg","type":"image\/jpeg"}],"twitter_card":"summary_large_image","schema":{"@context":"https:\/\/schema.org","@graph":[{"@type":"WebPage","@id":"https:\/\/loparus.com\/produktas\/new-holland-e-215-b-lc\/","url":"https:\/\/loparus.com\/produktas\/new-holland-e-215-b-lc\/","name":"New Holland E 215 B LC - loparus.com","isPartOf":{"@id":"https:\/\/loparus.com\/#website"},"primaryImageOfPage":{"@id":"https:\/\/loparus.com\/produktas\/new-holland-e-215-b-lc\/#primaryimage"},"image":{"@id":"https:\/\/loparus.com\/produktas\/new-holland-e-215-b-lc\/#primaryimage"},"thumbnailUrl":"https:\/\/loparus.com\/wp-content\/uploads\/new-holland-e-215-b-lc-ekskavatoriai.jpg","datePublished":"2026-04-07T22:13:02+00:00","breadcrumb":{"@id":"https:\/\/loparus.com\/produktas\/new-holland-e-215-b-lc\/#breadcrumb"},"inLanguage":"en-US","potentialAction":[{"@type":"ReadAction","target":["https:\/\/loparus.com\/produktas\/new-holland-e-215-b-lc\/"]}]},{"@type":"ImageObject","inLanguage":"en-US","@id":"https:\/\/loparus.com\/produktas\/new-holland-e-215-b-lc\/#primaryimage","url":"https:\/\/loparus.com\/wp-content\/uploads\/new-holland-e-215-b-lc-ekskavatoriai.jpg","contentUrl":"https:\/\/loparus.com\/wp-content\/uploads\/new-holland-e-215-b-lc-ekskavatoriai.jpg","width":1600,"height":1200,"caption":"New HollandE 215 B LC"},{"@type":"BreadcrumbList","@id":"https:\/\/loparus.com\/produktas\/new-holland-e-215-b-lc\/#breadcrumb","itemListElement":[{"@type":"ListItem","position":1,"name":"Home","item":"https:\/\/loparus.com\/en\/"},{"@type":"ListItem","position":2,"name":"Shop","item":"https:\/\/loparus.com\/en\/shop\/"},{"@type":"ListItem","position":3,"name":"New Holland E 215 B LC"}]},{"@type":"WebSite","@id":"https:\/\/loparus.com\/#website","url":"https:\/\/loparus.com\/","name":"loparus.com","description":"Just another WordPress site","potentialAction":[{"@type":"SearchAction","target":{"@type":"EntryPoint","urlTemplate":"https:\/\/loparus.com\/?s={search_term_string}"},"query-input":{"@type":"PropertyValueSpecification","valueRequired":true,"valueName":"search_term_string"}}],"inLanguage":"en-US"}]}},"_links":{"self":[{"href":"https:\/\/loparus.com\/en\/wp-json\/wp\/v2\/product\/17444","targetHints":{"allow":["GET"]}}],"collection":[{"href":"https:\/\/loparus.com\/en\/wp-json\/wp\/v2\/product"}],"about":[{"href":"https:\/\/loparus.com\/en\/wp-json\/wp\/v2\/types\/product"}],"wp:featuredmedia":[{"embeddable":true,"href":"https:\/\/loparus.com\/en\/wp-json\/wp\/v2\/media\/12503"}],"wp:attachment":[{"href":"https:\/\/loparus.com\/en\/wp-json\/wp\/v2\/media?parent=17444"}],"wp:term":[{"taxonomy":"product_brand","embeddable":true,"href":"https:\/\/loparus.com\/en\/wp-json\/wp\/v2\/product_brand?post=17444"},{"taxonomy":"product_cat","embeddable":true,"href":"https:\/\/loparus.com\/en\/wp-json\/wp\/v2\/product_cat?post=17444"},{"taxonomy":"product_tag","embeddable":true,"href":"https:\/\/loparus.com\/en\/wp-json\/wp\/v2\/product_tag?post=17444"}],"curies":[{"name":"wp","href":"https:\/\/api.w.org\/{rel}","templated":true}]}}