{"id":17450,"date":"2026-04-08T01:14:33","date_gmt":"2026-04-07T22:14:33","guid":{"rendered":"https:\/\/loparus.com\/produktas\/volvo-a25c-11\/"},"modified":"2026-03-31T04:12:10","modified_gmt":"2026-03-31T01:12:10","slug":"volvo-a25c-4","status":"publish","type":"product","link":"https:\/\/loparus.com\/en\/product\/volvo-a25c-4\/","title":{"rendered":"Volvo A25C"},"content":{"rendered":"<p>Volvo A25C<br \/>\n1999<br \/>\n6&#215;6<br \/>\nEmpty weight 17 770 kg<br \/>\nVolvo 254 hp \/ 187 kw<br \/>\n16 338 m\/h<br \/>\nGood working condition<br \/>\nNot used in Lithuania<br \/>\n7 units available<\/p>\n<p>Video link: https:\/\/www.youtube.com\/watch?v=Gf8v7mcANmw&#038;ab_channel=LOPARUSEXPORT<\/p>\n<p>Lietuvoje neeksploatuotas, pilnai dirbantis dumperis su registracijos dokumentais<br \/>\nYra 7 vienetai<\/p>\n<p>Galimas keitimas \u012f statybin\u0119 technik\u0105<br \/>\nPossible exchange to construction machinery<\/p>\n<p>Si\u016blome LIZINGO sprendimus sunkiajai technikai tiek juridiniams, tiek fiziniams asmenims, bendradarbiaudami su patikimais partneriais ir sutvarkydami visus formalumus.<\/p>\n","protected":false},"excerpt":{"rendered":"<p>Volvo A25C 1999 6&#215;6 Empty weight 17 770 kg Volvo 254 hp \/ 187 kw 16 338 m\/h Good working condition Not used in Lithuania 7 units available Video link: https:\/\/www.youtube.com\/watch?v=Gf8v7mcANmw&#038;ab_channel=LOPARUSEXPORT Lietuvoje neeksploatuotas, pilnai dirbantis dumperis su registracijos dokumentais Yra 7 vienetai Galimas keitimas \u012f statybin\u0119 technik\u0105 Possible exchange to construction machinery Si\u016blome LIZINGO sprendimus [&hellip;]<\/p>\n","protected":false},"featured_media":14752,"template":"","meta":{"_et_pb_use_builder":"","_et_pb_old_content":"","_et_gb_content_width":""},"product_brand":[],"product_cat":[361,300,300,361],"product_tag":[],"class_list":{"0":"post-17450","1":"product","2":"type-product","3":"status-publish","4":"has-post-thumbnail","6":"product_cat-dumpers-tippers","7":"product_cat-machinery-for-sale","11":"first","12":"instock","13":"purchasable","14":"product-type-simple"},"yoast_head":"<!-- This site is optimized with the Yoast SEO plugin v27.5 - https:\/\/yoast.com\/product\/yoast-seo-wordpress\/ -->\n<title>Volvo A25C - loparus.com<\/title>\n<meta name=\"robots\" content=\"index, follow, max-snippet:-1, max-image-preview:large, max-video-preview:-1\" \/>\n<link rel=\"canonical\" href=\"https:\/\/loparus.com\/produktas\/volvo-a25c-5\/\" \/>\n<meta property=\"og:locale\" content=\"en_US\" \/>\n<meta property=\"og:type\" content=\"article\" \/>\n<meta property=\"og:title\" content=\"Volvo A25C - loparus.com\" \/>\n<meta property=\"og:description\" content=\"Volvo A25C 1999 6&#215;6 Empty weight 17 770 kg Volvo 254 hp \/ 187 kw 16 338 m\/h Good working condition Not used in Lithuania 7 units available Video link: https:\/\/www.youtube.com\/watch?v=Gf8v7mcANmw&#038;ab_channel=LOPARUSEXPORT Lietuvoje neeksploatuotas, pilnai dirbantis dumperis su registracijos dokumentais Yra 7 vienetai Galimas keitimas \u012f statybin\u0119 technik\u0105 Possible exchange to construction machinery Si\u016blome LIZINGO sprendimus [&hellip;]\" \/>\n<meta property=\"og:url\" content=\"https:\/\/loparus.com\/produktas\/volvo-a25c-5\/\" \/>\n<meta property=\"og:site_name\" content=\"loparus.com\" \/>\n<meta property=\"og:image\" content=\"https:\/\/loparus.com\/wp-content\/uploads\/volvo-a25c-savivarciai-dumper-iai-240.jpg\" \/>\n\t<meta property=\"og:image:width\" content=\"1920\" \/>\n\t<meta property=\"og:image:height\" content=\"1440\" \/>\n\t<meta property=\"og:image:type\" content=\"image\/jpeg\" \/>\n<meta name=\"twitter:card\" content=\"summary_large_image\" \/>\n<script type=\"application\/ld+json\" class=\"yoast-schema-graph\">{\"@context\":\"https:\\\/\\\/schema.org\",\"@graph\":[{\"@type\":\"WebPage\",\"@id\":\"https:\\\/\\\/loparus.com\\\/produktas\\\/volvo-a25c-5\\\/\",\"url\":\"https:\\\/\\\/loparus.com\\\/produktas\\\/volvo-a25c-5\\\/\",\"name\":\"Volvo A25C - loparus.com\",\"isPartOf\":{\"@id\":\"https:\\\/\\\/loparus.com\\\/#website\"},\"primaryImageOfPage\":{\"@id\":\"https:\\\/\\\/loparus.com\\\/produktas\\\/volvo-a25c-5\\\/#primaryimage\"},\"image\":{\"@id\":\"https:\\\/\\\/loparus.com\\\/produktas\\\/volvo-a25c-5\\\/#primaryimage\"},\"thumbnailUrl\":\"https:\\\/\\\/loparus.com\\\/wp-content\\\/uploads\\\/volvo-a25c-savivarciai-dumper-iai-240.jpg\",\"datePublished\":\"2026-04-07T22:14:33+00:00\",\"breadcrumb\":{\"@id\":\"https:\\\/\\\/loparus.com\\\/produktas\\\/volvo-a25c-5\\\/#breadcrumb\"},\"inLanguage\":\"en-US\",\"potentialAction\":[{\"@type\":\"ReadAction\",\"target\":[\"https:\\\/\\\/loparus.com\\\/produktas\\\/volvo-a25c-5\\\/\"]}]},{\"@type\":\"ImageObject\",\"inLanguage\":\"en-US\",\"@id\":\"https:\\\/\\\/loparus.com\\\/produktas\\\/volvo-a25c-5\\\/#primaryimage\",\"url\":\"https:\\\/\\\/loparus.com\\\/wp-content\\\/uploads\\\/volvo-a25c-savivarciai-dumper-iai-240.jpg\",\"contentUrl\":\"https:\\\/\\\/loparus.com\\\/wp-content\\\/uploads\\\/volvo-a25c-savivarciai-dumper-iai-240.jpg\",\"width\":1920,\"height\":1440,\"caption\":\"VolvoA25C\"},{\"@type\":\"BreadcrumbList\",\"@id\":\"https:\\\/\\\/loparus.com\\\/produktas\\\/volvo-a25c-5\\\/#breadcrumb\",\"itemListElement\":[{\"@type\":\"ListItem\",\"position\":1,\"name\":\"Home\",\"item\":\"https:\\\/\\\/loparus.com\\\/en\\\/\"},{\"@type\":\"ListItem\",\"position\":2,\"name\":\"Shop\",\"item\":\"https:\\\/\\\/loparus.com\\\/en\\\/shop\\\/\"},{\"@type\":\"ListItem\",\"position\":3,\"name\":\"Volvo A25C\"}]},{\"@type\":\"WebSite\",\"@id\":\"https:\\\/\\\/loparus.com\\\/#website\",\"url\":\"https:\\\/\\\/loparus.com\\\/\",\"name\":\"loparus.com\",\"description\":\"Just another WordPress site\",\"potentialAction\":[{\"@type\":\"SearchAction\",\"target\":{\"@type\":\"EntryPoint\",\"urlTemplate\":\"https:\\\/\\\/loparus.com\\\/?s={search_term_string}\"},\"query-input\":{\"@type\":\"PropertyValueSpecification\",\"valueRequired\":true,\"valueName\":\"search_term_string\"}}],\"inLanguage\":\"en-US\"}]}<\/script>\n<!-- \/ Yoast SEO plugin. -->","yoast_head_json":{"title":"Volvo A25C - loparus.com","robots":{"index":"index","follow":"follow","max-snippet":"max-snippet:-1","max-image-preview":"max-image-preview:large","max-video-preview":"max-video-preview:-1"},"canonical":"https:\/\/loparus.com\/produktas\/volvo-a25c-5\/","og_locale":"en_US","og_type":"article","og_title":"Volvo A25C - loparus.com","og_description":"Volvo A25C 1999 6&#215;6 Empty weight 17 770 kg Volvo 254 hp \/ 187 kw 16 338 m\/h Good working condition Not used in Lithuania 7 units available Video link: https:\/\/www.youtube.com\/watch?v=Gf8v7mcANmw&#038;ab_channel=LOPARUSEXPORT Lietuvoje neeksploatuotas, pilnai dirbantis dumperis su registracijos dokumentais Yra 7 vienetai Galimas keitimas \u012f statybin\u0119 technik\u0105 Possible exchange to construction machinery Si\u016blome LIZINGO sprendimus [&hellip;]","og_url":"https:\/\/loparus.com\/produktas\/volvo-a25c-5\/","og_site_name":"loparus.com","og_image":[{"width":1920,"height":1440,"url":"https:\/\/loparus.com\/wp-content\/uploads\/volvo-a25c-savivarciai-dumper-iai-240.jpg","type":"image\/jpeg"}],"twitter_card":"summary_large_image","schema":{"@context":"https:\/\/schema.org","@graph":[{"@type":"WebPage","@id":"https:\/\/loparus.com\/produktas\/volvo-a25c-5\/","url":"https:\/\/loparus.com\/produktas\/volvo-a25c-5\/","name":"Volvo A25C - loparus.com","isPartOf":{"@id":"https:\/\/loparus.com\/#website"},"primaryImageOfPage":{"@id":"https:\/\/loparus.com\/produktas\/volvo-a25c-5\/#primaryimage"},"image":{"@id":"https:\/\/loparus.com\/produktas\/volvo-a25c-5\/#primaryimage"},"thumbnailUrl":"https:\/\/loparus.com\/wp-content\/uploads\/volvo-a25c-savivarciai-dumper-iai-240.jpg","datePublished":"2026-04-07T22:14:33+00:00","breadcrumb":{"@id":"https:\/\/loparus.com\/produktas\/volvo-a25c-5\/#breadcrumb"},"inLanguage":"en-US","potentialAction":[{"@type":"ReadAction","target":["https:\/\/loparus.com\/produktas\/volvo-a25c-5\/"]}]},{"@type":"ImageObject","inLanguage":"en-US","@id":"https:\/\/loparus.com\/produktas\/volvo-a25c-5\/#primaryimage","url":"https:\/\/loparus.com\/wp-content\/uploads\/volvo-a25c-savivarciai-dumper-iai-240.jpg","contentUrl":"https:\/\/loparus.com\/wp-content\/uploads\/volvo-a25c-savivarciai-dumper-iai-240.jpg","width":1920,"height":1440,"caption":"VolvoA25C"},{"@type":"BreadcrumbList","@id":"https:\/\/loparus.com\/produktas\/volvo-a25c-5\/#breadcrumb","itemListElement":[{"@type":"ListItem","position":1,"name":"Home","item":"https:\/\/loparus.com\/en\/"},{"@type":"ListItem","position":2,"name":"Shop","item":"https:\/\/loparus.com\/en\/shop\/"},{"@type":"ListItem","position":3,"name":"Volvo A25C"}]},{"@type":"WebSite","@id":"https:\/\/loparus.com\/#website","url":"https:\/\/loparus.com\/","name":"loparus.com","description":"Just another WordPress site","potentialAction":[{"@type":"SearchAction","target":{"@type":"EntryPoint","urlTemplate":"https:\/\/loparus.com\/?s={search_term_string}"},"query-input":{"@type":"PropertyValueSpecification","valueRequired":true,"valueName":"search_term_string"}}],"inLanguage":"en-US"}]}},"_links":{"self":[{"href":"https:\/\/loparus.com\/en\/wp-json\/wp\/v2\/product\/17450","targetHints":{"allow":["GET"]}}],"collection":[{"href":"https:\/\/loparus.com\/en\/wp-json\/wp\/v2\/product"}],"about":[{"href":"https:\/\/loparus.com\/en\/wp-json\/wp\/v2\/types\/product"}],"wp:featuredmedia":[{"embeddable":true,"href":"https:\/\/loparus.com\/en\/wp-json\/wp\/v2\/media\/14752"}],"wp:attachment":[{"href":"https:\/\/loparus.com\/en\/wp-json\/wp\/v2\/media?parent=17450"}],"wp:term":[{"taxonomy":"product_brand","embeddable":true,"href":"https:\/\/loparus.com\/en\/wp-json\/wp\/v2\/product_brand?post=17450"},{"taxonomy":"product_cat","embeddable":true,"href":"https:\/\/loparus.com\/en\/wp-json\/wp\/v2\/product_cat?post=17450"},{"taxonomy":"product_tag","embeddable":true,"href":"https:\/\/loparus.com\/en\/wp-json\/wp\/v2\/product_tag?post=17450"}],"curies":[{"name":"wp","href":"https:\/\/api.w.org\/{rel}","templated":true}]}}