{"id":17454,"date":"2026-04-08T01:14:54","date_gmt":"2026-04-07T22:14:54","guid":{"rendered":"https:\/\/loparus.com\/produktas\/atlas-copco-roc-860-hc-drill-2\/"},"modified":"2026-03-31T04:12:24","modified_gmt":"2026-03-31T01:12:24","slug":"atlas-copco-roc-860-hc-drill","status":"publish","type":"product","link":"https:\/\/loparus.com\/en\/product\/atlas-copco-roc-860-hc-drill\/","title":{"rendered":"Atlas Copco ROC 860 HC , drill"},"content":{"rendered":"<p>Atlas Copco 860 HC drilling machine<br \/>\nMade in Sweden<br \/>\n2001<br \/>\n17 500 kg<br \/>\nMercedes V8 engine 330 hp \/ 243 kw<br \/>\n9 721 m\/h<br \/>\n&#8220;89-127 mm 3 1\/2&#8243;&#8221;-5&#8221;&#8217;<br \/>\n&#8220;76 mm 3&#8221;&#8217;<br \/>\nGood working condition<br \/>\nNot used in Lithuania<br \/>\nWorld wide delivery is possible<\/p>\n<p>Lietuvoje neeksploatuota gr\u0119\u017eimo technika<br \/>\nGalimas keitimas \u012f j\u016bs\u0173 statybin\u0119 technik\u0105<\/p>\n<p>Si\u016blome LIZINGO sprendimus sunkiajai technikai tiek juridiniams, tiek fiziniams asmenims, bendradarbiaudami su patikimais partneriais ir sutvarkydami visus formalumus.<\/p>\n","protected":false},"excerpt":{"rendered":"<p>Atlas Copco 860 HC drilling machine Made in Sweden 2001 17 500 kg Mercedes V8 engine 330 hp \/ 243 kw 9 721 m\/h &#8220;89-127 mm 3 1\/2&#8243;&#8221;-5&#8221;&#8217; &#8220;76 mm 3&#8221;&#8217; Good working condition Not used in Lithuania World wide delivery is possible Lietuvoje neeksploatuota gr\u0119\u017eimo technika Galimas keitimas \u012f j\u016bs\u0173 statybin\u0119 technik\u0105 Si\u016blome LIZINGO [&hellip;]<\/p>\n","protected":false},"featured_media":15215,"template":"","meta":{"_et_pb_use_builder":"","_et_pb_old_content":"","_et_gb_content_width":""},"product_brand":[],"product_cat":[300,531],"product_tag":[],"class_list":{"0":"post-17454","1":"product","2":"type-product","3":"status-publish","4":"has-post-thumbnail","6":"product_cat-machinery-for-sale","7":"product_cat-uncategorized-lt","9":"first","10":"instock","11":"purchasable","12":"product-type-simple"},"yoast_head":"<!-- This site is optimized with the Yoast SEO plugin v27.2 - https:\/\/yoast.com\/product\/yoast-seo-wordpress\/ -->\n<title>Atlas Copco ROC 860 HC , drill - loparus.com<\/title>\n<meta name=\"robots\" content=\"index, follow, max-snippet:-1, max-image-preview:large, max-video-preview:-1\" \/>\n<link rel=\"canonical\" href=\"https:\/\/loparus.com\/produktas\/atlas-copco-roc-860-hc-drill\/\" \/>\n<meta property=\"og:locale\" content=\"en_US\" \/>\n<meta property=\"og:type\" content=\"article\" \/>\n<meta property=\"og:title\" content=\"Atlas Copco ROC 860 HC , drill - loparus.com\" \/>\n<meta property=\"og:description\" content=\"Atlas Copco 860 HC drilling machine Made in Sweden 2001 17 500 kg Mercedes V8 engine 330 hp \/ 243 kw 9 721 m\/h &#8220;89-127 mm 3 1\/2&#8243;&#8221;-5&#8221;&#8217; &#8220;76 mm 3&#8221;&#8217; Good working condition Not used in Lithuania World wide delivery is possible Lietuvoje neeksploatuota gr\u0119\u017eimo technika Galimas keitimas \u012f j\u016bs\u0173 statybin\u0119 technik\u0105 Si\u016blome LIZINGO [&hellip;]\" \/>\n<meta property=\"og:url\" content=\"https:\/\/loparus.com\/produktas\/atlas-copco-roc-860-hc-drill\/\" \/>\n<meta property=\"og:site_name\" content=\"loparus.com\" \/>\n<meta property=\"og:image\" content=\"https:\/\/loparus.com\/wp-content\/uploads\/atlas-copco-roc-860-hc-drill-grezimo-masina-13.jpg\" \/>\n\t<meta property=\"og:image:width\" content=\"1600\" \/>\n\t<meta property=\"og:image:height\" content=\"1200\" \/>\n\t<meta property=\"og:image:type\" content=\"image\/jpeg\" \/>\n<meta name=\"twitter:card\" content=\"summary_large_image\" \/>\n<script type=\"application\/ld+json\" class=\"yoast-schema-graph\">{\"@context\":\"https:\/\/schema.org\",\"@graph\":[{\"@type\":\"WebPage\",\"@id\":\"https:\/\/loparus.com\/produktas\/atlas-copco-roc-860-hc-drill\/\",\"url\":\"https:\/\/loparus.com\/produktas\/atlas-copco-roc-860-hc-drill\/\",\"name\":\"Atlas Copco ROC 860 HC , drill - loparus.com\",\"isPartOf\":{\"@id\":\"https:\/\/loparus.com\/#website\"},\"primaryImageOfPage\":{\"@id\":\"https:\/\/loparus.com\/produktas\/atlas-copco-roc-860-hc-drill\/#primaryimage\"},\"image\":{\"@id\":\"https:\/\/loparus.com\/produktas\/atlas-copco-roc-860-hc-drill\/#primaryimage\"},\"thumbnailUrl\":\"https:\/\/loparus.com\/wp-content\/uploads\/atlas-copco-roc-860-hc-drill-grezimo-masina-13.jpg\",\"datePublished\":\"2026-04-07T22:14:54+00:00\",\"breadcrumb\":{\"@id\":\"https:\/\/loparus.com\/produktas\/atlas-copco-roc-860-hc-drill\/#breadcrumb\"},\"inLanguage\":\"en-US\",\"potentialAction\":[{\"@type\":\"ReadAction\",\"target\":[\"https:\/\/loparus.com\/produktas\/atlas-copco-roc-860-hc-drill\/\"]}]},{\"@type\":\"ImageObject\",\"inLanguage\":\"en-US\",\"@id\":\"https:\/\/loparus.com\/produktas\/atlas-copco-roc-860-hc-drill\/#primaryimage\",\"url\":\"https:\/\/loparus.com\/wp-content\/uploads\/atlas-copco-roc-860-hc-drill-grezimo-masina-13.jpg\",\"contentUrl\":\"https:\/\/loparus.com\/wp-content\/uploads\/atlas-copco-roc-860-hc-drill-grezimo-masina-13.jpg\",\"width\":1600,\"height\":1200,\"caption\":\"AtlasCopco ROC 860 HC\"},{\"@type\":\"BreadcrumbList\",\"@id\":\"https:\/\/loparus.com\/produktas\/atlas-copco-roc-860-hc-drill\/#breadcrumb\",\"itemListElement\":[{\"@type\":\"ListItem\",\"position\":1,\"name\":\"Home\",\"item\":\"https:\/\/loparus.com\/en\/\"},{\"@type\":\"ListItem\",\"position\":2,\"name\":\"Shop\",\"item\":\"https:\/\/loparus.com\/en\/shop\/\"},{\"@type\":\"ListItem\",\"position\":3,\"name\":\"Atlas Copco ROC 860 HC , drill\"}]},{\"@type\":\"WebSite\",\"@id\":\"https:\/\/loparus.com\/#website\",\"url\":\"https:\/\/loparus.com\/\",\"name\":\"loparus.com\",\"description\":\"Just another WordPress site\",\"potentialAction\":[{\"@type\":\"SearchAction\",\"target\":{\"@type\":\"EntryPoint\",\"urlTemplate\":\"https:\/\/loparus.com\/?s={search_term_string}\"},\"query-input\":{\"@type\":\"PropertyValueSpecification\",\"valueRequired\":true,\"valueName\":\"search_term_string\"}}],\"inLanguage\":\"en-US\"}]}<\/script>\n<!-- \/ Yoast SEO plugin. -->","yoast_head_json":{"title":"Atlas Copco ROC 860 HC , drill - loparus.com","robots":{"index":"index","follow":"follow","max-snippet":"max-snippet:-1","max-image-preview":"max-image-preview:large","max-video-preview":"max-video-preview:-1"},"canonical":"https:\/\/loparus.com\/produktas\/atlas-copco-roc-860-hc-drill\/","og_locale":"en_US","og_type":"article","og_title":"Atlas Copco ROC 860 HC , drill - loparus.com","og_description":"Atlas Copco 860 HC drilling machine Made in Sweden 2001 17 500 kg Mercedes V8 engine 330 hp \/ 243 kw 9 721 m\/h &#8220;89-127 mm 3 1\/2&#8243;&#8221;-5&#8221;&#8217; &#8220;76 mm 3&#8221;&#8217; Good working condition Not used in Lithuania World wide delivery is possible Lietuvoje neeksploatuota gr\u0119\u017eimo technika Galimas keitimas \u012f j\u016bs\u0173 statybin\u0119 technik\u0105 Si\u016blome LIZINGO [&hellip;]","og_url":"https:\/\/loparus.com\/produktas\/atlas-copco-roc-860-hc-drill\/","og_site_name":"loparus.com","og_image":[{"width":1600,"height":1200,"url":"https:\/\/loparus.com\/wp-content\/uploads\/atlas-copco-roc-860-hc-drill-grezimo-masina-13.jpg","type":"image\/jpeg"}],"twitter_card":"summary_large_image","schema":{"@context":"https:\/\/schema.org","@graph":[{"@type":"WebPage","@id":"https:\/\/loparus.com\/produktas\/atlas-copco-roc-860-hc-drill\/","url":"https:\/\/loparus.com\/produktas\/atlas-copco-roc-860-hc-drill\/","name":"Atlas Copco ROC 860 HC , drill - loparus.com","isPartOf":{"@id":"https:\/\/loparus.com\/#website"},"primaryImageOfPage":{"@id":"https:\/\/loparus.com\/produktas\/atlas-copco-roc-860-hc-drill\/#primaryimage"},"image":{"@id":"https:\/\/loparus.com\/produktas\/atlas-copco-roc-860-hc-drill\/#primaryimage"},"thumbnailUrl":"https:\/\/loparus.com\/wp-content\/uploads\/atlas-copco-roc-860-hc-drill-grezimo-masina-13.jpg","datePublished":"2026-04-07T22:14:54+00:00","breadcrumb":{"@id":"https:\/\/loparus.com\/produktas\/atlas-copco-roc-860-hc-drill\/#breadcrumb"},"inLanguage":"en-US","potentialAction":[{"@type":"ReadAction","target":["https:\/\/loparus.com\/produktas\/atlas-copco-roc-860-hc-drill\/"]}]},{"@type":"ImageObject","inLanguage":"en-US","@id":"https:\/\/loparus.com\/produktas\/atlas-copco-roc-860-hc-drill\/#primaryimage","url":"https:\/\/loparus.com\/wp-content\/uploads\/atlas-copco-roc-860-hc-drill-grezimo-masina-13.jpg","contentUrl":"https:\/\/loparus.com\/wp-content\/uploads\/atlas-copco-roc-860-hc-drill-grezimo-masina-13.jpg","width":1600,"height":1200,"caption":"AtlasCopco ROC 860 HC"},{"@type":"BreadcrumbList","@id":"https:\/\/loparus.com\/produktas\/atlas-copco-roc-860-hc-drill\/#breadcrumb","itemListElement":[{"@type":"ListItem","position":1,"name":"Home","item":"https:\/\/loparus.com\/en\/"},{"@type":"ListItem","position":2,"name":"Shop","item":"https:\/\/loparus.com\/en\/shop\/"},{"@type":"ListItem","position":3,"name":"Atlas Copco ROC 860 HC , drill"}]},{"@type":"WebSite","@id":"https:\/\/loparus.com\/#website","url":"https:\/\/loparus.com\/","name":"loparus.com","description":"Just another WordPress site","potentialAction":[{"@type":"SearchAction","target":{"@type":"EntryPoint","urlTemplate":"https:\/\/loparus.com\/?s={search_term_string}"},"query-input":{"@type":"PropertyValueSpecification","valueRequired":true,"valueName":"search_term_string"}}],"inLanguage":"en-US"}]}},"_links":{"self":[{"href":"https:\/\/loparus.com\/en\/wp-json\/wp\/v2\/product\/17454","targetHints":{"allow":["GET"]}}],"collection":[{"href":"https:\/\/loparus.com\/en\/wp-json\/wp\/v2\/product"}],"about":[{"href":"https:\/\/loparus.com\/en\/wp-json\/wp\/v2\/types\/product"}],"wp:featuredmedia":[{"embeddable":true,"href":"https:\/\/loparus.com\/en\/wp-json\/wp\/v2\/media\/15215"}],"wp:attachment":[{"href":"https:\/\/loparus.com\/en\/wp-json\/wp\/v2\/media?parent=17454"}],"wp:term":[{"taxonomy":"product_brand","embeddable":true,"href":"https:\/\/loparus.com\/en\/wp-json\/wp\/v2\/product_brand?post=17454"},{"taxonomy":"product_cat","embeddable":true,"href":"https:\/\/loparus.com\/en\/wp-json\/wp\/v2\/product_cat?post=17454"},{"taxonomy":"product_tag","embeddable":true,"href":"https:\/\/loparus.com\/en\/wp-json\/wp\/v2\/product_tag?post=17454"}],"curies":[{"name":"wp","href":"https:\/\/api.w.org\/{rel}","templated":true}]}}