{"id":17459,"date":"2026-04-08T01:16:21","date_gmt":"2026-04-07T22:16:21","guid":{"rendered":"https:\/\/loparus.com\/produktas\/doosan-dx-225-lc-engcon-rototilt-top-2\/"},"modified":"2026-03-31T04:12:41","modified_gmt":"2026-03-31T01:12:41","slug":"doosan-dx-225-lc-engcon-rototilt-top","status":"publish","type":"product","link":"https:\/\/loparus.com\/en\/product\/doosan-dx-225-lc-engcon-rototilt-top\/","title":{"rendered":"Doosan DX 225 LC ENGCON ROTOTILT TOP"},"content":{"rendered":"<p>Doosan DX 225 LC<br \/>\n2011<br \/>\n21 500 kg<br \/>\n150 hp \/ 110 kw<br \/>\n7 217 m\/h<br \/>\n800 mm track pads , 3.20 m full machine width<br \/>\nEngcon ROTOTILT , rototilt joysticks<br \/>\nScandinavian universal bucket<br \/>\nExtra hydraulic lines<br \/>\nCentral lubrication<br \/>\nWebasto<br \/>\nAC<br \/>\nCE<br \/>\nVery good working condition<br \/>\nNot used in Lithuania<\/p>\n<p>Lietuvoje neeksploatuotas , i\u0161 SKANDINAVIJOS . Labai gero stovio ekskavatorius<br \/>\nGalimas keitimas \u012f j\u016bs\u0173 statybin\u0119 technik\u0105<\/p>\n<p>Si\u016blome LIZINGO sprendimus sunkiajai technikai tiek juridiniams, tiek fiziniams asmenims, bendradarbiaudami su patikimais partneriais ir sutvarkydami visus formalumus.<\/p>\n","protected":false},"excerpt":{"rendered":"<p>Doosan DX 225 LC 2011 21 500 kg 150 hp \/ 110 kw 7 217 m\/h 800 mm track pads , 3.20 m full machine width Engcon ROTOTILT , rototilt joysticks Scandinavian universal bucket Extra hydraulic lines Central lubrication Webasto AC CE Very good working condition Not used in Lithuania Lietuvoje neeksploatuotas , i\u0161 SKANDINAVIJOS [&hellip;]<\/p>\n","protected":false},"featured_media":15366,"template":"","meta":{"_et_pb_use_builder":"","_et_pb_old_content":"","_et_gb_content_width":""},"product_brand":[],"product_cat":[345,345,300,300],"product_tag":[],"class_list":{"0":"post-17459","1":"product","2":"type-product","3":"status-publish","4":"has-post-thumbnail","6":"product_cat-excavators","8":"product_cat-machinery-for-sale","11":"first","12":"instock","13":"purchasable","14":"product-type-simple"},"yoast_head":"<!-- This site is optimized with the Yoast SEO plugin v27.5 - https:\/\/yoast.com\/product\/yoast-seo-wordpress\/ -->\n<title>Doosan DX 225 LC ENGCON ROTOTILT TOP - loparus.com<\/title>\n<meta name=\"robots\" content=\"index, follow, max-snippet:-1, max-image-preview:large, max-video-preview:-1\" \/>\n<link rel=\"canonical\" href=\"https:\/\/loparus.com\/produktas\/doosan-dx-225-lc-engcon-rototilt-top\/\" \/>\n<meta property=\"og:locale\" content=\"en_US\" \/>\n<meta property=\"og:type\" content=\"article\" \/>\n<meta property=\"og:title\" content=\"Doosan DX 225 LC ENGCON ROTOTILT TOP - loparus.com\" \/>\n<meta property=\"og:description\" content=\"Doosan DX 225 LC 2011 21 500 kg 150 hp \/ 110 kw 7 217 m\/h 800 mm track pads , 3.20 m full machine width Engcon ROTOTILT , rototilt joysticks Scandinavian universal bucket Extra hydraulic lines Central lubrication Webasto AC CE Very good working condition Not used in Lithuania Lietuvoje neeksploatuotas , i\u0161 SKANDINAVIJOS [&hellip;]\" \/>\n<meta property=\"og:url\" content=\"https:\/\/loparus.com\/produktas\/doosan-dx-225-lc-engcon-rototilt-top\/\" \/>\n<meta property=\"og:site_name\" content=\"loparus.com\" \/>\n<meta property=\"og:image\" content=\"https:\/\/loparus.com\/wp-content\/uploads\/doosan-dx-225-lc-engcon-rototilt-top-ekskavatoriai-47.jpg\" \/>\n\t<meta property=\"og:image:width\" content=\"1600\" \/>\n\t<meta property=\"og:image:height\" content=\"1200\" \/>\n\t<meta property=\"og:image:type\" content=\"image\/jpeg\" \/>\n<meta name=\"twitter:card\" content=\"summary_large_image\" \/>\n<script type=\"application\/ld+json\" class=\"yoast-schema-graph\">{\"@context\":\"https:\\\/\\\/schema.org\",\"@graph\":[{\"@type\":\"WebPage\",\"@id\":\"https:\\\/\\\/loparus.com\\\/produktas\\\/doosan-dx-225-lc-engcon-rototilt-top\\\/\",\"url\":\"https:\\\/\\\/loparus.com\\\/produktas\\\/doosan-dx-225-lc-engcon-rototilt-top\\\/\",\"name\":\"Doosan DX 225 LC ENGCON ROTOTILT TOP - loparus.com\",\"isPartOf\":{\"@id\":\"https:\\\/\\\/loparus.com\\\/#website\"},\"primaryImageOfPage\":{\"@id\":\"https:\\\/\\\/loparus.com\\\/produktas\\\/doosan-dx-225-lc-engcon-rototilt-top\\\/#primaryimage\"},\"image\":{\"@id\":\"https:\\\/\\\/loparus.com\\\/produktas\\\/doosan-dx-225-lc-engcon-rototilt-top\\\/#primaryimage\"},\"thumbnailUrl\":\"https:\\\/\\\/loparus.com\\\/wp-content\\\/uploads\\\/doosan-dx-225-lc-engcon-rototilt-top-ekskavatoriai-47.jpg\",\"datePublished\":\"2026-04-07T22:16:21+00:00\",\"breadcrumb\":{\"@id\":\"https:\\\/\\\/loparus.com\\\/produktas\\\/doosan-dx-225-lc-engcon-rototilt-top\\\/#breadcrumb\"},\"inLanguage\":\"en-US\",\"potentialAction\":[{\"@type\":\"ReadAction\",\"target\":[\"https:\\\/\\\/loparus.com\\\/produktas\\\/doosan-dx-225-lc-engcon-rototilt-top\\\/\"]}]},{\"@type\":\"ImageObject\",\"inLanguage\":\"en-US\",\"@id\":\"https:\\\/\\\/loparus.com\\\/produktas\\\/doosan-dx-225-lc-engcon-rototilt-top\\\/#primaryimage\",\"url\":\"https:\\\/\\\/loparus.com\\\/wp-content\\\/uploads\\\/doosan-dx-225-lc-engcon-rototilt-top-ekskavatoriai-47.jpg\",\"contentUrl\":\"https:\\\/\\\/loparus.com\\\/wp-content\\\/uploads\\\/doosan-dx-225-lc-engcon-rototilt-top-ekskavatoriai-47.jpg\",\"width\":1600,\"height\":1200,\"caption\":\"DoosanDX 225 LC ENGCON ROTOTILT TOP\"},{\"@type\":\"BreadcrumbList\",\"@id\":\"https:\\\/\\\/loparus.com\\\/produktas\\\/doosan-dx-225-lc-engcon-rototilt-top\\\/#breadcrumb\",\"itemListElement\":[{\"@type\":\"ListItem\",\"position\":1,\"name\":\"Home\",\"item\":\"https:\\\/\\\/loparus.com\\\/en\\\/\"},{\"@type\":\"ListItem\",\"position\":2,\"name\":\"Shop\",\"item\":\"https:\\\/\\\/loparus.com\\\/en\\\/shop\\\/\"},{\"@type\":\"ListItem\",\"position\":3,\"name\":\"Doosan DX 225 LC ENGCON ROTOTILT TOP\"}]},{\"@type\":\"WebSite\",\"@id\":\"https:\\\/\\\/loparus.com\\\/#website\",\"url\":\"https:\\\/\\\/loparus.com\\\/\",\"name\":\"loparus.com\",\"description\":\"Just another WordPress site\",\"potentialAction\":[{\"@type\":\"SearchAction\",\"target\":{\"@type\":\"EntryPoint\",\"urlTemplate\":\"https:\\\/\\\/loparus.com\\\/?s={search_term_string}\"},\"query-input\":{\"@type\":\"PropertyValueSpecification\",\"valueRequired\":true,\"valueName\":\"search_term_string\"}}],\"inLanguage\":\"en-US\"}]}<\/script>\n<!-- \/ Yoast SEO plugin. -->","yoast_head_json":{"title":"Doosan DX 225 LC ENGCON ROTOTILT TOP - loparus.com","robots":{"index":"index","follow":"follow","max-snippet":"max-snippet:-1","max-image-preview":"max-image-preview:large","max-video-preview":"max-video-preview:-1"},"canonical":"https:\/\/loparus.com\/produktas\/doosan-dx-225-lc-engcon-rototilt-top\/","og_locale":"en_US","og_type":"article","og_title":"Doosan DX 225 LC ENGCON ROTOTILT TOP - loparus.com","og_description":"Doosan DX 225 LC 2011 21 500 kg 150 hp \/ 110 kw 7 217 m\/h 800 mm track pads , 3.20 m full machine width Engcon ROTOTILT , rototilt joysticks Scandinavian universal bucket Extra hydraulic lines Central lubrication Webasto AC CE Very good working condition Not used in Lithuania Lietuvoje neeksploatuotas , i\u0161 SKANDINAVIJOS [&hellip;]","og_url":"https:\/\/loparus.com\/produktas\/doosan-dx-225-lc-engcon-rototilt-top\/","og_site_name":"loparus.com","og_image":[{"width":1600,"height":1200,"url":"https:\/\/loparus.com\/wp-content\/uploads\/doosan-dx-225-lc-engcon-rototilt-top-ekskavatoriai-47.jpg","type":"image\/jpeg"}],"twitter_card":"summary_large_image","schema":{"@context":"https:\/\/schema.org","@graph":[{"@type":"WebPage","@id":"https:\/\/loparus.com\/produktas\/doosan-dx-225-lc-engcon-rototilt-top\/","url":"https:\/\/loparus.com\/produktas\/doosan-dx-225-lc-engcon-rototilt-top\/","name":"Doosan DX 225 LC ENGCON ROTOTILT TOP - loparus.com","isPartOf":{"@id":"https:\/\/loparus.com\/#website"},"primaryImageOfPage":{"@id":"https:\/\/loparus.com\/produktas\/doosan-dx-225-lc-engcon-rototilt-top\/#primaryimage"},"image":{"@id":"https:\/\/loparus.com\/produktas\/doosan-dx-225-lc-engcon-rototilt-top\/#primaryimage"},"thumbnailUrl":"https:\/\/loparus.com\/wp-content\/uploads\/doosan-dx-225-lc-engcon-rototilt-top-ekskavatoriai-47.jpg","datePublished":"2026-04-07T22:16:21+00:00","breadcrumb":{"@id":"https:\/\/loparus.com\/produktas\/doosan-dx-225-lc-engcon-rototilt-top\/#breadcrumb"},"inLanguage":"en-US","potentialAction":[{"@type":"ReadAction","target":["https:\/\/loparus.com\/produktas\/doosan-dx-225-lc-engcon-rototilt-top\/"]}]},{"@type":"ImageObject","inLanguage":"en-US","@id":"https:\/\/loparus.com\/produktas\/doosan-dx-225-lc-engcon-rototilt-top\/#primaryimage","url":"https:\/\/loparus.com\/wp-content\/uploads\/doosan-dx-225-lc-engcon-rototilt-top-ekskavatoriai-47.jpg","contentUrl":"https:\/\/loparus.com\/wp-content\/uploads\/doosan-dx-225-lc-engcon-rototilt-top-ekskavatoriai-47.jpg","width":1600,"height":1200,"caption":"DoosanDX 225 LC ENGCON ROTOTILT TOP"},{"@type":"BreadcrumbList","@id":"https:\/\/loparus.com\/produktas\/doosan-dx-225-lc-engcon-rototilt-top\/#breadcrumb","itemListElement":[{"@type":"ListItem","position":1,"name":"Home","item":"https:\/\/loparus.com\/en\/"},{"@type":"ListItem","position":2,"name":"Shop","item":"https:\/\/loparus.com\/en\/shop\/"},{"@type":"ListItem","position":3,"name":"Doosan DX 225 LC ENGCON ROTOTILT TOP"}]},{"@type":"WebSite","@id":"https:\/\/loparus.com\/#website","url":"https:\/\/loparus.com\/","name":"loparus.com","description":"Just another WordPress site","potentialAction":[{"@type":"SearchAction","target":{"@type":"EntryPoint","urlTemplate":"https:\/\/loparus.com\/?s={search_term_string}"},"query-input":{"@type":"PropertyValueSpecification","valueRequired":true,"valueName":"search_term_string"}}],"inLanguage":"en-US"}]}},"_links":{"self":[{"href":"https:\/\/loparus.com\/en\/wp-json\/wp\/v2\/product\/17459","targetHints":{"allow":["GET"]}}],"collection":[{"href":"https:\/\/loparus.com\/en\/wp-json\/wp\/v2\/product"}],"about":[{"href":"https:\/\/loparus.com\/en\/wp-json\/wp\/v2\/types\/product"}],"wp:featuredmedia":[{"embeddable":true,"href":"https:\/\/loparus.com\/en\/wp-json\/wp\/v2\/media\/15366"}],"wp:attachment":[{"href":"https:\/\/loparus.com\/en\/wp-json\/wp\/v2\/media?parent=17459"}],"wp:term":[{"taxonomy":"product_brand","embeddable":true,"href":"https:\/\/loparus.com\/en\/wp-json\/wp\/v2\/product_brand?post=17459"},{"taxonomy":"product_cat","embeddable":true,"href":"https:\/\/loparus.com\/en\/wp-json\/wp\/v2\/product_cat?post=17459"},{"taxonomy":"product_tag","embeddable":true,"href":"https:\/\/loparus.com\/en\/wp-json\/wp\/v2\/product_tag?post=17459"}],"curies":[{"name":"wp","href":"https:\/\/api.w.org\/{rel}","templated":true}]}}