{"id":17463,"date":"2026-04-08T01:16:41","date_gmt":"2026-04-07T22:16:41","guid":{"rendered":"https:\/\/loparus.com\/produktas\/komatsu-wa-470-5-japan-made-2\/"},"modified":"2026-03-31T04:12:58","modified_gmt":"2026-03-31T01:12:58","slug":"komatsu-wa-470-5-japan-made","status":"publish","type":"product","link":"https:\/\/loparus.com\/en\/product\/komatsu-wa-470-5-japan-made\/","title":{"rendered":"Komatsu WA 470-5 JAPAN MADE"},"content":{"rendered":"<p>Komatsu WA 470-5 JAPAN MADE<br \/>\n2007<br \/>\n24 000 kg<br \/>\n266 hp \/ 196 kw<br \/>\n11 145 m\/h<br \/>\nCentral lubrication system<br \/>\nOriginal paint<br \/>\nAC<br \/>\nCE<\/p>\n<p>Galimas keitimas \u012f j\u016bs\u0173 statybin\u0119 technik\u0105<\/p>\n<p>Si\u016blome LIZINGO sprendimus sunkiajai technikai tiek juridiniams, tiek fiziniams asmenims, bendradarbiaudami su patikimais partneriais ir sutvarkydami visus formalumus.<\/p>\n","protected":false},"excerpt":{"rendered":"<p>Komatsu WA 470-5 JAPAN MADE 2007 24 000 kg 266 hp \/ 196 kw 11 145 m\/h Central lubrication system Original paint AC CE Galimas keitimas \u012f j\u016bs\u0173 statybin\u0119 technik\u0105 Si\u016blome LIZINGO sprendimus sunkiajai technikai tiek juridiniams, tiek fiziniams asmenims, bendradarbiaudami su patikimais partneriais ir sutvarkydami visus formalumus.<\/p>\n","protected":false},"featured_media":15474,"template":"","meta":{"_et_pb_use_builder":"","_et_pb_old_content":"","_et_gb_content_width":""},"product_brand":[],"product_cat":[349,349,300,300],"product_tag":[],"class_list":{"0":"post-17463","1":"product","2":"type-product","3":"status-publish","4":"has-post-thumbnail","6":"product_cat-frontal-loader","8":"product_cat-machinery-for-sale","11":"first","12":"instock","13":"purchasable","14":"product-type-simple"},"yoast_head":"<!-- This site is optimized with the Yoast SEO plugin v27.5 - https:\/\/yoast.com\/product\/yoast-seo-wordpress\/ -->\n<title>Komatsu WA 470-5 JAPAN MADE - loparus.com<\/title>\n<meta name=\"robots\" content=\"index, follow, max-snippet:-1, max-image-preview:large, max-video-preview:-1\" \/>\n<link rel=\"canonical\" href=\"https:\/\/loparus.com\/produktas\/komatsu-wa-470-5-japan-made\/\" \/>\n<meta property=\"og:locale\" content=\"en_US\" \/>\n<meta property=\"og:type\" content=\"article\" \/>\n<meta property=\"og:title\" content=\"Komatsu WA 470-5 JAPAN MADE - loparus.com\" \/>\n<meta property=\"og:description\" content=\"Komatsu WA 470-5 JAPAN MADE 2007 24 000 kg 266 hp \/ 196 kw 11 145 m\/h Central lubrication system Original paint AC CE Galimas keitimas \u012f j\u016bs\u0173 statybin\u0119 technik\u0105 Si\u016blome LIZINGO sprendimus sunkiajai technikai tiek juridiniams, tiek fiziniams asmenims, bendradarbiaudami su patikimais partneriais ir sutvarkydami visus formalumus.\" \/>\n<meta property=\"og:url\" content=\"https:\/\/loparus.com\/produktas\/komatsu-wa-470-5-japan-made\/\" \/>\n<meta property=\"og:site_name\" content=\"loparus.com\" \/>\n<meta property=\"og:image\" content=\"https:\/\/loparus.com\/wp-content\/uploads\/komatsu-wa-470-5-japan-made-frontaliniai-krautuvai-12.jpg\" \/>\n\t<meta property=\"og:image:width\" content=\"1920\" \/>\n\t<meta property=\"og:image:height\" content=\"1440\" \/>\n\t<meta property=\"og:image:type\" content=\"image\/jpeg\" \/>\n<meta name=\"twitter:card\" content=\"summary_large_image\" \/>\n<script type=\"application\/ld+json\" class=\"yoast-schema-graph\">{\"@context\":\"https:\\\/\\\/schema.org\",\"@graph\":[{\"@type\":\"WebPage\",\"@id\":\"https:\\\/\\\/loparus.com\\\/produktas\\\/komatsu-wa-470-5-japan-made\\\/\",\"url\":\"https:\\\/\\\/loparus.com\\\/produktas\\\/komatsu-wa-470-5-japan-made\\\/\",\"name\":\"Komatsu WA 470-5 JAPAN MADE - loparus.com\",\"isPartOf\":{\"@id\":\"https:\\\/\\\/loparus.com\\\/#website\"},\"primaryImageOfPage\":{\"@id\":\"https:\\\/\\\/loparus.com\\\/produktas\\\/komatsu-wa-470-5-japan-made\\\/#primaryimage\"},\"image\":{\"@id\":\"https:\\\/\\\/loparus.com\\\/produktas\\\/komatsu-wa-470-5-japan-made\\\/#primaryimage\"},\"thumbnailUrl\":\"https:\\\/\\\/loparus.com\\\/wp-content\\\/uploads\\\/komatsu-wa-470-5-japan-made-frontaliniai-krautuvai-12.jpg\",\"datePublished\":\"2026-04-07T22:16:41+00:00\",\"breadcrumb\":{\"@id\":\"https:\\\/\\\/loparus.com\\\/produktas\\\/komatsu-wa-470-5-japan-made\\\/#breadcrumb\"},\"inLanguage\":\"en-US\",\"potentialAction\":[{\"@type\":\"ReadAction\",\"target\":[\"https:\\\/\\\/loparus.com\\\/produktas\\\/komatsu-wa-470-5-japan-made\\\/\"]}]},{\"@type\":\"ImageObject\",\"inLanguage\":\"en-US\",\"@id\":\"https:\\\/\\\/loparus.com\\\/produktas\\\/komatsu-wa-470-5-japan-made\\\/#primaryimage\",\"url\":\"https:\\\/\\\/loparus.com\\\/wp-content\\\/uploads\\\/komatsu-wa-470-5-japan-made-frontaliniai-krautuvai-12.jpg\",\"contentUrl\":\"https:\\\/\\\/loparus.com\\\/wp-content\\\/uploads\\\/komatsu-wa-470-5-japan-made-frontaliniai-krautuvai-12.jpg\",\"width\":1920,\"height\":1440,\"caption\":\"KomatsuWA 470-5 JAPAN MADE\"},{\"@type\":\"BreadcrumbList\",\"@id\":\"https:\\\/\\\/loparus.com\\\/produktas\\\/komatsu-wa-470-5-japan-made\\\/#breadcrumb\",\"itemListElement\":[{\"@type\":\"ListItem\",\"position\":1,\"name\":\"Home\",\"item\":\"https:\\\/\\\/loparus.com\\\/en\\\/\"},{\"@type\":\"ListItem\",\"position\":2,\"name\":\"Shop\",\"item\":\"https:\\\/\\\/loparus.com\\\/en\\\/shop\\\/\"},{\"@type\":\"ListItem\",\"position\":3,\"name\":\"Komatsu WA 470-5 JAPAN MADE\"}]},{\"@type\":\"WebSite\",\"@id\":\"https:\\\/\\\/loparus.com\\\/#website\",\"url\":\"https:\\\/\\\/loparus.com\\\/\",\"name\":\"loparus.com\",\"description\":\"Just another WordPress site\",\"potentialAction\":[{\"@type\":\"SearchAction\",\"target\":{\"@type\":\"EntryPoint\",\"urlTemplate\":\"https:\\\/\\\/loparus.com\\\/?s={search_term_string}\"},\"query-input\":{\"@type\":\"PropertyValueSpecification\",\"valueRequired\":true,\"valueName\":\"search_term_string\"}}],\"inLanguage\":\"en-US\"}]}<\/script>\n<!-- \/ Yoast SEO plugin. -->","yoast_head_json":{"title":"Komatsu WA 470-5 JAPAN MADE - loparus.com","robots":{"index":"index","follow":"follow","max-snippet":"max-snippet:-1","max-image-preview":"max-image-preview:large","max-video-preview":"max-video-preview:-1"},"canonical":"https:\/\/loparus.com\/produktas\/komatsu-wa-470-5-japan-made\/","og_locale":"en_US","og_type":"article","og_title":"Komatsu WA 470-5 JAPAN MADE - loparus.com","og_description":"Komatsu WA 470-5 JAPAN MADE 2007 24 000 kg 266 hp \/ 196 kw 11 145 m\/h Central lubrication system Original paint AC CE Galimas keitimas \u012f j\u016bs\u0173 statybin\u0119 technik\u0105 Si\u016blome LIZINGO sprendimus sunkiajai technikai tiek juridiniams, tiek fiziniams asmenims, bendradarbiaudami su patikimais partneriais ir sutvarkydami visus formalumus.","og_url":"https:\/\/loparus.com\/produktas\/komatsu-wa-470-5-japan-made\/","og_site_name":"loparus.com","og_image":[{"width":1920,"height":1440,"url":"https:\/\/loparus.com\/wp-content\/uploads\/komatsu-wa-470-5-japan-made-frontaliniai-krautuvai-12.jpg","type":"image\/jpeg"}],"twitter_card":"summary_large_image","schema":{"@context":"https:\/\/schema.org","@graph":[{"@type":"WebPage","@id":"https:\/\/loparus.com\/produktas\/komatsu-wa-470-5-japan-made\/","url":"https:\/\/loparus.com\/produktas\/komatsu-wa-470-5-japan-made\/","name":"Komatsu WA 470-5 JAPAN MADE - loparus.com","isPartOf":{"@id":"https:\/\/loparus.com\/#website"},"primaryImageOfPage":{"@id":"https:\/\/loparus.com\/produktas\/komatsu-wa-470-5-japan-made\/#primaryimage"},"image":{"@id":"https:\/\/loparus.com\/produktas\/komatsu-wa-470-5-japan-made\/#primaryimage"},"thumbnailUrl":"https:\/\/loparus.com\/wp-content\/uploads\/komatsu-wa-470-5-japan-made-frontaliniai-krautuvai-12.jpg","datePublished":"2026-04-07T22:16:41+00:00","breadcrumb":{"@id":"https:\/\/loparus.com\/produktas\/komatsu-wa-470-5-japan-made\/#breadcrumb"},"inLanguage":"en-US","potentialAction":[{"@type":"ReadAction","target":["https:\/\/loparus.com\/produktas\/komatsu-wa-470-5-japan-made\/"]}]},{"@type":"ImageObject","inLanguage":"en-US","@id":"https:\/\/loparus.com\/produktas\/komatsu-wa-470-5-japan-made\/#primaryimage","url":"https:\/\/loparus.com\/wp-content\/uploads\/komatsu-wa-470-5-japan-made-frontaliniai-krautuvai-12.jpg","contentUrl":"https:\/\/loparus.com\/wp-content\/uploads\/komatsu-wa-470-5-japan-made-frontaliniai-krautuvai-12.jpg","width":1920,"height":1440,"caption":"KomatsuWA 470-5 JAPAN MADE"},{"@type":"BreadcrumbList","@id":"https:\/\/loparus.com\/produktas\/komatsu-wa-470-5-japan-made\/#breadcrumb","itemListElement":[{"@type":"ListItem","position":1,"name":"Home","item":"https:\/\/loparus.com\/en\/"},{"@type":"ListItem","position":2,"name":"Shop","item":"https:\/\/loparus.com\/en\/shop\/"},{"@type":"ListItem","position":3,"name":"Komatsu WA 470-5 JAPAN MADE"}]},{"@type":"WebSite","@id":"https:\/\/loparus.com\/#website","url":"https:\/\/loparus.com\/","name":"loparus.com","description":"Just another WordPress site","potentialAction":[{"@type":"SearchAction","target":{"@type":"EntryPoint","urlTemplate":"https:\/\/loparus.com\/?s={search_term_string}"},"query-input":{"@type":"PropertyValueSpecification","valueRequired":true,"valueName":"search_term_string"}}],"inLanguage":"en-US"}]}},"_links":{"self":[{"href":"https:\/\/loparus.com\/en\/wp-json\/wp\/v2\/product\/17463","targetHints":{"allow":["GET"]}}],"collection":[{"href":"https:\/\/loparus.com\/en\/wp-json\/wp\/v2\/product"}],"about":[{"href":"https:\/\/loparus.com\/en\/wp-json\/wp\/v2\/types\/product"}],"wp:featuredmedia":[{"embeddable":true,"href":"https:\/\/loparus.com\/en\/wp-json\/wp\/v2\/media\/15474"}],"wp:attachment":[{"href":"https:\/\/loparus.com\/en\/wp-json\/wp\/v2\/media?parent=17463"}],"wp:term":[{"taxonomy":"product_brand","embeddable":true,"href":"https:\/\/loparus.com\/en\/wp-json\/wp\/v2\/product_brand?post=17463"},{"taxonomy":"product_cat","embeddable":true,"href":"https:\/\/loparus.com\/en\/wp-json\/wp\/v2\/product_cat?post=17463"},{"taxonomy":"product_tag","embeddable":true,"href":"https:\/\/loparus.com\/en\/wp-json\/wp\/v2\/product_tag?post=17463"}],"curies":[{"name":"wp","href":"https:\/\/api.w.org\/{rel}","templated":true}]}}