{"id":17468,"date":"2026-04-08T01:17:00","date_gmt":"2026-04-07T22:17:00","guid":{"rendered":"https:\/\/loparus.com\/produktas\/jcb-jc-220-lct4-2\/"},"modified":"2026-03-31T04:14:19","modified_gmt":"2026-03-31T01:14:19","slug":"jcb-jc-220-lct4","status":"publish","type":"product","link":"https:\/\/loparus.com\/en\/product\/jcb-jc-220-lct4\/","title":{"rendered":"JCB JC 220 LCT4"},"content":{"rendered":"<p>JCB JS 220 LCT4<br \/>\n2015<br \/>\n22 060 kg<br \/>\n163 hp \/ 120 kw<br \/>\n6 821 m\/h<br \/>\nExtra auxiliary hydraulic lines<br \/>\nQuick hydraulic coupler S type<br \/>\nDigging bucket<br \/>\nBack monotoring<br \/>\nExtra fuel pump<br \/>\nAC<br \/>\nCE<br \/>\nWorking good<br \/>\nNot used in Lithuania<\/p>\n<p>Lietuvoje neeksploatuotas<br \/>\nGalimas keitimas \u012f j\u016bs\u0173 statybin\u0119 technik\u0105<\/p>\n<p>Si\u016blome LIZINGO sprendimus sunkiajai technikai tiek juridiniams, tiek fiziniams asmenims, bendradarbiaudami su patikimais partneriais ir sutvarkydami visus formalumus.<\/p>\n","protected":false},"excerpt":{"rendered":"<p>JCB JS 220 LCT4 2015 22 060 kg 163 hp \/ 120 kw 6 821 m\/h Extra auxiliary hydraulic lines Quick hydraulic coupler S type Digging bucket Back monotoring Extra fuel pump AC CE Working good Not used in Lithuania Lietuvoje neeksploatuotas Galimas keitimas \u012f j\u016bs\u0173 statybin\u0119 technik\u0105 Si\u016blome LIZINGO sprendimus sunkiajai technikai tiek juridiniams, [&hellip;]<\/p>\n","protected":false},"featured_media":15585,"template":"","meta":{"_et_pb_use_builder":"","_et_pb_old_content":"","_et_gb_content_width":""},"product_brand":[],"product_cat":[345,345,300,300],"product_tag":[],"class_list":{"0":"post-17468","1":"product","2":"type-product","3":"status-publish","4":"has-post-thumbnail","6":"product_cat-excavators","8":"product_cat-machinery-for-sale","11":"first","12":"instock","13":"purchasable","14":"product-type-simple"},"yoast_head":"<!-- This site is optimized with the Yoast SEO plugin v27.5 - https:\/\/yoast.com\/product\/yoast-seo-wordpress\/ -->\n<title>JCB JC 220 LCT4 - loparus.com<\/title>\n<meta name=\"robots\" content=\"index, follow, max-snippet:-1, max-image-preview:large, max-video-preview:-1\" \/>\n<link rel=\"canonical\" href=\"https:\/\/loparus.com\/produktas\/jcb-jc-220-lct4\/\" \/>\n<meta property=\"og:locale\" content=\"en_US\" \/>\n<meta property=\"og:type\" content=\"article\" \/>\n<meta property=\"og:title\" content=\"JCB JC 220 LCT4 - loparus.com\" \/>\n<meta property=\"og:description\" content=\"JCB JS 220 LCT4 2015 22 060 kg 163 hp \/ 120 kw 6 821 m\/h Extra auxiliary hydraulic lines Quick hydraulic coupler S type Digging bucket Back monotoring Extra fuel pump AC CE Working good Not used in Lithuania Lietuvoje neeksploatuotas Galimas keitimas \u012f j\u016bs\u0173 statybin\u0119 technik\u0105 Si\u016blome LIZINGO sprendimus sunkiajai technikai tiek juridiniams, [&hellip;]\" \/>\n<meta property=\"og:url\" content=\"https:\/\/loparus.com\/produktas\/jcb-jc-220-lct4\/\" \/>\n<meta property=\"og:site_name\" content=\"loparus.com\" \/>\n<meta property=\"og:image\" content=\"https:\/\/loparus.com\/wp-content\/uploads\/jcb-jc-220-lct4-ekskavatoriai-20.jpg\" \/>\n\t<meta property=\"og:image:width\" content=\"1920\" \/>\n\t<meta property=\"og:image:height\" content=\"1440\" \/>\n\t<meta property=\"og:image:type\" content=\"image\/jpeg\" \/>\n<meta name=\"twitter:card\" content=\"summary_large_image\" \/>\n<script type=\"application\/ld+json\" class=\"yoast-schema-graph\">{\"@context\":\"https:\\\/\\\/schema.org\",\"@graph\":[{\"@type\":\"WebPage\",\"@id\":\"https:\\\/\\\/loparus.com\\\/produktas\\\/jcb-jc-220-lct4\\\/\",\"url\":\"https:\\\/\\\/loparus.com\\\/produktas\\\/jcb-jc-220-lct4\\\/\",\"name\":\"JCB JC 220 LCT4 - loparus.com\",\"isPartOf\":{\"@id\":\"https:\\\/\\\/loparus.com\\\/#website\"},\"primaryImageOfPage\":{\"@id\":\"https:\\\/\\\/loparus.com\\\/produktas\\\/jcb-jc-220-lct4\\\/#primaryimage\"},\"image\":{\"@id\":\"https:\\\/\\\/loparus.com\\\/produktas\\\/jcb-jc-220-lct4\\\/#primaryimage\"},\"thumbnailUrl\":\"https:\\\/\\\/loparus.com\\\/wp-content\\\/uploads\\\/jcb-jc-220-lct4-ekskavatoriai-20.jpg\",\"datePublished\":\"2026-04-07T22:17:00+00:00\",\"breadcrumb\":{\"@id\":\"https:\\\/\\\/loparus.com\\\/produktas\\\/jcb-jc-220-lct4\\\/#breadcrumb\"},\"inLanguage\":\"en-US\",\"potentialAction\":[{\"@type\":\"ReadAction\",\"target\":[\"https:\\\/\\\/loparus.com\\\/produktas\\\/jcb-jc-220-lct4\\\/\"]}]},{\"@type\":\"ImageObject\",\"inLanguage\":\"en-US\",\"@id\":\"https:\\\/\\\/loparus.com\\\/produktas\\\/jcb-jc-220-lct4\\\/#primaryimage\",\"url\":\"https:\\\/\\\/loparus.com\\\/wp-content\\\/uploads\\\/jcb-jc-220-lct4-ekskavatoriai-20.jpg\",\"contentUrl\":\"https:\\\/\\\/loparus.com\\\/wp-content\\\/uploads\\\/jcb-jc-220-lct4-ekskavatoriai-20.jpg\",\"width\":1920,\"height\":1440,\"caption\":\"JCBJC 220 LCT4\"},{\"@type\":\"BreadcrumbList\",\"@id\":\"https:\\\/\\\/loparus.com\\\/produktas\\\/jcb-jc-220-lct4\\\/#breadcrumb\",\"itemListElement\":[{\"@type\":\"ListItem\",\"position\":1,\"name\":\"Home\",\"item\":\"https:\\\/\\\/loparus.com\\\/en\\\/\"},{\"@type\":\"ListItem\",\"position\":2,\"name\":\"Shop\",\"item\":\"https:\\\/\\\/loparus.com\\\/en\\\/shop\\\/\"},{\"@type\":\"ListItem\",\"position\":3,\"name\":\"JCB JC 220 LCT4\"}]},{\"@type\":\"WebSite\",\"@id\":\"https:\\\/\\\/loparus.com\\\/#website\",\"url\":\"https:\\\/\\\/loparus.com\\\/\",\"name\":\"loparus.com\",\"description\":\"Just another WordPress site\",\"potentialAction\":[{\"@type\":\"SearchAction\",\"target\":{\"@type\":\"EntryPoint\",\"urlTemplate\":\"https:\\\/\\\/loparus.com\\\/?s={search_term_string}\"},\"query-input\":{\"@type\":\"PropertyValueSpecification\",\"valueRequired\":true,\"valueName\":\"search_term_string\"}}],\"inLanguage\":\"en-US\"}]}<\/script>\n<!-- \/ Yoast SEO plugin. -->","yoast_head_json":{"title":"JCB JC 220 LCT4 - loparus.com","robots":{"index":"index","follow":"follow","max-snippet":"max-snippet:-1","max-image-preview":"max-image-preview:large","max-video-preview":"max-video-preview:-1"},"canonical":"https:\/\/loparus.com\/produktas\/jcb-jc-220-lct4\/","og_locale":"en_US","og_type":"article","og_title":"JCB JC 220 LCT4 - loparus.com","og_description":"JCB JS 220 LCT4 2015 22 060 kg 163 hp \/ 120 kw 6 821 m\/h Extra auxiliary hydraulic lines Quick hydraulic coupler S type Digging bucket Back monotoring Extra fuel pump AC CE Working good Not used in Lithuania Lietuvoje neeksploatuotas Galimas keitimas \u012f j\u016bs\u0173 statybin\u0119 technik\u0105 Si\u016blome LIZINGO sprendimus sunkiajai technikai tiek juridiniams, [&hellip;]","og_url":"https:\/\/loparus.com\/produktas\/jcb-jc-220-lct4\/","og_site_name":"loparus.com","og_image":[{"width":1920,"height":1440,"url":"https:\/\/loparus.com\/wp-content\/uploads\/jcb-jc-220-lct4-ekskavatoriai-20.jpg","type":"image\/jpeg"}],"twitter_card":"summary_large_image","schema":{"@context":"https:\/\/schema.org","@graph":[{"@type":"WebPage","@id":"https:\/\/loparus.com\/produktas\/jcb-jc-220-lct4\/","url":"https:\/\/loparus.com\/produktas\/jcb-jc-220-lct4\/","name":"JCB JC 220 LCT4 - loparus.com","isPartOf":{"@id":"https:\/\/loparus.com\/#website"},"primaryImageOfPage":{"@id":"https:\/\/loparus.com\/produktas\/jcb-jc-220-lct4\/#primaryimage"},"image":{"@id":"https:\/\/loparus.com\/produktas\/jcb-jc-220-lct4\/#primaryimage"},"thumbnailUrl":"https:\/\/loparus.com\/wp-content\/uploads\/jcb-jc-220-lct4-ekskavatoriai-20.jpg","datePublished":"2026-04-07T22:17:00+00:00","breadcrumb":{"@id":"https:\/\/loparus.com\/produktas\/jcb-jc-220-lct4\/#breadcrumb"},"inLanguage":"en-US","potentialAction":[{"@type":"ReadAction","target":["https:\/\/loparus.com\/produktas\/jcb-jc-220-lct4\/"]}]},{"@type":"ImageObject","inLanguage":"en-US","@id":"https:\/\/loparus.com\/produktas\/jcb-jc-220-lct4\/#primaryimage","url":"https:\/\/loparus.com\/wp-content\/uploads\/jcb-jc-220-lct4-ekskavatoriai-20.jpg","contentUrl":"https:\/\/loparus.com\/wp-content\/uploads\/jcb-jc-220-lct4-ekskavatoriai-20.jpg","width":1920,"height":1440,"caption":"JCBJC 220 LCT4"},{"@type":"BreadcrumbList","@id":"https:\/\/loparus.com\/produktas\/jcb-jc-220-lct4\/#breadcrumb","itemListElement":[{"@type":"ListItem","position":1,"name":"Home","item":"https:\/\/loparus.com\/en\/"},{"@type":"ListItem","position":2,"name":"Shop","item":"https:\/\/loparus.com\/en\/shop\/"},{"@type":"ListItem","position":3,"name":"JCB JC 220 LCT4"}]},{"@type":"WebSite","@id":"https:\/\/loparus.com\/#website","url":"https:\/\/loparus.com\/","name":"loparus.com","description":"Just another WordPress site","potentialAction":[{"@type":"SearchAction","target":{"@type":"EntryPoint","urlTemplate":"https:\/\/loparus.com\/?s={search_term_string}"},"query-input":{"@type":"PropertyValueSpecification","valueRequired":true,"valueName":"search_term_string"}}],"inLanguage":"en-US"}]}},"_links":{"self":[{"href":"https:\/\/loparus.com\/en\/wp-json\/wp\/v2\/product\/17468","targetHints":{"allow":["GET"]}}],"collection":[{"href":"https:\/\/loparus.com\/en\/wp-json\/wp\/v2\/product"}],"about":[{"href":"https:\/\/loparus.com\/en\/wp-json\/wp\/v2\/types\/product"}],"wp:featuredmedia":[{"embeddable":true,"href":"https:\/\/loparus.com\/en\/wp-json\/wp\/v2\/media\/15585"}],"wp:attachment":[{"href":"https:\/\/loparus.com\/en\/wp-json\/wp\/v2\/media?parent=17468"}],"wp:term":[{"taxonomy":"product_brand","embeddable":true,"href":"https:\/\/loparus.com\/en\/wp-json\/wp\/v2\/product_brand?post=17468"},{"taxonomy":"product_cat","embeddable":true,"href":"https:\/\/loparus.com\/en\/wp-json\/wp\/v2\/product_cat?post=17468"},{"taxonomy":"product_tag","embeddable":true,"href":"https:\/\/loparus.com\/en\/wp-json\/wp\/v2\/product_tag?post=17468"}],"curies":[{"name":"wp","href":"https:\/\/api.w.org\/{rel}","templated":true}]}}