{"id":17470,"date":"2026-04-08T01:18:06","date_gmt":"2026-04-07T22:18:06","guid":{"rendered":"https:\/\/loparus.com\/produktas\/komatsu-pc-210-lc-11-e0-longreach-16-m-2\/"},"modified":"2026-03-31T04:14:26","modified_gmt":"2026-03-31T01:14:26","slug":"komatsu-pc-210-lc-11-e0-longreach-16-m","status":"publish","type":"product","link":"https:\/\/loparus.com\/en\/product\/komatsu-pc-210-lc-11-e0-longreach-16-m\/","title":{"rendered":"Komatsu PC 210 LC-11 E0 LONGREACH 16 M"},"content":{"rendered":"<p>NEW Komatsu PC 210 LC-11 E0 LONGREACH<br \/>\n2025<br \/>\n23 740 kg<br \/>\n167 hp \/ 123 kw<br \/>\n60 m\/h !<br \/>\n16 meter arm<br \/>\n900 mm tracks<br \/>\nExtra auxiliary hydraulic lines<br \/>\nDigging bucket<br \/>\nExtra fuel pump<br \/>\nBeacon<br \/>\nAll sides monotoring<br \/>\nAC<br \/>\nROPS<br \/>\nCE<br \/>\nNEW MACHINE<\/p>\n<p>Naujas pla\u010diavik\u0161ris ilgastr\u0117lis ekskavatorius , 60 m\/h.<br \/>\n900 mm vik\u0161rai<br \/>\nGalima ilgalaik\u0117 nuoma su operatoriumi<br \/>\nGalimas keitimas \u012f j\u016bs\u0173 statybin\u0119 technik\u0105<\/p>\n<p>Netto 195 000 \u20ac<\/p>\n<p>Si\u016blome LIZINGO sprendimus sunkiajai technikai tiek juridiniams, tiek fiziniams asmenims, bendradarbiaudami su patikimais partneriais ir sutvarkydami visus formalumus.<\/p>\n","protected":false},"excerpt":{"rendered":"<p>NEW Komatsu PC 210 LC-11 E0 LONGREACH 2025 23 740 kg 167 hp \/ 123 kw 60 m\/h ! 16 meter arm 900 mm tracks Extra auxiliary hydraulic lines Digging bucket Extra fuel pump Beacon All sides monotoring AC ROPS CE NEW MACHINE Naujas pla\u010diavik\u0161ris ilgastr\u0117lis ekskavatorius , 60 m\/h. 900 mm vik\u0161rai Galima ilgalaik\u0117 [&hellip;]<\/p>\n","protected":false},"featured_media":15650,"template":"","meta":{"_et_pb_use_builder":"","_et_pb_old_content":"","_et_gb_content_width":""},"product_brand":[],"product_cat":[345,345,300,300],"product_tag":[],"class_list":{"0":"post-17470","1":"product","2":"type-product","3":"status-publish","4":"has-post-thumbnail","6":"product_cat-excavators","8":"product_cat-machinery-for-sale","11":"first","12":"instock","13":"purchasable","14":"product-type-simple"},"yoast_head":"<!-- This site is optimized with the Yoast SEO plugin v27.5 - https:\/\/yoast.com\/product\/yoast-seo-wordpress\/ -->\n<title>Komatsu PC 210 LC-11 E0 LONGREACH 16 M - loparus.com<\/title>\n<meta name=\"robots\" content=\"index, follow, max-snippet:-1, max-image-preview:large, max-video-preview:-1\" \/>\n<link rel=\"canonical\" href=\"https:\/\/loparus.com\/produktas\/komatsu-pc-210-lc-11-e0-longreach-16-m\/\" \/>\n<meta property=\"og:locale\" content=\"en_US\" \/>\n<meta property=\"og:type\" content=\"article\" \/>\n<meta property=\"og:title\" content=\"Komatsu PC 210 LC-11 E0 LONGREACH 16 M - loparus.com\" \/>\n<meta property=\"og:description\" content=\"NEW Komatsu PC 210 LC-11 E0 LONGREACH 2025 23 740 kg 167 hp \/ 123 kw 60 m\/h ! 16 meter arm 900 mm tracks Extra auxiliary hydraulic lines Digging bucket Extra fuel pump Beacon All sides monotoring AC ROPS CE NEW MACHINE Naujas pla\u010diavik\u0161ris ilgastr\u0117lis ekskavatorius , 60 m\/h. 900 mm vik\u0161rai Galima ilgalaik\u0117 [&hellip;]\" \/>\n<meta property=\"og:url\" content=\"https:\/\/loparus.com\/produktas\/komatsu-pc-210-lc-11-e0-longreach-16-m\/\" \/>\n<meta property=\"og:site_name\" content=\"loparus.com\" \/>\n<meta property=\"og:image\" content=\"https:\/\/loparus.com\/wp-content\/uploads\/komatsu-pc-210-lc-11-e0-longreach-16-m-ekskavatoriai-25.jpg\" \/>\n\t<meta property=\"og:image:width\" content=\"1600\" \/>\n\t<meta property=\"og:image:height\" content=\"1200\" \/>\n\t<meta property=\"og:image:type\" content=\"image\/jpeg\" \/>\n<meta name=\"twitter:card\" content=\"summary_large_image\" \/>\n<script type=\"application\/ld+json\" class=\"yoast-schema-graph\">{\"@context\":\"https:\\\/\\\/schema.org\",\"@graph\":[{\"@type\":\"WebPage\",\"@id\":\"https:\\\/\\\/loparus.com\\\/produktas\\\/komatsu-pc-210-lc-11-e0-longreach-16-m\\\/\",\"url\":\"https:\\\/\\\/loparus.com\\\/produktas\\\/komatsu-pc-210-lc-11-e0-longreach-16-m\\\/\",\"name\":\"Komatsu PC 210 LC-11 E0 LONGREACH 16 M - loparus.com\",\"isPartOf\":{\"@id\":\"https:\\\/\\\/loparus.com\\\/#website\"},\"primaryImageOfPage\":{\"@id\":\"https:\\\/\\\/loparus.com\\\/produktas\\\/komatsu-pc-210-lc-11-e0-longreach-16-m\\\/#primaryimage\"},\"image\":{\"@id\":\"https:\\\/\\\/loparus.com\\\/produktas\\\/komatsu-pc-210-lc-11-e0-longreach-16-m\\\/#primaryimage\"},\"thumbnailUrl\":\"https:\\\/\\\/loparus.com\\\/wp-content\\\/uploads\\\/komatsu-pc-210-lc-11-e0-longreach-16-m-ekskavatoriai-25.jpg\",\"datePublished\":\"2026-04-07T22:18:06+00:00\",\"breadcrumb\":{\"@id\":\"https:\\\/\\\/loparus.com\\\/produktas\\\/komatsu-pc-210-lc-11-e0-longreach-16-m\\\/#breadcrumb\"},\"inLanguage\":\"en-US\",\"potentialAction\":[{\"@type\":\"ReadAction\",\"target\":[\"https:\\\/\\\/loparus.com\\\/produktas\\\/komatsu-pc-210-lc-11-e0-longreach-16-m\\\/\"]}]},{\"@type\":\"ImageObject\",\"inLanguage\":\"en-US\",\"@id\":\"https:\\\/\\\/loparus.com\\\/produktas\\\/komatsu-pc-210-lc-11-e0-longreach-16-m\\\/#primaryimage\",\"url\":\"https:\\\/\\\/loparus.com\\\/wp-content\\\/uploads\\\/komatsu-pc-210-lc-11-e0-longreach-16-m-ekskavatoriai-25.jpg\",\"contentUrl\":\"https:\\\/\\\/loparus.com\\\/wp-content\\\/uploads\\\/komatsu-pc-210-lc-11-e0-longreach-16-m-ekskavatoriai-25.jpg\",\"width\":1600,\"height\":1200,\"caption\":\"KomatsuPC 210 LC-11 E0 LONGREACH 16 M\"},{\"@type\":\"BreadcrumbList\",\"@id\":\"https:\\\/\\\/loparus.com\\\/produktas\\\/komatsu-pc-210-lc-11-e0-longreach-16-m\\\/#breadcrumb\",\"itemListElement\":[{\"@type\":\"ListItem\",\"position\":1,\"name\":\"Home\",\"item\":\"https:\\\/\\\/loparus.com\\\/en\\\/\"},{\"@type\":\"ListItem\",\"position\":2,\"name\":\"Shop\",\"item\":\"https:\\\/\\\/loparus.com\\\/en\\\/shop\\\/\"},{\"@type\":\"ListItem\",\"position\":3,\"name\":\"Komatsu PC 210 LC-11 E0 LONGREACH 16 M\"}]},{\"@type\":\"WebSite\",\"@id\":\"https:\\\/\\\/loparus.com\\\/#website\",\"url\":\"https:\\\/\\\/loparus.com\\\/\",\"name\":\"loparus.com\",\"description\":\"Just another WordPress site\",\"potentialAction\":[{\"@type\":\"SearchAction\",\"target\":{\"@type\":\"EntryPoint\",\"urlTemplate\":\"https:\\\/\\\/loparus.com\\\/?s={search_term_string}\"},\"query-input\":{\"@type\":\"PropertyValueSpecification\",\"valueRequired\":true,\"valueName\":\"search_term_string\"}}],\"inLanguage\":\"en-US\"}]}<\/script>\n<!-- \/ Yoast SEO plugin. -->","yoast_head_json":{"title":"Komatsu PC 210 LC-11 E0 LONGREACH 16 M - loparus.com","robots":{"index":"index","follow":"follow","max-snippet":"max-snippet:-1","max-image-preview":"max-image-preview:large","max-video-preview":"max-video-preview:-1"},"canonical":"https:\/\/loparus.com\/produktas\/komatsu-pc-210-lc-11-e0-longreach-16-m\/","og_locale":"en_US","og_type":"article","og_title":"Komatsu PC 210 LC-11 E0 LONGREACH 16 M - loparus.com","og_description":"NEW Komatsu PC 210 LC-11 E0 LONGREACH 2025 23 740 kg 167 hp \/ 123 kw 60 m\/h ! 16 meter arm 900 mm tracks Extra auxiliary hydraulic lines Digging bucket Extra fuel pump Beacon All sides monotoring AC ROPS CE NEW MACHINE Naujas pla\u010diavik\u0161ris ilgastr\u0117lis ekskavatorius , 60 m\/h. 900 mm vik\u0161rai Galima ilgalaik\u0117 [&hellip;]","og_url":"https:\/\/loparus.com\/produktas\/komatsu-pc-210-lc-11-e0-longreach-16-m\/","og_site_name":"loparus.com","og_image":[{"width":1600,"height":1200,"url":"https:\/\/loparus.com\/wp-content\/uploads\/komatsu-pc-210-lc-11-e0-longreach-16-m-ekskavatoriai-25.jpg","type":"image\/jpeg"}],"twitter_card":"summary_large_image","schema":{"@context":"https:\/\/schema.org","@graph":[{"@type":"WebPage","@id":"https:\/\/loparus.com\/produktas\/komatsu-pc-210-lc-11-e0-longreach-16-m\/","url":"https:\/\/loparus.com\/produktas\/komatsu-pc-210-lc-11-e0-longreach-16-m\/","name":"Komatsu PC 210 LC-11 E0 LONGREACH 16 M - loparus.com","isPartOf":{"@id":"https:\/\/loparus.com\/#website"},"primaryImageOfPage":{"@id":"https:\/\/loparus.com\/produktas\/komatsu-pc-210-lc-11-e0-longreach-16-m\/#primaryimage"},"image":{"@id":"https:\/\/loparus.com\/produktas\/komatsu-pc-210-lc-11-e0-longreach-16-m\/#primaryimage"},"thumbnailUrl":"https:\/\/loparus.com\/wp-content\/uploads\/komatsu-pc-210-lc-11-e0-longreach-16-m-ekskavatoriai-25.jpg","datePublished":"2026-04-07T22:18:06+00:00","breadcrumb":{"@id":"https:\/\/loparus.com\/produktas\/komatsu-pc-210-lc-11-e0-longreach-16-m\/#breadcrumb"},"inLanguage":"en-US","potentialAction":[{"@type":"ReadAction","target":["https:\/\/loparus.com\/produktas\/komatsu-pc-210-lc-11-e0-longreach-16-m\/"]}]},{"@type":"ImageObject","inLanguage":"en-US","@id":"https:\/\/loparus.com\/produktas\/komatsu-pc-210-lc-11-e0-longreach-16-m\/#primaryimage","url":"https:\/\/loparus.com\/wp-content\/uploads\/komatsu-pc-210-lc-11-e0-longreach-16-m-ekskavatoriai-25.jpg","contentUrl":"https:\/\/loparus.com\/wp-content\/uploads\/komatsu-pc-210-lc-11-e0-longreach-16-m-ekskavatoriai-25.jpg","width":1600,"height":1200,"caption":"KomatsuPC 210 LC-11 E0 LONGREACH 16 M"},{"@type":"BreadcrumbList","@id":"https:\/\/loparus.com\/produktas\/komatsu-pc-210-lc-11-e0-longreach-16-m\/#breadcrumb","itemListElement":[{"@type":"ListItem","position":1,"name":"Home","item":"https:\/\/loparus.com\/en\/"},{"@type":"ListItem","position":2,"name":"Shop","item":"https:\/\/loparus.com\/en\/shop\/"},{"@type":"ListItem","position":3,"name":"Komatsu PC 210 LC-11 E0 LONGREACH 16 M"}]},{"@type":"WebSite","@id":"https:\/\/loparus.com\/#website","url":"https:\/\/loparus.com\/","name":"loparus.com","description":"Just another WordPress site","potentialAction":[{"@type":"SearchAction","target":{"@type":"EntryPoint","urlTemplate":"https:\/\/loparus.com\/?s={search_term_string}"},"query-input":{"@type":"PropertyValueSpecification","valueRequired":true,"valueName":"search_term_string"}}],"inLanguage":"en-US"}]}},"_links":{"self":[{"href":"https:\/\/loparus.com\/en\/wp-json\/wp\/v2\/product\/17470","targetHints":{"allow":["GET"]}}],"collection":[{"href":"https:\/\/loparus.com\/en\/wp-json\/wp\/v2\/product"}],"about":[{"href":"https:\/\/loparus.com\/en\/wp-json\/wp\/v2\/types\/product"}],"wp:featuredmedia":[{"embeddable":true,"href":"https:\/\/loparus.com\/en\/wp-json\/wp\/v2\/media\/15650"}],"wp:attachment":[{"href":"https:\/\/loparus.com\/en\/wp-json\/wp\/v2\/media?parent=17470"}],"wp:term":[{"taxonomy":"product_brand","embeddable":true,"href":"https:\/\/loparus.com\/en\/wp-json\/wp\/v2\/product_brand?post=17470"},{"taxonomy":"product_cat","embeddable":true,"href":"https:\/\/loparus.com\/en\/wp-json\/wp\/v2\/product_cat?post=17470"},{"taxonomy":"product_tag","embeddable":true,"href":"https:\/\/loparus.com\/en\/wp-json\/wp\/v2\/product_tag?post=17470"}],"curies":[{"name":"wp","href":"https:\/\/api.w.org\/{rel}","templated":true}]}}