{"id":17476,"date":"2026-04-08T01:18:36","date_gmt":"2026-04-07T22:18:36","guid":{"rendered":"https:\/\/loparus.com\/produktas\/komatsu-pc-240-lc-10-engcon-rototilt-2\/"},"modified":"2026-03-31T04:14:46","modified_gmt":"2026-03-31T01:14:46","slug":"komatsu-pc-240-lc-10-engcon-rototilt","status":"publish","type":"product","link":"https:\/\/loparus.com\/en\/product\/komatsu-pc-240-lc-10-engcon-rototilt\/","title":{"rendered":"Komatsu PC 240 LC-10 ENGCON ROTOTILT"},"content":{"rendered":"<p>Komatsu PC 240 LC-10<br \/>\n2012<br \/>\n25 550 kg<br \/>\n192 hp \/ 141 kw<br \/>\n8 819 m\/h<br \/>\n800 mm track pads , 3.40 m full width<br \/>\nEngcon ROTOTILT<br \/>\nQuick hydraulic coupler NTP<br \/>\nBig bucket 2 m width<br \/>\nExtra hydraulic lines<br \/>\nOriginal paint<br \/>\nCentral lubrication<br \/>\nExtra fuel pump<br \/>\nWebasto<br \/>\nRops<br \/>\nBack view camera<br \/>\nAC<br \/>\nCE&#038;EPA<br \/>\nNot used in Lithuania<br \/>\nVery good working condition machine<\/p>\n<p>GALIMAS LIZINGAS<\/p>\n<p>Video link: https:\/\/youtu.be\/U4Rqs2auKKw<\/p>\n<p>Lietuvoje neeksploatuotas , i\u0161 SKANDINAVIJOS<br \/>\nGalimas keitimas \u012f j\u016bs\u0173 statybin\u0119 technik\u0105<\/p>\n<p>Si\u016blome LIZINGO sprendimus sunkiajai technikai tiek juridiniams, tiek fiziniams asmenims, bendradarbiaudami su patikimais partneriais ir sutvarkydami visus formalumus.<\/p>\n","protected":false},"excerpt":{"rendered":"<p>Komatsu PC 240 LC-10 2012 25 550 kg 192 hp \/ 141 kw 8 819 m\/h 800 mm track pads , 3.40 m full width Engcon ROTOTILT Quick hydraulic coupler NTP Big bucket 2 m width Extra hydraulic lines Original paint Central lubrication Extra fuel pump Webasto Rops Back view camera AC CE&#038;EPA Not used [&hellip;]<\/p>\n","protected":false},"featured_media":15865,"template":"","meta":{"_et_pb_use_builder":"","_et_pb_old_content":"","_et_gb_content_width":""},"product_brand":[],"product_cat":[345,345,300,300],"product_tag":[],"class_list":{"0":"post-17476","1":"product","2":"type-product","3":"status-publish","4":"has-post-thumbnail","6":"product_cat-excavators","8":"product_cat-machinery-for-sale","11":"first","12":"instock","13":"purchasable","14":"product-type-simple"},"yoast_head":"<!-- This site is optimized with the Yoast SEO plugin v27.5 - https:\/\/yoast.com\/product\/yoast-seo-wordpress\/ -->\n<title>Komatsu PC 240 LC-10 ENGCON ROTOTILT - loparus.com<\/title>\n<meta name=\"robots\" content=\"index, follow, max-snippet:-1, max-image-preview:large, max-video-preview:-1\" \/>\n<link rel=\"canonical\" href=\"https:\/\/loparus.com\/produktas\/komatsu-pc-240-lc-10-engcon-rototilt\/\" \/>\n<meta property=\"og:locale\" content=\"en_US\" \/>\n<meta property=\"og:type\" content=\"article\" \/>\n<meta property=\"og:title\" content=\"Komatsu PC 240 LC-10 ENGCON ROTOTILT - loparus.com\" \/>\n<meta property=\"og:description\" content=\"Komatsu PC 240 LC-10 2012 25 550 kg 192 hp \/ 141 kw 8 819 m\/h 800 mm track pads , 3.40 m full width Engcon ROTOTILT Quick hydraulic coupler NTP Big bucket 2 m width Extra hydraulic lines Original paint Central lubrication Extra fuel pump Webasto Rops Back view camera AC CE&#038;EPA Not used [&hellip;]\" \/>\n<meta property=\"og:url\" content=\"https:\/\/loparus.com\/produktas\/komatsu-pc-240-lc-10-engcon-rototilt\/\" \/>\n<meta property=\"og:site_name\" content=\"loparus.com\" \/>\n<meta property=\"og:image\" content=\"https:\/\/loparus.com\/wp-content\/uploads\/komatsu-pc-240-lc-10-engcon-rototilt-ekskavatoriai-45.jpg\" \/>\n\t<meta property=\"og:image:width\" content=\"1920\" \/>\n\t<meta property=\"og:image:height\" content=\"1440\" \/>\n\t<meta property=\"og:image:type\" content=\"image\/jpeg\" \/>\n<meta name=\"twitter:card\" content=\"summary_large_image\" \/>\n<script type=\"application\/ld+json\" class=\"yoast-schema-graph\">{\"@context\":\"https:\\\/\\\/schema.org\",\"@graph\":[{\"@type\":\"WebPage\",\"@id\":\"https:\\\/\\\/loparus.com\\\/produktas\\\/komatsu-pc-240-lc-10-engcon-rototilt\\\/\",\"url\":\"https:\\\/\\\/loparus.com\\\/produktas\\\/komatsu-pc-240-lc-10-engcon-rototilt\\\/\",\"name\":\"Komatsu PC 240 LC-10 ENGCON ROTOTILT - loparus.com\",\"isPartOf\":{\"@id\":\"https:\\\/\\\/loparus.com\\\/#website\"},\"primaryImageOfPage\":{\"@id\":\"https:\\\/\\\/loparus.com\\\/produktas\\\/komatsu-pc-240-lc-10-engcon-rototilt\\\/#primaryimage\"},\"image\":{\"@id\":\"https:\\\/\\\/loparus.com\\\/produktas\\\/komatsu-pc-240-lc-10-engcon-rototilt\\\/#primaryimage\"},\"thumbnailUrl\":\"https:\\\/\\\/loparus.com\\\/wp-content\\\/uploads\\\/komatsu-pc-240-lc-10-engcon-rototilt-ekskavatoriai-45.jpg\",\"datePublished\":\"2026-04-07T22:18:36+00:00\",\"breadcrumb\":{\"@id\":\"https:\\\/\\\/loparus.com\\\/produktas\\\/komatsu-pc-240-lc-10-engcon-rototilt\\\/#breadcrumb\"},\"inLanguage\":\"en-US\",\"potentialAction\":[{\"@type\":\"ReadAction\",\"target\":[\"https:\\\/\\\/loparus.com\\\/produktas\\\/komatsu-pc-240-lc-10-engcon-rototilt\\\/\"]}]},{\"@type\":\"ImageObject\",\"inLanguage\":\"en-US\",\"@id\":\"https:\\\/\\\/loparus.com\\\/produktas\\\/komatsu-pc-240-lc-10-engcon-rototilt\\\/#primaryimage\",\"url\":\"https:\\\/\\\/loparus.com\\\/wp-content\\\/uploads\\\/komatsu-pc-240-lc-10-engcon-rototilt-ekskavatoriai-45.jpg\",\"contentUrl\":\"https:\\\/\\\/loparus.com\\\/wp-content\\\/uploads\\\/komatsu-pc-240-lc-10-engcon-rototilt-ekskavatoriai-45.jpg\",\"width\":1920,\"height\":1440,\"caption\":\"KomatsuPC 240 LC-10 ENGCON ROTOTILT\"},{\"@type\":\"BreadcrumbList\",\"@id\":\"https:\\\/\\\/loparus.com\\\/produktas\\\/komatsu-pc-240-lc-10-engcon-rototilt\\\/#breadcrumb\",\"itemListElement\":[{\"@type\":\"ListItem\",\"position\":1,\"name\":\"Home\",\"item\":\"https:\\\/\\\/loparus.com\\\/en\\\/\"},{\"@type\":\"ListItem\",\"position\":2,\"name\":\"Shop\",\"item\":\"https:\\\/\\\/loparus.com\\\/en\\\/shop\\\/\"},{\"@type\":\"ListItem\",\"position\":3,\"name\":\"Komatsu PC 240 LC-10 ENGCON ROTOTILT\"}]},{\"@type\":\"WebSite\",\"@id\":\"https:\\\/\\\/loparus.com\\\/#website\",\"url\":\"https:\\\/\\\/loparus.com\\\/\",\"name\":\"loparus.com\",\"description\":\"Just another WordPress site\",\"potentialAction\":[{\"@type\":\"SearchAction\",\"target\":{\"@type\":\"EntryPoint\",\"urlTemplate\":\"https:\\\/\\\/loparus.com\\\/?s={search_term_string}\"},\"query-input\":{\"@type\":\"PropertyValueSpecification\",\"valueRequired\":true,\"valueName\":\"search_term_string\"}}],\"inLanguage\":\"en-US\"}]}<\/script>\n<!-- \/ Yoast SEO plugin. -->","yoast_head_json":{"title":"Komatsu PC 240 LC-10 ENGCON ROTOTILT - loparus.com","robots":{"index":"index","follow":"follow","max-snippet":"max-snippet:-1","max-image-preview":"max-image-preview:large","max-video-preview":"max-video-preview:-1"},"canonical":"https:\/\/loparus.com\/produktas\/komatsu-pc-240-lc-10-engcon-rototilt\/","og_locale":"en_US","og_type":"article","og_title":"Komatsu PC 240 LC-10 ENGCON ROTOTILT - loparus.com","og_description":"Komatsu PC 240 LC-10 2012 25 550 kg 192 hp \/ 141 kw 8 819 m\/h 800 mm track pads , 3.40 m full width Engcon ROTOTILT Quick hydraulic coupler NTP Big bucket 2 m width Extra hydraulic lines Original paint Central lubrication Extra fuel pump Webasto Rops Back view camera AC CE&#038;EPA Not used [&hellip;]","og_url":"https:\/\/loparus.com\/produktas\/komatsu-pc-240-lc-10-engcon-rototilt\/","og_site_name":"loparus.com","og_image":[{"width":1920,"height":1440,"url":"https:\/\/loparus.com\/wp-content\/uploads\/komatsu-pc-240-lc-10-engcon-rototilt-ekskavatoriai-45.jpg","type":"image\/jpeg"}],"twitter_card":"summary_large_image","schema":{"@context":"https:\/\/schema.org","@graph":[{"@type":"WebPage","@id":"https:\/\/loparus.com\/produktas\/komatsu-pc-240-lc-10-engcon-rototilt\/","url":"https:\/\/loparus.com\/produktas\/komatsu-pc-240-lc-10-engcon-rototilt\/","name":"Komatsu PC 240 LC-10 ENGCON ROTOTILT - loparus.com","isPartOf":{"@id":"https:\/\/loparus.com\/#website"},"primaryImageOfPage":{"@id":"https:\/\/loparus.com\/produktas\/komatsu-pc-240-lc-10-engcon-rototilt\/#primaryimage"},"image":{"@id":"https:\/\/loparus.com\/produktas\/komatsu-pc-240-lc-10-engcon-rototilt\/#primaryimage"},"thumbnailUrl":"https:\/\/loparus.com\/wp-content\/uploads\/komatsu-pc-240-lc-10-engcon-rototilt-ekskavatoriai-45.jpg","datePublished":"2026-04-07T22:18:36+00:00","breadcrumb":{"@id":"https:\/\/loparus.com\/produktas\/komatsu-pc-240-lc-10-engcon-rototilt\/#breadcrumb"},"inLanguage":"en-US","potentialAction":[{"@type":"ReadAction","target":["https:\/\/loparus.com\/produktas\/komatsu-pc-240-lc-10-engcon-rototilt\/"]}]},{"@type":"ImageObject","inLanguage":"en-US","@id":"https:\/\/loparus.com\/produktas\/komatsu-pc-240-lc-10-engcon-rototilt\/#primaryimage","url":"https:\/\/loparus.com\/wp-content\/uploads\/komatsu-pc-240-lc-10-engcon-rototilt-ekskavatoriai-45.jpg","contentUrl":"https:\/\/loparus.com\/wp-content\/uploads\/komatsu-pc-240-lc-10-engcon-rototilt-ekskavatoriai-45.jpg","width":1920,"height":1440,"caption":"KomatsuPC 240 LC-10 ENGCON ROTOTILT"},{"@type":"BreadcrumbList","@id":"https:\/\/loparus.com\/produktas\/komatsu-pc-240-lc-10-engcon-rototilt\/#breadcrumb","itemListElement":[{"@type":"ListItem","position":1,"name":"Home","item":"https:\/\/loparus.com\/en\/"},{"@type":"ListItem","position":2,"name":"Shop","item":"https:\/\/loparus.com\/en\/shop\/"},{"@type":"ListItem","position":3,"name":"Komatsu PC 240 LC-10 ENGCON ROTOTILT"}]},{"@type":"WebSite","@id":"https:\/\/loparus.com\/#website","url":"https:\/\/loparus.com\/","name":"loparus.com","description":"Just another WordPress site","potentialAction":[{"@type":"SearchAction","target":{"@type":"EntryPoint","urlTemplate":"https:\/\/loparus.com\/?s={search_term_string}"},"query-input":{"@type":"PropertyValueSpecification","valueRequired":true,"valueName":"search_term_string"}}],"inLanguage":"en-US"}]}},"_links":{"self":[{"href":"https:\/\/loparus.com\/en\/wp-json\/wp\/v2\/product\/17476","targetHints":{"allow":["GET"]}}],"collection":[{"href":"https:\/\/loparus.com\/en\/wp-json\/wp\/v2\/product"}],"about":[{"href":"https:\/\/loparus.com\/en\/wp-json\/wp\/v2\/types\/product"}],"wp:featuredmedia":[{"embeddable":true,"href":"https:\/\/loparus.com\/en\/wp-json\/wp\/v2\/media\/15865"}],"wp:attachment":[{"href":"https:\/\/loparus.com\/en\/wp-json\/wp\/v2\/media?parent=17476"}],"wp:term":[{"taxonomy":"product_brand","embeddable":true,"href":"https:\/\/loparus.com\/en\/wp-json\/wp\/v2\/product_brand?post=17476"},{"taxonomy":"product_cat","embeddable":true,"href":"https:\/\/loparus.com\/en\/wp-json\/wp\/v2\/product_cat?post=17476"},{"taxonomy":"product_tag","embeddable":true,"href":"https:\/\/loparus.com\/en\/wp-json\/wp\/v2\/product_tag?post=17476"}],"curies":[{"name":"wp","href":"https:\/\/api.w.org\/{rel}","templated":true}]}}