{"id":17477,"date":"2026-04-08T01:18:45","date_gmt":"2026-04-07T22:18:45","guid":{"rendered":"https:\/\/loparus.com\/produktas\/terex-j-1160-jaw-crusher-37-t-2\/"},"modified":"2026-03-31T04:14:52","modified_gmt":"2026-03-31T01:14:52","slug":"terex-j-1160-jaw-crusher-37-t","status":"publish","type":"product","link":"https:\/\/loparus.com\/en\/product\/terex-j-1160-jaw-crusher-37-t\/","title":{"rendered":"Terex J-1160 JAW CRUSHER 37 t"},"content":{"rendered":"<p>Terex Finlay J-1160 JAW CRUSHER<br \/>\n2015<br \/>\nScania engine<br \/>\n2 345 m\/h<br \/>\n37 000 kg<br \/>\nNEW JAW SPECIAL FOR ROCKS<br \/>\nCapacity up to 300 tons per hour<br \/>\nMetal magnet<br \/>\nTelescopic 2nd conveyor for dirt<br \/>\nDanfoss control system<br \/>\nCentral lubrication<br \/>\nOriginal paint<br \/>\nLED<br \/>\nGood working condition<br \/>\nCE<br \/>\nNot used in Lithuania<br \/>\nCompact design with hydraulically folding features for transport<\/p>\n<p>Lietuvoje neeksploatuota , gero stovio mobili \u017eiaunin\u0117 akmenskald\u0117 . Naujos \u017eiaunos specialiiai skirtos akmenims<br \/>\nGalima ilgalaik\u0117 nuoma su operatoriumi<br \/>\nGalimas keitimas \u012f j\u016bs\u0173 statybin\u0119 technik\u0105<\/p>\n<p>Si\u016blome LIZINGO sprendimus sunkiajai technikai tiek juridiniams, tiek fiziniams asmenims, bendradarbiaudami su patikimais partneriais ir sutvarkydami visus formalumus.<\/p>\n","protected":false},"excerpt":{"rendered":"<p>Terex Finlay J-1160 JAW CRUSHER 2015 Scania engine 2 345 m\/h 37 000 kg NEW JAW SPECIAL FOR ROCKS Capacity up to 300 tons per hour Metal magnet Telescopic 2nd conveyor for dirt Danfoss control system Central lubrication Original paint LED Good working condition CE Not used in Lithuania Compact design with hydraulically folding features [&hellip;]<\/p>\n","protected":false},"featured_media":15899,"template":"","meta":{"_et_pb_use_builder":"","_et_pb_old_content":"","_et_gb_content_width":""},"product_brand":[],"product_cat":[341,300,300,341],"product_tag":[],"class_list":{"0":"post-17477","1":"product","2":"type-product","3":"status-publish","4":"has-post-thumbnail","6":"product_cat-stone-crusher","7":"product_cat-machinery-for-sale","11":"first","12":"instock","13":"purchasable","14":"product-type-simple"},"yoast_head":"<!-- This site is optimized with the Yoast SEO plugin v27.5 - https:\/\/yoast.com\/product\/yoast-seo-wordpress\/ -->\n<title>Terex J-1160 JAW CRUSHER 37 t - loparus.com<\/title>\n<meta name=\"robots\" content=\"index, follow, max-snippet:-1, max-image-preview:large, max-video-preview:-1\" \/>\n<link rel=\"canonical\" href=\"https:\/\/loparus.com\/produktas\/terex-j-1160-jaw-crusher-37-t\/\" \/>\n<meta property=\"og:locale\" content=\"en_US\" \/>\n<meta property=\"og:type\" content=\"article\" \/>\n<meta property=\"og:title\" content=\"Terex J-1160 JAW CRUSHER 37 t - loparus.com\" \/>\n<meta property=\"og:description\" content=\"Terex Finlay J-1160 JAW CRUSHER 2015 Scania engine 2 345 m\/h 37 000 kg NEW JAW SPECIAL FOR ROCKS Capacity up to 300 tons per hour Metal magnet Telescopic 2nd conveyor for dirt Danfoss control system Central lubrication Original paint LED Good working condition CE Not used in Lithuania Compact design with hydraulically folding features [&hellip;]\" \/>\n<meta property=\"og:url\" content=\"https:\/\/loparus.com\/produktas\/terex-j-1160-jaw-crusher-37-t\/\" \/>\n<meta property=\"og:site_name\" content=\"loparus.com\" \/>\n<meta property=\"og:image\" content=\"https:\/\/loparus.com\/wp-content\/uploads\/terex-j-1160-jaw-crusher-37-t-akmens-smulkinimo-masinos.jpg\" \/>\n\t<meta property=\"og:image:width\" content=\"1920\" \/>\n\t<meta property=\"og:image:height\" content=\"1440\" \/>\n\t<meta property=\"og:image:type\" content=\"image\/jpeg\" \/>\n<meta name=\"twitter:card\" content=\"summary_large_image\" \/>\n<script type=\"application\/ld+json\" class=\"yoast-schema-graph\">{\"@context\":\"https:\\\/\\\/schema.org\",\"@graph\":[{\"@type\":\"WebPage\",\"@id\":\"https:\\\/\\\/loparus.com\\\/produktas\\\/terex-j-1160-jaw-crusher-37-t\\\/\",\"url\":\"https:\\\/\\\/loparus.com\\\/produktas\\\/terex-j-1160-jaw-crusher-37-t\\\/\",\"name\":\"Terex J-1160 JAW CRUSHER 37 t - loparus.com\",\"isPartOf\":{\"@id\":\"https:\\\/\\\/loparus.com\\\/#website\"},\"primaryImageOfPage\":{\"@id\":\"https:\\\/\\\/loparus.com\\\/produktas\\\/terex-j-1160-jaw-crusher-37-t\\\/#primaryimage\"},\"image\":{\"@id\":\"https:\\\/\\\/loparus.com\\\/produktas\\\/terex-j-1160-jaw-crusher-37-t\\\/#primaryimage\"},\"thumbnailUrl\":\"https:\\\/\\\/loparus.com\\\/wp-content\\\/uploads\\\/terex-j-1160-jaw-crusher-37-t-akmens-smulkinimo-masinos.jpg\",\"datePublished\":\"2026-04-07T22:18:45+00:00\",\"breadcrumb\":{\"@id\":\"https:\\\/\\\/loparus.com\\\/produktas\\\/terex-j-1160-jaw-crusher-37-t\\\/#breadcrumb\"},\"inLanguage\":\"en-US\",\"potentialAction\":[{\"@type\":\"ReadAction\",\"target\":[\"https:\\\/\\\/loparus.com\\\/produktas\\\/terex-j-1160-jaw-crusher-37-t\\\/\"]}]},{\"@type\":\"ImageObject\",\"inLanguage\":\"en-US\",\"@id\":\"https:\\\/\\\/loparus.com\\\/produktas\\\/terex-j-1160-jaw-crusher-37-t\\\/#primaryimage\",\"url\":\"https:\\\/\\\/loparus.com\\\/wp-content\\\/uploads\\\/terex-j-1160-jaw-crusher-37-t-akmens-smulkinimo-masinos.jpg\",\"contentUrl\":\"https:\\\/\\\/loparus.com\\\/wp-content\\\/uploads\\\/terex-j-1160-jaw-crusher-37-t-akmens-smulkinimo-masinos.jpg\",\"width\":1920,\"height\":1440,\"caption\":\"TerexJ-1160 JAW CRUSHER 37 t\"},{\"@type\":\"BreadcrumbList\",\"@id\":\"https:\\\/\\\/loparus.com\\\/produktas\\\/terex-j-1160-jaw-crusher-37-t\\\/#breadcrumb\",\"itemListElement\":[{\"@type\":\"ListItem\",\"position\":1,\"name\":\"Home\",\"item\":\"https:\\\/\\\/loparus.com\\\/en\\\/\"},{\"@type\":\"ListItem\",\"position\":2,\"name\":\"Shop\",\"item\":\"https:\\\/\\\/loparus.com\\\/en\\\/shop\\\/\"},{\"@type\":\"ListItem\",\"position\":3,\"name\":\"Terex J-1160 JAW CRUSHER 37 t\"}]},{\"@type\":\"WebSite\",\"@id\":\"https:\\\/\\\/loparus.com\\\/#website\",\"url\":\"https:\\\/\\\/loparus.com\\\/\",\"name\":\"loparus.com\",\"description\":\"Just another WordPress site\",\"potentialAction\":[{\"@type\":\"SearchAction\",\"target\":{\"@type\":\"EntryPoint\",\"urlTemplate\":\"https:\\\/\\\/loparus.com\\\/?s={search_term_string}\"},\"query-input\":{\"@type\":\"PropertyValueSpecification\",\"valueRequired\":true,\"valueName\":\"search_term_string\"}}],\"inLanguage\":\"en-US\"}]}<\/script>\n<!-- \/ Yoast SEO plugin. -->","yoast_head_json":{"title":"Terex J-1160 JAW CRUSHER 37 t - loparus.com","robots":{"index":"index","follow":"follow","max-snippet":"max-snippet:-1","max-image-preview":"max-image-preview:large","max-video-preview":"max-video-preview:-1"},"canonical":"https:\/\/loparus.com\/produktas\/terex-j-1160-jaw-crusher-37-t\/","og_locale":"en_US","og_type":"article","og_title":"Terex J-1160 JAW CRUSHER 37 t - loparus.com","og_description":"Terex Finlay J-1160 JAW CRUSHER 2015 Scania engine 2 345 m\/h 37 000 kg NEW JAW SPECIAL FOR ROCKS Capacity up to 300 tons per hour Metal magnet Telescopic 2nd conveyor for dirt Danfoss control system Central lubrication Original paint LED Good working condition CE Not used in Lithuania Compact design with hydraulically folding features [&hellip;]","og_url":"https:\/\/loparus.com\/produktas\/terex-j-1160-jaw-crusher-37-t\/","og_site_name":"loparus.com","og_image":[{"width":1920,"height":1440,"url":"https:\/\/loparus.com\/wp-content\/uploads\/terex-j-1160-jaw-crusher-37-t-akmens-smulkinimo-masinos.jpg","type":"image\/jpeg"}],"twitter_card":"summary_large_image","schema":{"@context":"https:\/\/schema.org","@graph":[{"@type":"WebPage","@id":"https:\/\/loparus.com\/produktas\/terex-j-1160-jaw-crusher-37-t\/","url":"https:\/\/loparus.com\/produktas\/terex-j-1160-jaw-crusher-37-t\/","name":"Terex J-1160 JAW CRUSHER 37 t - loparus.com","isPartOf":{"@id":"https:\/\/loparus.com\/#website"},"primaryImageOfPage":{"@id":"https:\/\/loparus.com\/produktas\/terex-j-1160-jaw-crusher-37-t\/#primaryimage"},"image":{"@id":"https:\/\/loparus.com\/produktas\/terex-j-1160-jaw-crusher-37-t\/#primaryimage"},"thumbnailUrl":"https:\/\/loparus.com\/wp-content\/uploads\/terex-j-1160-jaw-crusher-37-t-akmens-smulkinimo-masinos.jpg","datePublished":"2026-04-07T22:18:45+00:00","breadcrumb":{"@id":"https:\/\/loparus.com\/produktas\/terex-j-1160-jaw-crusher-37-t\/#breadcrumb"},"inLanguage":"en-US","potentialAction":[{"@type":"ReadAction","target":["https:\/\/loparus.com\/produktas\/terex-j-1160-jaw-crusher-37-t\/"]}]},{"@type":"ImageObject","inLanguage":"en-US","@id":"https:\/\/loparus.com\/produktas\/terex-j-1160-jaw-crusher-37-t\/#primaryimage","url":"https:\/\/loparus.com\/wp-content\/uploads\/terex-j-1160-jaw-crusher-37-t-akmens-smulkinimo-masinos.jpg","contentUrl":"https:\/\/loparus.com\/wp-content\/uploads\/terex-j-1160-jaw-crusher-37-t-akmens-smulkinimo-masinos.jpg","width":1920,"height":1440,"caption":"TerexJ-1160 JAW CRUSHER 37 t"},{"@type":"BreadcrumbList","@id":"https:\/\/loparus.com\/produktas\/terex-j-1160-jaw-crusher-37-t\/#breadcrumb","itemListElement":[{"@type":"ListItem","position":1,"name":"Home","item":"https:\/\/loparus.com\/en\/"},{"@type":"ListItem","position":2,"name":"Shop","item":"https:\/\/loparus.com\/en\/shop\/"},{"@type":"ListItem","position":3,"name":"Terex J-1160 JAW CRUSHER 37 t"}]},{"@type":"WebSite","@id":"https:\/\/loparus.com\/#website","url":"https:\/\/loparus.com\/","name":"loparus.com","description":"Just another WordPress site","potentialAction":[{"@type":"SearchAction","target":{"@type":"EntryPoint","urlTemplate":"https:\/\/loparus.com\/?s={search_term_string}"},"query-input":{"@type":"PropertyValueSpecification","valueRequired":true,"valueName":"search_term_string"}}],"inLanguage":"en-US"}]}},"_links":{"self":[{"href":"https:\/\/loparus.com\/en\/wp-json\/wp\/v2\/product\/17477","targetHints":{"allow":["GET"]}}],"collection":[{"href":"https:\/\/loparus.com\/en\/wp-json\/wp\/v2\/product"}],"about":[{"href":"https:\/\/loparus.com\/en\/wp-json\/wp\/v2\/types\/product"}],"wp:featuredmedia":[{"embeddable":true,"href":"https:\/\/loparus.com\/en\/wp-json\/wp\/v2\/media\/15899"}],"wp:attachment":[{"href":"https:\/\/loparus.com\/en\/wp-json\/wp\/v2\/media?parent=17477"}],"wp:term":[{"taxonomy":"product_brand","embeddable":true,"href":"https:\/\/loparus.com\/en\/wp-json\/wp\/v2\/product_brand?post=17477"},{"taxonomy":"product_cat","embeddable":true,"href":"https:\/\/loparus.com\/en\/wp-json\/wp\/v2\/product_cat?post=17477"},{"taxonomy":"product_tag","embeddable":true,"href":"https:\/\/loparus.com\/en\/wp-json\/wp\/v2\/product_tag?post=17477"}],"curies":[{"name":"wp","href":"https:\/\/api.w.org\/{rel}","templated":true}]}}