{"id":17484,"date":"2026-03-31T01:18:17","date_gmt":"2026-03-30T22:18:17","guid":{"rendered":"https:\/\/loparus.com\/produktas\/wielton-stn4-2\/"},"modified":"2026-03-31T04:17:02","modified_gmt":"2026-03-31T01:17:02","slug":"wielton-stn4","status":"publish","type":"product","link":"https:\/\/loparus.com\/en\/product\/wielton-stn4\/","title":{"rendered":"Wielton STN4"},"content":{"rendered":"<p>Wirtgen STN4<br \/>\n4 axle<br \/>\nBpw<br \/>\n2 axle turn<br \/>\nSpring suspension<br \/>\nHydraulic ramp<br \/>\nR17.5<br \/>\n3.00 m width<br \/>\n11.5 m length + balcony 4 m length<br \/>\nGood condition trailer, strong construction<br \/>\nNot used in Lithuania<\/p>\n<p>Lietuvoje neeksploatuotas, gero stovio tralas, rimta paprasta konstrukcija<\/p>\n<p>Galimas keitimas \u012f statybin\u0119 technik\u0105<br \/>\nPossible exchange to construction machinery<\/p>\n","protected":false},"excerpt":{"rendered":"<p>Wirtgen STN4 4 axle Bpw 2 axle turn Spring suspension Hydraulic ramp R17.5 3.00 m width 11.5 m length + balcony 4 m length Good condition trailer, strong construction Not used in Lithuania Lietuvoje neeksploatuotas, gero stovio tralas, rimta paprasta konstrukcija Galimas keitimas \u012f statybin\u0119 technik\u0105 Possible exchange to construction machinery<\/p>\n","protected":false},"featured_media":12567,"template":"","meta":{"_et_pb_use_builder":"","_et_pb_old_content":"","_et_gb_content_width":""},"product_brand":[],"product_cat":[300,300,431,431],"product_tag":[],"class_list":{"0":"post-17484","1":"product","2":"type-product","3":"status-publish","4":"has-post-thumbnail","6":"product_cat-machinery-for-sale","8":"product_cat-trailers-semi-trailers","11":"first","12":"instock","13":"purchasable","14":"product-type-simple"},"yoast_head":"<!-- This site is optimized with the Yoast SEO plugin v27.5 - https:\/\/yoast.com\/product\/yoast-seo-wordpress\/ -->\n<title>Wielton STN4 - loparus.com<\/title>\n<meta name=\"robots\" content=\"index, follow, max-snippet:-1, max-image-preview:large, max-video-preview:-1\" \/>\n<link rel=\"canonical\" href=\"https:\/\/loparus.com\/produktas\/wielton-stn4\/\" \/>\n<meta property=\"og:locale\" content=\"en_US\" \/>\n<meta property=\"og:type\" content=\"article\" \/>\n<meta property=\"og:title\" content=\"Wielton STN4 - loparus.com\" \/>\n<meta property=\"og:description\" content=\"Wirtgen STN4 4 axle Bpw 2 axle turn Spring suspension Hydraulic ramp R17.5 3.00 m width 11.5 m length + balcony 4 m length Good condition trailer, strong construction Not used in Lithuania Lietuvoje neeksploatuotas, gero stovio tralas, rimta paprasta konstrukcija Galimas keitimas \u012f statybin\u0119 technik\u0105 Possible exchange to construction machinery\" \/>\n<meta property=\"og:url\" content=\"https:\/\/loparus.com\/produktas\/wielton-stn4\/\" \/>\n<meta property=\"og:site_name\" content=\"loparus.com\" \/>\n<meta property=\"article:modified_time\" content=\"2026-03-31T01:17:02+00:00\" \/>\n<meta property=\"og:image\" content=\"https:\/\/loparus.com\/wp-content\/uploads\/wielton-stn4-spec-priekabos-puspriekabes-1.jpg\" \/>\n\t<meta property=\"og:image:width\" content=\"1200\" \/>\n\t<meta property=\"og:image:height\" content=\"900\" \/>\n\t<meta property=\"og:image:type\" content=\"image\/jpeg\" \/>\n<meta name=\"twitter:card\" content=\"summary_large_image\" \/>\n<script type=\"application\/ld+json\" class=\"yoast-schema-graph\">{\"@context\":\"https:\\\/\\\/schema.org\",\"@graph\":[{\"@type\":\"WebPage\",\"@id\":\"https:\\\/\\\/loparus.com\\\/produktas\\\/wielton-stn4\\\/\",\"url\":\"https:\\\/\\\/loparus.com\\\/produktas\\\/wielton-stn4\\\/\",\"name\":\"Wielton STN4 - loparus.com\",\"isPartOf\":{\"@id\":\"https:\\\/\\\/loparus.com\\\/#website\"},\"primaryImageOfPage\":{\"@id\":\"https:\\\/\\\/loparus.com\\\/produktas\\\/wielton-stn4\\\/#primaryimage\"},\"image\":{\"@id\":\"https:\\\/\\\/loparus.com\\\/produktas\\\/wielton-stn4\\\/#primaryimage\"},\"thumbnailUrl\":\"https:\\\/\\\/loparus.com\\\/wp-content\\\/uploads\\\/wielton-stn4-spec-priekabos-puspriekabes-1.jpg\",\"datePublished\":\"2026-03-30T22:18:17+00:00\",\"dateModified\":\"2026-03-31T01:17:02+00:00\",\"breadcrumb\":{\"@id\":\"https:\\\/\\\/loparus.com\\\/produktas\\\/wielton-stn4\\\/#breadcrumb\"},\"inLanguage\":\"en-US\",\"potentialAction\":[{\"@type\":\"ReadAction\",\"target\":[\"https:\\\/\\\/loparus.com\\\/produktas\\\/wielton-stn4\\\/\"]}]},{\"@type\":\"ImageObject\",\"inLanguage\":\"en-US\",\"@id\":\"https:\\\/\\\/loparus.com\\\/produktas\\\/wielton-stn4\\\/#primaryimage\",\"url\":\"https:\\\/\\\/loparus.com\\\/wp-content\\\/uploads\\\/wielton-stn4-spec-priekabos-puspriekabes-1.jpg\",\"contentUrl\":\"https:\\\/\\\/loparus.com\\\/wp-content\\\/uploads\\\/wielton-stn4-spec-priekabos-puspriekabes-1.jpg\",\"width\":1200,\"height\":900,\"caption\":\"WieltonSTN4\"},{\"@type\":\"BreadcrumbList\",\"@id\":\"https:\\\/\\\/loparus.com\\\/produktas\\\/wielton-stn4\\\/#breadcrumb\",\"itemListElement\":[{\"@type\":\"ListItem\",\"position\":1,\"name\":\"Home\",\"item\":\"https:\\\/\\\/loparus.com\\\/en\\\/\"},{\"@type\":\"ListItem\",\"position\":2,\"name\":\"Shop\",\"item\":\"https:\\\/\\\/loparus.com\\\/en\\\/shop\\\/\"},{\"@type\":\"ListItem\",\"position\":3,\"name\":\"Wielton STN4\"}]},{\"@type\":\"WebSite\",\"@id\":\"https:\\\/\\\/loparus.com\\\/#website\",\"url\":\"https:\\\/\\\/loparus.com\\\/\",\"name\":\"loparus.com\",\"description\":\"Just another WordPress site\",\"potentialAction\":[{\"@type\":\"SearchAction\",\"target\":{\"@type\":\"EntryPoint\",\"urlTemplate\":\"https:\\\/\\\/loparus.com\\\/?s={search_term_string}\"},\"query-input\":{\"@type\":\"PropertyValueSpecification\",\"valueRequired\":true,\"valueName\":\"search_term_string\"}}],\"inLanguage\":\"en-US\"}]}<\/script>\n<!-- \/ Yoast SEO plugin. -->","yoast_head_json":{"title":"Wielton STN4 - loparus.com","robots":{"index":"index","follow":"follow","max-snippet":"max-snippet:-1","max-image-preview":"max-image-preview:large","max-video-preview":"max-video-preview:-1"},"canonical":"https:\/\/loparus.com\/produktas\/wielton-stn4\/","og_locale":"en_US","og_type":"article","og_title":"Wielton STN4 - loparus.com","og_description":"Wirtgen STN4 4 axle Bpw 2 axle turn Spring suspension Hydraulic ramp R17.5 3.00 m width 11.5 m length + balcony 4 m length Good condition trailer, strong construction Not used in Lithuania Lietuvoje neeksploatuotas, gero stovio tralas, rimta paprasta konstrukcija Galimas keitimas \u012f statybin\u0119 technik\u0105 Possible exchange to construction machinery","og_url":"https:\/\/loparus.com\/produktas\/wielton-stn4\/","og_site_name":"loparus.com","article_modified_time":"2026-03-31T01:17:02+00:00","og_image":[{"width":1200,"height":900,"url":"https:\/\/loparus.com\/wp-content\/uploads\/wielton-stn4-spec-priekabos-puspriekabes-1.jpg","type":"image\/jpeg"}],"twitter_card":"summary_large_image","schema":{"@context":"https:\/\/schema.org","@graph":[{"@type":"WebPage","@id":"https:\/\/loparus.com\/produktas\/wielton-stn4\/","url":"https:\/\/loparus.com\/produktas\/wielton-stn4\/","name":"Wielton STN4 - loparus.com","isPartOf":{"@id":"https:\/\/loparus.com\/#website"},"primaryImageOfPage":{"@id":"https:\/\/loparus.com\/produktas\/wielton-stn4\/#primaryimage"},"image":{"@id":"https:\/\/loparus.com\/produktas\/wielton-stn4\/#primaryimage"},"thumbnailUrl":"https:\/\/loparus.com\/wp-content\/uploads\/wielton-stn4-spec-priekabos-puspriekabes-1.jpg","datePublished":"2026-03-30T22:18:17+00:00","dateModified":"2026-03-31T01:17:02+00:00","breadcrumb":{"@id":"https:\/\/loparus.com\/produktas\/wielton-stn4\/#breadcrumb"},"inLanguage":"en-US","potentialAction":[{"@type":"ReadAction","target":["https:\/\/loparus.com\/produktas\/wielton-stn4\/"]}]},{"@type":"ImageObject","inLanguage":"en-US","@id":"https:\/\/loparus.com\/produktas\/wielton-stn4\/#primaryimage","url":"https:\/\/loparus.com\/wp-content\/uploads\/wielton-stn4-spec-priekabos-puspriekabes-1.jpg","contentUrl":"https:\/\/loparus.com\/wp-content\/uploads\/wielton-stn4-spec-priekabos-puspriekabes-1.jpg","width":1200,"height":900,"caption":"WieltonSTN4"},{"@type":"BreadcrumbList","@id":"https:\/\/loparus.com\/produktas\/wielton-stn4\/#breadcrumb","itemListElement":[{"@type":"ListItem","position":1,"name":"Home","item":"https:\/\/loparus.com\/en\/"},{"@type":"ListItem","position":2,"name":"Shop","item":"https:\/\/loparus.com\/en\/shop\/"},{"@type":"ListItem","position":3,"name":"Wielton STN4"}]},{"@type":"WebSite","@id":"https:\/\/loparus.com\/#website","url":"https:\/\/loparus.com\/","name":"loparus.com","description":"Just another WordPress site","potentialAction":[{"@type":"SearchAction","target":{"@type":"EntryPoint","urlTemplate":"https:\/\/loparus.com\/?s={search_term_string}"},"query-input":{"@type":"PropertyValueSpecification","valueRequired":true,"valueName":"search_term_string"}}],"inLanguage":"en-US"}]}},"_links":{"self":[{"href":"https:\/\/loparus.com\/en\/wp-json\/wp\/v2\/product\/17484","targetHints":{"allow":["GET"]}}],"collection":[{"href":"https:\/\/loparus.com\/en\/wp-json\/wp\/v2\/product"}],"about":[{"href":"https:\/\/loparus.com\/en\/wp-json\/wp\/v2\/types\/product"}],"wp:featuredmedia":[{"embeddable":true,"href":"https:\/\/loparus.com\/en\/wp-json\/wp\/v2\/media\/12567"}],"wp:attachment":[{"href":"https:\/\/loparus.com\/en\/wp-json\/wp\/v2\/media?parent=17484"}],"wp:term":[{"taxonomy":"product_brand","embeddable":true,"href":"https:\/\/loparus.com\/en\/wp-json\/wp\/v2\/product_brand?post=17484"},{"taxonomy":"product_cat","embeddable":true,"href":"https:\/\/loparus.com\/en\/wp-json\/wp\/v2\/product_cat?post=17484"},{"taxonomy":"product_tag","embeddable":true,"href":"https:\/\/loparus.com\/en\/wp-json\/wp\/v2\/product_tag?post=17484"}],"curies":[{"name":"wp","href":"https:\/\/api.w.org\/{rel}","templated":true}]}}