{"id":17489,"date":"2026-04-22T01:02:28","date_gmt":"2026-04-21T22:02:28","guid":{"rendered":"https:\/\/loparus.com\/produktas\/holmer-mercedes-v8-twin-turbo-2\/"},"modified":"2026-04-22T04:00:23","modified_gmt":"2026-04-22T01:00:23","slug":"holmer-mercedes-v8-for-spare-parts","status":"publish","type":"product","link":"https:\/\/loparus.com\/en\/product\/holmer-mercedes-v8-for-spare-parts\/","title":{"rendered":"HOLMER Mercedes V8  FOR SPARE PARTS"},"content":{"rendered":"<p>Holmer cukrini\u0173 runkeli\u0173 kombainas<br \/>\nVisas arba dalimis<br \/>\nMercedes Benz V8 twin turbo<\/p>\n<p>ARDOMAS DALIMIS<br \/>\n2 rat\u0173 neb\u0117ra<br \/>\nKitos dalys yra<\/p>\n<p>FOR SPARE PARTS<br \/>\n2 wheels sold<br \/>\nOther parts there are<\/p>\n","protected":false},"excerpt":{"rendered":"<p>Holmer cukrini\u0173 runkeli\u0173 kombainas Visas arba dalimis Mercedes Benz V8 twin turbo ARDOMAS DALIMIS 2 rat\u0173 neb\u0117ra Kitos dalys yra FOR SPARE PARTS 2 wheels sold Other parts there are<\/p>\n","protected":false},"featured_media":20902,"template":"","meta":{"_et_pb_use_builder":"","_et_pb_old_content":"","_et_gb_content_width":""},"product_brand":[],"product_cat":[383,300,300,383],"product_tag":[],"class_list":{"0":"post-17489","1":"product","2":"type-product","3":"status-publish","4":"has-post-thumbnail","6":"product_cat-agricultural-machinery","7":"product_cat-machinery-for-sale","11":"first","12":"instock","13":"purchasable","14":"product-type-simple"},"yoast_head":"<!-- This site is optimized with the Yoast SEO plugin v27.5 - https:\/\/yoast.com\/product\/yoast-seo-wordpress\/ -->\n<title>HOLMER Mercedes V8 FOR SPARE PARTS - loparus.com<\/title>\n<meta name=\"robots\" content=\"index, follow, max-snippet:-1, max-image-preview:large, max-video-preview:-1\" \/>\n<link rel=\"canonical\" href=\"https:\/\/loparus.com\/produktas\/holmer-mercedes-v8-for-spare-parts\/\" \/>\n<meta property=\"og:locale\" content=\"en_US\" \/>\n<meta property=\"og:type\" content=\"article\" \/>\n<meta property=\"og:title\" content=\"HOLMER Mercedes V8 FOR SPARE PARTS - loparus.com\" \/>\n<meta property=\"og:description\" content=\"Holmer cukrini\u0173 runkeli\u0173 kombainas Visas arba dalimis Mercedes Benz V8 twin turbo ARDOMAS DALIMIS 2 rat\u0173 neb\u0117ra Kitos dalys yra FOR SPARE PARTS 2 wheels sold Other parts there are\" \/>\n<meta property=\"og:url\" content=\"https:\/\/loparus.com\/produktas\/holmer-mercedes-v8-for-spare-parts\/\" \/>\n<meta property=\"og:site_name\" content=\"loparus.com\" \/>\n<meta property=\"article:modified_time\" content=\"2026-04-22T01:00:23+00:00\" \/>\n<meta property=\"og:image\" content=\"https:\/\/loparus.com\/wp-content\/uploads\/holmer-mercedes-v8-twin-turbo-kombainai-26.jpg\" \/>\n\t<meta property=\"og:image:width\" content=\"1920\" \/>\n\t<meta property=\"og:image:height\" content=\"1440\" \/>\n\t<meta property=\"og:image:type\" content=\"image\/jpeg\" \/>\n<meta name=\"twitter:card\" content=\"summary_large_image\" \/>\n<script type=\"application\/ld+json\" class=\"yoast-schema-graph\">{\"@context\":\"https:\\\/\\\/schema.org\",\"@graph\":[{\"@type\":\"WebPage\",\"@id\":\"https:\\\/\\\/loparus.com\\\/produktas\\\/holmer-mercedes-v8-for-spare-parts\\\/\",\"url\":\"https:\\\/\\\/loparus.com\\\/produktas\\\/holmer-mercedes-v8-for-spare-parts\\\/\",\"name\":\"HOLMER Mercedes V8 FOR SPARE PARTS - loparus.com\",\"isPartOf\":{\"@id\":\"https:\\\/\\\/loparus.com\\\/#website\"},\"primaryImageOfPage\":{\"@id\":\"https:\\\/\\\/loparus.com\\\/produktas\\\/holmer-mercedes-v8-for-spare-parts\\\/#primaryimage\"},\"image\":{\"@id\":\"https:\\\/\\\/loparus.com\\\/produktas\\\/holmer-mercedes-v8-for-spare-parts\\\/#primaryimage\"},\"thumbnailUrl\":\"https:\\\/\\\/loparus.com\\\/wp-content\\\/uploads\\\/holmer-mercedes-v8-for-spare-parts-kombainai.jpg\",\"datePublished\":\"2026-04-21T22:02:28+00:00\",\"dateModified\":\"2026-04-22T01:00:23+00:00\",\"breadcrumb\":{\"@id\":\"https:\\\/\\\/loparus.com\\\/produktas\\\/holmer-mercedes-v8-for-spare-parts\\\/#breadcrumb\"},\"inLanguage\":\"en-US\",\"potentialAction\":[{\"@type\":\"ReadAction\",\"target\":[\"https:\\\/\\\/loparus.com\\\/produktas\\\/holmer-mercedes-v8-for-spare-parts\\\/\"]}]},{\"@type\":\"ImageObject\",\"inLanguage\":\"en-US\",\"@id\":\"https:\\\/\\\/loparus.com\\\/produktas\\\/holmer-mercedes-v8-for-spare-parts\\\/#primaryimage\",\"url\":\"https:\\\/\\\/loparus.com\\\/wp-content\\\/uploads\\\/holmer-mercedes-v8-for-spare-parts-kombainai.jpg\",\"contentUrl\":\"https:\\\/\\\/loparus.com\\\/wp-content\\\/uploads\\\/holmer-mercedes-v8-for-spare-parts-kombainai.jpg\",\"width\":1920,\"height\":1440,\"caption\":\"HOLMERMercedes V8 FOR SPARE PARTS\"},{\"@type\":\"BreadcrumbList\",\"@id\":\"https:\\\/\\\/loparus.com\\\/produktas\\\/holmer-mercedes-v8-for-spare-parts\\\/#breadcrumb\",\"itemListElement\":[{\"@type\":\"ListItem\",\"position\":1,\"name\":\"Home\",\"item\":\"https:\\\/\\\/loparus.com\\\/en\\\/\"},{\"@type\":\"ListItem\",\"position\":2,\"name\":\"Shop\",\"item\":\"https:\\\/\\\/loparus.com\\\/en\\\/shop\\\/\"},{\"@type\":\"ListItem\",\"position\":3,\"name\":\"HOLMER Mercedes V8 FOR SPARE PARTS\"}]},{\"@type\":\"WebSite\",\"@id\":\"https:\\\/\\\/loparus.com\\\/#website\",\"url\":\"https:\\\/\\\/loparus.com\\\/\",\"name\":\"loparus.com\",\"description\":\"Just another WordPress site\",\"potentialAction\":[{\"@type\":\"SearchAction\",\"target\":{\"@type\":\"EntryPoint\",\"urlTemplate\":\"https:\\\/\\\/loparus.com\\\/?s={search_term_string}\"},\"query-input\":{\"@type\":\"PropertyValueSpecification\",\"valueRequired\":true,\"valueName\":\"search_term_string\"}}],\"inLanguage\":\"en-US\"}]}<\/script>\n<!-- \/ Yoast SEO plugin. -->","yoast_head_json":{"title":"HOLMER Mercedes V8 FOR SPARE PARTS - loparus.com","robots":{"index":"index","follow":"follow","max-snippet":"max-snippet:-1","max-image-preview":"max-image-preview:large","max-video-preview":"max-video-preview:-1"},"canonical":"https:\/\/loparus.com\/produktas\/holmer-mercedes-v8-for-spare-parts\/","og_locale":"en_US","og_type":"article","og_title":"HOLMER Mercedes V8 FOR SPARE PARTS - loparus.com","og_description":"Holmer cukrini\u0173 runkeli\u0173 kombainas Visas arba dalimis Mercedes Benz V8 twin turbo ARDOMAS DALIMIS 2 rat\u0173 neb\u0117ra Kitos dalys yra FOR SPARE PARTS 2 wheels sold Other parts there are","og_url":"https:\/\/loparus.com\/produktas\/holmer-mercedes-v8-for-spare-parts\/","og_site_name":"loparus.com","article_modified_time":"2026-04-22T01:00:23+00:00","og_image":[{"width":1920,"height":1440,"url":"https:\/\/loparus.com\/wp-content\/uploads\/holmer-mercedes-v8-twin-turbo-kombainai-26.jpg","type":"image\/jpeg"}],"twitter_card":"summary_large_image","schema":{"@context":"https:\/\/schema.org","@graph":[{"@type":"WebPage","@id":"https:\/\/loparus.com\/produktas\/holmer-mercedes-v8-for-spare-parts\/","url":"https:\/\/loparus.com\/produktas\/holmer-mercedes-v8-for-spare-parts\/","name":"HOLMER Mercedes V8 FOR SPARE PARTS - loparus.com","isPartOf":{"@id":"https:\/\/loparus.com\/#website"},"primaryImageOfPage":{"@id":"https:\/\/loparus.com\/produktas\/holmer-mercedes-v8-for-spare-parts\/#primaryimage"},"image":{"@id":"https:\/\/loparus.com\/produktas\/holmer-mercedes-v8-for-spare-parts\/#primaryimage"},"thumbnailUrl":"https:\/\/loparus.com\/wp-content\/uploads\/holmer-mercedes-v8-for-spare-parts-kombainai.jpg","datePublished":"2026-04-21T22:02:28+00:00","dateModified":"2026-04-22T01:00:23+00:00","breadcrumb":{"@id":"https:\/\/loparus.com\/produktas\/holmer-mercedes-v8-for-spare-parts\/#breadcrumb"},"inLanguage":"en-US","potentialAction":[{"@type":"ReadAction","target":["https:\/\/loparus.com\/produktas\/holmer-mercedes-v8-for-spare-parts\/"]}]},{"@type":"ImageObject","inLanguage":"en-US","@id":"https:\/\/loparus.com\/produktas\/holmer-mercedes-v8-for-spare-parts\/#primaryimage","url":"https:\/\/loparus.com\/wp-content\/uploads\/holmer-mercedes-v8-for-spare-parts-kombainai.jpg","contentUrl":"https:\/\/loparus.com\/wp-content\/uploads\/holmer-mercedes-v8-for-spare-parts-kombainai.jpg","width":1920,"height":1440,"caption":"HOLMERMercedes V8 FOR SPARE PARTS"},{"@type":"BreadcrumbList","@id":"https:\/\/loparus.com\/produktas\/holmer-mercedes-v8-for-spare-parts\/#breadcrumb","itemListElement":[{"@type":"ListItem","position":1,"name":"Home","item":"https:\/\/loparus.com\/en\/"},{"@type":"ListItem","position":2,"name":"Shop","item":"https:\/\/loparus.com\/en\/shop\/"},{"@type":"ListItem","position":3,"name":"HOLMER Mercedes V8 FOR SPARE PARTS"}]},{"@type":"WebSite","@id":"https:\/\/loparus.com\/#website","url":"https:\/\/loparus.com\/","name":"loparus.com","description":"Just another WordPress site","potentialAction":[{"@type":"SearchAction","target":{"@type":"EntryPoint","urlTemplate":"https:\/\/loparus.com\/?s={search_term_string}"},"query-input":{"@type":"PropertyValueSpecification","valueRequired":true,"valueName":"search_term_string"}}],"inLanguage":"en-US"}]}},"_links":{"self":[{"href":"https:\/\/loparus.com\/en\/wp-json\/wp\/v2\/product\/17489","targetHints":{"allow":["GET"]}}],"collection":[{"href":"https:\/\/loparus.com\/en\/wp-json\/wp\/v2\/product"}],"about":[{"href":"https:\/\/loparus.com\/en\/wp-json\/wp\/v2\/types\/product"}],"wp:featuredmedia":[{"embeddable":true,"href":"https:\/\/loparus.com\/en\/wp-json\/wp\/v2\/media\/20902"}],"wp:attachment":[{"href":"https:\/\/loparus.com\/en\/wp-json\/wp\/v2\/media?parent=17489"}],"wp:term":[{"taxonomy":"product_brand","embeddable":true,"href":"https:\/\/loparus.com\/en\/wp-json\/wp\/v2\/product_brand?post=17489"},{"taxonomy":"product_cat","embeddable":true,"href":"https:\/\/loparus.com\/en\/wp-json\/wp\/v2\/product_cat?post=17489"},{"taxonomy":"product_tag","embeddable":true,"href":"https:\/\/loparus.com\/en\/wp-json\/wp\/v2\/product_tag?post=17489"}],"curies":[{"name":"wp","href":"https:\/\/api.w.org\/{rel}","templated":true}]}}