{"id":17706,"date":"2026-04-08T01:20:03","date_gmt":"2026-04-07T22:20:03","guid":{"rendered":"https:\/\/loparus.com\/produktas\/komatsu-pc-210-lc-8-longreach-900-mm-2\/"},"modified":"2026-03-31T04:16:03","modified_gmt":"2026-03-31T01:16:03","slug":"komatsu-pc-210-lc-8-longreach-900-mm","status":"publish","type":"product","link":"https:\/\/loparus.com\/en\/product\/komatsu-pc-210-lc-8-longreach-900-mm\/","title":{"rendered":"Komatsu PC 210 LC-8 LONGREACH 900 mm"},"content":{"rendered":"<p>Komatsu PC 210 LC-8 LONGREACH<br \/>\n2013<br \/>\n22 260 kg<br \/>\n16 m arm<br \/>\n900 mm tracks , 3.30 m full width<br \/>\n158 hp \/ 116 kw<br \/>\n6 988 m\/h<br \/>\nDigging bucket<br \/>\nExtra auxiliary hydraulic lines<br \/>\nBack view camera<br \/>\nAC<br \/>\nCE<br \/>\nLED<br \/>\nNot used in Lithuania<\/p>\n<p>Lietuvoje neeksploatuotas, pla\u010diavik\u0161ris ilgastr\u0117lis ekskavatorius . 900 mm plo\u010dio padai , 16 m str\u0117l\u0117<br \/>\nGalimas keitimas \u012f j\u016bs\u0173 statybin\u0119 technik\u0105<\/p>\n","protected":false},"excerpt":{"rendered":"<p>Komatsu PC 210 LC-8 LONGREACH 2013 22 260 kg 16 m arm 900 mm tracks , 3.30 m full width 158 hp \/ 116 kw 6 988 m\/h Digging bucket Extra auxiliary hydraulic lines Back view camera AC CE LED Not used in Lithuania Lietuvoje neeksploatuotas, pla\u010diavik\u0161ris ilgastr\u0117lis ekskavatorius . 900 mm plo\u010dio padai , [&hellip;]<\/p>\n","protected":false},"featured_media":17677,"template":"","meta":{"_et_pb_use_builder":"","_et_pb_old_content":"","_et_gb_content_width":""},"product_brand":[],"product_cat":[345,345,300,300],"product_tag":[],"class_list":{"0":"post-17706","1":"product","2":"type-product","3":"status-publish","4":"has-post-thumbnail","6":"product_cat-excavators","8":"product_cat-machinery-for-sale","11":"first","12":"instock","13":"purchasable","14":"product-type-simple"},"yoast_head":"<!-- This site is optimized with the Yoast SEO plugin v27.5 - https:\/\/yoast.com\/product\/yoast-seo-wordpress\/ -->\n<title>Komatsu PC 210 LC-8 LONGREACH 900 mm - loparus.com<\/title>\n<meta name=\"robots\" content=\"index, follow, max-snippet:-1, max-image-preview:large, max-video-preview:-1\" \/>\n<link rel=\"canonical\" href=\"https:\/\/loparus.com\/produktas\/komatsu-pc-210-lc-8-longreach-900-mm\/\" \/>\n<meta property=\"og:locale\" content=\"en_US\" \/>\n<meta property=\"og:type\" content=\"article\" \/>\n<meta property=\"og:title\" content=\"Komatsu PC 210 LC-8 LONGREACH 900 mm - loparus.com\" \/>\n<meta property=\"og:description\" content=\"Komatsu PC 210 LC-8 LONGREACH 2013 22 260 kg 16 m arm 900 mm tracks , 3.30 m full width 158 hp \/ 116 kw 6 988 m\/h Digging bucket Extra auxiliary hydraulic lines Back view camera AC CE LED Not used in Lithuania Lietuvoje neeksploatuotas, pla\u010diavik\u0161ris ilgastr\u0117lis ekskavatorius . 900 mm plo\u010dio padai , [&hellip;]\" \/>\n<meta property=\"og:url\" content=\"https:\/\/loparus.com\/produktas\/komatsu-pc-210-lc-8-longreach-900-mm\/\" \/>\n<meta property=\"og:site_name\" content=\"loparus.com\" \/>\n<meta property=\"og:image\" content=\"https:\/\/loparus.com\/wp-content\/uploads\/komatsu-pc-210-lc-8-longreach-900-mm-ekskavatoriai.jpg\" \/>\n\t<meta property=\"og:image:width\" content=\"1920\" \/>\n\t<meta property=\"og:image:height\" content=\"1440\" \/>\n\t<meta property=\"og:image:type\" content=\"image\/jpeg\" \/>\n<meta name=\"twitter:card\" content=\"summary_large_image\" \/>\n<script type=\"application\/ld+json\" class=\"yoast-schema-graph\">{\"@context\":\"https:\\\/\\\/schema.org\",\"@graph\":[{\"@type\":\"WebPage\",\"@id\":\"https:\\\/\\\/loparus.com\\\/produktas\\\/komatsu-pc-210-lc-8-longreach-900-mm\\\/\",\"url\":\"https:\\\/\\\/loparus.com\\\/produktas\\\/komatsu-pc-210-lc-8-longreach-900-mm\\\/\",\"name\":\"Komatsu PC 210 LC-8 LONGREACH 900 mm - loparus.com\",\"isPartOf\":{\"@id\":\"https:\\\/\\\/loparus.com\\\/#website\"},\"primaryImageOfPage\":{\"@id\":\"https:\\\/\\\/loparus.com\\\/produktas\\\/komatsu-pc-210-lc-8-longreach-900-mm\\\/#primaryimage\"},\"image\":{\"@id\":\"https:\\\/\\\/loparus.com\\\/produktas\\\/komatsu-pc-210-lc-8-longreach-900-mm\\\/#primaryimage\"},\"thumbnailUrl\":\"https:\\\/\\\/loparus.com\\\/wp-content\\\/uploads\\\/komatsu-pc-210-lc-8-longreach-900-mm-ekskavatoriai.jpg\",\"datePublished\":\"2026-04-07T22:20:03+00:00\",\"breadcrumb\":{\"@id\":\"https:\\\/\\\/loparus.com\\\/produktas\\\/komatsu-pc-210-lc-8-longreach-900-mm\\\/#breadcrumb\"},\"inLanguage\":\"en-US\",\"potentialAction\":[{\"@type\":\"ReadAction\",\"target\":[\"https:\\\/\\\/loparus.com\\\/produktas\\\/komatsu-pc-210-lc-8-longreach-900-mm\\\/\"]}]},{\"@type\":\"ImageObject\",\"inLanguage\":\"en-US\",\"@id\":\"https:\\\/\\\/loparus.com\\\/produktas\\\/komatsu-pc-210-lc-8-longreach-900-mm\\\/#primaryimage\",\"url\":\"https:\\\/\\\/loparus.com\\\/wp-content\\\/uploads\\\/komatsu-pc-210-lc-8-longreach-900-mm-ekskavatoriai.jpg\",\"contentUrl\":\"https:\\\/\\\/loparus.com\\\/wp-content\\\/uploads\\\/komatsu-pc-210-lc-8-longreach-900-mm-ekskavatoriai.jpg\",\"width\":1920,\"height\":1440,\"caption\":\"KomatsuPC 210 LC-8 LONGREACH 900 mm\"},{\"@type\":\"BreadcrumbList\",\"@id\":\"https:\\\/\\\/loparus.com\\\/produktas\\\/komatsu-pc-210-lc-8-longreach-900-mm\\\/#breadcrumb\",\"itemListElement\":[{\"@type\":\"ListItem\",\"position\":1,\"name\":\"Home\",\"item\":\"https:\\\/\\\/loparus.com\\\/en\\\/\"},{\"@type\":\"ListItem\",\"position\":2,\"name\":\"Shop\",\"item\":\"https:\\\/\\\/loparus.com\\\/en\\\/shop\\\/\"},{\"@type\":\"ListItem\",\"position\":3,\"name\":\"Komatsu PC 210 LC-8 LONGREACH 900 mm\"}]},{\"@type\":\"WebSite\",\"@id\":\"https:\\\/\\\/loparus.com\\\/#website\",\"url\":\"https:\\\/\\\/loparus.com\\\/\",\"name\":\"loparus.com\",\"description\":\"Just another WordPress site\",\"potentialAction\":[{\"@type\":\"SearchAction\",\"target\":{\"@type\":\"EntryPoint\",\"urlTemplate\":\"https:\\\/\\\/loparus.com\\\/?s={search_term_string}\"},\"query-input\":{\"@type\":\"PropertyValueSpecification\",\"valueRequired\":true,\"valueName\":\"search_term_string\"}}],\"inLanguage\":\"en-US\"}]}<\/script>\n<!-- \/ Yoast SEO plugin. -->","yoast_head_json":{"title":"Komatsu PC 210 LC-8 LONGREACH 900 mm - loparus.com","robots":{"index":"index","follow":"follow","max-snippet":"max-snippet:-1","max-image-preview":"max-image-preview:large","max-video-preview":"max-video-preview:-1"},"canonical":"https:\/\/loparus.com\/produktas\/komatsu-pc-210-lc-8-longreach-900-mm\/","og_locale":"en_US","og_type":"article","og_title":"Komatsu PC 210 LC-8 LONGREACH 900 mm - loparus.com","og_description":"Komatsu PC 210 LC-8 LONGREACH 2013 22 260 kg 16 m arm 900 mm tracks , 3.30 m full width 158 hp \/ 116 kw 6 988 m\/h Digging bucket Extra auxiliary hydraulic lines Back view camera AC CE LED Not used in Lithuania Lietuvoje neeksploatuotas, pla\u010diavik\u0161ris ilgastr\u0117lis ekskavatorius . 900 mm plo\u010dio padai , [&hellip;]","og_url":"https:\/\/loparus.com\/produktas\/komatsu-pc-210-lc-8-longreach-900-mm\/","og_site_name":"loparus.com","og_image":[{"width":1920,"height":1440,"url":"https:\/\/loparus.com\/wp-content\/uploads\/komatsu-pc-210-lc-8-longreach-900-mm-ekskavatoriai.jpg","type":"image\/jpeg"}],"twitter_card":"summary_large_image","schema":{"@context":"https:\/\/schema.org","@graph":[{"@type":"WebPage","@id":"https:\/\/loparus.com\/produktas\/komatsu-pc-210-lc-8-longreach-900-mm\/","url":"https:\/\/loparus.com\/produktas\/komatsu-pc-210-lc-8-longreach-900-mm\/","name":"Komatsu PC 210 LC-8 LONGREACH 900 mm - loparus.com","isPartOf":{"@id":"https:\/\/loparus.com\/#website"},"primaryImageOfPage":{"@id":"https:\/\/loparus.com\/produktas\/komatsu-pc-210-lc-8-longreach-900-mm\/#primaryimage"},"image":{"@id":"https:\/\/loparus.com\/produktas\/komatsu-pc-210-lc-8-longreach-900-mm\/#primaryimage"},"thumbnailUrl":"https:\/\/loparus.com\/wp-content\/uploads\/komatsu-pc-210-lc-8-longreach-900-mm-ekskavatoriai.jpg","datePublished":"2026-04-07T22:20:03+00:00","breadcrumb":{"@id":"https:\/\/loparus.com\/produktas\/komatsu-pc-210-lc-8-longreach-900-mm\/#breadcrumb"},"inLanguage":"en-US","potentialAction":[{"@type":"ReadAction","target":["https:\/\/loparus.com\/produktas\/komatsu-pc-210-lc-8-longreach-900-mm\/"]}]},{"@type":"ImageObject","inLanguage":"en-US","@id":"https:\/\/loparus.com\/produktas\/komatsu-pc-210-lc-8-longreach-900-mm\/#primaryimage","url":"https:\/\/loparus.com\/wp-content\/uploads\/komatsu-pc-210-lc-8-longreach-900-mm-ekskavatoriai.jpg","contentUrl":"https:\/\/loparus.com\/wp-content\/uploads\/komatsu-pc-210-lc-8-longreach-900-mm-ekskavatoriai.jpg","width":1920,"height":1440,"caption":"KomatsuPC 210 LC-8 LONGREACH 900 mm"},{"@type":"BreadcrumbList","@id":"https:\/\/loparus.com\/produktas\/komatsu-pc-210-lc-8-longreach-900-mm\/#breadcrumb","itemListElement":[{"@type":"ListItem","position":1,"name":"Home","item":"https:\/\/loparus.com\/en\/"},{"@type":"ListItem","position":2,"name":"Shop","item":"https:\/\/loparus.com\/en\/shop\/"},{"@type":"ListItem","position":3,"name":"Komatsu PC 210 LC-8 LONGREACH 900 mm"}]},{"@type":"WebSite","@id":"https:\/\/loparus.com\/#website","url":"https:\/\/loparus.com\/","name":"loparus.com","description":"Just another WordPress site","potentialAction":[{"@type":"SearchAction","target":{"@type":"EntryPoint","urlTemplate":"https:\/\/loparus.com\/?s={search_term_string}"},"query-input":{"@type":"PropertyValueSpecification","valueRequired":true,"valueName":"search_term_string"}}],"inLanguage":"en-US"}]}},"_links":{"self":[{"href":"https:\/\/loparus.com\/en\/wp-json\/wp\/v2\/product\/17706","targetHints":{"allow":["GET"]}}],"collection":[{"href":"https:\/\/loparus.com\/en\/wp-json\/wp\/v2\/product"}],"about":[{"href":"https:\/\/loparus.com\/en\/wp-json\/wp\/v2\/types\/product"}],"wp:featuredmedia":[{"embeddable":true,"href":"https:\/\/loparus.com\/en\/wp-json\/wp\/v2\/media\/17677"}],"wp:attachment":[{"href":"https:\/\/loparus.com\/en\/wp-json\/wp\/v2\/media?parent=17706"}],"wp:term":[{"taxonomy":"product_brand","embeddable":true,"href":"https:\/\/loparus.com\/en\/wp-json\/wp\/v2\/product_brand?post=17706"},{"taxonomy":"product_cat","embeddable":true,"href":"https:\/\/loparus.com\/en\/wp-json\/wp\/v2\/product_cat?post=17706"},{"taxonomy":"product_tag","embeddable":true,"href":"https:\/\/loparus.com\/en\/wp-json\/wp\/v2\/product_tag?post=17706"}],"curies":[{"name":"wp","href":"https:\/\/api.w.org\/{rel}","templated":true}]}}