{"id":18360,"date":"2026-04-08T01:20:40","date_gmt":"2026-04-07T22:20:40","guid":{"rendered":"https:\/\/loparus.com\/produktas\/caterpillar-d4h-lgp-2\/"},"modified":"2026-03-31T04:16:30","modified_gmt":"2026-03-31T01:16:30","slug":"caterpillar-d4h-lgp","status":"publish","type":"product","link":"https:\/\/loparus.com\/en\/product\/caterpillar-d4h-lgp\/","title":{"rendered":"Caterpillar D4H LGP"},"content":{"rendered":"<p>CAT D4H LGP<br \/>\n2000<br \/>\nCAT 99 hp \/ 74 kw<br \/>\n8 220 m\/h<br \/>\nTracks 760 mm<br \/>\nBlade 3.15 m width<br \/>\nRipper valve<br \/>\nRops<br \/>\nUSA made<br \/>\nNot used in Lithuania<\/p>\n<p>Galimas keitimas \u012f j\u016bs\u0173 statybin\u0119 technik\u0105<\/p>\n","protected":false},"excerpt":{"rendered":"<p>CAT D4H LGP 2000 CAT 99 hp \/ 74 kw 8 220 m\/h Tracks 760 mm Blade 3.15 m width Ripper valve Rops USA made Not used in Lithuania Galimas keitimas \u012f j\u016bs\u0173 statybin\u0119 technik\u0105<\/p>\n","protected":false},"featured_media":18316,"template":"","meta":{"_et_pb_use_builder":"","_et_pb_old_content":"","_et_gb_content_width":""},"product_brand":[],"product_cat":[59,343,300,39],"product_tag":[],"class_list":{"0":"post-18360","1":"product","2":"type-product","3":"status-publish","4":"has-post-thumbnail","6":"product_cat-buldozeriai","7":"product_cat-bulldozers","8":"product_cat-machinery-for-sale","9":"product_cat-parduodama-technika","11":"first","12":"instock","13":"purchasable","14":"product-type-simple"},"yoast_head":"<!-- This site is optimized with the Yoast SEO plugin v27.5 - https:\/\/yoast.com\/product\/yoast-seo-wordpress\/ -->\n<title>Caterpillar D4H LGP - loparus.com<\/title>\n<meta name=\"robots\" content=\"index, follow, max-snippet:-1, max-image-preview:large, max-video-preview:-1\" \/>\n<link rel=\"canonical\" href=\"https:\/\/loparus.com\/produktas\/caterpillar-d4h-lgp\/\" \/>\n<meta property=\"og:locale\" content=\"en_US\" \/>\n<meta property=\"og:type\" content=\"article\" \/>\n<meta property=\"og:title\" content=\"Caterpillar D4H LGP - loparus.com\" \/>\n<meta property=\"og:description\" content=\"CAT D4H LGP 2000 CAT 99 hp \/ 74 kw 8 220 m\/h Tracks 760 mm Blade 3.15 m width Ripper valve Rops USA made Not used in Lithuania Galimas keitimas \u012f j\u016bs\u0173 statybin\u0119 technik\u0105\" \/>\n<meta property=\"og:url\" content=\"https:\/\/loparus.com\/produktas\/caterpillar-d4h-lgp\/\" \/>\n<meta property=\"og:site_name\" content=\"loparus.com\" \/>\n<meta property=\"og:image\" content=\"https:\/\/loparus.com\/wp-content\/uploads\/caterpillar-d4h-lgp-buldozeriai.jpg\" \/>\n\t<meta property=\"og:image:width\" content=\"1920\" \/>\n\t<meta property=\"og:image:height\" content=\"1440\" \/>\n\t<meta property=\"og:image:type\" content=\"image\/jpeg\" \/>\n<meta name=\"twitter:card\" content=\"summary_large_image\" \/>\n<script type=\"application\/ld+json\" class=\"yoast-schema-graph\">{\"@context\":\"https:\\\/\\\/schema.org\",\"@graph\":[{\"@type\":\"WebPage\",\"@id\":\"https:\\\/\\\/loparus.com\\\/produktas\\\/caterpillar-d4h-lgp\\\/\",\"url\":\"https:\\\/\\\/loparus.com\\\/produktas\\\/caterpillar-d4h-lgp\\\/\",\"name\":\"Caterpillar D4H LGP - loparus.com\",\"isPartOf\":{\"@id\":\"https:\\\/\\\/loparus.com\\\/#website\"},\"primaryImageOfPage\":{\"@id\":\"https:\\\/\\\/loparus.com\\\/produktas\\\/caterpillar-d4h-lgp\\\/#primaryimage\"},\"image\":{\"@id\":\"https:\\\/\\\/loparus.com\\\/produktas\\\/caterpillar-d4h-lgp\\\/#primaryimage\"},\"thumbnailUrl\":\"https:\\\/\\\/loparus.com\\\/wp-content\\\/uploads\\\/caterpillar-d4h-lgp-buldozeriai.jpg\",\"datePublished\":\"2026-04-07T22:20:40+00:00\",\"breadcrumb\":{\"@id\":\"https:\\\/\\\/loparus.com\\\/produktas\\\/caterpillar-d4h-lgp\\\/#breadcrumb\"},\"inLanguage\":\"en-US\",\"potentialAction\":[{\"@type\":\"ReadAction\",\"target\":[\"https:\\\/\\\/loparus.com\\\/produktas\\\/caterpillar-d4h-lgp\\\/\"]}]},{\"@type\":\"ImageObject\",\"inLanguage\":\"en-US\",\"@id\":\"https:\\\/\\\/loparus.com\\\/produktas\\\/caterpillar-d4h-lgp\\\/#primaryimage\",\"url\":\"https:\\\/\\\/loparus.com\\\/wp-content\\\/uploads\\\/caterpillar-d4h-lgp-buldozeriai.jpg\",\"contentUrl\":\"https:\\\/\\\/loparus.com\\\/wp-content\\\/uploads\\\/caterpillar-d4h-lgp-buldozeriai.jpg\",\"width\":1920,\"height\":1440,\"caption\":\"CaterpillarD4H LGP\"},{\"@type\":\"BreadcrumbList\",\"@id\":\"https:\\\/\\\/loparus.com\\\/produktas\\\/caterpillar-d4h-lgp\\\/#breadcrumb\",\"itemListElement\":[{\"@type\":\"ListItem\",\"position\":1,\"name\":\"Home\",\"item\":\"https:\\\/\\\/loparus.com\\\/en\\\/\"},{\"@type\":\"ListItem\",\"position\":2,\"name\":\"Shop\",\"item\":\"https:\\\/\\\/loparus.com\\\/en\\\/shop\\\/\"},{\"@type\":\"ListItem\",\"position\":3,\"name\":\"Caterpillar D4H LGP\"}]},{\"@type\":\"WebSite\",\"@id\":\"https:\\\/\\\/loparus.com\\\/#website\",\"url\":\"https:\\\/\\\/loparus.com\\\/\",\"name\":\"loparus.com\",\"description\":\"Just another WordPress site\",\"potentialAction\":[{\"@type\":\"SearchAction\",\"target\":{\"@type\":\"EntryPoint\",\"urlTemplate\":\"https:\\\/\\\/loparus.com\\\/?s={search_term_string}\"},\"query-input\":{\"@type\":\"PropertyValueSpecification\",\"valueRequired\":true,\"valueName\":\"search_term_string\"}}],\"inLanguage\":\"en-US\"}]}<\/script>\n<!-- \/ Yoast SEO plugin. -->","yoast_head_json":{"title":"Caterpillar D4H LGP - loparus.com","robots":{"index":"index","follow":"follow","max-snippet":"max-snippet:-1","max-image-preview":"max-image-preview:large","max-video-preview":"max-video-preview:-1"},"canonical":"https:\/\/loparus.com\/produktas\/caterpillar-d4h-lgp\/","og_locale":"en_US","og_type":"article","og_title":"Caterpillar D4H LGP - loparus.com","og_description":"CAT D4H LGP 2000 CAT 99 hp \/ 74 kw 8 220 m\/h Tracks 760 mm Blade 3.15 m width Ripper valve Rops USA made Not used in Lithuania Galimas keitimas \u012f j\u016bs\u0173 statybin\u0119 technik\u0105","og_url":"https:\/\/loparus.com\/produktas\/caterpillar-d4h-lgp\/","og_site_name":"loparus.com","og_image":[{"width":1920,"height":1440,"url":"https:\/\/loparus.com\/wp-content\/uploads\/caterpillar-d4h-lgp-buldozeriai.jpg","type":"image\/jpeg"}],"twitter_card":"summary_large_image","schema":{"@context":"https:\/\/schema.org","@graph":[{"@type":"WebPage","@id":"https:\/\/loparus.com\/produktas\/caterpillar-d4h-lgp\/","url":"https:\/\/loparus.com\/produktas\/caterpillar-d4h-lgp\/","name":"Caterpillar D4H LGP - loparus.com","isPartOf":{"@id":"https:\/\/loparus.com\/#website"},"primaryImageOfPage":{"@id":"https:\/\/loparus.com\/produktas\/caterpillar-d4h-lgp\/#primaryimage"},"image":{"@id":"https:\/\/loparus.com\/produktas\/caterpillar-d4h-lgp\/#primaryimage"},"thumbnailUrl":"https:\/\/loparus.com\/wp-content\/uploads\/caterpillar-d4h-lgp-buldozeriai.jpg","datePublished":"2026-04-07T22:20:40+00:00","breadcrumb":{"@id":"https:\/\/loparus.com\/produktas\/caterpillar-d4h-lgp\/#breadcrumb"},"inLanguage":"en-US","potentialAction":[{"@type":"ReadAction","target":["https:\/\/loparus.com\/produktas\/caterpillar-d4h-lgp\/"]}]},{"@type":"ImageObject","inLanguage":"en-US","@id":"https:\/\/loparus.com\/produktas\/caterpillar-d4h-lgp\/#primaryimage","url":"https:\/\/loparus.com\/wp-content\/uploads\/caterpillar-d4h-lgp-buldozeriai.jpg","contentUrl":"https:\/\/loparus.com\/wp-content\/uploads\/caterpillar-d4h-lgp-buldozeriai.jpg","width":1920,"height":1440,"caption":"CaterpillarD4H LGP"},{"@type":"BreadcrumbList","@id":"https:\/\/loparus.com\/produktas\/caterpillar-d4h-lgp\/#breadcrumb","itemListElement":[{"@type":"ListItem","position":1,"name":"Home","item":"https:\/\/loparus.com\/en\/"},{"@type":"ListItem","position":2,"name":"Shop","item":"https:\/\/loparus.com\/en\/shop\/"},{"@type":"ListItem","position":3,"name":"Caterpillar D4H LGP"}]},{"@type":"WebSite","@id":"https:\/\/loparus.com\/#website","url":"https:\/\/loparus.com\/","name":"loparus.com","description":"Just another WordPress site","potentialAction":[{"@type":"SearchAction","target":{"@type":"EntryPoint","urlTemplate":"https:\/\/loparus.com\/?s={search_term_string}"},"query-input":{"@type":"PropertyValueSpecification","valueRequired":true,"valueName":"search_term_string"}}],"inLanguage":"en-US"}]}},"_links":{"self":[{"href":"https:\/\/loparus.com\/en\/wp-json\/wp\/v2\/product\/18360","targetHints":{"allow":["GET"]}}],"collection":[{"href":"https:\/\/loparus.com\/en\/wp-json\/wp\/v2\/product"}],"about":[{"href":"https:\/\/loparus.com\/en\/wp-json\/wp\/v2\/types\/product"}],"wp:featuredmedia":[{"embeddable":true,"href":"https:\/\/loparus.com\/en\/wp-json\/wp\/v2\/media\/18316"}],"wp:attachment":[{"href":"https:\/\/loparus.com\/en\/wp-json\/wp\/v2\/media?parent=18360"}],"wp:term":[{"taxonomy":"product_brand","embeddable":true,"href":"https:\/\/loparus.com\/en\/wp-json\/wp\/v2\/product_brand?post=18360"},{"taxonomy":"product_cat","embeddable":true,"href":"https:\/\/loparus.com\/en\/wp-json\/wp\/v2\/product_cat?post=18360"},{"taxonomy":"product_tag","embeddable":true,"href":"https:\/\/loparus.com\/en\/wp-json\/wp\/v2\/product_tag?post=18360"}],"curies":[{"name":"wp","href":"https:\/\/api.w.org\/{rel}","templated":true}]}}