{"id":18445,"date":"2026-04-08T01:02:35","date_gmt":"2026-04-07T22:02:35","guid":{"rendered":"https:\/\/loparus.com\/produktas\/extec-megabyte-2\/"},"modified":"2026-03-31T04:04:27","modified_gmt":"2026-03-31T01:04:27","slug":"extec-megabyte","status":"publish","type":"product","link":"https:\/\/loparus.com\/en\/product\/extec-megabyte\/","title":{"rendered":"Extec Megabyte"},"content":{"rendered":"<p>Extec Megabyte<br \/>\n2007<br \/>\n48 000 kg<br \/>\nJaw stone crusher<br \/>\nCrusher opening length: 1.1 m<br \/>\nCrusher opening width: 0.7 m<br \/>\nDeutz V6 303 hp \/ 223 kw<br \/>\n5 159 m\/h<br \/>\nMetal magnet<br \/>\nNot used in Lithuania<\/p>\n<p>Video link: https:\/\/youtu.be\/WfLruc5dNx4<\/p>\n<p>Galimas keitimas \u012f j\u016bs\u0173 statybin\u0119 technik\u0105<\/p>\n<p>Si\u016blome LIZINGO sprendimus sunkiajai technikai tiek juridiniams, tiek fiziniams asmenims, bendradarbiaudami su patikimais partneriais ir sutvarkydami visus formalumus.<\/p>\n","protected":false},"excerpt":{"rendered":"<p>Extec Megabyte 2007 48 000 kg Jaw stone crusher Crusher opening length: 1.1 m Crusher opening width: 0.7 m Deutz V6 303 hp \/ 223 kw 5 159 m\/h Metal magnet Not used in Lithuania Video link: https:\/\/youtu.be\/WfLruc5dNx4 Galimas keitimas \u012f j\u016bs\u0173 statybin\u0119 technik\u0105 Si\u016blome LIZINGO sprendimus sunkiajai technikai tiek juridiniams, tiek fiziniams asmenims, bendradarbiaudami [&hellip;]<\/p>\n","protected":false},"featured_media":18402,"template":"","meta":{"_et_pb_use_builder":"","_et_pb_old_content":"","_et_gb_content_width":""},"product_brand":[],"product_cat":[341,300,300,341],"product_tag":[],"class_list":{"0":"post-18445","1":"product","2":"type-product","3":"status-publish","4":"has-post-thumbnail","6":"product_cat-stone-crusher","7":"product_cat-machinery-for-sale","11":"first","12":"instock","13":"purchasable","14":"product-type-simple"},"yoast_head":"<!-- This site is optimized with the Yoast SEO plugin v27.5 - https:\/\/yoast.com\/product\/yoast-seo-wordpress\/ -->\n<title>Extec Megabyte - loparus.com<\/title>\n<meta name=\"robots\" content=\"index, follow, max-snippet:-1, max-image-preview:large, max-video-preview:-1\" \/>\n<link rel=\"canonical\" href=\"https:\/\/loparus.com\/produktas\/extec-megabyte\/\" \/>\n<meta property=\"og:locale\" content=\"en_US\" \/>\n<meta property=\"og:type\" content=\"article\" \/>\n<meta property=\"og:title\" content=\"Extec Megabyte - loparus.com\" \/>\n<meta property=\"og:description\" content=\"Extec Megabyte 2007 48 000 kg Jaw stone crusher Crusher opening length: 1.1 m Crusher opening width: 0.7 m Deutz V6 303 hp \/ 223 kw 5 159 m\/h Metal magnet Not used in Lithuania Video link: https:\/\/youtu.be\/WfLruc5dNx4 Galimas keitimas \u012f j\u016bs\u0173 statybin\u0119 technik\u0105 Si\u016blome LIZINGO sprendimus sunkiajai technikai tiek juridiniams, tiek fiziniams asmenims, bendradarbiaudami [&hellip;]\" \/>\n<meta property=\"og:url\" content=\"https:\/\/loparus.com\/produktas\/extec-megabyte\/\" \/>\n<meta property=\"og:site_name\" content=\"loparus.com\" \/>\n<meta property=\"og:image\" content=\"https:\/\/loparus.com\/wp-content\/uploads\/extec-megabyte-akmens-smulkinimo-masinos-1.jpg\" \/>\n\t<meta property=\"og:image:width\" content=\"1600\" \/>\n\t<meta property=\"og:image:height\" content=\"1200\" \/>\n\t<meta property=\"og:image:type\" content=\"image\/jpeg\" \/>\n<meta name=\"twitter:card\" content=\"summary_large_image\" \/>\n<script type=\"application\/ld+json\" class=\"yoast-schema-graph\">{\"@context\":\"https:\\\/\\\/schema.org\",\"@graph\":[{\"@type\":\"WebPage\",\"@id\":\"https:\\\/\\\/loparus.com\\\/produktas\\\/extec-megabyte\\\/\",\"url\":\"https:\\\/\\\/loparus.com\\\/produktas\\\/extec-megabyte\\\/\",\"name\":\"Extec Megabyte - loparus.com\",\"isPartOf\":{\"@id\":\"https:\\\/\\\/loparus.com\\\/#website\"},\"primaryImageOfPage\":{\"@id\":\"https:\\\/\\\/loparus.com\\\/produktas\\\/extec-megabyte\\\/#primaryimage\"},\"image\":{\"@id\":\"https:\\\/\\\/loparus.com\\\/produktas\\\/extec-megabyte\\\/#primaryimage\"},\"thumbnailUrl\":\"https:\\\/\\\/loparus.com\\\/wp-content\\\/uploads\\\/extec-megabyte-akmens-smulkinimo-masinos-1.jpg\",\"datePublished\":\"2026-04-07T22:02:35+00:00\",\"breadcrumb\":{\"@id\":\"https:\\\/\\\/loparus.com\\\/produktas\\\/extec-megabyte\\\/#breadcrumb\"},\"inLanguage\":\"en-US\",\"potentialAction\":[{\"@type\":\"ReadAction\",\"target\":[\"https:\\\/\\\/loparus.com\\\/produktas\\\/extec-megabyte\\\/\"]}]},{\"@type\":\"ImageObject\",\"inLanguage\":\"en-US\",\"@id\":\"https:\\\/\\\/loparus.com\\\/produktas\\\/extec-megabyte\\\/#primaryimage\",\"url\":\"https:\\\/\\\/loparus.com\\\/wp-content\\\/uploads\\\/extec-megabyte-akmens-smulkinimo-masinos-1.jpg\",\"contentUrl\":\"https:\\\/\\\/loparus.com\\\/wp-content\\\/uploads\\\/extec-megabyte-akmens-smulkinimo-masinos-1.jpg\",\"width\":1600,\"height\":1200,\"caption\":\"ExtecMegabyte\"},{\"@type\":\"BreadcrumbList\",\"@id\":\"https:\\\/\\\/loparus.com\\\/produktas\\\/extec-megabyte\\\/#breadcrumb\",\"itemListElement\":[{\"@type\":\"ListItem\",\"position\":1,\"name\":\"Home\",\"item\":\"https:\\\/\\\/loparus.com\\\/en\\\/\"},{\"@type\":\"ListItem\",\"position\":2,\"name\":\"Shop\",\"item\":\"https:\\\/\\\/loparus.com\\\/en\\\/shop\\\/\"},{\"@type\":\"ListItem\",\"position\":3,\"name\":\"Extec Megabyte\"}]},{\"@type\":\"WebSite\",\"@id\":\"https:\\\/\\\/loparus.com\\\/#website\",\"url\":\"https:\\\/\\\/loparus.com\\\/\",\"name\":\"loparus.com\",\"description\":\"Just another WordPress site\",\"potentialAction\":[{\"@type\":\"SearchAction\",\"target\":{\"@type\":\"EntryPoint\",\"urlTemplate\":\"https:\\\/\\\/loparus.com\\\/?s={search_term_string}\"},\"query-input\":{\"@type\":\"PropertyValueSpecification\",\"valueRequired\":true,\"valueName\":\"search_term_string\"}}],\"inLanguage\":\"en-US\"}]}<\/script>\n<!-- \/ Yoast SEO plugin. -->","yoast_head_json":{"title":"Extec Megabyte - loparus.com","robots":{"index":"index","follow":"follow","max-snippet":"max-snippet:-1","max-image-preview":"max-image-preview:large","max-video-preview":"max-video-preview:-1"},"canonical":"https:\/\/loparus.com\/produktas\/extec-megabyte\/","og_locale":"en_US","og_type":"article","og_title":"Extec Megabyte - loparus.com","og_description":"Extec Megabyte 2007 48 000 kg Jaw stone crusher Crusher opening length: 1.1 m Crusher opening width: 0.7 m Deutz V6 303 hp \/ 223 kw 5 159 m\/h Metal magnet Not used in Lithuania Video link: https:\/\/youtu.be\/WfLruc5dNx4 Galimas keitimas \u012f j\u016bs\u0173 statybin\u0119 technik\u0105 Si\u016blome LIZINGO sprendimus sunkiajai technikai tiek juridiniams, tiek fiziniams asmenims, bendradarbiaudami [&hellip;]","og_url":"https:\/\/loparus.com\/produktas\/extec-megabyte\/","og_site_name":"loparus.com","og_image":[{"width":1600,"height":1200,"url":"https:\/\/loparus.com\/wp-content\/uploads\/extec-megabyte-akmens-smulkinimo-masinos-1.jpg","type":"image\/jpeg"}],"twitter_card":"summary_large_image","schema":{"@context":"https:\/\/schema.org","@graph":[{"@type":"WebPage","@id":"https:\/\/loparus.com\/produktas\/extec-megabyte\/","url":"https:\/\/loparus.com\/produktas\/extec-megabyte\/","name":"Extec Megabyte - loparus.com","isPartOf":{"@id":"https:\/\/loparus.com\/#website"},"primaryImageOfPage":{"@id":"https:\/\/loparus.com\/produktas\/extec-megabyte\/#primaryimage"},"image":{"@id":"https:\/\/loparus.com\/produktas\/extec-megabyte\/#primaryimage"},"thumbnailUrl":"https:\/\/loparus.com\/wp-content\/uploads\/extec-megabyte-akmens-smulkinimo-masinos-1.jpg","datePublished":"2026-04-07T22:02:35+00:00","breadcrumb":{"@id":"https:\/\/loparus.com\/produktas\/extec-megabyte\/#breadcrumb"},"inLanguage":"en-US","potentialAction":[{"@type":"ReadAction","target":["https:\/\/loparus.com\/produktas\/extec-megabyte\/"]}]},{"@type":"ImageObject","inLanguage":"en-US","@id":"https:\/\/loparus.com\/produktas\/extec-megabyte\/#primaryimage","url":"https:\/\/loparus.com\/wp-content\/uploads\/extec-megabyte-akmens-smulkinimo-masinos-1.jpg","contentUrl":"https:\/\/loparus.com\/wp-content\/uploads\/extec-megabyte-akmens-smulkinimo-masinos-1.jpg","width":1600,"height":1200,"caption":"ExtecMegabyte"},{"@type":"BreadcrumbList","@id":"https:\/\/loparus.com\/produktas\/extec-megabyte\/#breadcrumb","itemListElement":[{"@type":"ListItem","position":1,"name":"Home","item":"https:\/\/loparus.com\/en\/"},{"@type":"ListItem","position":2,"name":"Shop","item":"https:\/\/loparus.com\/en\/shop\/"},{"@type":"ListItem","position":3,"name":"Extec Megabyte"}]},{"@type":"WebSite","@id":"https:\/\/loparus.com\/#website","url":"https:\/\/loparus.com\/","name":"loparus.com","description":"Just another WordPress site","potentialAction":[{"@type":"SearchAction","target":{"@type":"EntryPoint","urlTemplate":"https:\/\/loparus.com\/?s={search_term_string}"},"query-input":{"@type":"PropertyValueSpecification","valueRequired":true,"valueName":"search_term_string"}}],"inLanguage":"en-US"}]}},"_links":{"self":[{"href":"https:\/\/loparus.com\/en\/wp-json\/wp\/v2\/product\/18445","targetHints":{"allow":["GET"]}}],"collection":[{"href":"https:\/\/loparus.com\/en\/wp-json\/wp\/v2\/product"}],"about":[{"href":"https:\/\/loparus.com\/en\/wp-json\/wp\/v2\/types\/product"}],"wp:featuredmedia":[{"embeddable":true,"href":"https:\/\/loparus.com\/en\/wp-json\/wp\/v2\/media\/18402"}],"wp:attachment":[{"href":"https:\/\/loparus.com\/en\/wp-json\/wp\/v2\/media?parent=18445"}],"wp:term":[{"taxonomy":"product_brand","embeddable":true,"href":"https:\/\/loparus.com\/en\/wp-json\/wp\/v2\/product_brand?post=18445"},{"taxonomy":"product_cat","embeddable":true,"href":"https:\/\/loparus.com\/en\/wp-json\/wp\/v2\/product_cat?post=18445"},{"taxonomy":"product_tag","embeddable":true,"href":"https:\/\/loparus.com\/en\/wp-json\/wp\/v2\/product_tag?post=18445"}],"curies":[{"name":"wp","href":"https:\/\/api.w.org\/{rel}","templated":true}]}}