{"id":20858,"date":"2026-04-17T04:01:03","date_gmt":"2026-04-17T01:01:03","guid":{"rendered":"https:\/\/loparus.com\/produktas\/valtra-n121h-vreten-1400-hydrodrive\/"},"modified":"2026-04-17T04:01:03","modified_gmt":"2026-04-17T01:01:03","slug":"valtra-n121h-vreten-1400-hydrodrive","status":"publish","type":"product","link":"https:\/\/loparus.com\/en\/product\/valtra-n121h-vreten-1400-hydrodrive\/","title":{"rendered":"Valtra N121H + Vreten 1400 HydroDrive"},"content":{"rendered":"<p>Valtra N121H 2011<br \/>\n137 hp \/ 101 kw<br \/>\n10 130 m\/h<br \/>\nMahual gearbox with reverse<br \/>\nDouble steer<br \/>\nJoystick<br \/>\nHydraulic winch<br \/>\nMetal guards<br \/>\nAC<br \/>\nNokian 20.8 R38<br \/>\nNokian 16.9 R28<br \/>\nValid technical inspection till 2027-10-06<\/p>\n<p>Vreten 1400 2011<br \/>\n4&#215;2 hydro drive<br \/>\nPalms 2 telescopes crane<br \/>\nAliance 500\/60 R22.5<br \/>\nValid technical inspection till 2027-10-06<\/p>\n<p>Good working condition<br \/>\nPilnai dirbantis komplektas<br \/>\nGalimas keitimas \u012f j\u016bs\u0173 statybin\u0119 technik\u0105<\/p>\n<p>Si\u016blome LIZINGO sprendimus sunkiajai technikai tiek juridiniams, tiek fiziniams asmenims, bendradarbiaudami su patikimais partneriais ir sutvarkydami visus formalumus.<\/p>\n","protected":false},"excerpt":{"rendered":"<p>Valtra N121H 2011 137 hp \/ 101 kw 10 130 m\/h Mahual gearbox with reverse Double steer Joystick Hydraulic winch Metal guards AC Nokian 20.8 R38 Nokian 16.9 R28 Valid technical inspection till 2027-10-06 Vreten 1400 2011 4&#215;2 hydro drive Palms 2 telescopes crane Aliance 500\/60 R22.5 Valid technical inspection till 2027-10-06 Good working condition [&hellip;]<\/p>\n","protected":false},"featured_media":20823,"template":"","meta":{"_et_pb_use_builder":"","_et_pb_old_content":"","_et_gb_content_width":""},"product_brand":[],"product_cat":[377,300],"product_tag":[],"class_list":{"0":"post-20858","1":"product","2":"type-product","3":"status-publish","4":"has-post-thumbnail","6":"product_cat-forestry-machinery","7":"product_cat-machinery-for-sale","9":"first","10":"instock","11":"purchasable","12":"product-type-simple"},"yoast_head":"<!-- This site is optimized with the Yoast SEO plugin v27.5 - https:\/\/yoast.com\/product\/yoast-seo-wordpress\/ -->\n<title>Valtra N121H + Vreten 1400 HydroDrive - loparus.com<\/title>\n<meta name=\"robots\" content=\"index, follow, max-snippet:-1, max-image-preview:large, max-video-preview:-1\" \/>\n<link rel=\"canonical\" href=\"https:\/\/loparus.com\/produktas\/valtra-n121h-vreten-1400-hydrodrive\/\" \/>\n<meta property=\"og:locale\" content=\"en_US\" \/>\n<meta property=\"og:type\" content=\"article\" \/>\n<meta property=\"og:title\" content=\"Valtra N121H + Vreten 1400 HydroDrive - loparus.com\" \/>\n<meta property=\"og:description\" content=\"Valtra N121H 2011 137 hp \/ 101 kw 10 130 m\/h Mahual gearbox with reverse Double steer Joystick Hydraulic winch Metal guards AC Nokian 20.8 R38 Nokian 16.9 R28 Valid technical inspection till 2027-10-06 Vreten 1400 2011 4&#215;2 hydro drive Palms 2 telescopes crane Aliance 500\/60 R22.5 Valid technical inspection till 2027-10-06 Good working condition [&hellip;]\" \/>\n<meta property=\"og:url\" content=\"https:\/\/loparus.com\/produktas\/valtra-n121h-vreten-1400-hydrodrive\/\" \/>\n<meta property=\"og:site_name\" content=\"loparus.com\" \/>\n<meta property=\"og:image\" content=\"https:\/\/loparus.com\/wp-content\/uploads\/valtra-n121h-vreten-1400-hydrodrive-medvezes-28.jpg\" \/>\n\t<meta property=\"og:image:width\" content=\"1600\" \/>\n\t<meta property=\"og:image:height\" content=\"1200\" \/>\n\t<meta property=\"og:image:type\" content=\"image\/jpeg\" \/>\n<meta name=\"twitter:card\" content=\"summary_large_image\" \/>\n<script type=\"application\/ld+json\" class=\"yoast-schema-graph\">{\"@context\":\"https:\\\/\\\/schema.org\",\"@graph\":[{\"@type\":\"WebPage\",\"@id\":\"https:\\\/\\\/loparus.com\\\/produktas\\\/valtra-n121h-vreten-1400-hydrodrive\\\/\",\"url\":\"https:\\\/\\\/loparus.com\\\/produktas\\\/valtra-n121h-vreten-1400-hydrodrive\\\/\",\"name\":\"Valtra N121H + Vreten 1400 HydroDrive - loparus.com\",\"isPartOf\":{\"@id\":\"https:\\\/\\\/loparus.com\\\/#website\"},\"primaryImageOfPage\":{\"@id\":\"https:\\\/\\\/loparus.com\\\/produktas\\\/valtra-n121h-vreten-1400-hydrodrive\\\/#primaryimage\"},\"image\":{\"@id\":\"https:\\\/\\\/loparus.com\\\/produktas\\\/valtra-n121h-vreten-1400-hydrodrive\\\/#primaryimage\"},\"thumbnailUrl\":\"https:\\\/\\\/loparus.com\\\/wp-content\\\/uploads\\\/valtra-n121h-vreten-1400-hydrodrive-medvezes-28.jpg\",\"datePublished\":\"2026-04-17T01:01:03+00:00\",\"breadcrumb\":{\"@id\":\"https:\\\/\\\/loparus.com\\\/produktas\\\/valtra-n121h-vreten-1400-hydrodrive\\\/#breadcrumb\"},\"inLanguage\":\"en-US\",\"potentialAction\":[{\"@type\":\"ReadAction\",\"target\":[\"https:\\\/\\\/loparus.com\\\/produktas\\\/valtra-n121h-vreten-1400-hydrodrive\\\/\"]}]},{\"@type\":\"ImageObject\",\"inLanguage\":\"en-US\",\"@id\":\"https:\\\/\\\/loparus.com\\\/produktas\\\/valtra-n121h-vreten-1400-hydrodrive\\\/#primaryimage\",\"url\":\"https:\\\/\\\/loparus.com\\\/wp-content\\\/uploads\\\/valtra-n121h-vreten-1400-hydrodrive-medvezes-28.jpg\",\"contentUrl\":\"https:\\\/\\\/loparus.com\\\/wp-content\\\/uploads\\\/valtra-n121h-vreten-1400-hydrodrive-medvezes-28.jpg\",\"width\":1600,\"height\":1200,\"caption\":\"ValtraN121H + Vreten 1400 HydroDrive\"},{\"@type\":\"BreadcrumbList\",\"@id\":\"https:\\\/\\\/loparus.com\\\/produktas\\\/valtra-n121h-vreten-1400-hydrodrive\\\/#breadcrumb\",\"itemListElement\":[{\"@type\":\"ListItem\",\"position\":1,\"name\":\"Home\",\"item\":\"https:\\\/\\\/loparus.com\\\/en\\\/\"},{\"@type\":\"ListItem\",\"position\":2,\"name\":\"Shop\",\"item\":\"https:\\\/\\\/loparus.com\\\/en\\\/shop\\\/\"},{\"@type\":\"ListItem\",\"position\":3,\"name\":\"Valtra N121H + Vreten 1400 HydroDrive\"}]},{\"@type\":\"WebSite\",\"@id\":\"https:\\\/\\\/loparus.com\\\/#website\",\"url\":\"https:\\\/\\\/loparus.com\\\/\",\"name\":\"loparus.com\",\"description\":\"Just another WordPress site\",\"potentialAction\":[{\"@type\":\"SearchAction\",\"target\":{\"@type\":\"EntryPoint\",\"urlTemplate\":\"https:\\\/\\\/loparus.com\\\/?s={search_term_string}\"},\"query-input\":{\"@type\":\"PropertyValueSpecification\",\"valueRequired\":true,\"valueName\":\"search_term_string\"}}],\"inLanguage\":\"en-US\"}]}<\/script>\n<!-- \/ Yoast SEO plugin. -->","yoast_head_json":{"title":"Valtra N121H + Vreten 1400 HydroDrive - loparus.com","robots":{"index":"index","follow":"follow","max-snippet":"max-snippet:-1","max-image-preview":"max-image-preview:large","max-video-preview":"max-video-preview:-1"},"canonical":"https:\/\/loparus.com\/produktas\/valtra-n121h-vreten-1400-hydrodrive\/","og_locale":"en_US","og_type":"article","og_title":"Valtra N121H + Vreten 1400 HydroDrive - loparus.com","og_description":"Valtra N121H 2011 137 hp \/ 101 kw 10 130 m\/h Mahual gearbox with reverse Double steer Joystick Hydraulic winch Metal guards AC Nokian 20.8 R38 Nokian 16.9 R28 Valid technical inspection till 2027-10-06 Vreten 1400 2011 4&#215;2 hydro drive Palms 2 telescopes crane Aliance 500\/60 R22.5 Valid technical inspection till 2027-10-06 Good working condition [&hellip;]","og_url":"https:\/\/loparus.com\/produktas\/valtra-n121h-vreten-1400-hydrodrive\/","og_site_name":"loparus.com","og_image":[{"width":1600,"height":1200,"url":"https:\/\/loparus.com\/wp-content\/uploads\/valtra-n121h-vreten-1400-hydrodrive-medvezes-28.jpg","type":"image\/jpeg"}],"twitter_card":"summary_large_image","schema":{"@context":"https:\/\/schema.org","@graph":[{"@type":"WebPage","@id":"https:\/\/loparus.com\/produktas\/valtra-n121h-vreten-1400-hydrodrive\/","url":"https:\/\/loparus.com\/produktas\/valtra-n121h-vreten-1400-hydrodrive\/","name":"Valtra N121H + Vreten 1400 HydroDrive - loparus.com","isPartOf":{"@id":"https:\/\/loparus.com\/#website"},"primaryImageOfPage":{"@id":"https:\/\/loparus.com\/produktas\/valtra-n121h-vreten-1400-hydrodrive\/#primaryimage"},"image":{"@id":"https:\/\/loparus.com\/produktas\/valtra-n121h-vreten-1400-hydrodrive\/#primaryimage"},"thumbnailUrl":"https:\/\/loparus.com\/wp-content\/uploads\/valtra-n121h-vreten-1400-hydrodrive-medvezes-28.jpg","datePublished":"2026-04-17T01:01:03+00:00","breadcrumb":{"@id":"https:\/\/loparus.com\/produktas\/valtra-n121h-vreten-1400-hydrodrive\/#breadcrumb"},"inLanguage":"en-US","potentialAction":[{"@type":"ReadAction","target":["https:\/\/loparus.com\/produktas\/valtra-n121h-vreten-1400-hydrodrive\/"]}]},{"@type":"ImageObject","inLanguage":"en-US","@id":"https:\/\/loparus.com\/produktas\/valtra-n121h-vreten-1400-hydrodrive\/#primaryimage","url":"https:\/\/loparus.com\/wp-content\/uploads\/valtra-n121h-vreten-1400-hydrodrive-medvezes-28.jpg","contentUrl":"https:\/\/loparus.com\/wp-content\/uploads\/valtra-n121h-vreten-1400-hydrodrive-medvezes-28.jpg","width":1600,"height":1200,"caption":"ValtraN121H + Vreten 1400 HydroDrive"},{"@type":"BreadcrumbList","@id":"https:\/\/loparus.com\/produktas\/valtra-n121h-vreten-1400-hydrodrive\/#breadcrumb","itemListElement":[{"@type":"ListItem","position":1,"name":"Home","item":"https:\/\/loparus.com\/en\/"},{"@type":"ListItem","position":2,"name":"Shop","item":"https:\/\/loparus.com\/en\/shop\/"},{"@type":"ListItem","position":3,"name":"Valtra N121H + Vreten 1400 HydroDrive"}]},{"@type":"WebSite","@id":"https:\/\/loparus.com\/#website","url":"https:\/\/loparus.com\/","name":"loparus.com","description":"Just another WordPress site","potentialAction":[{"@type":"SearchAction","target":{"@type":"EntryPoint","urlTemplate":"https:\/\/loparus.com\/?s={search_term_string}"},"query-input":{"@type":"PropertyValueSpecification","valueRequired":true,"valueName":"search_term_string"}}],"inLanguage":"en-US"}]}},"_links":{"self":[{"href":"https:\/\/loparus.com\/en\/wp-json\/wp\/v2\/product\/20858","targetHints":{"allow":["GET"]}}],"collection":[{"href":"https:\/\/loparus.com\/en\/wp-json\/wp\/v2\/product"}],"about":[{"href":"https:\/\/loparus.com\/en\/wp-json\/wp\/v2\/types\/product"}],"wp:featuredmedia":[{"embeddable":true,"href":"https:\/\/loparus.com\/en\/wp-json\/wp\/v2\/media\/20823"}],"wp:attachment":[{"href":"https:\/\/loparus.com\/en\/wp-json\/wp\/v2\/media?parent=20858"}],"wp:term":[{"taxonomy":"product_brand","embeddable":true,"href":"https:\/\/loparus.com\/en\/wp-json\/wp\/v2\/product_brand?post=20858"},{"taxonomy":"product_cat","embeddable":true,"href":"https:\/\/loparus.com\/en\/wp-json\/wp\/v2\/product_cat?post=20858"},{"taxonomy":"product_tag","embeddable":true,"href":"https:\/\/loparus.com\/en\/wp-json\/wp\/v2\/product_tag?post=20858"}],"curies":[{"name":"wp","href":"https:\/\/api.w.org\/{rel}","templated":true}]}}