{"id":20981,"date":"2026-04-25T04:00:53","date_gmt":"2026-04-25T01:00:53","guid":{"rendered":"https:\/\/loparus.com\/produktas\/can-am-unnamed-model\/"},"modified":"2026-04-25T04:00:53","modified_gmt":"2026-04-25T01:00:53","slug":"can-am-unnamed-model","status":"publish","type":"product","link":"https:\/\/loparus.com\/en\/product\/can-am-unnamed-model\/","title":{"rendered":"Can-Am Unnamed Model"},"content":{"rendered":"<p>Can-Am Renegade 800 cc<br \/>\n2008 m<br \/>\n\u0160ildomos rankenos<br \/>\nSportinis i\u0161metimas<br \/>\n4&#215;4 , 4&#215;2<br \/>\nLatvi\u0161ka \u017eem\u0117s \u016bkio registracija , \u017eali numeriai<br \/>\nAtliktas aptarnavimas prie\u0161 26 m\/h<br \/>\nNaudojamas 1 kart\u0105 per m\u0117nes\u012f , laikomas gara\u017ee<\/p>\n","protected":false},"excerpt":{"rendered":"<p>Can-Am Renegade 800 cc 2008 m \u0160ildomos rankenos Sportinis i\u0161metimas 4&#215;4 , 4&#215;2 Latvi\u0161ka \u017eem\u0117s \u016bkio registracija , \u017eali numeriai Atliktas aptarnavimas prie\u0161 26 m\/h Naudojamas 1 kart\u0105 per m\u0117nes\u012f , laikomas gara\u017ee<\/p>\n","protected":false},"featured_media":20956,"template":"","meta":{"_et_pb_use_builder":"","_et_pb_old_content":"","_et_gb_content_width":""},"product_brand":[],"product_cat":[300],"product_tag":[],"class_list":{"0":"post-20981","1":"product","2":"type-product","3":"status-publish","4":"has-post-thumbnail","6":"product_cat-machinery-for-sale","8":"first","9":"instock","10":"purchasable","11":"product-type-simple"},"yoast_head":"<!-- This site is optimized with the Yoast SEO plugin v27.5 - https:\/\/yoast.com\/product\/yoast-seo-wordpress\/ -->\n<title>Can-Am Unnamed Model - loparus.com<\/title>\n<meta name=\"robots\" content=\"index, follow, max-snippet:-1, max-image-preview:large, max-video-preview:-1\" \/>\n<link rel=\"canonical\" href=\"https:\/\/loparus.com\/produktas\/can-am-unnamed-model\/\" \/>\n<meta property=\"og:locale\" content=\"en_US\" \/>\n<meta property=\"og:type\" content=\"article\" \/>\n<meta property=\"og:title\" content=\"Can-Am Unnamed Model - loparus.com\" \/>\n<meta property=\"og:description\" content=\"Can-Am Renegade 800 cc 2008 m \u0160ildomos rankenos Sportinis i\u0161metimas 4&#215;4 , 4&#215;2 Latvi\u0161ka \u017eem\u0117s \u016bkio registracija , \u017eali numeriai Atliktas aptarnavimas prie\u0161 26 m\/h Naudojamas 1 kart\u0105 per m\u0117nes\u012f , laikomas gara\u017ee\" \/>\n<meta property=\"og:url\" content=\"https:\/\/loparus.com\/produktas\/can-am-unnamed-model\/\" \/>\n<meta property=\"og:site_name\" content=\"loparus.com\" \/>\n<meta property=\"og:image\" content=\"https:\/\/loparus.com\/wp-content\/uploads\/can-am-renegade-800cc-keturraciai-8.jpg\" \/>\n\t<meta property=\"og:image:width\" content=\"1920\" \/>\n\t<meta property=\"og:image:height\" content=\"1440\" \/>\n\t<meta property=\"og:image:type\" content=\"image\/jpeg\" \/>\n<meta name=\"twitter:card\" content=\"summary_large_image\" \/>\n<script type=\"application\/ld+json\" class=\"yoast-schema-graph\">{\"@context\":\"https:\\\/\\\/schema.org\",\"@graph\":[{\"@type\":\"WebPage\",\"@id\":\"https:\\\/\\\/loparus.com\\\/produktas\\\/can-am-unnamed-model\\\/\",\"url\":\"https:\\\/\\\/loparus.com\\\/produktas\\\/can-am-unnamed-model\\\/\",\"name\":\"Can-Am Unnamed Model - loparus.com\",\"isPartOf\":{\"@id\":\"https:\\\/\\\/loparus.com\\\/#website\"},\"primaryImageOfPage\":{\"@id\":\"https:\\\/\\\/loparus.com\\\/produktas\\\/can-am-unnamed-model\\\/#primaryimage\"},\"image\":{\"@id\":\"https:\\\/\\\/loparus.com\\\/produktas\\\/can-am-unnamed-model\\\/#primaryimage\"},\"thumbnailUrl\":\"https:\\\/\\\/loparus.com\\\/wp-content\\\/uploads\\\/can-am-renegade-800cc-keturraciai-8.jpg\",\"datePublished\":\"2026-04-25T01:00:53+00:00\",\"breadcrumb\":{\"@id\":\"https:\\\/\\\/loparus.com\\\/produktas\\\/can-am-unnamed-model\\\/#breadcrumb\"},\"inLanguage\":\"en-US\",\"potentialAction\":[{\"@type\":\"ReadAction\",\"target\":[\"https:\\\/\\\/loparus.com\\\/produktas\\\/can-am-unnamed-model\\\/\"]}]},{\"@type\":\"ImageObject\",\"inLanguage\":\"en-US\",\"@id\":\"https:\\\/\\\/loparus.com\\\/produktas\\\/can-am-unnamed-model\\\/#primaryimage\",\"url\":\"https:\\\/\\\/loparus.com\\\/wp-content\\\/uploads\\\/can-am-renegade-800cc-keturraciai-8.jpg\",\"contentUrl\":\"https:\\\/\\\/loparus.com\\\/wp-content\\\/uploads\\\/can-am-renegade-800cc-keturraciai-8.jpg\",\"width\":1920,\"height\":1440,\"caption\":\"Can-Am\"},{\"@type\":\"BreadcrumbList\",\"@id\":\"https:\\\/\\\/loparus.com\\\/produktas\\\/can-am-unnamed-model\\\/#breadcrumb\",\"itemListElement\":[{\"@type\":\"ListItem\",\"position\":1,\"name\":\"Home\",\"item\":\"https:\\\/\\\/loparus.com\\\/en\\\/\"},{\"@type\":\"ListItem\",\"position\":2,\"name\":\"Shop\",\"item\":\"https:\\\/\\\/loparus.com\\\/en\\\/shop\\\/\"},{\"@type\":\"ListItem\",\"position\":3,\"name\":\"Can-Am Unnamed Model\"}]},{\"@type\":\"WebSite\",\"@id\":\"https:\\\/\\\/loparus.com\\\/#website\",\"url\":\"https:\\\/\\\/loparus.com\\\/\",\"name\":\"loparus.com\",\"description\":\"Just another WordPress site\",\"potentialAction\":[{\"@type\":\"SearchAction\",\"target\":{\"@type\":\"EntryPoint\",\"urlTemplate\":\"https:\\\/\\\/loparus.com\\\/?s={search_term_string}\"},\"query-input\":{\"@type\":\"PropertyValueSpecification\",\"valueRequired\":true,\"valueName\":\"search_term_string\"}}],\"inLanguage\":\"en-US\"}]}<\/script>\n<!-- \/ Yoast SEO plugin. -->","yoast_head_json":{"title":"Can-Am Unnamed Model - loparus.com","robots":{"index":"index","follow":"follow","max-snippet":"max-snippet:-1","max-image-preview":"max-image-preview:large","max-video-preview":"max-video-preview:-1"},"canonical":"https:\/\/loparus.com\/produktas\/can-am-unnamed-model\/","og_locale":"en_US","og_type":"article","og_title":"Can-Am Unnamed Model - loparus.com","og_description":"Can-Am Renegade 800 cc 2008 m \u0160ildomos rankenos Sportinis i\u0161metimas 4&#215;4 , 4&#215;2 Latvi\u0161ka \u017eem\u0117s \u016bkio registracija , \u017eali numeriai Atliktas aptarnavimas prie\u0161 26 m\/h Naudojamas 1 kart\u0105 per m\u0117nes\u012f , laikomas gara\u017ee","og_url":"https:\/\/loparus.com\/produktas\/can-am-unnamed-model\/","og_site_name":"loparus.com","og_image":[{"width":1920,"height":1440,"url":"https:\/\/loparus.com\/wp-content\/uploads\/can-am-renegade-800cc-keturraciai-8.jpg","type":"image\/jpeg"}],"twitter_card":"summary_large_image","schema":{"@context":"https:\/\/schema.org","@graph":[{"@type":"WebPage","@id":"https:\/\/loparus.com\/produktas\/can-am-unnamed-model\/","url":"https:\/\/loparus.com\/produktas\/can-am-unnamed-model\/","name":"Can-Am Unnamed Model - loparus.com","isPartOf":{"@id":"https:\/\/loparus.com\/#website"},"primaryImageOfPage":{"@id":"https:\/\/loparus.com\/produktas\/can-am-unnamed-model\/#primaryimage"},"image":{"@id":"https:\/\/loparus.com\/produktas\/can-am-unnamed-model\/#primaryimage"},"thumbnailUrl":"https:\/\/loparus.com\/wp-content\/uploads\/can-am-renegade-800cc-keturraciai-8.jpg","datePublished":"2026-04-25T01:00:53+00:00","breadcrumb":{"@id":"https:\/\/loparus.com\/produktas\/can-am-unnamed-model\/#breadcrumb"},"inLanguage":"en-US","potentialAction":[{"@type":"ReadAction","target":["https:\/\/loparus.com\/produktas\/can-am-unnamed-model\/"]}]},{"@type":"ImageObject","inLanguage":"en-US","@id":"https:\/\/loparus.com\/produktas\/can-am-unnamed-model\/#primaryimage","url":"https:\/\/loparus.com\/wp-content\/uploads\/can-am-renegade-800cc-keturraciai-8.jpg","contentUrl":"https:\/\/loparus.com\/wp-content\/uploads\/can-am-renegade-800cc-keturraciai-8.jpg","width":1920,"height":1440,"caption":"Can-Am"},{"@type":"BreadcrumbList","@id":"https:\/\/loparus.com\/produktas\/can-am-unnamed-model\/#breadcrumb","itemListElement":[{"@type":"ListItem","position":1,"name":"Home","item":"https:\/\/loparus.com\/en\/"},{"@type":"ListItem","position":2,"name":"Shop","item":"https:\/\/loparus.com\/en\/shop\/"},{"@type":"ListItem","position":3,"name":"Can-Am Unnamed Model"}]},{"@type":"WebSite","@id":"https:\/\/loparus.com\/#website","url":"https:\/\/loparus.com\/","name":"loparus.com","description":"Just another WordPress site","potentialAction":[{"@type":"SearchAction","target":{"@type":"EntryPoint","urlTemplate":"https:\/\/loparus.com\/?s={search_term_string}"},"query-input":{"@type":"PropertyValueSpecification","valueRequired":true,"valueName":"search_term_string"}}],"inLanguage":"en-US"}]}},"_links":{"self":[{"href":"https:\/\/loparus.com\/en\/wp-json\/wp\/v2\/product\/20981","targetHints":{"allow":["GET"]}}],"collection":[{"href":"https:\/\/loparus.com\/en\/wp-json\/wp\/v2\/product"}],"about":[{"href":"https:\/\/loparus.com\/en\/wp-json\/wp\/v2\/types\/product"}],"wp:featuredmedia":[{"embeddable":true,"href":"https:\/\/loparus.com\/en\/wp-json\/wp\/v2\/media\/20956"}],"wp:attachment":[{"href":"https:\/\/loparus.com\/en\/wp-json\/wp\/v2\/media?parent=20981"}],"wp:term":[{"taxonomy":"product_brand","embeddable":true,"href":"https:\/\/loparus.com\/en\/wp-json\/wp\/v2\/product_brand?post=20981"},{"taxonomy":"product_cat","embeddable":true,"href":"https:\/\/loparus.com\/en\/wp-json\/wp\/v2\/product_cat?post=20981"},{"taxonomy":"product_tag","embeddable":true,"href":"https:\/\/loparus.com\/en\/wp-json\/wp\/v2\/product_tag?post=20981"}],"curies":[{"name":"wp","href":"https:\/\/api.w.org\/{rel}","templated":true}]}}