{"id":21013,"date":"2026-04-26T04:00:14","date_gmt":"2026-04-26T01:00:14","guid":{"rendered":"https:\/\/loparus.com\/produktas\/hitachi-zx-210-lc-3\/"},"modified":"2026-04-26T04:00:14","modified_gmt":"2026-04-26T01:00:14","slug":"hitachi-zx-210-lc-3","status":"publish","type":"product","link":"https:\/\/loparus.com\/en\/product\/hitachi-zx-210-lc-3\/","title":{"rendered":"Hitachi ZX 210 LC-3"},"content":{"rendered":"<p>Hitachi ZX 210 LC-3<br \/>\n2009<br \/>\n22 200 kg<br \/>\n700 mm tracks , 3.10 m full width<br \/>\n166 hp \/ 122 kw<br \/>\n9 595 m\/h<br \/>\nExtra hydraulic auxiliary lines<br \/>\nQuick coupler CW type<br \/>\nDigging bucket<br \/>\nAC<br \/>\nCE<br \/>\nTransport dimensions :<br \/>\nLength 9,25 m<br \/>\nWidth 3.10 m<br \/>\nHeight 3,2 m<\/p>\n<p>Galimas keitimas \u012f j\u016bs\u0173 statybin\u0119 technik\u0105<\/p>\n","protected":false},"excerpt":{"rendered":"<p>Hitachi ZX 210 LC-3 2009 22 200 kg 700 mm tracks , 3.10 m full width 166 hp \/ 122 kw 9 595 m\/h Extra hydraulic auxiliary lines Quick coupler CW type Digging bucket AC CE Transport dimensions : Length 9,25 m Width 3.10 m Height 3,2 m Galimas keitimas \u012f j\u016bs\u0173 statybin\u0119 technik\u0105<\/p>\n","protected":false},"featured_media":20991,"template":"","meta":{"_et_pb_use_builder":"","_et_pb_old_content":"","_et_gb_content_width":""},"product_brand":[],"product_cat":[345,300],"product_tag":[],"class_list":{"0":"post-21013","1":"product","2":"type-product","3":"status-publish","4":"has-post-thumbnail","6":"product_cat-excavators","7":"product_cat-machinery-for-sale","9":"first","10":"instock","11":"purchasable","12":"product-type-simple"},"yoast_head":"<!-- This site is optimized with the Yoast SEO plugin v27.5 - https:\/\/yoast.com\/product\/yoast-seo-wordpress\/ -->\n<title>Hitachi ZX 210 LC-3 - loparus.com<\/title>\n<meta name=\"robots\" content=\"index, follow, max-snippet:-1, max-image-preview:large, max-video-preview:-1\" \/>\n<link rel=\"canonical\" href=\"https:\/\/loparus.com\/produktas\/hitachi-zx-210-lc-3\/\" \/>\n<meta property=\"og:locale\" content=\"en_US\" \/>\n<meta property=\"og:type\" content=\"article\" \/>\n<meta property=\"og:title\" content=\"Hitachi ZX 210 LC-3 - loparus.com\" \/>\n<meta property=\"og:description\" content=\"Hitachi ZX 210 LC-3 2009 22 200 kg 700 mm tracks , 3.10 m full width 166 hp \/ 122 kw 9 595 m\/h Extra hydraulic auxiliary lines Quick coupler CW type Digging bucket AC CE Transport dimensions : Length 9,25 m Width 3.10 m Height 3,2 m Galimas keitimas \u012f j\u016bs\u0173 statybin\u0119 technik\u0105\" \/>\n<meta property=\"og:url\" content=\"https:\/\/loparus.com\/produktas\/hitachi-zx-210-lc-3\/\" \/>\n<meta property=\"og:site_name\" content=\"loparus.com\" \/>\n<meta property=\"og:image\" content=\"https:\/\/loparus.com\/wp-content\/uploads\/hitachi-zx-210-lc-3-ekskavatoriai-19.jpg\" \/>\n\t<meta property=\"og:image:width\" content=\"1600\" \/>\n\t<meta property=\"og:image:height\" content=\"1200\" \/>\n\t<meta property=\"og:image:type\" content=\"image\/jpeg\" \/>\n<meta name=\"twitter:card\" content=\"summary_large_image\" \/>\n<script type=\"application\/ld+json\" class=\"yoast-schema-graph\">{\"@context\":\"https:\\\/\\\/schema.org\",\"@graph\":[{\"@type\":\"WebPage\",\"@id\":\"https:\\\/\\\/loparus.com\\\/produktas\\\/hitachi-zx-210-lc-3\\\/\",\"url\":\"https:\\\/\\\/loparus.com\\\/produktas\\\/hitachi-zx-210-lc-3\\\/\",\"name\":\"Hitachi ZX 210 LC-3 - loparus.com\",\"isPartOf\":{\"@id\":\"https:\\\/\\\/loparus.com\\\/#website\"},\"primaryImageOfPage\":{\"@id\":\"https:\\\/\\\/loparus.com\\\/produktas\\\/hitachi-zx-210-lc-3\\\/#primaryimage\"},\"image\":{\"@id\":\"https:\\\/\\\/loparus.com\\\/produktas\\\/hitachi-zx-210-lc-3\\\/#primaryimage\"},\"thumbnailUrl\":\"https:\\\/\\\/loparus.com\\\/wp-content\\\/uploads\\\/hitachi-zx-210-lc-3-ekskavatoriai-19.jpg\",\"datePublished\":\"2026-04-26T01:00:14+00:00\",\"breadcrumb\":{\"@id\":\"https:\\\/\\\/loparus.com\\\/produktas\\\/hitachi-zx-210-lc-3\\\/#breadcrumb\"},\"inLanguage\":\"en-US\",\"potentialAction\":[{\"@type\":\"ReadAction\",\"target\":[\"https:\\\/\\\/loparus.com\\\/produktas\\\/hitachi-zx-210-lc-3\\\/\"]}]},{\"@type\":\"ImageObject\",\"inLanguage\":\"en-US\",\"@id\":\"https:\\\/\\\/loparus.com\\\/produktas\\\/hitachi-zx-210-lc-3\\\/#primaryimage\",\"url\":\"https:\\\/\\\/loparus.com\\\/wp-content\\\/uploads\\\/hitachi-zx-210-lc-3-ekskavatoriai-19.jpg\",\"contentUrl\":\"https:\\\/\\\/loparus.com\\\/wp-content\\\/uploads\\\/hitachi-zx-210-lc-3-ekskavatoriai-19.jpg\",\"width\":1600,\"height\":1200,\"caption\":\"HitachiZX 210 LC-3\"},{\"@type\":\"BreadcrumbList\",\"@id\":\"https:\\\/\\\/loparus.com\\\/produktas\\\/hitachi-zx-210-lc-3\\\/#breadcrumb\",\"itemListElement\":[{\"@type\":\"ListItem\",\"position\":1,\"name\":\"Home\",\"item\":\"https:\\\/\\\/loparus.com\\\/en\\\/\"},{\"@type\":\"ListItem\",\"position\":2,\"name\":\"Shop\",\"item\":\"https:\\\/\\\/loparus.com\\\/en\\\/shop\\\/\"},{\"@type\":\"ListItem\",\"position\":3,\"name\":\"Hitachi ZX 210 LC-3\"}]},{\"@type\":\"WebSite\",\"@id\":\"https:\\\/\\\/loparus.com\\\/#website\",\"url\":\"https:\\\/\\\/loparus.com\\\/\",\"name\":\"loparus.com\",\"description\":\"Just another WordPress site\",\"potentialAction\":[{\"@type\":\"SearchAction\",\"target\":{\"@type\":\"EntryPoint\",\"urlTemplate\":\"https:\\\/\\\/loparus.com\\\/?s={search_term_string}\"},\"query-input\":{\"@type\":\"PropertyValueSpecification\",\"valueRequired\":true,\"valueName\":\"search_term_string\"}}],\"inLanguage\":\"en-US\"}]}<\/script>\n<!-- \/ Yoast SEO plugin. -->","yoast_head_json":{"title":"Hitachi ZX 210 LC-3 - loparus.com","robots":{"index":"index","follow":"follow","max-snippet":"max-snippet:-1","max-image-preview":"max-image-preview:large","max-video-preview":"max-video-preview:-1"},"canonical":"https:\/\/loparus.com\/produktas\/hitachi-zx-210-lc-3\/","og_locale":"en_US","og_type":"article","og_title":"Hitachi ZX 210 LC-3 - loparus.com","og_description":"Hitachi ZX 210 LC-3 2009 22 200 kg 700 mm tracks , 3.10 m full width 166 hp \/ 122 kw 9 595 m\/h Extra hydraulic auxiliary lines Quick coupler CW type Digging bucket AC CE Transport dimensions : Length 9,25 m Width 3.10 m Height 3,2 m Galimas keitimas \u012f j\u016bs\u0173 statybin\u0119 technik\u0105","og_url":"https:\/\/loparus.com\/produktas\/hitachi-zx-210-lc-3\/","og_site_name":"loparus.com","og_image":[{"width":1600,"height":1200,"url":"https:\/\/loparus.com\/wp-content\/uploads\/hitachi-zx-210-lc-3-ekskavatoriai-19.jpg","type":"image\/jpeg"}],"twitter_card":"summary_large_image","schema":{"@context":"https:\/\/schema.org","@graph":[{"@type":"WebPage","@id":"https:\/\/loparus.com\/produktas\/hitachi-zx-210-lc-3\/","url":"https:\/\/loparus.com\/produktas\/hitachi-zx-210-lc-3\/","name":"Hitachi ZX 210 LC-3 - loparus.com","isPartOf":{"@id":"https:\/\/loparus.com\/#website"},"primaryImageOfPage":{"@id":"https:\/\/loparus.com\/produktas\/hitachi-zx-210-lc-3\/#primaryimage"},"image":{"@id":"https:\/\/loparus.com\/produktas\/hitachi-zx-210-lc-3\/#primaryimage"},"thumbnailUrl":"https:\/\/loparus.com\/wp-content\/uploads\/hitachi-zx-210-lc-3-ekskavatoriai-19.jpg","datePublished":"2026-04-26T01:00:14+00:00","breadcrumb":{"@id":"https:\/\/loparus.com\/produktas\/hitachi-zx-210-lc-3\/#breadcrumb"},"inLanguage":"en-US","potentialAction":[{"@type":"ReadAction","target":["https:\/\/loparus.com\/produktas\/hitachi-zx-210-lc-3\/"]}]},{"@type":"ImageObject","inLanguage":"en-US","@id":"https:\/\/loparus.com\/produktas\/hitachi-zx-210-lc-3\/#primaryimage","url":"https:\/\/loparus.com\/wp-content\/uploads\/hitachi-zx-210-lc-3-ekskavatoriai-19.jpg","contentUrl":"https:\/\/loparus.com\/wp-content\/uploads\/hitachi-zx-210-lc-3-ekskavatoriai-19.jpg","width":1600,"height":1200,"caption":"HitachiZX 210 LC-3"},{"@type":"BreadcrumbList","@id":"https:\/\/loparus.com\/produktas\/hitachi-zx-210-lc-3\/#breadcrumb","itemListElement":[{"@type":"ListItem","position":1,"name":"Home","item":"https:\/\/loparus.com\/en\/"},{"@type":"ListItem","position":2,"name":"Shop","item":"https:\/\/loparus.com\/en\/shop\/"},{"@type":"ListItem","position":3,"name":"Hitachi ZX 210 LC-3"}]},{"@type":"WebSite","@id":"https:\/\/loparus.com\/#website","url":"https:\/\/loparus.com\/","name":"loparus.com","description":"Just another WordPress site","potentialAction":[{"@type":"SearchAction","target":{"@type":"EntryPoint","urlTemplate":"https:\/\/loparus.com\/?s={search_term_string}"},"query-input":{"@type":"PropertyValueSpecification","valueRequired":true,"valueName":"search_term_string"}}],"inLanguage":"en-US"}]}},"_links":{"self":[{"href":"https:\/\/loparus.com\/en\/wp-json\/wp\/v2\/product\/21013","targetHints":{"allow":["GET"]}}],"collection":[{"href":"https:\/\/loparus.com\/en\/wp-json\/wp\/v2\/product"}],"about":[{"href":"https:\/\/loparus.com\/en\/wp-json\/wp\/v2\/types\/product"}],"wp:featuredmedia":[{"embeddable":true,"href":"https:\/\/loparus.com\/en\/wp-json\/wp\/v2\/media\/20991"}],"wp:attachment":[{"href":"https:\/\/loparus.com\/en\/wp-json\/wp\/v2\/media?parent=21013"}],"wp:term":[{"taxonomy":"product_brand","embeddable":true,"href":"https:\/\/loparus.com\/en\/wp-json\/wp\/v2\/product_brand?post=21013"},{"taxonomy":"product_cat","embeddable":true,"href":"https:\/\/loparus.com\/en\/wp-json\/wp\/v2\/product_cat?post=21013"},{"taxonomy":"product_tag","embeddable":true,"href":"https:\/\/loparus.com\/en\/wp-json\/wp\/v2\/product_tag?post=21013"}],"curies":[{"name":"wp","href":"https:\/\/api.w.org\/{rel}","templated":true}]}}