{"id":21154,"date":"2026-04-30T04:02:38","date_gmt":"2026-04-30T01:02:38","guid":{"rendered":"https:\/\/loparus.com\/produktas\/fliegl-sds-480-t-2\/"},"modified":"2026-04-30T04:02:38","modified_gmt":"2026-04-30T01:02:38","slug":"fliegl-sds-480-t-2","status":"publish","type":"product","link":"https:\/\/loparus.com\/en\/product\/fliegl-sds-480-t-2\/","title":{"rendered":"Fliegl SDS 480 T"},"content":{"rendered":"<p>FLIEGL SDS 480 T<br \/>\n2007<br \/>\n9 500 kg \/ 30 000 kg \/ 48 000 kg<br \/>\nBPW axle<br \/>\nAir<br \/>\nDrum brakes<br \/>\nTires 235 \/ 75 R 17.5<br \/>\n2.52 m width + can go more<br \/>\nHeight main platform 0.82 m<br \/>\nMain platform length 9.22 m + 4 m balcony<\/p>\n<p>Galimas keitimas \u012f j\u016bs\u0173 statybin\u0119 technik\u0105<\/p>\n","protected":false},"excerpt":{"rendered":"<p>FLIEGL SDS 480 T 2007 9 500 kg \/ 30 000 kg \/ 48 000 kg BPW axle Air Drum brakes Tires 235 \/ 75 R 17.5 2.52 m width + can go more Height main platform 0.82 m Main platform length 9.22 m + 4 m balcony Galimas keitimas \u012f j\u016bs\u0173 statybin\u0119 technik\u0105<\/p>\n","protected":false},"featured_media":21122,"template":"","meta":{"_et_pb_use_builder":"","_et_pb_old_content":"","_et_gb_content_width":""},"product_brand":[],"product_cat":[300,431],"product_tag":[],"class_list":{"0":"post-21154","1":"product","2":"type-product","3":"status-publish","4":"has-post-thumbnail","6":"product_cat-machinery-for-sale","7":"product_cat-trailers-semi-trailers","9":"first","10":"instock","11":"purchasable","12":"product-type-simple"},"yoast_head":"<!-- This site is optimized with the Yoast SEO plugin v27.5 - https:\/\/yoast.com\/product\/yoast-seo-wordpress\/ -->\n<title>Fliegl SDS 480 T - loparus.com<\/title>\n<meta name=\"robots\" content=\"index, follow, max-snippet:-1, max-image-preview:large, max-video-preview:-1\" \/>\n<link rel=\"canonical\" href=\"https:\/\/loparus.com\/produktas\/fliegl-sds-480-t-2\/\" \/>\n<meta property=\"og:locale\" content=\"en_US\" \/>\n<meta property=\"og:type\" content=\"article\" \/>\n<meta property=\"og:title\" content=\"Fliegl SDS 480 T - loparus.com\" \/>\n<meta property=\"og:description\" content=\"FLIEGL SDS 480 T 2007 9 500 kg \/ 30 000 kg \/ 48 000 kg BPW axle Air Drum brakes Tires 235 \/ 75 R 17.5 2.52 m width + can go more Height main platform 0.82 m Main platform length 9.22 m + 4 m balcony Galimas keitimas \u012f j\u016bs\u0173 statybin\u0119 technik\u0105\" \/>\n<meta property=\"og:url\" content=\"https:\/\/loparus.com\/produktas\/fliegl-sds-480-t-2\/\" \/>\n<meta property=\"og:site_name\" content=\"loparus.com\" \/>\n<meta property=\"og:image\" content=\"https:\/\/loparus.com\/wp-content\/uploads\/fliegl-sds-480-t-spec-priekabos-puspriekabes.jpg\" \/>\n\t<meta property=\"og:image:width\" content=\"1920\" \/>\n\t<meta property=\"og:image:height\" content=\"1440\" \/>\n\t<meta property=\"og:image:type\" content=\"image\/jpeg\" \/>\n<meta name=\"twitter:card\" content=\"summary_large_image\" \/>\n<script type=\"application\/ld+json\" class=\"yoast-schema-graph\">{\"@context\":\"https:\\\/\\\/schema.org\",\"@graph\":[{\"@type\":\"WebPage\",\"@id\":\"https:\\\/\\\/loparus.com\\\/produktas\\\/fliegl-sds-480-t-2\\\/\",\"url\":\"https:\\\/\\\/loparus.com\\\/produktas\\\/fliegl-sds-480-t-2\\\/\",\"name\":\"Fliegl SDS 480 T - loparus.com\",\"isPartOf\":{\"@id\":\"https:\\\/\\\/loparus.com\\\/#website\"},\"primaryImageOfPage\":{\"@id\":\"https:\\\/\\\/loparus.com\\\/produktas\\\/fliegl-sds-480-t-2\\\/#primaryimage\"},\"image\":{\"@id\":\"https:\\\/\\\/loparus.com\\\/produktas\\\/fliegl-sds-480-t-2\\\/#primaryimage\"},\"thumbnailUrl\":\"https:\\\/\\\/loparus.com\\\/wp-content\\\/uploads\\\/fliegl-sds-480-t-spec-priekabos-puspriekabes.jpg\",\"datePublished\":\"2026-04-30T01:02:38+00:00\",\"breadcrumb\":{\"@id\":\"https:\\\/\\\/loparus.com\\\/produktas\\\/fliegl-sds-480-t-2\\\/#breadcrumb\"},\"inLanguage\":\"en-US\",\"potentialAction\":[{\"@type\":\"ReadAction\",\"target\":[\"https:\\\/\\\/loparus.com\\\/produktas\\\/fliegl-sds-480-t-2\\\/\"]}]},{\"@type\":\"ImageObject\",\"inLanguage\":\"en-US\",\"@id\":\"https:\\\/\\\/loparus.com\\\/produktas\\\/fliegl-sds-480-t-2\\\/#primaryimage\",\"url\":\"https:\\\/\\\/loparus.com\\\/wp-content\\\/uploads\\\/fliegl-sds-480-t-spec-priekabos-puspriekabes.jpg\",\"contentUrl\":\"https:\\\/\\\/loparus.com\\\/wp-content\\\/uploads\\\/fliegl-sds-480-t-spec-priekabos-puspriekabes.jpg\",\"width\":1920,\"height\":1440,\"caption\":\"FlieglSDS 480 T\"},{\"@type\":\"BreadcrumbList\",\"@id\":\"https:\\\/\\\/loparus.com\\\/produktas\\\/fliegl-sds-480-t-2\\\/#breadcrumb\",\"itemListElement\":[{\"@type\":\"ListItem\",\"position\":1,\"name\":\"Home\",\"item\":\"https:\\\/\\\/loparus.com\\\/en\\\/\"},{\"@type\":\"ListItem\",\"position\":2,\"name\":\"Shop\",\"item\":\"https:\\\/\\\/loparus.com\\\/en\\\/shop\\\/\"},{\"@type\":\"ListItem\",\"position\":3,\"name\":\"Fliegl SDS 480 T\"}]},{\"@type\":\"WebSite\",\"@id\":\"https:\\\/\\\/loparus.com\\\/#website\",\"url\":\"https:\\\/\\\/loparus.com\\\/\",\"name\":\"loparus.com\",\"description\":\"Just another WordPress site\",\"potentialAction\":[{\"@type\":\"SearchAction\",\"target\":{\"@type\":\"EntryPoint\",\"urlTemplate\":\"https:\\\/\\\/loparus.com\\\/?s={search_term_string}\"},\"query-input\":{\"@type\":\"PropertyValueSpecification\",\"valueRequired\":true,\"valueName\":\"search_term_string\"}}],\"inLanguage\":\"en-US\"}]}<\/script>\n<!-- \/ Yoast SEO plugin. -->","yoast_head_json":{"title":"Fliegl SDS 480 T - loparus.com","robots":{"index":"index","follow":"follow","max-snippet":"max-snippet:-1","max-image-preview":"max-image-preview:large","max-video-preview":"max-video-preview:-1"},"canonical":"https:\/\/loparus.com\/produktas\/fliegl-sds-480-t-2\/","og_locale":"en_US","og_type":"article","og_title":"Fliegl SDS 480 T - loparus.com","og_description":"FLIEGL SDS 480 T 2007 9 500 kg \/ 30 000 kg \/ 48 000 kg BPW axle Air Drum brakes Tires 235 \/ 75 R 17.5 2.52 m width + can go more Height main platform 0.82 m Main platform length 9.22 m + 4 m balcony Galimas keitimas \u012f j\u016bs\u0173 statybin\u0119 technik\u0105","og_url":"https:\/\/loparus.com\/produktas\/fliegl-sds-480-t-2\/","og_site_name":"loparus.com","og_image":[{"width":1920,"height":1440,"url":"https:\/\/loparus.com\/wp-content\/uploads\/fliegl-sds-480-t-spec-priekabos-puspriekabes.jpg","type":"image\/jpeg"}],"twitter_card":"summary_large_image","schema":{"@context":"https:\/\/schema.org","@graph":[{"@type":"WebPage","@id":"https:\/\/loparus.com\/produktas\/fliegl-sds-480-t-2\/","url":"https:\/\/loparus.com\/produktas\/fliegl-sds-480-t-2\/","name":"Fliegl SDS 480 T - loparus.com","isPartOf":{"@id":"https:\/\/loparus.com\/#website"},"primaryImageOfPage":{"@id":"https:\/\/loparus.com\/produktas\/fliegl-sds-480-t-2\/#primaryimage"},"image":{"@id":"https:\/\/loparus.com\/produktas\/fliegl-sds-480-t-2\/#primaryimage"},"thumbnailUrl":"https:\/\/loparus.com\/wp-content\/uploads\/fliegl-sds-480-t-spec-priekabos-puspriekabes.jpg","datePublished":"2026-04-30T01:02:38+00:00","breadcrumb":{"@id":"https:\/\/loparus.com\/produktas\/fliegl-sds-480-t-2\/#breadcrumb"},"inLanguage":"en-US","potentialAction":[{"@type":"ReadAction","target":["https:\/\/loparus.com\/produktas\/fliegl-sds-480-t-2\/"]}]},{"@type":"ImageObject","inLanguage":"en-US","@id":"https:\/\/loparus.com\/produktas\/fliegl-sds-480-t-2\/#primaryimage","url":"https:\/\/loparus.com\/wp-content\/uploads\/fliegl-sds-480-t-spec-priekabos-puspriekabes.jpg","contentUrl":"https:\/\/loparus.com\/wp-content\/uploads\/fliegl-sds-480-t-spec-priekabos-puspriekabes.jpg","width":1920,"height":1440,"caption":"FlieglSDS 480 T"},{"@type":"BreadcrumbList","@id":"https:\/\/loparus.com\/produktas\/fliegl-sds-480-t-2\/#breadcrumb","itemListElement":[{"@type":"ListItem","position":1,"name":"Home","item":"https:\/\/loparus.com\/en\/"},{"@type":"ListItem","position":2,"name":"Shop","item":"https:\/\/loparus.com\/en\/shop\/"},{"@type":"ListItem","position":3,"name":"Fliegl SDS 480 T"}]},{"@type":"WebSite","@id":"https:\/\/loparus.com\/#website","url":"https:\/\/loparus.com\/","name":"loparus.com","description":"Just another WordPress site","potentialAction":[{"@type":"SearchAction","target":{"@type":"EntryPoint","urlTemplate":"https:\/\/loparus.com\/?s={search_term_string}"},"query-input":{"@type":"PropertyValueSpecification","valueRequired":true,"valueName":"search_term_string"}}],"inLanguage":"en-US"}]}},"_links":{"self":[{"href":"https:\/\/loparus.com\/en\/wp-json\/wp\/v2\/product\/21154","targetHints":{"allow":["GET"]}}],"collection":[{"href":"https:\/\/loparus.com\/en\/wp-json\/wp\/v2\/product"}],"about":[{"href":"https:\/\/loparus.com\/en\/wp-json\/wp\/v2\/types\/product"}],"wp:featuredmedia":[{"embeddable":true,"href":"https:\/\/loparus.com\/en\/wp-json\/wp\/v2\/media\/21122"}],"wp:attachment":[{"href":"https:\/\/loparus.com\/en\/wp-json\/wp\/v2\/media?parent=21154"}],"wp:term":[{"taxonomy":"product_brand","embeddable":true,"href":"https:\/\/loparus.com\/en\/wp-json\/wp\/v2\/product_brand?post=21154"},{"taxonomy":"product_cat","embeddable":true,"href":"https:\/\/loparus.com\/en\/wp-json\/wp\/v2\/product_cat?post=21154"},{"taxonomy":"product_tag","embeddable":true,"href":"https:\/\/loparus.com\/en\/wp-json\/wp\/v2\/product_tag?post=21154"}],"curies":[{"name":"wp","href":"https:\/\/api.w.org\/{rel}","templated":true}]}}