{"id":20581,"date":"2026-04-14T03:04:24","date_gmt":"2026-04-14T00:04:24","guid":{"rendered":"https:\/\/loparus.com\/produktas\/jcb-js-175-w-engcon-grapple-2\/"},"modified":"2026-04-14T03:04:24","modified_gmt":"2026-04-14T00:04:24","slug":"jcb-js-175-w-engcon-grapple-2","status":"publish","type":"product","link":"https:\/\/loparus.com\/ru\/\u043f\u0440\u043e\u0434\u0443\u043a\u0442\/jcb-js-175-w-engcon-grapple-2\/","title":{"rendered":"JCB JS 175 W Engcon + grapple"},"content":{"rendered":"<p>JCB JS 175 W T4i<br \/>\n2016<br \/>\n17 520 kg<br \/>\n175 hp \/ 129 kw<br \/>\n5 872 m\/h<br \/>\nEngcon ROTOTILT + Grapple<br \/>\nEngcon joysticks<br \/>\nExtra hydraulic auxiliary lines<br \/>\nUniversal scandinavian bucket<br \/>\nReady for 3D GPS system , has all wires.<br \/>\nCentral lubrication system<br \/>\nOriginal paint<br \/>\nBack view camera<br \/>\nExtra fuel pump<br \/>\nAC<br \/>\nCE<br \/>\nGood working unit<br \/>\nNot used in Lithuania , from Scandinavia<\/p>\n<p>Lietuvoje neeksploatuotas , i\u0161 Skandinavijos<br \/>\nGera komplektacija<br \/>\nGalimas keitimas \u012f j\u016bs\u0173 statybin\u0119 technik\u0105<\/p>\n","protected":false},"excerpt":{"rendered":"<p>JCB JS 175 W T4i 2016 17 520 kg 175 hp \/ 129 kw 5 872 m\/h Engcon ROTOTILT + Grapple Engcon joysticks Extra hydraulic auxiliary lines Universal scandinavian bucket Ready for 3D GPS system , has all wires. Central lubrication system Original paint Back view camera Extra fuel pump AC CE Good working unit [&hellip;]<\/p>\n","protected":false},"featured_media":20545,"template":"","meta":{"_et_pb_use_builder":"","_et_pb_old_content":"","_et_gb_content_width":""},"product_brand":[],"product_cat":[302,346],"product_tag":[],"class_list":{"0":"post-20581","1":"product","2":"type-product","3":"status-publish","4":"has-post-thumbnail","6":"product_cat-prodazha-tehniki","7":"product_cat-ekskavatory","9":"first","10":"instock","11":"purchasable","12":"product-type-simple"},"yoast_head":"<!-- This site is optimized with the Yoast SEO plugin v27.5 - https:\/\/yoast.com\/product\/yoast-seo-wordpress\/ -->\n<title>JCB JS 175 W Engcon + grapple - loparus.com<\/title>\n<meta name=\"robots\" content=\"index, follow, max-snippet:-1, max-image-preview:large, max-video-preview:-1\" \/>\n<link rel=\"canonical\" href=\"https:\/\/loparus.com\/produktas\/jcb-js-175-w-engcon-grapple-2\/\" \/>\n<meta property=\"og:locale\" content=\"ru_RU\" \/>\n<meta property=\"og:type\" content=\"article\" \/>\n<meta property=\"og:title\" content=\"JCB JS 175 W Engcon + grapple - loparus.com\" \/>\n<meta property=\"og:description\" content=\"JCB JS 175 W T4i 2016 17 520 kg 175 hp \/ 129 kw 5 872 m\/h Engcon ROTOTILT + Grapple Engcon joysticks Extra hydraulic auxiliary lines Universal scandinavian bucket Ready for 3D GPS system , has all wires. Central lubrication system Original paint Back view camera Extra fuel pump AC CE Good working unit [&hellip;]\" \/>\n<meta property=\"og:url\" content=\"https:\/\/loparus.com\/produktas\/jcb-js-175-w-engcon-grapple-2\/\" \/>\n<meta property=\"og:site_name\" content=\"loparus.com\" \/>\n<meta property=\"og:image\" content=\"https:\/\/loparus.com\/wp-content\/uploads\/jcb-js-175-w-engcon-grapple-ekskavatoriai.jpg\" \/>\n\t<meta property=\"og:image:width\" content=\"1920\" \/>\n\t<meta property=\"og:image:height\" content=\"1440\" \/>\n\t<meta property=\"og:image:type\" content=\"image\/jpeg\" \/>\n<meta name=\"twitter:card\" content=\"summary_large_image\" \/>\n<script type=\"application\/ld+json\" class=\"yoast-schema-graph\">{\"@context\":\"https:\\\/\\\/schema.org\",\"@graph\":[{\"@type\":\"WebPage\",\"@id\":\"https:\\\/\\\/loparus.com\\\/produktas\\\/jcb-js-175-w-engcon-grapple-2\\\/\",\"url\":\"https:\\\/\\\/loparus.com\\\/produktas\\\/jcb-js-175-w-engcon-grapple-2\\\/\",\"name\":\"JCB JS 175 W Engcon + grapple - loparus.com\",\"isPartOf\":{\"@id\":\"https:\\\/\\\/loparus.com\\\/#website\"},\"primaryImageOfPage\":{\"@id\":\"https:\\\/\\\/loparus.com\\\/produktas\\\/jcb-js-175-w-engcon-grapple-2\\\/#primaryimage\"},\"image\":{\"@id\":\"https:\\\/\\\/loparus.com\\\/produktas\\\/jcb-js-175-w-engcon-grapple-2\\\/#primaryimage\"},\"thumbnailUrl\":\"https:\\\/\\\/loparus.com\\\/wp-content\\\/uploads\\\/jcb-js-175-w-engcon-grapple-ekskavatoriai.jpg\",\"datePublished\":\"2026-04-14T00:04:24+00:00\",\"breadcrumb\":{\"@id\":\"https:\\\/\\\/loparus.com\\\/produktas\\\/jcb-js-175-w-engcon-grapple-2\\\/#breadcrumb\"},\"inLanguage\":\"ru-RU\",\"potentialAction\":[{\"@type\":\"ReadAction\",\"target\":[\"https:\\\/\\\/loparus.com\\\/produktas\\\/jcb-js-175-w-engcon-grapple-2\\\/\"]}]},{\"@type\":\"ImageObject\",\"inLanguage\":\"ru-RU\",\"@id\":\"https:\\\/\\\/loparus.com\\\/produktas\\\/jcb-js-175-w-engcon-grapple-2\\\/#primaryimage\",\"url\":\"https:\\\/\\\/loparus.com\\\/wp-content\\\/uploads\\\/jcb-js-175-w-engcon-grapple-ekskavatoriai.jpg\",\"contentUrl\":\"https:\\\/\\\/loparus.com\\\/wp-content\\\/uploads\\\/jcb-js-175-w-engcon-grapple-ekskavatoriai.jpg\",\"width\":1920,\"height\":1440,\"caption\":\"JCBJS 175 W Engcon + grapple\"},{\"@type\":\"BreadcrumbList\",\"@id\":\"https:\\\/\\\/loparus.com\\\/produktas\\\/jcb-js-175-w-engcon-grapple-2\\\/#breadcrumb\",\"itemListElement\":[{\"@type\":\"ListItem\",\"position\":1,\"name\":\"Home\",\"item\":\"https:\\\/\\\/loparus.com\\\/ru\\\/\"},{\"@type\":\"ListItem\",\"position\":2,\"name\":\"\u041c\u0430\u0433\u0430\u0437\u0438\u043d\",\"item\":\"https:\\\/\\\/loparus.com\\\/ru\\\/%d0%bc%d0%b0%d0%b3%d0%b0%d0%b7%d0%b8%d0%bd\\\/\"},{\"@type\":\"ListItem\",\"position\":3,\"name\":\"JCB JS 175 W Engcon + grapple\"}]},{\"@type\":\"WebSite\",\"@id\":\"https:\\\/\\\/loparus.com\\\/#website\",\"url\":\"https:\\\/\\\/loparus.com\\\/\",\"name\":\"loparus.com\",\"description\":\"Just another WordPress site\",\"potentialAction\":[{\"@type\":\"SearchAction\",\"target\":{\"@type\":\"EntryPoint\",\"urlTemplate\":\"https:\\\/\\\/loparus.com\\\/?s={search_term_string}\"},\"query-input\":{\"@type\":\"PropertyValueSpecification\",\"valueRequired\":true,\"valueName\":\"search_term_string\"}}],\"inLanguage\":\"ru-RU\"}]}<\/script>\n<!-- \/ Yoast SEO plugin. -->","yoast_head_json":{"title":"JCB JS 175 W Engcon + grapple - loparus.com","robots":{"index":"index","follow":"follow","max-snippet":"max-snippet:-1","max-image-preview":"max-image-preview:large","max-video-preview":"max-video-preview:-1"},"canonical":"https:\/\/loparus.com\/produktas\/jcb-js-175-w-engcon-grapple-2\/","og_locale":"ru_RU","og_type":"article","og_title":"JCB JS 175 W Engcon + grapple - loparus.com","og_description":"JCB JS 175 W T4i 2016 17 520 kg 175 hp \/ 129 kw 5 872 m\/h Engcon ROTOTILT + Grapple Engcon joysticks Extra hydraulic auxiliary lines Universal scandinavian bucket Ready for 3D GPS system , has all wires. Central lubrication system Original paint Back view camera Extra fuel pump AC CE Good working unit [&hellip;]","og_url":"https:\/\/loparus.com\/produktas\/jcb-js-175-w-engcon-grapple-2\/","og_site_name":"loparus.com","og_image":[{"width":1920,"height":1440,"url":"https:\/\/loparus.com\/wp-content\/uploads\/jcb-js-175-w-engcon-grapple-ekskavatoriai.jpg","type":"image\/jpeg"}],"twitter_card":"summary_large_image","schema":{"@context":"https:\/\/schema.org","@graph":[{"@type":"WebPage","@id":"https:\/\/loparus.com\/produktas\/jcb-js-175-w-engcon-grapple-2\/","url":"https:\/\/loparus.com\/produktas\/jcb-js-175-w-engcon-grapple-2\/","name":"JCB JS 175 W Engcon + grapple - loparus.com","isPartOf":{"@id":"https:\/\/loparus.com\/#website"},"primaryImageOfPage":{"@id":"https:\/\/loparus.com\/produktas\/jcb-js-175-w-engcon-grapple-2\/#primaryimage"},"image":{"@id":"https:\/\/loparus.com\/produktas\/jcb-js-175-w-engcon-grapple-2\/#primaryimage"},"thumbnailUrl":"https:\/\/loparus.com\/wp-content\/uploads\/jcb-js-175-w-engcon-grapple-ekskavatoriai.jpg","datePublished":"2026-04-14T00:04:24+00:00","breadcrumb":{"@id":"https:\/\/loparus.com\/produktas\/jcb-js-175-w-engcon-grapple-2\/#breadcrumb"},"inLanguage":"ru-RU","potentialAction":[{"@type":"ReadAction","target":["https:\/\/loparus.com\/produktas\/jcb-js-175-w-engcon-grapple-2\/"]}]},{"@type":"ImageObject","inLanguage":"ru-RU","@id":"https:\/\/loparus.com\/produktas\/jcb-js-175-w-engcon-grapple-2\/#primaryimage","url":"https:\/\/loparus.com\/wp-content\/uploads\/jcb-js-175-w-engcon-grapple-ekskavatoriai.jpg","contentUrl":"https:\/\/loparus.com\/wp-content\/uploads\/jcb-js-175-w-engcon-grapple-ekskavatoriai.jpg","width":1920,"height":1440,"caption":"JCBJS 175 W Engcon + grapple"},{"@type":"BreadcrumbList","@id":"https:\/\/loparus.com\/produktas\/jcb-js-175-w-engcon-grapple-2\/#breadcrumb","itemListElement":[{"@type":"ListItem","position":1,"name":"Home","item":"https:\/\/loparus.com\/ru\/"},{"@type":"ListItem","position":2,"name":"\u041c\u0430\u0433\u0430\u0437\u0438\u043d","item":"https:\/\/loparus.com\/ru\/%d0%bc%d0%b0%d0%b3%d0%b0%d0%b7%d0%b8%d0%bd\/"},{"@type":"ListItem","position":3,"name":"JCB JS 175 W Engcon + grapple"}]},{"@type":"WebSite","@id":"https:\/\/loparus.com\/#website","url":"https:\/\/loparus.com\/","name":"loparus.com","description":"Just another WordPress site","potentialAction":[{"@type":"SearchAction","target":{"@type":"EntryPoint","urlTemplate":"https:\/\/loparus.com\/?s={search_term_string}"},"query-input":{"@type":"PropertyValueSpecification","valueRequired":true,"valueName":"search_term_string"}}],"inLanguage":"ru-RU"}]}},"_links":{"self":[{"href":"https:\/\/loparus.com\/ru\/wp-json\/wp\/v2\/product\/20581","targetHints":{"allow":["GET"]}}],"collection":[{"href":"https:\/\/loparus.com\/ru\/wp-json\/wp\/v2\/product"}],"about":[{"href":"https:\/\/loparus.com\/ru\/wp-json\/wp\/v2\/types\/product"}],"wp:featuredmedia":[{"embeddable":true,"href":"https:\/\/loparus.com\/ru\/wp-json\/wp\/v2\/media\/20545"}],"wp:attachment":[{"href":"https:\/\/loparus.com\/ru\/wp-json\/wp\/v2\/media?parent=20581"}],"wp:term":[{"taxonomy":"product_brand","embeddable":true,"href":"https:\/\/loparus.com\/ru\/wp-json\/wp\/v2\/product_brand?post=20581"},{"taxonomy":"product_cat","embeddable":true,"href":"https:\/\/loparus.com\/ru\/wp-json\/wp\/v2\/product_cat?post=20581"},{"taxonomy":"product_tag","embeddable":true,"href":"https:\/\/loparus.com\/ru\/wp-json\/wp\/v2\/product_tag?post=20581"}],"curies":[{"name":"wp","href":"https:\/\/api.w.org\/{rel}","templated":true}]}}