{"id":20757,"date":"2026-04-16T03:04:20","date_gmt":"2026-04-16T00:04:20","guid":{"rendered":"https:\/\/loparus.com\/produktas\/valtra-a93h-palms-13-2\/"},"modified":"2026-04-16T03:04:21","modified_gmt":"2026-04-16T00:04:21","slug":"valtra-a93h-palms-13-2","status":"publish","type":"product","link":"https:\/\/loparus.com\/ru\/\u043f\u0440\u043e\u0434\u0443\u043a\u0442\/valtra-a93h-palms-13-2\/","title":{"rendered":"Valtra A93H + Palms 13"},"content":{"rendered":"<p>Valtra A93H<br \/>\n2016<br \/>\n103 hp \/ 76 kw<br \/>\n6 185 m\/h<br \/>\nMahual gearbox with reverse<br \/>\nHydraulic winch<br \/>\nMetal guards<br \/>\nAC<br \/>\nContinental 18.4 R34<br \/>\nContinental 380\/70 R24<\/p>\n<p>Palms 13 D<br \/>\n2016<br \/>\n2 telescopes crane<br \/>\nAscenso 550\/45 R22.5<\/p>\n<p>Good working condition<br \/>\nPilnai dirbantis komplektas<br \/>\nGalimas keitimas \u012f j\u016bs\u0173 statybin\u0119 technik\u0105<\/p>\n<p>Si\u016blome LIZINGO sprendimus sunkiajai technikai tiek juridiniams, tiek fiziniams asmenims, bendradarbiaudami su patikimais partneriais ir sutvarkydami visus formalumus.<\/p>\n","protected":false},"excerpt":{"rendered":"<p>Valtra A93H 2016 103 hp \/ 76 kw 6 185 m\/h Mahual gearbox with reverse Hydraulic winch Metal guards AC Continental 18.4 R34 Continental 380\/70 R24 Palms 13 D 2016 2 telescopes crane Ascenso 550\/45 R22.5 Good working condition Pilnai dirbantis komplektas Galimas keitimas \u012f j\u016bs\u0173 statybin\u0119 technik\u0105 Si\u016blome LIZINGO sprendimus sunkiajai technikai tiek juridiniams, [&hellip;]<\/p>\n","protected":false},"featured_media":20676,"template":"","meta":{"_et_pb_use_builder":"","_et_pb_old_content":"","_et_gb_content_width":""},"product_brand":[],"product_cat":[378,302],"product_tag":[],"class_list":{"0":"post-20757","1":"product","2":"type-product","3":"status-publish","4":"has-post-thumbnail","6":"product_cat-lesohozjajstvennoe-oborudovanie","7":"product_cat-prodazha-tehniki","9":"first","10":"instock","11":"purchasable","12":"product-type-simple"},"yoast_head":"<!-- This site is optimized with the Yoast SEO plugin v27.5 - https:\/\/yoast.com\/product\/yoast-seo-wordpress\/ -->\n<title>Valtra A93H + Palms 13 - loparus.com<\/title>\n<meta name=\"robots\" content=\"index, follow, max-snippet:-1, max-image-preview:large, max-video-preview:-1\" \/>\n<link rel=\"canonical\" href=\"https:\/\/loparus.com\/produktas\/valtra-a93h-palms-13-2\/\" \/>\n<meta property=\"og:locale\" content=\"ru_RU\" \/>\n<meta property=\"og:type\" content=\"article\" \/>\n<meta property=\"og:title\" content=\"Valtra A93H + Palms 13 - loparus.com\" \/>\n<meta property=\"og:description\" content=\"Valtra A93H 2016 103 hp \/ 76 kw 6 185 m\/h Mahual gearbox with reverse Hydraulic winch Metal guards AC Continental 18.4 R34 Continental 380\/70 R24 Palms 13 D 2016 2 telescopes crane Ascenso 550\/45 R22.5 Good working condition Pilnai dirbantis komplektas Galimas keitimas \u012f j\u016bs\u0173 statybin\u0119 technik\u0105 Si\u016blome LIZINGO sprendimus sunkiajai technikai tiek juridiniams, [&hellip;]\" \/>\n<meta property=\"og:url\" content=\"https:\/\/loparus.com\/produktas\/valtra-a93h-palms-13-2\/\" \/>\n<meta property=\"og:site_name\" content=\"loparus.com\" \/>\n<meta property=\"article:modified_time\" content=\"2026-04-16T00:04:21+00:00\" \/>\n<meta property=\"og:image\" content=\"https:\/\/loparus.com\/wp-content\/uploads\/valtra-a93h-palms-13-medvezes.jpg\" \/>\n\t<meta property=\"og:image:width\" content=\"1600\" \/>\n\t<meta property=\"og:image:height\" content=\"1200\" \/>\n\t<meta property=\"og:image:type\" content=\"image\/jpeg\" \/>\n<meta name=\"twitter:card\" content=\"summary_large_image\" \/>\n<script type=\"application\/ld+json\" class=\"yoast-schema-graph\">{\"@context\":\"https:\\\/\\\/schema.org\",\"@graph\":[{\"@type\":\"WebPage\",\"@id\":\"https:\\\/\\\/loparus.com\\\/produktas\\\/valtra-a93h-palms-13-2\\\/\",\"url\":\"https:\\\/\\\/loparus.com\\\/produktas\\\/valtra-a93h-palms-13-2\\\/\",\"name\":\"Valtra A93H + Palms 13 - loparus.com\",\"isPartOf\":{\"@id\":\"https:\\\/\\\/loparus.com\\\/#website\"},\"primaryImageOfPage\":{\"@id\":\"https:\\\/\\\/loparus.com\\\/produktas\\\/valtra-a93h-palms-13-2\\\/#primaryimage\"},\"image\":{\"@id\":\"https:\\\/\\\/loparus.com\\\/produktas\\\/valtra-a93h-palms-13-2\\\/#primaryimage\"},\"thumbnailUrl\":\"https:\\\/\\\/loparus.com\\\/wp-content\\\/uploads\\\/valtra-a93h-palms-13-medvezes.jpg\",\"datePublished\":\"2026-04-16T00:04:20+00:00\",\"dateModified\":\"2026-04-16T00:04:21+00:00\",\"breadcrumb\":{\"@id\":\"https:\\\/\\\/loparus.com\\\/produktas\\\/valtra-a93h-palms-13-2\\\/#breadcrumb\"},\"inLanguage\":\"ru-RU\",\"potentialAction\":[{\"@type\":\"ReadAction\",\"target\":[\"https:\\\/\\\/loparus.com\\\/produktas\\\/valtra-a93h-palms-13-2\\\/\"]}]},{\"@type\":\"ImageObject\",\"inLanguage\":\"ru-RU\",\"@id\":\"https:\\\/\\\/loparus.com\\\/produktas\\\/valtra-a93h-palms-13-2\\\/#primaryimage\",\"url\":\"https:\\\/\\\/loparus.com\\\/wp-content\\\/uploads\\\/valtra-a93h-palms-13-medvezes.jpg\",\"contentUrl\":\"https:\\\/\\\/loparus.com\\\/wp-content\\\/uploads\\\/valtra-a93h-palms-13-medvezes.jpg\",\"width\":1600,\"height\":1200,\"caption\":\"ValtraA93H + Palms 13\"},{\"@type\":\"BreadcrumbList\",\"@id\":\"https:\\\/\\\/loparus.com\\\/produktas\\\/valtra-a93h-palms-13-2\\\/#breadcrumb\",\"itemListElement\":[{\"@type\":\"ListItem\",\"position\":1,\"name\":\"Home\",\"item\":\"https:\\\/\\\/loparus.com\\\/ru\\\/\"},{\"@type\":\"ListItem\",\"position\":2,\"name\":\"\u041c\u0430\u0433\u0430\u0437\u0438\u043d\",\"item\":\"https:\\\/\\\/loparus.com\\\/ru\\\/%d0%bc%d0%b0%d0%b3%d0%b0%d0%b7%d0%b8%d0%bd\\\/\"},{\"@type\":\"ListItem\",\"position\":3,\"name\":\"Valtra A93H + Palms 13\"}]},{\"@type\":\"WebSite\",\"@id\":\"https:\\\/\\\/loparus.com\\\/#website\",\"url\":\"https:\\\/\\\/loparus.com\\\/\",\"name\":\"loparus.com\",\"description\":\"Just another WordPress site\",\"potentialAction\":[{\"@type\":\"SearchAction\",\"target\":{\"@type\":\"EntryPoint\",\"urlTemplate\":\"https:\\\/\\\/loparus.com\\\/?s={search_term_string}\"},\"query-input\":{\"@type\":\"PropertyValueSpecification\",\"valueRequired\":true,\"valueName\":\"search_term_string\"}}],\"inLanguage\":\"ru-RU\"}]}<\/script>\n<!-- \/ Yoast SEO plugin. -->","yoast_head_json":{"title":"Valtra A93H + Palms 13 - loparus.com","robots":{"index":"index","follow":"follow","max-snippet":"max-snippet:-1","max-image-preview":"max-image-preview:large","max-video-preview":"max-video-preview:-1"},"canonical":"https:\/\/loparus.com\/produktas\/valtra-a93h-palms-13-2\/","og_locale":"ru_RU","og_type":"article","og_title":"Valtra A93H + Palms 13 - loparus.com","og_description":"Valtra A93H 2016 103 hp \/ 76 kw 6 185 m\/h Mahual gearbox with reverse Hydraulic winch Metal guards AC Continental 18.4 R34 Continental 380\/70 R24 Palms 13 D 2016 2 telescopes crane Ascenso 550\/45 R22.5 Good working condition Pilnai dirbantis komplektas Galimas keitimas \u012f j\u016bs\u0173 statybin\u0119 technik\u0105 Si\u016blome LIZINGO sprendimus sunkiajai technikai tiek juridiniams, [&hellip;]","og_url":"https:\/\/loparus.com\/produktas\/valtra-a93h-palms-13-2\/","og_site_name":"loparus.com","article_modified_time":"2026-04-16T00:04:21+00:00","og_image":[{"width":1600,"height":1200,"url":"https:\/\/loparus.com\/wp-content\/uploads\/valtra-a93h-palms-13-medvezes.jpg","type":"image\/jpeg"}],"twitter_card":"summary_large_image","schema":{"@context":"https:\/\/schema.org","@graph":[{"@type":"WebPage","@id":"https:\/\/loparus.com\/produktas\/valtra-a93h-palms-13-2\/","url":"https:\/\/loparus.com\/produktas\/valtra-a93h-palms-13-2\/","name":"Valtra A93H + Palms 13 - loparus.com","isPartOf":{"@id":"https:\/\/loparus.com\/#website"},"primaryImageOfPage":{"@id":"https:\/\/loparus.com\/produktas\/valtra-a93h-palms-13-2\/#primaryimage"},"image":{"@id":"https:\/\/loparus.com\/produktas\/valtra-a93h-palms-13-2\/#primaryimage"},"thumbnailUrl":"https:\/\/loparus.com\/wp-content\/uploads\/valtra-a93h-palms-13-medvezes.jpg","datePublished":"2026-04-16T00:04:20+00:00","dateModified":"2026-04-16T00:04:21+00:00","breadcrumb":{"@id":"https:\/\/loparus.com\/produktas\/valtra-a93h-palms-13-2\/#breadcrumb"},"inLanguage":"ru-RU","potentialAction":[{"@type":"ReadAction","target":["https:\/\/loparus.com\/produktas\/valtra-a93h-palms-13-2\/"]}]},{"@type":"ImageObject","inLanguage":"ru-RU","@id":"https:\/\/loparus.com\/produktas\/valtra-a93h-palms-13-2\/#primaryimage","url":"https:\/\/loparus.com\/wp-content\/uploads\/valtra-a93h-palms-13-medvezes.jpg","contentUrl":"https:\/\/loparus.com\/wp-content\/uploads\/valtra-a93h-palms-13-medvezes.jpg","width":1600,"height":1200,"caption":"ValtraA93H + Palms 13"},{"@type":"BreadcrumbList","@id":"https:\/\/loparus.com\/produktas\/valtra-a93h-palms-13-2\/#breadcrumb","itemListElement":[{"@type":"ListItem","position":1,"name":"Home","item":"https:\/\/loparus.com\/ru\/"},{"@type":"ListItem","position":2,"name":"\u041c\u0430\u0433\u0430\u0437\u0438\u043d","item":"https:\/\/loparus.com\/ru\/%d0%bc%d0%b0%d0%b3%d0%b0%d0%b7%d0%b8%d0%bd\/"},{"@type":"ListItem","position":3,"name":"Valtra A93H + Palms 13"}]},{"@type":"WebSite","@id":"https:\/\/loparus.com\/#website","url":"https:\/\/loparus.com\/","name":"loparus.com","description":"Just another WordPress site","potentialAction":[{"@type":"SearchAction","target":{"@type":"EntryPoint","urlTemplate":"https:\/\/loparus.com\/?s={search_term_string}"},"query-input":{"@type":"PropertyValueSpecification","valueRequired":true,"valueName":"search_term_string"}}],"inLanguage":"ru-RU"}]}},"_links":{"self":[{"href":"https:\/\/loparus.com\/ru\/wp-json\/wp\/v2\/product\/20757","targetHints":{"allow":["GET"]}}],"collection":[{"href":"https:\/\/loparus.com\/ru\/wp-json\/wp\/v2\/product"}],"about":[{"href":"https:\/\/loparus.com\/ru\/wp-json\/wp\/v2\/types\/product"}],"wp:featuredmedia":[{"embeddable":true,"href":"https:\/\/loparus.com\/ru\/wp-json\/wp\/v2\/media\/20676"}],"wp:attachment":[{"href":"https:\/\/loparus.com\/ru\/wp-json\/wp\/v2\/media?parent=20757"}],"wp:term":[{"taxonomy":"product_brand","embeddable":true,"href":"https:\/\/loparus.com\/ru\/wp-json\/wp\/v2\/product_brand?post=20757"},{"taxonomy":"product_cat","embeddable":true,"href":"https:\/\/loparus.com\/ru\/wp-json\/wp\/v2\/product_cat?post=20757"},{"taxonomy":"product_tag","embeddable":true,"href":"https:\/\/loparus.com\/ru\/wp-json\/wp\/v2\/product_tag?post=20757"}],"curies":[{"name":"wp","href":"https:\/\/api.w.org\/{rel}","templated":true}]}}