{"id":20759,"date":"2026-04-16T03:05:15","date_gmt":"2026-04-16T00:05:15","guid":{"rendered":"https:\/\/loparus.com\/produktas\/john-deere-810-e-winch-tracks\/"},"modified":"2026-04-16T03:05:15","modified_gmt":"2026-04-16T00:05:15","slug":"john-deere-810-e-winch-tracks","status":"publish","type":"product","link":"https:\/\/loparus.com\/ru\/\u043f\u0440\u043e\u0434\u0443\u043a\u0442\/john-deere-810-e-winch-tracks\/","title":{"rendered":"John Deere 810 E WINCH + TRACKS"},"content":{"rendered":"<p>John Deere 810 E<br \/>\n2012<br \/>\n129 hp \/ 95 kw<br \/>\n22 737 m\/h<br \/>\n2 telescopes crane CF 198<br \/>\n2 x tracks<br \/>\nHydraulic winch<br \/>\n710\/40 R22.5<br \/>\nGood working machine<br \/>\nNot used in Lithuania<\/p>\n<p>Lietuvoje neeksploatuota , gerai veikianti medve\u017e\u0117<br \/>\nHidraulin\u0117 gerv\u0117 , galiniai vik\u0161rai<\/p>\n<p>Galimas keitimas \u012f j\u016bs\u0173 statybin\u0119 technik\u0105<\/p>\n<p>Si\u016blome LIZINGO sprendimus sunkiajai technikai tiek juridiniams, tiek fiziniams asmenims, bendradarbiaudami su patikimais partneriais ir sutvarkydami visus formalumus.<\/p>\n","protected":false},"excerpt":{"rendered":"<p>John Deere 810 E 2012 129 hp \/ 95 kw 22 737 m\/h 2 telescopes crane CF 198 2 x tracks Hydraulic winch 710\/40 R22.5 Good working machine Not used in Lithuania Lietuvoje neeksploatuota , gerai veikianti medve\u017e\u0117 Hidraulin\u0117 gerv\u0117 , galiniai vik\u0161rai Galimas keitimas \u012f j\u016bs\u0173 statybin\u0119 technik\u0105 Si\u016blome LIZINGO sprendimus sunkiajai technikai tiek [&hellip;]<\/p>\n","protected":false},"featured_media":20726,"template":"","meta":{"_et_pb_use_builder":"","_et_pb_old_content":"","_et_gb_content_width":""},"product_brand":[],"product_cat":[378,302],"product_tag":[],"class_list":{"0":"post-20759","1":"product","2":"type-product","3":"status-publish","4":"has-post-thumbnail","6":"product_cat-lesohozjajstvennoe-oborudovanie","7":"product_cat-prodazha-tehniki","9":"first","10":"instock","11":"purchasable","12":"product-type-simple"},"yoast_head":"<!-- This site is optimized with the Yoast SEO plugin v27.5 - https:\/\/yoast.com\/product\/yoast-seo-wordpress\/ -->\n<title>John Deere 810 E WINCH + TRACKS - loparus.com<\/title>\n<meta name=\"robots\" content=\"index, follow, max-snippet:-1, max-image-preview:large, max-video-preview:-1\" \/>\n<link rel=\"canonical\" href=\"https:\/\/loparus.com\/produktas\/john-deere-810-e-winch-tracks\/\" \/>\n<meta property=\"og:locale\" content=\"ru_RU\" \/>\n<meta property=\"og:type\" content=\"article\" \/>\n<meta property=\"og:title\" content=\"John Deere 810 E WINCH + TRACKS - loparus.com\" \/>\n<meta property=\"og:description\" content=\"John Deere 810 E 2012 129 hp \/ 95 kw 22 737 m\/h 2 telescopes crane CF 198 2 x tracks Hydraulic winch 710\/40 R22.5 Good working machine Not used in Lithuania Lietuvoje neeksploatuota , gerai veikianti medve\u017e\u0117 Hidraulin\u0117 gerv\u0117 , galiniai vik\u0161rai Galimas keitimas \u012f j\u016bs\u0173 statybin\u0119 technik\u0105 Si\u016blome LIZINGO sprendimus sunkiajai technikai tiek [&hellip;]\" \/>\n<meta property=\"og:url\" content=\"https:\/\/loparus.com\/produktas\/john-deere-810-e-winch-tracks\/\" \/>\n<meta property=\"og:site_name\" content=\"loparus.com\" \/>\n<meta property=\"og:image\" content=\"https:\/\/loparus.com\/wp-content\/uploads\/john-deere-810-e-winch-tracks-medvezes-27.jpg\" \/>\n\t<meta property=\"og:image:width\" content=\"1600\" \/>\n\t<meta property=\"og:image:height\" content=\"1200\" \/>\n\t<meta property=\"og:image:type\" content=\"image\/jpeg\" \/>\n<meta name=\"twitter:card\" content=\"summary_large_image\" \/>\n<script type=\"application\/ld+json\" class=\"yoast-schema-graph\">{\"@context\":\"https:\\\/\\\/schema.org\",\"@graph\":[{\"@type\":\"WebPage\",\"@id\":\"https:\\\/\\\/loparus.com\\\/produktas\\\/john-deere-810-e-winch-tracks\\\/\",\"url\":\"https:\\\/\\\/loparus.com\\\/produktas\\\/john-deere-810-e-winch-tracks\\\/\",\"name\":\"John Deere 810 E WINCH + TRACKS - loparus.com\",\"isPartOf\":{\"@id\":\"https:\\\/\\\/loparus.com\\\/#website\"},\"primaryImageOfPage\":{\"@id\":\"https:\\\/\\\/loparus.com\\\/produktas\\\/john-deere-810-e-winch-tracks\\\/#primaryimage\"},\"image\":{\"@id\":\"https:\\\/\\\/loparus.com\\\/produktas\\\/john-deere-810-e-winch-tracks\\\/#primaryimage\"},\"thumbnailUrl\":\"https:\\\/\\\/loparus.com\\\/wp-content\\\/uploads\\\/john-deere-810-e-winch-tracks-medvezes-27.jpg\",\"datePublished\":\"2026-04-16T00:05:15+00:00\",\"breadcrumb\":{\"@id\":\"https:\\\/\\\/loparus.com\\\/produktas\\\/john-deere-810-e-winch-tracks\\\/#breadcrumb\"},\"inLanguage\":\"ru-RU\",\"potentialAction\":[{\"@type\":\"ReadAction\",\"target\":[\"https:\\\/\\\/loparus.com\\\/produktas\\\/john-deere-810-e-winch-tracks\\\/\"]}]},{\"@type\":\"ImageObject\",\"inLanguage\":\"ru-RU\",\"@id\":\"https:\\\/\\\/loparus.com\\\/produktas\\\/john-deere-810-e-winch-tracks\\\/#primaryimage\",\"url\":\"https:\\\/\\\/loparus.com\\\/wp-content\\\/uploads\\\/john-deere-810-e-winch-tracks-medvezes-27.jpg\",\"contentUrl\":\"https:\\\/\\\/loparus.com\\\/wp-content\\\/uploads\\\/john-deere-810-e-winch-tracks-medvezes-27.jpg\",\"width\":1600,\"height\":1200,\"caption\":\"John Deere810 E WINCH + TRACKS\"},{\"@type\":\"BreadcrumbList\",\"@id\":\"https:\\\/\\\/loparus.com\\\/produktas\\\/john-deere-810-e-winch-tracks\\\/#breadcrumb\",\"itemListElement\":[{\"@type\":\"ListItem\",\"position\":1,\"name\":\"Home\",\"item\":\"https:\\\/\\\/loparus.com\\\/ru\\\/\"},{\"@type\":\"ListItem\",\"position\":2,\"name\":\"\u041c\u0430\u0433\u0430\u0437\u0438\u043d\",\"item\":\"https:\\\/\\\/loparus.com\\\/ru\\\/%d0%bc%d0%b0%d0%b3%d0%b0%d0%b7%d0%b8%d0%bd\\\/\"},{\"@type\":\"ListItem\",\"position\":3,\"name\":\"John Deere 810 E WINCH + TRACKS\"}]},{\"@type\":\"WebSite\",\"@id\":\"https:\\\/\\\/loparus.com\\\/#website\",\"url\":\"https:\\\/\\\/loparus.com\\\/\",\"name\":\"loparus.com\",\"description\":\"Just another WordPress site\",\"potentialAction\":[{\"@type\":\"SearchAction\",\"target\":{\"@type\":\"EntryPoint\",\"urlTemplate\":\"https:\\\/\\\/loparus.com\\\/?s={search_term_string}\"},\"query-input\":{\"@type\":\"PropertyValueSpecification\",\"valueRequired\":true,\"valueName\":\"search_term_string\"}}],\"inLanguage\":\"ru-RU\"}]}<\/script>\n<!-- \/ Yoast SEO plugin. -->","yoast_head_json":{"title":"John Deere 810 E WINCH + TRACKS - loparus.com","robots":{"index":"index","follow":"follow","max-snippet":"max-snippet:-1","max-image-preview":"max-image-preview:large","max-video-preview":"max-video-preview:-1"},"canonical":"https:\/\/loparus.com\/produktas\/john-deere-810-e-winch-tracks\/","og_locale":"ru_RU","og_type":"article","og_title":"John Deere 810 E WINCH + TRACKS - loparus.com","og_description":"John Deere 810 E 2012 129 hp \/ 95 kw 22 737 m\/h 2 telescopes crane CF 198 2 x tracks Hydraulic winch 710\/40 R22.5 Good working machine Not used in Lithuania Lietuvoje neeksploatuota , gerai veikianti medve\u017e\u0117 Hidraulin\u0117 gerv\u0117 , galiniai vik\u0161rai Galimas keitimas \u012f j\u016bs\u0173 statybin\u0119 technik\u0105 Si\u016blome LIZINGO sprendimus sunkiajai technikai tiek [&hellip;]","og_url":"https:\/\/loparus.com\/produktas\/john-deere-810-e-winch-tracks\/","og_site_name":"loparus.com","og_image":[{"width":1600,"height":1200,"url":"https:\/\/loparus.com\/wp-content\/uploads\/john-deere-810-e-winch-tracks-medvezes-27.jpg","type":"image\/jpeg"}],"twitter_card":"summary_large_image","schema":{"@context":"https:\/\/schema.org","@graph":[{"@type":"WebPage","@id":"https:\/\/loparus.com\/produktas\/john-deere-810-e-winch-tracks\/","url":"https:\/\/loparus.com\/produktas\/john-deere-810-e-winch-tracks\/","name":"John Deere 810 E WINCH + TRACKS - loparus.com","isPartOf":{"@id":"https:\/\/loparus.com\/#website"},"primaryImageOfPage":{"@id":"https:\/\/loparus.com\/produktas\/john-deere-810-e-winch-tracks\/#primaryimage"},"image":{"@id":"https:\/\/loparus.com\/produktas\/john-deere-810-e-winch-tracks\/#primaryimage"},"thumbnailUrl":"https:\/\/loparus.com\/wp-content\/uploads\/john-deere-810-e-winch-tracks-medvezes-27.jpg","datePublished":"2026-04-16T00:05:15+00:00","breadcrumb":{"@id":"https:\/\/loparus.com\/produktas\/john-deere-810-e-winch-tracks\/#breadcrumb"},"inLanguage":"ru-RU","potentialAction":[{"@type":"ReadAction","target":["https:\/\/loparus.com\/produktas\/john-deere-810-e-winch-tracks\/"]}]},{"@type":"ImageObject","inLanguage":"ru-RU","@id":"https:\/\/loparus.com\/produktas\/john-deere-810-e-winch-tracks\/#primaryimage","url":"https:\/\/loparus.com\/wp-content\/uploads\/john-deere-810-e-winch-tracks-medvezes-27.jpg","contentUrl":"https:\/\/loparus.com\/wp-content\/uploads\/john-deere-810-e-winch-tracks-medvezes-27.jpg","width":1600,"height":1200,"caption":"John Deere810 E WINCH + TRACKS"},{"@type":"BreadcrumbList","@id":"https:\/\/loparus.com\/produktas\/john-deere-810-e-winch-tracks\/#breadcrumb","itemListElement":[{"@type":"ListItem","position":1,"name":"Home","item":"https:\/\/loparus.com\/ru\/"},{"@type":"ListItem","position":2,"name":"\u041c\u0430\u0433\u0430\u0437\u0438\u043d","item":"https:\/\/loparus.com\/ru\/%d0%bc%d0%b0%d0%b3%d0%b0%d0%b7%d0%b8%d0%bd\/"},{"@type":"ListItem","position":3,"name":"John Deere 810 E WINCH + TRACKS"}]},{"@type":"WebSite","@id":"https:\/\/loparus.com\/#website","url":"https:\/\/loparus.com\/","name":"loparus.com","description":"Just another WordPress site","potentialAction":[{"@type":"SearchAction","target":{"@type":"EntryPoint","urlTemplate":"https:\/\/loparus.com\/?s={search_term_string}"},"query-input":{"@type":"PropertyValueSpecification","valueRequired":true,"valueName":"search_term_string"}}],"inLanguage":"ru-RU"}]}},"_links":{"self":[{"href":"https:\/\/loparus.com\/ru\/wp-json\/wp\/v2\/product\/20759","targetHints":{"allow":["GET"]}}],"collection":[{"href":"https:\/\/loparus.com\/ru\/wp-json\/wp\/v2\/product"}],"about":[{"href":"https:\/\/loparus.com\/ru\/wp-json\/wp\/v2\/types\/product"}],"wp:featuredmedia":[{"embeddable":true,"href":"https:\/\/loparus.com\/ru\/wp-json\/wp\/v2\/media\/20726"}],"wp:attachment":[{"href":"https:\/\/loparus.com\/ru\/wp-json\/wp\/v2\/media?parent=20759"}],"wp:term":[{"taxonomy":"product_brand","embeddable":true,"href":"https:\/\/loparus.com\/ru\/wp-json\/wp\/v2\/product_brand?post=20759"},{"taxonomy":"product_cat","embeddable":true,"href":"https:\/\/loparus.com\/ru\/wp-json\/wp\/v2\/product_cat?post=20759"},{"taxonomy":"product_tag","embeddable":true,"href":"https:\/\/loparus.com\/ru\/wp-json\/wp\/v2\/product_tag?post=20759"}],"curies":[{"name":"wp","href":"https:\/\/api.w.org\/{rel}","templated":true}]}}