{"id":20853,"date":"2026-04-17T03:02:44","date_gmt":"2026-04-17T00:02:44","guid":{"rendered":"https:\/\/loparus.com\/produktas\/valmet-840-1-with-winch\/"},"modified":"2026-04-17T03:02:44","modified_gmt":"2026-04-17T00:02:44","slug":"valmet-840-1-with-winch","status":"publish","type":"product","link":"https:\/\/loparus.com\/ru\/\u043f\u0440\u043e\u0434\u0443\u043a\u0442\/valmet-840-1-with-winch\/","title":{"rendered":"Valmet 840.1 with winch"},"content":{"rendered":"<p>Valmet 840.1<br \/>\n2001<br \/>\n15 400 kg<br \/>\n128 hp \/ 94 kw<br \/>\n18 228 m\/h<br \/>\n2 telescopic crane<br \/>\n2 x tracks<br \/>\nHydraulic winch<\/p>\n<p>Galimas keitimas \u012f j\u016bs\u0173 statybin\u0119 technik\u0105<\/p>\n<p>Si\u016blome LIZINGO sprendimus sunkiajai technikai tiek juridiniams, tiek fiziniams asmenims, bendradarbiaudami su patikimais partneriais ir sutvarkydami visus formalumus.<\/p>\n","protected":false},"excerpt":{"rendered":"<p>Valmet 840.1 2001 15 400 kg 128 hp \/ 94 kw 18 228 m\/h 2 telescopic crane 2 x tracks Hydraulic winch Galimas keitimas \u012f j\u016bs\u0173 statybin\u0119 technik\u0105 Si\u016blome LIZINGO sprendimus sunkiajai technikai tiek juridiniams, tiek fiziniams asmenims, bendradarbiaudami su patikimais partneriais ir sutvarkydami visus formalumus.<\/p>\n","protected":false},"featured_media":20768,"template":"","meta":{"_et_pb_use_builder":"","_et_pb_old_content":"","_et_gb_content_width":""},"product_brand":[],"product_cat":[378,302],"product_tag":[],"class_list":{"0":"post-20853","1":"product","2":"type-product","3":"status-publish","4":"has-post-thumbnail","6":"product_cat-lesohozjajstvennoe-oborudovanie","7":"product_cat-prodazha-tehniki","9":"first","10":"instock","11":"purchasable","12":"product-type-simple"},"yoast_head":"<!-- This site is optimized with the Yoast SEO plugin v27.5 - https:\/\/yoast.com\/product\/yoast-seo-wordpress\/ -->\n<title>Valmet 840.1 with winch - loparus.com<\/title>\n<meta name=\"robots\" content=\"index, follow, max-snippet:-1, max-image-preview:large, max-video-preview:-1\" \/>\n<link rel=\"canonical\" href=\"https:\/\/loparus.com\/produktas\/valmet-840-1-with-winch\/\" \/>\n<meta property=\"og:locale\" content=\"ru_RU\" \/>\n<meta property=\"og:type\" content=\"article\" \/>\n<meta property=\"og:title\" content=\"Valmet 840.1 with winch - loparus.com\" \/>\n<meta property=\"og:description\" content=\"Valmet 840.1 2001 15 400 kg 128 hp \/ 94 kw 18 228 m\/h 2 telescopic crane 2 x tracks Hydraulic winch Galimas keitimas \u012f j\u016bs\u0173 statybin\u0119 technik\u0105 Si\u016blome LIZINGO sprendimus sunkiajai technikai tiek juridiniams, tiek fiziniams asmenims, bendradarbiaudami su patikimais partneriais ir sutvarkydami visus formalumus.\" \/>\n<meta property=\"og:url\" content=\"https:\/\/loparus.com\/produktas\/valmet-840-1-with-winch\/\" \/>\n<meta property=\"og:site_name\" content=\"loparus.com\" \/>\n<meta property=\"og:image\" content=\"https:\/\/loparus.com\/wp-content\/uploads\/valmet-840-1-with-winch-medvezes-27.jpg\" \/>\n\t<meta property=\"og:image:width\" content=\"1600\" \/>\n\t<meta property=\"og:image:height\" content=\"1200\" \/>\n\t<meta property=\"og:image:type\" content=\"image\/jpeg\" \/>\n<meta name=\"twitter:card\" content=\"summary_large_image\" \/>\n<script type=\"application\/ld+json\" class=\"yoast-schema-graph\">{\"@context\":\"https:\\\/\\\/schema.org\",\"@graph\":[{\"@type\":\"WebPage\",\"@id\":\"https:\\\/\\\/loparus.com\\\/produktas\\\/valmet-840-1-with-winch\\\/\",\"url\":\"https:\\\/\\\/loparus.com\\\/produktas\\\/valmet-840-1-with-winch\\\/\",\"name\":\"Valmet 840.1 with winch - loparus.com\",\"isPartOf\":{\"@id\":\"https:\\\/\\\/loparus.com\\\/#website\"},\"primaryImageOfPage\":{\"@id\":\"https:\\\/\\\/loparus.com\\\/produktas\\\/valmet-840-1-with-winch\\\/#primaryimage\"},\"image\":{\"@id\":\"https:\\\/\\\/loparus.com\\\/produktas\\\/valmet-840-1-with-winch\\\/#primaryimage\"},\"thumbnailUrl\":\"https:\\\/\\\/loparus.com\\\/wp-content\\\/uploads\\\/valmet-840-1-with-winch-medvezes-27.jpg\",\"datePublished\":\"2026-04-17T00:02:44+00:00\",\"breadcrumb\":{\"@id\":\"https:\\\/\\\/loparus.com\\\/produktas\\\/valmet-840-1-with-winch\\\/#breadcrumb\"},\"inLanguage\":\"ru-RU\",\"potentialAction\":[{\"@type\":\"ReadAction\",\"target\":[\"https:\\\/\\\/loparus.com\\\/produktas\\\/valmet-840-1-with-winch\\\/\"]}]},{\"@type\":\"ImageObject\",\"inLanguage\":\"ru-RU\",\"@id\":\"https:\\\/\\\/loparus.com\\\/produktas\\\/valmet-840-1-with-winch\\\/#primaryimage\",\"url\":\"https:\\\/\\\/loparus.com\\\/wp-content\\\/uploads\\\/valmet-840-1-with-winch-medvezes-27.jpg\",\"contentUrl\":\"https:\\\/\\\/loparus.com\\\/wp-content\\\/uploads\\\/valmet-840-1-with-winch-medvezes-27.jpg\",\"width\":1600,\"height\":1200,\"caption\":\"Valmet840.1 with winch\"},{\"@type\":\"BreadcrumbList\",\"@id\":\"https:\\\/\\\/loparus.com\\\/produktas\\\/valmet-840-1-with-winch\\\/#breadcrumb\",\"itemListElement\":[{\"@type\":\"ListItem\",\"position\":1,\"name\":\"Home\",\"item\":\"https:\\\/\\\/loparus.com\\\/ru\\\/\"},{\"@type\":\"ListItem\",\"position\":2,\"name\":\"\u041c\u0430\u0433\u0430\u0437\u0438\u043d\",\"item\":\"https:\\\/\\\/loparus.com\\\/ru\\\/%d0%bc%d0%b0%d0%b3%d0%b0%d0%b7%d0%b8%d0%bd\\\/\"},{\"@type\":\"ListItem\",\"position\":3,\"name\":\"Valmet 840.1 with winch\"}]},{\"@type\":\"WebSite\",\"@id\":\"https:\\\/\\\/loparus.com\\\/#website\",\"url\":\"https:\\\/\\\/loparus.com\\\/\",\"name\":\"loparus.com\",\"description\":\"Just another WordPress site\",\"potentialAction\":[{\"@type\":\"SearchAction\",\"target\":{\"@type\":\"EntryPoint\",\"urlTemplate\":\"https:\\\/\\\/loparus.com\\\/?s={search_term_string}\"},\"query-input\":{\"@type\":\"PropertyValueSpecification\",\"valueRequired\":true,\"valueName\":\"search_term_string\"}}],\"inLanguage\":\"ru-RU\"}]}<\/script>\n<!-- \/ Yoast SEO plugin. -->","yoast_head_json":{"title":"Valmet 840.1 with winch - loparus.com","robots":{"index":"index","follow":"follow","max-snippet":"max-snippet:-1","max-image-preview":"max-image-preview:large","max-video-preview":"max-video-preview:-1"},"canonical":"https:\/\/loparus.com\/produktas\/valmet-840-1-with-winch\/","og_locale":"ru_RU","og_type":"article","og_title":"Valmet 840.1 with winch - loparus.com","og_description":"Valmet 840.1 2001 15 400 kg 128 hp \/ 94 kw 18 228 m\/h 2 telescopic crane 2 x tracks Hydraulic winch Galimas keitimas \u012f j\u016bs\u0173 statybin\u0119 technik\u0105 Si\u016blome LIZINGO sprendimus sunkiajai technikai tiek juridiniams, tiek fiziniams asmenims, bendradarbiaudami su patikimais partneriais ir sutvarkydami visus formalumus.","og_url":"https:\/\/loparus.com\/produktas\/valmet-840-1-with-winch\/","og_site_name":"loparus.com","og_image":[{"width":1600,"height":1200,"url":"https:\/\/loparus.com\/wp-content\/uploads\/valmet-840-1-with-winch-medvezes-27.jpg","type":"image\/jpeg"}],"twitter_card":"summary_large_image","schema":{"@context":"https:\/\/schema.org","@graph":[{"@type":"WebPage","@id":"https:\/\/loparus.com\/produktas\/valmet-840-1-with-winch\/","url":"https:\/\/loparus.com\/produktas\/valmet-840-1-with-winch\/","name":"Valmet 840.1 with winch - loparus.com","isPartOf":{"@id":"https:\/\/loparus.com\/#website"},"primaryImageOfPage":{"@id":"https:\/\/loparus.com\/produktas\/valmet-840-1-with-winch\/#primaryimage"},"image":{"@id":"https:\/\/loparus.com\/produktas\/valmet-840-1-with-winch\/#primaryimage"},"thumbnailUrl":"https:\/\/loparus.com\/wp-content\/uploads\/valmet-840-1-with-winch-medvezes-27.jpg","datePublished":"2026-04-17T00:02:44+00:00","breadcrumb":{"@id":"https:\/\/loparus.com\/produktas\/valmet-840-1-with-winch\/#breadcrumb"},"inLanguage":"ru-RU","potentialAction":[{"@type":"ReadAction","target":["https:\/\/loparus.com\/produktas\/valmet-840-1-with-winch\/"]}]},{"@type":"ImageObject","inLanguage":"ru-RU","@id":"https:\/\/loparus.com\/produktas\/valmet-840-1-with-winch\/#primaryimage","url":"https:\/\/loparus.com\/wp-content\/uploads\/valmet-840-1-with-winch-medvezes-27.jpg","contentUrl":"https:\/\/loparus.com\/wp-content\/uploads\/valmet-840-1-with-winch-medvezes-27.jpg","width":1600,"height":1200,"caption":"Valmet840.1 with winch"},{"@type":"BreadcrumbList","@id":"https:\/\/loparus.com\/produktas\/valmet-840-1-with-winch\/#breadcrumb","itemListElement":[{"@type":"ListItem","position":1,"name":"Home","item":"https:\/\/loparus.com\/ru\/"},{"@type":"ListItem","position":2,"name":"\u041c\u0430\u0433\u0430\u0437\u0438\u043d","item":"https:\/\/loparus.com\/ru\/%d0%bc%d0%b0%d0%b3%d0%b0%d0%b7%d0%b8%d0%bd\/"},{"@type":"ListItem","position":3,"name":"Valmet 840.1 with winch"}]},{"@type":"WebSite","@id":"https:\/\/loparus.com\/#website","url":"https:\/\/loparus.com\/","name":"loparus.com","description":"Just another WordPress site","potentialAction":[{"@type":"SearchAction","target":{"@type":"EntryPoint","urlTemplate":"https:\/\/loparus.com\/?s={search_term_string}"},"query-input":{"@type":"PropertyValueSpecification","valueRequired":true,"valueName":"search_term_string"}}],"inLanguage":"ru-RU"}]}},"_links":{"self":[{"href":"https:\/\/loparus.com\/ru\/wp-json\/wp\/v2\/product\/20853","targetHints":{"allow":["GET"]}}],"collection":[{"href":"https:\/\/loparus.com\/ru\/wp-json\/wp\/v2\/product"}],"about":[{"href":"https:\/\/loparus.com\/ru\/wp-json\/wp\/v2\/types\/product"}],"wp:featuredmedia":[{"embeddable":true,"href":"https:\/\/loparus.com\/ru\/wp-json\/wp\/v2\/media\/20768"}],"wp:attachment":[{"href":"https:\/\/loparus.com\/ru\/wp-json\/wp\/v2\/media?parent=20853"}],"wp:term":[{"taxonomy":"product_brand","embeddable":true,"href":"https:\/\/loparus.com\/ru\/wp-json\/wp\/v2\/product_brand?post=20853"},{"taxonomy":"product_cat","embeddable":true,"href":"https:\/\/loparus.com\/ru\/wp-json\/wp\/v2\/product_cat?post=20853"},{"taxonomy":"product_tag","embeddable":true,"href":"https:\/\/loparus.com\/ru\/wp-json\/wp\/v2\/product_tag?post=20853"}],"curies":[{"name":"wp","href":"https:\/\/api.w.org\/{rel}","templated":true}]}}