{"id":20854,"date":"2026-04-17T03:02:48","date_gmt":"2026-04-17T00:02:48","guid":{"rendered":"https:\/\/loparus.com\/produktas\/ponsse-wisent-8w-long\/"},"modified":"2026-04-17T03:02:49","modified_gmt":"2026-04-17T00:02:49","slug":"ponsse-wisent-8w-long","status":"publish","type":"product","link":"https:\/\/loparus.com\/ru\/\u043f\u0440\u043e\u0434\u0443\u043a\u0442\/ponsse-wisent-8w-long\/","title":{"rendered":"Ponsse Wisent 8W LONG"},"content":{"rendered":"<p>Ponsse Wisent 8W<br \/>\n2016<br \/>\n17 300 kg<br \/>\n204 hp \/ 150 kw<br \/>\nGood working machine with service history<br \/>\n2 telescopes crane K70+M , 10 meter length<br \/>\nLong base<br \/>\n710 tires<br \/>\n2 x metal tracks<br \/>\nWebasto<\/p>\n<p>Video link: https:\/\/youtu.be\/kZEQn2DsyvE<\/p>\n<p>Pilnai dirbanti medve\u017c\u0117 su servizo istorija ir atlikt\u0173 darb\u0173 s\u0105skaitomis pas atstov\u0105 . Dviej\u0173 teleskop\u0173 10 metr\u0173 str\u0117l\u0117. Aik\u0161tel\u0117s ilgis 5 metrai + 1.20 m prailginimas . 2 vnt vik\u0161rai<br \/>\nGalimas keitimas \u012f statybin\u0119 technik\u0105<\/p>\n<p>Si\u016blome LIZINGO sprendimus sunkiajai technikai tiek juridiniams, tiek fiziniams asmenims, bendradarbiaudami su patikimais partneriais ir sutvarkydami visus formalumus.<\/p>\n","protected":false},"excerpt":{"rendered":"<p>Ponsse Wisent 8W 2016 17 300 kg 204 hp \/ 150 kw Good working machine with service history 2 telescopes crane K70+M , 10 meter length Long base 710 tires 2 x metal tracks Webasto Video link: https:\/\/youtu.be\/kZEQn2DsyvE Pilnai dirbanti medve\u017c\u0117 su servizo istorija ir atlikt\u0173 darb\u0173 s\u0105skaitomis pas atstov\u0105 . Dviej\u0173 teleskop\u0173 10 metr\u0173 [&hellip;]<\/p>\n","protected":false},"featured_media":20796,"template":"","meta":{"_et_pb_use_builder":"","_et_pb_old_content":"","_et_gb_content_width":""},"product_brand":[],"product_cat":[378,302],"product_tag":[],"class_list":{"0":"post-20854","1":"product","2":"type-product","3":"status-publish","4":"has-post-thumbnail","6":"product_cat-lesohozjajstvennoe-oborudovanie","7":"product_cat-prodazha-tehniki","9":"first","10":"instock","11":"purchasable","12":"product-type-simple"},"yoast_head":"<!-- This site is optimized with the Yoast SEO plugin v27.5 - https:\/\/yoast.com\/product\/yoast-seo-wordpress\/ -->\n<title>Ponsse Wisent 8W LONG - loparus.com<\/title>\n<meta name=\"robots\" content=\"index, follow, max-snippet:-1, max-image-preview:large, max-video-preview:-1\" \/>\n<link rel=\"canonical\" href=\"https:\/\/loparus.com\/produktas\/ponsse-wisent-8w-long\/\" \/>\n<meta property=\"og:locale\" content=\"ru_RU\" \/>\n<meta property=\"og:type\" content=\"article\" \/>\n<meta property=\"og:title\" content=\"Ponsse Wisent 8W LONG - loparus.com\" \/>\n<meta property=\"og:description\" content=\"Ponsse Wisent 8W 2016 17 300 kg 204 hp \/ 150 kw Good working machine with service history 2 telescopes crane K70+M , 10 meter length Long base 710 tires 2 x metal tracks Webasto Video link: https:\/\/youtu.be\/kZEQn2DsyvE Pilnai dirbanti medve\u017c\u0117 su servizo istorija ir atlikt\u0173 darb\u0173 s\u0105skaitomis pas atstov\u0105 . Dviej\u0173 teleskop\u0173 10 metr\u0173 [&hellip;]\" \/>\n<meta property=\"og:url\" content=\"https:\/\/loparus.com\/produktas\/ponsse-wisent-8w-long\/\" \/>\n<meta property=\"og:site_name\" content=\"loparus.com\" \/>\n<meta property=\"article:modified_time\" content=\"2026-04-17T00:02:49+00:00\" \/>\n<meta property=\"og:image\" content=\"https:\/\/loparus.com\/wp-content\/uploads\/ponsse-wisent-8w-long-medvezes-27.jpg\" \/>\n\t<meta property=\"og:image:width\" content=\"1600\" \/>\n\t<meta property=\"og:image:height\" content=\"1200\" \/>\n\t<meta property=\"og:image:type\" content=\"image\/jpeg\" \/>\n<meta name=\"twitter:card\" content=\"summary_large_image\" \/>\n<script type=\"application\/ld+json\" class=\"yoast-schema-graph\">{\"@context\":\"https:\\\/\\\/schema.org\",\"@graph\":[{\"@type\":\"WebPage\",\"@id\":\"https:\\\/\\\/loparus.com\\\/produktas\\\/ponsse-wisent-8w-long\\\/\",\"url\":\"https:\\\/\\\/loparus.com\\\/produktas\\\/ponsse-wisent-8w-long\\\/\",\"name\":\"Ponsse Wisent 8W LONG - loparus.com\",\"isPartOf\":{\"@id\":\"https:\\\/\\\/loparus.com\\\/#website\"},\"primaryImageOfPage\":{\"@id\":\"https:\\\/\\\/loparus.com\\\/produktas\\\/ponsse-wisent-8w-long\\\/#primaryimage\"},\"image\":{\"@id\":\"https:\\\/\\\/loparus.com\\\/produktas\\\/ponsse-wisent-8w-long\\\/#primaryimage\"},\"thumbnailUrl\":\"https:\\\/\\\/loparus.com\\\/wp-content\\\/uploads\\\/ponsse-wisent-8w-long-medvezes-27.jpg\",\"datePublished\":\"2026-04-17T00:02:48+00:00\",\"dateModified\":\"2026-04-17T00:02:49+00:00\",\"breadcrumb\":{\"@id\":\"https:\\\/\\\/loparus.com\\\/produktas\\\/ponsse-wisent-8w-long\\\/#breadcrumb\"},\"inLanguage\":\"ru-RU\",\"potentialAction\":[{\"@type\":\"ReadAction\",\"target\":[\"https:\\\/\\\/loparus.com\\\/produktas\\\/ponsse-wisent-8w-long\\\/\"]}]},{\"@type\":\"ImageObject\",\"inLanguage\":\"ru-RU\",\"@id\":\"https:\\\/\\\/loparus.com\\\/produktas\\\/ponsse-wisent-8w-long\\\/#primaryimage\",\"url\":\"https:\\\/\\\/loparus.com\\\/wp-content\\\/uploads\\\/ponsse-wisent-8w-long-medvezes-27.jpg\",\"contentUrl\":\"https:\\\/\\\/loparus.com\\\/wp-content\\\/uploads\\\/ponsse-wisent-8w-long-medvezes-27.jpg\",\"width\":1600,\"height\":1200,\"caption\":\"PonsseWisent 8W LONG\"},{\"@type\":\"BreadcrumbList\",\"@id\":\"https:\\\/\\\/loparus.com\\\/produktas\\\/ponsse-wisent-8w-long\\\/#breadcrumb\",\"itemListElement\":[{\"@type\":\"ListItem\",\"position\":1,\"name\":\"Home\",\"item\":\"https:\\\/\\\/loparus.com\\\/ru\\\/\"},{\"@type\":\"ListItem\",\"position\":2,\"name\":\"\u041c\u0430\u0433\u0430\u0437\u0438\u043d\",\"item\":\"https:\\\/\\\/loparus.com\\\/ru\\\/%d0%bc%d0%b0%d0%b3%d0%b0%d0%b7%d0%b8%d0%bd\\\/\"},{\"@type\":\"ListItem\",\"position\":3,\"name\":\"Ponsse Wisent 8W LONG\"}]},{\"@type\":\"WebSite\",\"@id\":\"https:\\\/\\\/loparus.com\\\/#website\",\"url\":\"https:\\\/\\\/loparus.com\\\/\",\"name\":\"loparus.com\",\"description\":\"Just another WordPress site\",\"potentialAction\":[{\"@type\":\"SearchAction\",\"target\":{\"@type\":\"EntryPoint\",\"urlTemplate\":\"https:\\\/\\\/loparus.com\\\/?s={search_term_string}\"},\"query-input\":{\"@type\":\"PropertyValueSpecification\",\"valueRequired\":true,\"valueName\":\"search_term_string\"}}],\"inLanguage\":\"ru-RU\"}]}<\/script>\n<!-- \/ Yoast SEO plugin. -->","yoast_head_json":{"title":"Ponsse Wisent 8W LONG - loparus.com","robots":{"index":"index","follow":"follow","max-snippet":"max-snippet:-1","max-image-preview":"max-image-preview:large","max-video-preview":"max-video-preview:-1"},"canonical":"https:\/\/loparus.com\/produktas\/ponsse-wisent-8w-long\/","og_locale":"ru_RU","og_type":"article","og_title":"Ponsse Wisent 8W LONG - loparus.com","og_description":"Ponsse Wisent 8W 2016 17 300 kg 204 hp \/ 150 kw Good working machine with service history 2 telescopes crane K70+M , 10 meter length Long base 710 tires 2 x metal tracks Webasto Video link: https:\/\/youtu.be\/kZEQn2DsyvE Pilnai dirbanti medve\u017c\u0117 su servizo istorija ir atlikt\u0173 darb\u0173 s\u0105skaitomis pas atstov\u0105 . Dviej\u0173 teleskop\u0173 10 metr\u0173 [&hellip;]","og_url":"https:\/\/loparus.com\/produktas\/ponsse-wisent-8w-long\/","og_site_name":"loparus.com","article_modified_time":"2026-04-17T00:02:49+00:00","og_image":[{"width":1600,"height":1200,"url":"https:\/\/loparus.com\/wp-content\/uploads\/ponsse-wisent-8w-long-medvezes-27.jpg","type":"image\/jpeg"}],"twitter_card":"summary_large_image","schema":{"@context":"https:\/\/schema.org","@graph":[{"@type":"WebPage","@id":"https:\/\/loparus.com\/produktas\/ponsse-wisent-8w-long\/","url":"https:\/\/loparus.com\/produktas\/ponsse-wisent-8w-long\/","name":"Ponsse Wisent 8W LONG - loparus.com","isPartOf":{"@id":"https:\/\/loparus.com\/#website"},"primaryImageOfPage":{"@id":"https:\/\/loparus.com\/produktas\/ponsse-wisent-8w-long\/#primaryimage"},"image":{"@id":"https:\/\/loparus.com\/produktas\/ponsse-wisent-8w-long\/#primaryimage"},"thumbnailUrl":"https:\/\/loparus.com\/wp-content\/uploads\/ponsse-wisent-8w-long-medvezes-27.jpg","datePublished":"2026-04-17T00:02:48+00:00","dateModified":"2026-04-17T00:02:49+00:00","breadcrumb":{"@id":"https:\/\/loparus.com\/produktas\/ponsse-wisent-8w-long\/#breadcrumb"},"inLanguage":"ru-RU","potentialAction":[{"@type":"ReadAction","target":["https:\/\/loparus.com\/produktas\/ponsse-wisent-8w-long\/"]}]},{"@type":"ImageObject","inLanguage":"ru-RU","@id":"https:\/\/loparus.com\/produktas\/ponsse-wisent-8w-long\/#primaryimage","url":"https:\/\/loparus.com\/wp-content\/uploads\/ponsse-wisent-8w-long-medvezes-27.jpg","contentUrl":"https:\/\/loparus.com\/wp-content\/uploads\/ponsse-wisent-8w-long-medvezes-27.jpg","width":1600,"height":1200,"caption":"PonsseWisent 8W LONG"},{"@type":"BreadcrumbList","@id":"https:\/\/loparus.com\/produktas\/ponsse-wisent-8w-long\/#breadcrumb","itemListElement":[{"@type":"ListItem","position":1,"name":"Home","item":"https:\/\/loparus.com\/ru\/"},{"@type":"ListItem","position":2,"name":"\u041c\u0430\u0433\u0430\u0437\u0438\u043d","item":"https:\/\/loparus.com\/ru\/%d0%bc%d0%b0%d0%b3%d0%b0%d0%b7%d0%b8%d0%bd\/"},{"@type":"ListItem","position":3,"name":"Ponsse Wisent 8W LONG"}]},{"@type":"WebSite","@id":"https:\/\/loparus.com\/#website","url":"https:\/\/loparus.com\/","name":"loparus.com","description":"Just another WordPress site","potentialAction":[{"@type":"SearchAction","target":{"@type":"EntryPoint","urlTemplate":"https:\/\/loparus.com\/?s={search_term_string}"},"query-input":{"@type":"PropertyValueSpecification","valueRequired":true,"valueName":"search_term_string"}}],"inLanguage":"ru-RU"}]}},"_links":{"self":[{"href":"https:\/\/loparus.com\/ru\/wp-json\/wp\/v2\/product\/20854","targetHints":{"allow":["GET"]}}],"collection":[{"href":"https:\/\/loparus.com\/ru\/wp-json\/wp\/v2\/product"}],"about":[{"href":"https:\/\/loparus.com\/ru\/wp-json\/wp\/v2\/types\/product"}],"wp:featuredmedia":[{"embeddable":true,"href":"https:\/\/loparus.com\/ru\/wp-json\/wp\/v2\/media\/20796"}],"wp:attachment":[{"href":"https:\/\/loparus.com\/ru\/wp-json\/wp\/v2\/media?parent=20854"}],"wp:term":[{"taxonomy":"product_brand","embeddable":true,"href":"https:\/\/loparus.com\/ru\/wp-json\/wp\/v2\/product_brand?post=20854"},{"taxonomy":"product_cat","embeddable":true,"href":"https:\/\/loparus.com\/ru\/wp-json\/wp\/v2\/product_cat?post=20854"},{"taxonomy":"product_tag","embeddable":true,"href":"https:\/\/loparus.com\/ru\/wp-json\/wp\/v2\/product_tag?post=20854"}],"curies":[{"name":"wp","href":"https:\/\/api.w.org\/{rel}","templated":true}]}}