{"id":20978,"date":"2026-04-25T03:02:10","date_gmt":"2026-04-25T00:02:10","guid":{"rendered":"https:\/\/loparus.com\/produktas\/hitachi-zx-140-w-2\/"},"modified":"2026-04-25T03:02:10","modified_gmt":"2026-04-25T00:02:10","slug":"hitachi-zx-140-w-2","status":"publish","type":"product","link":"https:\/\/loparus.com\/ru\/\u043f\u0440\u043e\u0434\u0443\u043a\u0442\/hitachi-zx-140-w-2\/","title":{"rendered":"Hitachi ZX 140 W"},"content":{"rendered":"<p>Hitachi ZX 140 W<br \/>\n2010<br \/>\n16 530 kg<br \/>\n122 hp \/ 90 kw<br \/>\n7 914m\/h<br \/>\nExtra hydraulic line<br \/>\nDigging bucket<br \/>\nBack view camera<br \/>\nAC<br \/>\nWorking machine<\/p>\n<p>Galima lgailaik\u0117 nuoma<br \/>\nGalimas keitimas \u012f j\u016bs\u0173 statybin\u0119 technik\u0105<\/p>\n<p>Si\u016blome LIZINGO sprendimus sunkiajai technikai tiek juridiniams, tiek fiziniams asmenims, bendradarbiaudami su patikimais partneriais ir sutvarkydami visus formalumus.<\/p>\n","protected":false},"excerpt":{"rendered":"<p>Hitachi ZX 140 W 2010 16 530 kg 122 hp \/ 90 kw 7 914m\/h Extra hydraulic line Digging bucket Back view camera AC Working machine Galima lgailaik\u0117 nuoma Galimas keitimas \u012f j\u016bs\u0173 statybin\u0119 technik\u0105 Si\u016blome LIZINGO sprendimus sunkiajai technikai tiek juridiniams, tiek fiziniams asmenims, bendradarbiaudami su patikimais partneriais ir sutvarkydami visus formalumus.<\/p>\n","protected":false},"featured_media":20933,"template":"","meta":{"_et_pb_use_builder":"","_et_pb_old_content":"","_et_gb_content_width":""},"product_brand":[],"product_cat":[302,346],"product_tag":[],"class_list":{"0":"post-20978","1":"product","2":"type-product","3":"status-publish","4":"has-post-thumbnail","6":"product_cat-prodazha-tehniki","7":"product_cat-ekskavatory","9":"first","10":"instock","11":"purchasable","12":"product-type-simple"},"yoast_head":"<!-- This site is optimized with the Yoast SEO plugin v27.5 - https:\/\/yoast.com\/product\/yoast-seo-wordpress\/ -->\n<title>Hitachi ZX 140 W - loparus.com<\/title>\n<meta name=\"robots\" content=\"index, follow, max-snippet:-1, max-image-preview:large, max-video-preview:-1\" \/>\n<link rel=\"canonical\" href=\"https:\/\/loparus.com\/produktas\/hitachi-zx-140-w-2\/\" \/>\n<meta property=\"og:locale\" content=\"ru_RU\" \/>\n<meta property=\"og:type\" content=\"article\" \/>\n<meta property=\"og:title\" content=\"Hitachi ZX 140 W - loparus.com\" \/>\n<meta property=\"og:description\" content=\"Hitachi ZX 140 W 2010 16 530 kg 122 hp \/ 90 kw 7 914m\/h Extra hydraulic line Digging bucket Back view camera AC Working machine Galima lgailaik\u0117 nuoma Galimas keitimas \u012f j\u016bs\u0173 statybin\u0119 technik\u0105 Si\u016blome LIZINGO sprendimus sunkiajai technikai tiek juridiniams, tiek fiziniams asmenims, bendradarbiaudami su patikimais partneriais ir sutvarkydami visus formalumus.\" \/>\n<meta property=\"og:url\" content=\"https:\/\/loparus.com\/produktas\/hitachi-zx-140-w-2\/\" \/>\n<meta property=\"og:site_name\" content=\"loparus.com\" \/>\n<meta property=\"og:image\" content=\"https:\/\/loparus.com\/wp-content\/uploads\/hitachi-zx-140-w-ekskavatoriai-2.jpg\" \/>\n\t<meta property=\"og:image:width\" content=\"1920\" \/>\n\t<meta property=\"og:image:height\" content=\"1440\" \/>\n\t<meta property=\"og:image:type\" content=\"image\/jpeg\" \/>\n<meta name=\"twitter:card\" content=\"summary_large_image\" \/>\n<script type=\"application\/ld+json\" class=\"yoast-schema-graph\">{\"@context\":\"https:\\\/\\\/schema.org\",\"@graph\":[{\"@type\":\"WebPage\",\"@id\":\"https:\\\/\\\/loparus.com\\\/produktas\\\/hitachi-zx-140-w-2\\\/\",\"url\":\"https:\\\/\\\/loparus.com\\\/produktas\\\/hitachi-zx-140-w-2\\\/\",\"name\":\"Hitachi ZX 140 W - loparus.com\",\"isPartOf\":{\"@id\":\"https:\\\/\\\/loparus.com\\\/#website\"},\"primaryImageOfPage\":{\"@id\":\"https:\\\/\\\/loparus.com\\\/produktas\\\/hitachi-zx-140-w-2\\\/#primaryimage\"},\"image\":{\"@id\":\"https:\\\/\\\/loparus.com\\\/produktas\\\/hitachi-zx-140-w-2\\\/#primaryimage\"},\"thumbnailUrl\":\"https:\\\/\\\/loparus.com\\\/wp-content\\\/uploads\\\/hitachi-zx-140-w-ekskavatoriai-2.jpg\",\"datePublished\":\"2026-04-25T00:02:10+00:00\",\"breadcrumb\":{\"@id\":\"https:\\\/\\\/loparus.com\\\/produktas\\\/hitachi-zx-140-w-2\\\/#breadcrumb\"},\"inLanguage\":\"ru-RU\",\"potentialAction\":[{\"@type\":\"ReadAction\",\"target\":[\"https:\\\/\\\/loparus.com\\\/produktas\\\/hitachi-zx-140-w-2\\\/\"]}]},{\"@type\":\"ImageObject\",\"inLanguage\":\"ru-RU\",\"@id\":\"https:\\\/\\\/loparus.com\\\/produktas\\\/hitachi-zx-140-w-2\\\/#primaryimage\",\"url\":\"https:\\\/\\\/loparus.com\\\/wp-content\\\/uploads\\\/hitachi-zx-140-w-ekskavatoriai-2.jpg\",\"contentUrl\":\"https:\\\/\\\/loparus.com\\\/wp-content\\\/uploads\\\/hitachi-zx-140-w-ekskavatoriai-2.jpg\",\"width\":1920,\"height\":1440,\"caption\":\"HitachiZX 140 W\"},{\"@type\":\"BreadcrumbList\",\"@id\":\"https:\\\/\\\/loparus.com\\\/produktas\\\/hitachi-zx-140-w-2\\\/#breadcrumb\",\"itemListElement\":[{\"@type\":\"ListItem\",\"position\":1,\"name\":\"Home\",\"item\":\"https:\\\/\\\/loparus.com\\\/ru\\\/\"},{\"@type\":\"ListItem\",\"position\":2,\"name\":\"\u041c\u0430\u0433\u0430\u0437\u0438\u043d\",\"item\":\"https:\\\/\\\/loparus.com\\\/ru\\\/%d0%bc%d0%b0%d0%b3%d0%b0%d0%b7%d0%b8%d0%bd\\\/\"},{\"@type\":\"ListItem\",\"position\":3,\"name\":\"Hitachi ZX 140 W\"}]},{\"@type\":\"WebSite\",\"@id\":\"https:\\\/\\\/loparus.com\\\/#website\",\"url\":\"https:\\\/\\\/loparus.com\\\/\",\"name\":\"loparus.com\",\"description\":\"Just another WordPress site\",\"potentialAction\":[{\"@type\":\"SearchAction\",\"target\":{\"@type\":\"EntryPoint\",\"urlTemplate\":\"https:\\\/\\\/loparus.com\\\/?s={search_term_string}\"},\"query-input\":{\"@type\":\"PropertyValueSpecification\",\"valueRequired\":true,\"valueName\":\"search_term_string\"}}],\"inLanguage\":\"ru-RU\"}]}<\/script>\n<!-- \/ Yoast SEO plugin. -->","yoast_head_json":{"title":"Hitachi ZX 140 W - loparus.com","robots":{"index":"index","follow":"follow","max-snippet":"max-snippet:-1","max-image-preview":"max-image-preview:large","max-video-preview":"max-video-preview:-1"},"canonical":"https:\/\/loparus.com\/produktas\/hitachi-zx-140-w-2\/","og_locale":"ru_RU","og_type":"article","og_title":"Hitachi ZX 140 W - loparus.com","og_description":"Hitachi ZX 140 W 2010 16 530 kg 122 hp \/ 90 kw 7 914m\/h Extra hydraulic line Digging bucket Back view camera AC Working machine Galima lgailaik\u0117 nuoma Galimas keitimas \u012f j\u016bs\u0173 statybin\u0119 technik\u0105 Si\u016blome LIZINGO sprendimus sunkiajai technikai tiek juridiniams, tiek fiziniams asmenims, bendradarbiaudami su patikimais partneriais ir sutvarkydami visus formalumus.","og_url":"https:\/\/loparus.com\/produktas\/hitachi-zx-140-w-2\/","og_site_name":"loparus.com","og_image":[{"width":1920,"height":1440,"url":"https:\/\/loparus.com\/wp-content\/uploads\/hitachi-zx-140-w-ekskavatoriai-2.jpg","type":"image\/jpeg"}],"twitter_card":"summary_large_image","schema":{"@context":"https:\/\/schema.org","@graph":[{"@type":"WebPage","@id":"https:\/\/loparus.com\/produktas\/hitachi-zx-140-w-2\/","url":"https:\/\/loparus.com\/produktas\/hitachi-zx-140-w-2\/","name":"Hitachi ZX 140 W - loparus.com","isPartOf":{"@id":"https:\/\/loparus.com\/#website"},"primaryImageOfPage":{"@id":"https:\/\/loparus.com\/produktas\/hitachi-zx-140-w-2\/#primaryimage"},"image":{"@id":"https:\/\/loparus.com\/produktas\/hitachi-zx-140-w-2\/#primaryimage"},"thumbnailUrl":"https:\/\/loparus.com\/wp-content\/uploads\/hitachi-zx-140-w-ekskavatoriai-2.jpg","datePublished":"2026-04-25T00:02:10+00:00","breadcrumb":{"@id":"https:\/\/loparus.com\/produktas\/hitachi-zx-140-w-2\/#breadcrumb"},"inLanguage":"ru-RU","potentialAction":[{"@type":"ReadAction","target":["https:\/\/loparus.com\/produktas\/hitachi-zx-140-w-2\/"]}]},{"@type":"ImageObject","inLanguage":"ru-RU","@id":"https:\/\/loparus.com\/produktas\/hitachi-zx-140-w-2\/#primaryimage","url":"https:\/\/loparus.com\/wp-content\/uploads\/hitachi-zx-140-w-ekskavatoriai-2.jpg","contentUrl":"https:\/\/loparus.com\/wp-content\/uploads\/hitachi-zx-140-w-ekskavatoriai-2.jpg","width":1920,"height":1440,"caption":"HitachiZX 140 W"},{"@type":"BreadcrumbList","@id":"https:\/\/loparus.com\/produktas\/hitachi-zx-140-w-2\/#breadcrumb","itemListElement":[{"@type":"ListItem","position":1,"name":"Home","item":"https:\/\/loparus.com\/ru\/"},{"@type":"ListItem","position":2,"name":"\u041c\u0430\u0433\u0430\u0437\u0438\u043d","item":"https:\/\/loparus.com\/ru\/%d0%bc%d0%b0%d0%b3%d0%b0%d0%b7%d0%b8%d0%bd\/"},{"@type":"ListItem","position":3,"name":"Hitachi ZX 140 W"}]},{"@type":"WebSite","@id":"https:\/\/loparus.com\/#website","url":"https:\/\/loparus.com\/","name":"loparus.com","description":"Just another WordPress site","potentialAction":[{"@type":"SearchAction","target":{"@type":"EntryPoint","urlTemplate":"https:\/\/loparus.com\/?s={search_term_string}"},"query-input":{"@type":"PropertyValueSpecification","valueRequired":true,"valueName":"search_term_string"}}],"inLanguage":"ru-RU"}]}},"_links":{"self":[{"href":"https:\/\/loparus.com\/ru\/wp-json\/wp\/v2\/product\/20978","targetHints":{"allow":["GET"]}}],"collection":[{"href":"https:\/\/loparus.com\/ru\/wp-json\/wp\/v2\/product"}],"about":[{"href":"https:\/\/loparus.com\/ru\/wp-json\/wp\/v2\/types\/product"}],"wp:featuredmedia":[{"embeddable":true,"href":"https:\/\/loparus.com\/ru\/wp-json\/wp\/v2\/media\/20933"}],"wp:attachment":[{"href":"https:\/\/loparus.com\/ru\/wp-json\/wp\/v2\/media?parent=20978"}],"wp:term":[{"taxonomy":"product_brand","embeddable":true,"href":"https:\/\/loparus.com\/ru\/wp-json\/wp\/v2\/product_brand?post=20978"},{"taxonomy":"product_cat","embeddable":true,"href":"https:\/\/loparus.com\/ru\/wp-json\/wp\/v2\/product_cat?post=20978"},{"taxonomy":"product_tag","embeddable":true,"href":"https:\/\/loparus.com\/ru\/wp-json\/wp\/v2\/product_tag?post=20978"}],"curies":[{"name":"wp","href":"https:\/\/api.w.org\/{rel}","templated":true}]}}